{"id":651,"date":"2025-08-18T05:42:22","date_gmt":"2025-08-18T05:42:22","guid":{"rendered":"https:\/\/awtawooltesting.swim.net.au\/?page_id=651"},"modified":"2025-11-27T03:42:26","modified_gmt":"2025-11-27T03:42:26","slug":"certificate-verification","status":"publish","type":"page","link":"https:\/\/awtawooltesting.com.au\/it\/services\/electronic-services\/certificate-verification\/","title":{"rendered":"Verifica online del certificato"},"content":{"rendered":"<div class=\"wp-block-group is-style-boxed-narrow is-layout-constrained wp-block-group-is-layout-constrained\">\n<p>Il sistema di verifica online dei certificati consente ai titolari di certificati di prova AWTA di ottenere un'altra copia via e-mail semplicemente inserendo il numero del certificato, alcune informazioni di sicurezza e un indirizzo e-mail in un modulo online. Il sistema \u00e8 stato creato per consentire alle persone in possesso di certificati di verificarne la legittimit\u00e0. Non \u00e8 stato concepito per consentire la riproduzione dei certificati da parte di chi non li possiede.&nbsp;<\/p>\n\n\n\n<p>Anche i rapporti sullo stato del Mulesing possono essere richiesti attraverso questa struttura. Per ottenere una copia del documento, i richiedenti devono disporre del numero di certificato e del codice di sicurezza di un certificato combinato o di un rapporto sullo stato del Mulesing.&nbsp;<\/p>\n\n\n\n<p>Per verificare un certificato o richiedere un rapporto sullo stato di Mulesing, utilizzare il pulsante [CLICCA QUI] per visualizzare la pagina web e aggiornare i campi come spiegato di seguito:&nbsp;<\/p>\n\n\n\n<ol class=\"wp-block-list\">\n<li>Inserire il numero completo del certificato AWTA nel formato N-NNNNNNNNN-AN<\/li>\n\n\n\n<li>Scegliere il tipo di documento (Certificato e\/o Rapporto Mulesing) dalla casella di riepilogo.<\/li>\n\n\n\n<li>Inserire il codice di sicurezza stampato sul fondo del certificato.<\/li>\n\n\n\n<li>Digitare l'indirizzo e-mail di destinazione.<\/li>\n\n\n\n<li>Premere il pulsante [Richiedi verifica<\/li>\n<\/ol>\n\n\n\n<p>Se la richiesta \u00e8 andata a buon fine, un PDF del certificato o del rapporto Mulesing viene inviato in allegato all'indirizzo e-mail indicato. Durante il processo di verifica possono comparire diversi messaggi. Questi includono;<\/p>\n\n\n\n<ul class=\"wp-block-list\">\n<li>A&nbsp;<mark style=\"background-color:rgba(0, 0, 0, 0)\" class=\"has-inline-color has-green-600-color\">verde<\/mark>&nbsp;messaggio di conferma per confermare che la richiesta \u00e8 andata a buon fine e che un file PDF \u00e8 stato inviato automaticamente all'indirizzo e-mail nominato.<\/li>\n\n\n\n<li>A&nbsp;<mark style=\"background-color:rgba(0, 0, 0, 0)\" class=\"has-inline-color has-deep-red-color\">rosso<\/mark>&nbsp;Se la verifica non ha esito positivo, viene visualizzato un messaggio di errore.<\/li>\n\n\n\n<li>A&nbsp;<mark style=\"background-color:rgba(0, 0, 0, 0)\" class=\"has-inline-color has-royal-blue-color\">blu<\/mark>&nbsp;Se il certificato non \u00e8 pi\u00f9 aggiornato, viene visualizzato un messaggio di stato. Nei casi in cui il documento non viene inviato via e-mail, un link fornito nel messaggio consente agli utenti di inviare un'e-mail all'AWTA per richiedere la verifica del documento. In questi casi, potrebbe essere necessario verificare che l'utente sia il proprietario in buona fede.<\/li>\n<\/ul>\n\n\n\n<p>I rapporti sullo stato del Mulesing possono essere ottenuti solo utilizzando il numero di certificato e il codice di sicurezza di un certificato combinato IWTO o di un rapporto sullo stato del Mulesing. I codici di sicurezza sono diversi tra i due documenti e quindi il titolare di un Mulesing Status Report non pu\u00f2 ottenere una copia del corrispondente certificato combinato attraverso questa procedura.<\/p>\n\n\n\n<p>I rapporti sullo stato del mulesing non sono disponibili con altri certificati AWTA.<\/p>\n\n\n\n<p>Per accedere al servizio di Verifica in linea:<\/p>\n\n\n\n<div class=\"wp-block-buttons is-layout-flex wp-block-buttons-is-layout-flex\">\n<div class=\"wp-block-button\"><a class=\"wp-block-button__link wp-element-button\" href=\"https:\/\/services.awta.com.au\/OnlineVerf\/OnlineVerf.php\" target=\"_blank\" rel=\"noreferrer noopener\">CLICCA QUI<\/a><\/div>\n<\/div>\n\n\n\n<h2 class=\"wp-block-heading\">Per saperne di pi\u00f9:<\/h2>\n\n\n\n<div class=\"wp-block-buttons is-layout-flex wp-block-buttons-is-layout-flex\">\n<div class=\"wp-block-button is-style-gray-buttons\"><a class=\"wp-block-button__link wp-element-button\" href=\"\/it\/app\/uploads\/2025\/09\/Fact-Sheet-Certificate-Verification.pdf\/\" target=\"_blank\" rel=\"noreferrer noopener\">Scheda informativa - Verifica del certificato<\/a><\/div>\n\n\n\n<div class=\"wp-block-button is-style-gray-buttons\"><a class=\"wp-block-button__link wp-element-button\" href=\"\/it\/app\/uploads\/2025\/09\/Fact-Sheet-Certificate-Verification-Chinese.pdf\/\" target=\"_blank\" rel=\"noreferrer noopener\">Scheda informativa - Verifica del certificato (cinese)<\/a><\/div>\n<\/div>\n<\/div>","protected":false},"excerpt":{"rendered":"<p>The&nbsp;online Certificate Verification system allows holders of AWTA Test Certificates to obtain another copy via email simply by entering the certificate number, so\u2026<\/p>","protected":false},"author":1,"featured_media":0,"parent":671,"menu_order":0,"comment_status":"closed","ping_status":"closed","template":"","meta":{"_acf_changed":false,"footnotes":""},"class_list":["post-651","page","type-page","status-publish","hentry"],"acf":[],"yoast_head":"<!-- This site is optimized with the Yoast SEO plugin v27.0 - https:\/\/yoast.com\/product\/yoast-seo-wordpress\/ -->\n<title>Online Certificate Verification - AWTA Wool Testing<\/title>\n<meta name=\"robots\" content=\"index, follow, max-snippet:-1, max-image-preview:large, max-video-preview:-1\" \/>\n<link rel=\"canonical\" href=\"https:\/\/awtawooltesting.com.au\/it\/services\/electronic-services\/certificate-verification\/\" \/>\n<meta property=\"og:locale\" content=\"it_IT\" \/>\n<meta property=\"og:type\" content=\"article\" \/>\n<meta property=\"og:title\" content=\"Online Certificate Verification - AWTA Wool Testing\" \/>\n<meta property=\"og:description\" content=\"The&nbsp;online Certificate Verification system allows holders of AWTA Test Certificates to obtain another copy via email simply by entering the certificate number, so\u2026\" \/>\n<meta property=\"og:url\" content=\"https:\/\/awtawooltesting.com.au\/it\/services\/electronic-services\/certificate-verification\/\" \/>\n<meta property=\"og:site_name\" content=\"AWTA Wool Testing\" \/>\n<meta property=\"article:modified_time\" content=\"2025-11-27T03:42:26+00:00\" \/>\n<meta name=\"twitter:card\" content=\"summary_large_image\" \/>\n<meta name=\"twitter:label1\" content=\"Est. reading time\" \/>\n\t<meta name=\"twitter:data1\" content=\"2 minutes\" \/>\n<script type=\"application\/ld+json\" class=\"yoast-schema-graph\">{\"@context\":\"https:\/\/schema.org\",\"@graph\":[{\"@type\":\"WebPage\",\"@id\":\"https:\/\/awtawooltesting.com.au\/services\/electronic-services\/certificate-verification\/\",\"url\":\"https:\/\/awtawooltesting.com.au\/services\/electronic-services\/certificate-verification\/\",\"name\":\"Online Certificate Verification - AWTA Wool Testing\",\"isPartOf\":{\"@id\":\"https:\/\/awtawooltesting.com.au\/#website\"},\"datePublished\":\"2025-08-18T05:42:22+00:00\",\"dateModified\":\"2025-11-27T03:42:26+00:00\",\"breadcrumb\":{\"@id\":\"https:\/\/awtawooltesting.com.au\/services\/electronic-services\/certificate-verification\/#breadcrumb\"},\"inLanguage\":\"it-IT\",\"potentialAction\":[{\"@type\":\"ReadAction\",\"target\":[\"https:\/\/awtawooltesting.com.au\/services\/electronic-services\/certificate-verification\/\"]}]},{\"@type\":\"BreadcrumbList\",\"@id\":\"https:\/\/awtawooltesting.com.au\/services\/electronic-services\/certificate-verification\/#breadcrumb\",\"itemListElement\":[{\"@type\":\"ListItem\",\"position\":1,\"name\":\"Home\",\"item\":\"https:\/\/awtawooltesting.com.au\/\"},{\"@type\":\"ListItem\",\"position\":2,\"name\":\"Services\",\"item\":\"https:\/\/awtawooltesting.com.au\/it\/services\/\"},{\"@type\":\"ListItem\",\"position\":3,\"name\":\"Electronic Services\",\"item\":\"https:\/\/awtawooltesting.com.au\/services\/electronic-services\/\"},{\"@type\":\"ListItem\",\"position\":4,\"name\":\"Online Certificate Verification\"}]},{\"@type\":\"WebSite\",\"@id\":\"https:\/\/awtawooltesting.com.au\/#website\",\"url\":\"https:\/\/awtawooltesting.com.au\/\",\"name\":\"AWTA Wool Testing\",\"description\":\"\",\"publisher\":{\"@id\":\"https:\/\/awtawooltesting.com.au\/#organization\"},\"potentialAction\":[{\"@type\":\"SearchAction\",\"target\":{\"@type\":\"EntryPoint\",\"urlTemplate\":\"https:\/\/awtawooltesting.com.au\/?s={search_term_string}\"},\"query-input\":{\"@type\":\"PropertyValueSpecification\",\"valueRequired\":true,\"valueName\":\"search_term_string\"}}],\"inLanguage\":\"it-IT\"},{\"@type\":\"Organization\",\"@id\":\"https:\/\/awtawooltesting.com.au\/#organization\",\"name\":\"AWTA Wool Testing\",\"url\":\"https:\/\/awtawooltesting.com.au\/\",\"logo\":{\"@type\":\"ImageObject\",\"inLanguage\":\"it-IT\",\"@id\":\"https:\/\/awtawooltesting.com.au\/#\/schema\/logo\/image\/\",\"url\":\"https:\/\/awtawooltesting.com.au\/app\/uploads\/2025\/12\/awtarw.png\",\"contentUrl\":\"https:\/\/awtawooltesting.com.au\/app\/uploads\/2025\/12\/awtarw.png\",\"width\":1184,\"height\":1773,\"caption\":\"AWTA Wool Testing\"},\"image\":{\"@id\":\"https:\/\/awtawooltesting.com.au\/#\/schema\/logo\/image\/\"}}]}<\/script>\n<!-- \/ Yoast SEO plugin. -->","yoast_head_json":{"title":"Online Certificate Verification - AWTA Wool Testing","robots":{"index":"index","follow":"follow","max-snippet":"max-snippet:-1","max-image-preview":"max-image-preview:large","max-video-preview":"max-video-preview:-1"},"canonical":"https:\/\/awtawooltesting.com.au\/it\/services\/electronic-services\/certificate-verification\/","og_locale":"it_IT","og_type":"article","og_title":"Online Certificate Verification - AWTA Wool Testing","og_description":"The&nbsp;online Certificate Verification system allows holders of AWTA Test Certificates to obtain another copy via email simply by entering the certificate number, so\u2026","og_url":"https:\/\/awtawooltesting.com.au\/it\/services\/electronic-services\/certificate-verification\/","og_site_name":"AWTA Wool Testing","article_modified_time":"2025-11-27T03:42:26+00:00","twitter_card":"summary_large_image","twitter_misc":{"Est. reading time":"2 minutes"},"schema":{"@context":"https:\/\/schema.org","@graph":[{"@type":"WebPage","@id":"https:\/\/awtawooltesting.com.au\/services\/electronic-services\/certificate-verification\/","url":"https:\/\/awtawooltesting.com.au\/services\/electronic-services\/certificate-verification\/","name":"Online Certificate Verification - AWTA Wool Testing","isPartOf":{"@id":"https:\/\/awtawooltesting.com.au\/#website"},"datePublished":"2025-08-18T05:42:22+00:00","dateModified":"2025-11-27T03:42:26+00:00","breadcrumb":{"@id":"https:\/\/awtawooltesting.com.au\/services\/electronic-services\/certificate-verification\/#breadcrumb"},"inLanguage":"it-IT","potentialAction":[{"@type":"ReadAction","target":["https:\/\/awtawooltesting.com.au\/services\/electronic-services\/certificate-verification\/"]}]},{"@type":"BreadcrumbList","@id":"https:\/\/awtawooltesting.com.au\/services\/electronic-services\/certificate-verification\/#breadcrumb","itemListElement":[{"@type":"ListItem","position":1,"name":"Home","item":"https:\/\/awtawooltesting.com.au\/"},{"@type":"ListItem","position":2,"name":"Services","item":"https:\/\/awtawooltesting.com.au\/it\/services\/"},{"@type":"ListItem","position":3,"name":"Electronic Services","item":"https:\/\/awtawooltesting.com.au\/services\/electronic-services\/"},{"@type":"ListItem","position":4,"name":"Online Certificate Verification"}]},{"@type":"WebSite","@id":"https:\/\/awtawooltesting.com.au\/#website","url":"https:\/\/awtawooltesting.com.au\/","name":"Test sulla lana AWTA","description":"","publisher":{"@id":"https:\/\/awtawooltesting.com.au\/#organization"},"potentialAction":[{"@type":"SearchAction","target":{"@type":"EntryPoint","urlTemplate":"https:\/\/awtawooltesting.com.au\/?s={search_term_string}"},"query-input":{"@type":"PropertyValueSpecification","valueRequired":true,"valueName":"search_term_string"}}],"inLanguage":"it-IT"},{"@type":"Organization","@id":"https:\/\/awtawooltesting.com.au\/#organization","name":"Test sulla lana AWTA","url":"https:\/\/awtawooltesting.com.au\/","logo":{"@type":"ImageObject","inLanguage":"it-IT","@id":"https:\/\/awtawooltesting.com.au\/#\/schema\/logo\/image\/","url":"https:\/\/awtawooltesting.com.au\/app\/uploads\/2025\/12\/awtarw.png","contentUrl":"https:\/\/awtawooltesting.com.au\/app\/uploads\/2025\/12\/awtarw.png","width":1184,"height":1773,"caption":"AWTA Wool Testing"},"image":{"@id":"https:\/\/awtawooltesting.com.au\/#\/schema\/logo\/image\/"}}]}},"_links":{"self":[{"href":"https:\/\/awtawooltesting.com.au\/it\/wp-json\/wp\/v2\/pages\/651","targetHints":{"allow":["GET"]}}],"collection":[{"href":"https:\/\/awtawooltesting.com.au\/it\/wp-json\/wp\/v2\/pages"}],"about":[{"href":"https:\/\/awtawooltesting.com.au\/it\/wp-json\/wp\/v2\/types\/page"}],"author":[{"embeddable":true,"href":"https:\/\/awtawooltesting.com.au\/it\/wp-json\/wp\/v2\/users\/1"}],"replies":[{"embeddable":true,"href":"https:\/\/awtawooltesting.com.au\/it\/wp-json\/wp\/v2\/comments?post=651"}],"version-history":[{"count":19,"href":"https:\/\/awtawooltesting.com.au\/it\/wp-json\/wp\/v2\/pages\/651\/revisions"}],"predecessor-version":[{"id":3421,"href":"https:\/\/awtawooltesting.com.au\/it\/wp-json\/wp\/v2\/pages\/651\/revisions\/3421"}],"up":[{"embeddable":true,"href":"https:\/\/awtawooltesting.com.au\/it\/wp-json\/wp\/v2\/pages\/671"}],"wp:attachment":[{"href":"https:\/\/awtawooltesting.com.au\/it\/wp-json\/wp\/v2\/media?parent=651"}],"curies":[{"name":"wp","href":"https:\/\/api.w.org\/{rel}","templated":true}]}}