{"id":629,"date":"2025-08-14T05:18:23","date_gmt":"2025-08-14T05:18:23","guid":{"rendered":"https:\/\/awtawooltesting.swim.net.au\/?page_id=629"},"modified":"2025-12-23T03:33:00","modified_gmt":"2025-12-23T03:33:00","slug":"about-awta-raw-wool","status":"publish","type":"page","link":"https:\/\/awtawooltesting.com.au\/it\/about\/about-awta-raw-wool\/","title":{"rendered":"Informazioni sulla lana grezza AWTA"},"content":{"rendered":"<div class=\"wp-block-group is-style-boxed is-layout-constrained wp-block-group-is-layout-constrained\">\n<div class=\"wp-block-columns is-layout-flex wp-container-core-columns-is-layout-9d6595d7 wp-block-columns-is-layout-flex\">\n<div class=\"wp-block-column is-vertically-aligned-center is-layout-flow wp-block-column-is-layout-flow\">\n<h2 class=\"wp-block-heading\">Informazioni sulla lana grezza AWTA<\/h2>\n\n\n\n<p>AWTA Raw Wool fornisce servizi di certificazione della lana indipendenti e oggettivi. I principali servizi dell'AWTA Raw Wool sono il campionamento, l'analisi e la certificazione della resa, del diametro delle fibre, del contenuto di materia vegetale, della lunghezza del fiocco e della forza del fiocco della lana sucida prima della sua vendita.<br><br>Inoltre, AWTA Raw Wool offre test di lana rasata e carbonizzata e di fibre speciali come Mohair, Alpaca e Cashmere.<br><br>AWTA Raw Wool gestisce due laboratori, uno situato a Melbourne (che serve i clienti di Victoria, New South Wales, Queensland, South Australia e Tasmania) e l'altro a Perth (che serve i clienti dell'Australia occidentale). \u00c8 la divisione pi\u00f9 grande del gruppo AWTA Ltd e comprende le operazioni di campionamento in tutta l'Australia, i laboratori di lana grezza, le operazioni di elaborazione dati, il controllo tecnico e della qualit\u00e0 e un team dedicato alla ricerca e allo sviluppo.<\/p>\n<\/div>\n\n\n\n<div class=\"wp-block-column is-vertically-aligned-center is-layout-flow wp-block-column-is-layout-flow\">\n<iframe title=\"lettore vimeo\" src=\"https:\/\/player.vimeo.com\/video\/186367300?h=0cb7944ffa&#038;title=0&#038;byline=0&#038;portrait=0\" width=\"100%\" height=\"\u201c100%\u201d\" frameborder=\"0\" referrerpolicy=\"strict-origin-when-cross-origin\" allow=\"autoplay; fullscreen; picture-in-picture; clipboard-write; encrypted-media; web-share\"   allowfullscreen><\/iframe>\n<\/div>\n<\/div>\n<\/div>\n\n\n\n<div class=\"wp-block-group is-style-boxed is-layout-constrained wp-block-group-is-layout-constrained\">\n<div class=\"wp-block-columns is-layout-flex wp-container-core-columns-is-layout-9d6595d7 wp-block-columns-is-layout-flex\" id=\"history\">\n<div class=\"wp-block-column is-vertically-aligned-center is-layout-flow wp-block-column-is-layout-flow\">\n<figure class=\"wp-block-image size-full is-style-full\"><img loading=\"lazy\" decoding=\"async\" width=\"2204\" height=\"2372\" src=\"https:\/\/awtawooltesting.com.au\/app\/uploads\/2025\/08\/Current-Fees-Header-Image.png\" alt=\"\" class=\"wp-image-737\" srcset=\"https:\/\/awtawooltesting.com.au\/app\/uploads\/2025\/08\/Current-Fees-Header-Image.png 2204w, https:\/\/awtawooltesting.com.au\/app\/uploads\/2025\/08\/Current-Fees-Header-Image-279x300.png 279w, https:\/\/awtawooltesting.com.au\/app\/uploads\/2025\/08\/Current-Fees-Header-Image-951x1024.png 951w, https:\/\/awtawooltesting.com.au\/app\/uploads\/2025\/08\/Current-Fees-Header-Image-768x827.png 768w, https:\/\/awtawooltesting.com.au\/app\/uploads\/2025\/08\/Current-Fees-Header-Image-1427x1536.png 1427w, https:\/\/awtawooltesting.com.au\/app\/uploads\/2025\/08\/Current-Fees-Header-Image-1903x2048.png 1903w\" sizes=\"auto, (max-width: 2204px) 100vw, 2204px\" \/><\/figure>\n<\/div>\n\n\n\n<div class=\"wp-block-column is-vertically-aligned-center is-layout-flow wp-block-column-is-layout-flow\">\n<h2 class=\"wp-block-heading\">La nostra storia<\/h2>\n\n\n\n<p>La storia dell'AWTA \u00e8 sinonimo di trasformazione della produzione, della commercializzazione, della valutazione e della lavorazione della lana, passando da una valutazione soggettiva a sistemi di valutazione oggettivi.<br><br>L'AWTA Ltd, con i suoi servizi di misurazione della lana grezza, ha svolto un ruolo sempre pi\u00f9 importante nella commercializzazione della lana australiana da quando l'Autorit\u00e0 \u00e8 stata costituita come organismo statutario. L'Australian Wool Testing Authority (AWTA) \u00e8 stata istituita nel 1957 dal governo del Commonwealth.<br><br>Dopo la formazione dell'Australian Wool Board nel 1962, l'AWTA \u00e8 stata istituita come divisione separata all'interno di tale organizzazione il 1\u00b0 luglio 1963. L'AWTA ha mantenuto lo stesso status all'interno dell'Australian Wool Corporation quando questa \u00e8 stata costituita dalla fusione dell'Australian Wool Board e dell'Australian Wool Commission il 1\u00b0 gennaio 1973.<\/p>\n\n\n\n<p>Costituita come societ\u00e0 a responsabilit\u00e0 limitata il 14 maggio 1982 a seguito della decisione del governo australiano di trasferire le funzioni dell'AWTA al settore pubblico. Nell'aprile 1982, gli stessi interessi dell'industria laniera che costituivano l'AWTA come ente statutario hanno costituito una societ\u00e0 pubblica a responsabilit\u00e0 limitata per acquisire tutte le attivit\u00e0 e le passivit\u00e0 dell'ente statutario. L'AWTA Ltd \u00e8 entrata in funzione il 1\u00b0 luglio 1982, quando ha assunto tutte le precedenti funzioni dell'AWTA.<br><br>La struttura societaria dell'AWTA Ltd \u00e8 unica nel settore laniero, essendo una societ\u00e0 a responsabilit\u00e0 limitata ma senza partecipazione azionaria. Un Consiglio di Amministrazione, che rappresenta tutti i settori dell'industria laniera, governa le operazioni dell'AWTA Ltd assicurando la continua imparzialit\u00e0 dell'azienda. A causa dell'assenza di azionisti, l'AWTA Ltd rivende tutti i profitti all'interno della Societ\u00e0. Il vantaggio di questa scelta \u00e8 che consente alla AWTA Raw Wool di ridurre al minimo gli aumenti delle tariffe, di investire in nuove tecnologie e di continuare a condurre una preziosa attivit\u00e0 di ricerca e sviluppo.<\/p>\n\n\n\n<p><strong><em>Cliccare qui per approfondire la storia dell'AWTA (autore: David J Ward OAM):<\/em><\/strong><\/p>\n\n\n\n<p><strong><a href=\"https:\/\/heyzine.com\/flip-book\/ed7296cb19.html\">Storia dell'Autorit\u00e0 australiana di controllo della lana (1957 - 1982)<\/a><\/strong><\/p>\n<\/div>\n<\/div>\n<\/div>","protected":false},"excerpt":{"rendered":"<p>Informazioni su AWTA Raw Wool AWTA Raw Wool fornisce servizi di certificazione della lana indipendenti e oggettivi. I principali servizi di AWTA Raw Wool sono il campionamento, il test e la certificazione...<\/p>","protected":false},"author":1,"featured_media":0,"parent":37,"menu_order":0,"comment_status":"closed","ping_status":"closed","template":"","meta":{"_acf_changed":false,"footnotes":""},"class_list":["post-629","page","type-page","status-publish","hentry"],"acf":[],"yoast_head":"<!-- This site is optimized with the Yoast SEO plugin v27.0 - https:\/\/yoast.com\/product\/yoast-seo-wordpress\/ -->\n<title>About AWTA Raw Wool - AWTA Wool Testing<\/title>\n<meta name=\"robots\" content=\"index, follow, max-snippet:-1, max-image-preview:large, max-video-preview:-1\" \/>\n<link rel=\"canonical\" href=\"https:\/\/awtawooltesting.com.au\/it\/about\/about-awta-raw-wool\/\" \/>\n<meta property=\"og:locale\" content=\"it_IT\" \/>\n<meta property=\"og:type\" content=\"article\" \/>\n<meta property=\"og:title\" content=\"About AWTA Raw Wool - AWTA Wool Testing\" \/>\n<meta property=\"og:description\" content=\"About AWTA Raw Wool AWTA Raw Wool provides independent and objective wool certification services. AWTA Raw Wool&#8217;s major services are sampling, testing and certif\u2026\" \/>\n<meta property=\"og:url\" content=\"https:\/\/awtawooltesting.com.au\/it\/about\/about-awta-raw-wool\/\" \/>\n<meta property=\"og:site_name\" content=\"AWTA Wool Testing\" \/>\n<meta property=\"article:modified_time\" content=\"2025-12-23T03:33:00+00:00\" \/>\n<meta property=\"og:image\" content=\"https:\/\/awtawooltesting.com.au\/app\/uploads\/2025\/08\/Current-Fees-Header-Image-951x1024.png\" \/>\n\t<meta property=\"og:image:width\" content=\"951\" \/>\n\t<meta property=\"og:image:height\" content=\"1024\" \/>\n\t<meta property=\"og:image:type\" content=\"image\/png\" \/>\n<meta name=\"twitter:card\" content=\"summary_large_image\" \/>\n<meta name=\"twitter:label1\" content=\"Est. reading time\" \/>\n\t<meta name=\"twitter:data1\" content=\"2 minutes\" \/>\n<script type=\"application\/ld+json\" class=\"yoast-schema-graph\">{\"@context\":\"https:\/\/schema.org\",\"@graph\":[{\"@type\":\"WebPage\",\"@id\":\"https:\/\/awtawooltesting.com.au\/about\/about-awta-raw-wool\/\",\"url\":\"https:\/\/awtawooltesting.com.au\/about\/about-awta-raw-wool\/\",\"name\":\"About AWTA Raw Wool - AWTA Wool Testing\",\"isPartOf\":{\"@id\":\"https:\/\/awtawooltesting.com.au\/#website\"},\"primaryImageOfPage\":{\"@id\":\"https:\/\/awtawooltesting.com.au\/about\/about-awta-raw-wool\/#primaryimage\"},\"image\":{\"@id\":\"https:\/\/awtawooltesting.com.au\/about\/about-awta-raw-wool\/#primaryimage\"},\"thumbnailUrl\":\"https:\/\/awtawooltesting.com.au\/app\/uploads\/2025\/08\/Current-Fees-Header-Image.png\",\"datePublished\":\"2025-08-14T05:18:23+00:00\",\"dateModified\":\"2025-12-23T03:33:00+00:00\",\"breadcrumb\":{\"@id\":\"https:\/\/awtawooltesting.com.au\/about\/about-awta-raw-wool\/#breadcrumb\"},\"inLanguage\":\"it-IT\",\"potentialAction\":[{\"@type\":\"ReadAction\",\"target\":[\"https:\/\/awtawooltesting.com.au\/about\/about-awta-raw-wool\/\"]}]},{\"@type\":\"ImageObject\",\"inLanguage\":\"it-IT\",\"@id\":\"https:\/\/awtawooltesting.com.au\/about\/about-awta-raw-wool\/#primaryimage\",\"url\":\"https:\/\/awtawooltesting.com.au\/app\/uploads\/2025\/08\/Current-Fees-Header-Image.png\",\"contentUrl\":\"https:\/\/awtawooltesting.com.au\/app\/uploads\/2025\/08\/Current-Fees-Header-Image.png\"},{\"@type\":\"BreadcrumbList\",\"@id\":\"https:\/\/awtawooltesting.com.au\/about\/about-awta-raw-wool\/#breadcrumb\",\"itemListElement\":[{\"@type\":\"ListItem\",\"position\":1,\"name\":\"Home\",\"item\":\"https:\/\/awtawooltesting.com.au\/\"},{\"@type\":\"ListItem\",\"position\":2,\"name\":\"About\",\"item\":\"https:\/\/awtawooltesting.com.au\/about\/\"},{\"@type\":\"ListItem\",\"position\":3,\"name\":\"About AWTA Raw Wool\"}]},{\"@type\":\"WebSite\",\"@id\":\"https:\/\/awtawooltesting.com.au\/#website\",\"url\":\"https:\/\/awtawooltesting.com.au\/\",\"name\":\"AWTA Wool Testing\",\"description\":\"\",\"publisher\":{\"@id\":\"https:\/\/awtawooltesting.com.au\/#organization\"},\"potentialAction\":[{\"@type\":\"SearchAction\",\"target\":{\"@type\":\"EntryPoint\",\"urlTemplate\":\"https:\/\/awtawooltesting.com.au\/?s={search_term_string}\"},\"query-input\":{\"@type\":\"PropertyValueSpecification\",\"valueRequired\":true,\"valueName\":\"search_term_string\"}}],\"inLanguage\":\"it-IT\"},{\"@type\":\"Organization\",\"@id\":\"https:\/\/awtawooltesting.com.au\/#organization\",\"name\":\"AWTA Wool Testing\",\"url\":\"https:\/\/awtawooltesting.com.au\/\",\"logo\":{\"@type\":\"ImageObject\",\"inLanguage\":\"it-IT\",\"@id\":\"https:\/\/awtawooltesting.com.au\/#\/schema\/logo\/image\/\",\"url\":\"https:\/\/awtawooltesting.com.au\/app\/uploads\/2025\/12\/awtarw.png\",\"contentUrl\":\"https:\/\/awtawooltesting.com.au\/app\/uploads\/2025\/12\/awtarw.png\",\"width\":1184,\"height\":1773,\"caption\":\"AWTA Wool Testing\"},\"image\":{\"@id\":\"https:\/\/awtawooltesting.com.au\/#\/schema\/logo\/image\/\"}}]}<\/script>\n<!-- \/ Yoast SEO plugin. -->","yoast_head_json":{"title":"About AWTA Raw Wool - AWTA Wool Testing","robots":{"index":"index","follow":"follow","max-snippet":"max-snippet:-1","max-image-preview":"max-image-preview:large","max-video-preview":"max-video-preview:-1"},"canonical":"https:\/\/awtawooltesting.com.au\/it\/about\/about-awta-raw-wool\/","og_locale":"it_IT","og_type":"article","og_title":"About AWTA Raw Wool - AWTA Wool Testing","og_description":"About AWTA Raw Wool AWTA Raw Wool provides independent and objective wool certification services. AWTA Raw Wool&#8217;s major services are sampling, testing and certif\u2026","og_url":"https:\/\/awtawooltesting.com.au\/it\/about\/about-awta-raw-wool\/","og_site_name":"AWTA Wool Testing","article_modified_time":"2025-12-23T03:33:00+00:00","og_image":[{"width":951,"height":1024,"url":"https:\/\/awtawooltesting.com.au\/app\/uploads\/2025\/08\/Current-Fees-Header-Image-951x1024.png","type":"image\/png"}],"twitter_card":"summary_large_image","twitter_misc":{"Est. reading time":"2 minutes"},"schema":{"@context":"https:\/\/schema.org","@graph":[{"@type":"WebPage","@id":"https:\/\/awtawooltesting.com.au\/about\/about-awta-raw-wool\/","url":"https:\/\/awtawooltesting.com.au\/about\/about-awta-raw-wool\/","name":"About AWTA Raw Wool - AWTA Wool Testing","isPartOf":{"@id":"https:\/\/awtawooltesting.com.au\/#website"},"primaryImageOfPage":{"@id":"https:\/\/awtawooltesting.com.au\/about\/about-awta-raw-wool\/#primaryimage"},"image":{"@id":"https:\/\/awtawooltesting.com.au\/about\/about-awta-raw-wool\/#primaryimage"},"thumbnailUrl":"https:\/\/awtawooltesting.com.au\/app\/uploads\/2025\/08\/Current-Fees-Header-Image.png","datePublished":"2025-08-14T05:18:23+00:00","dateModified":"2025-12-23T03:33:00+00:00","breadcrumb":{"@id":"https:\/\/awtawooltesting.com.au\/about\/about-awta-raw-wool\/#breadcrumb"},"inLanguage":"it-IT","potentialAction":[{"@type":"ReadAction","target":["https:\/\/awtawooltesting.com.au\/about\/about-awta-raw-wool\/"]}]},{"@type":"ImageObject","inLanguage":"it-IT","@id":"https:\/\/awtawooltesting.com.au\/about\/about-awta-raw-wool\/#primaryimage","url":"https:\/\/awtawooltesting.com.au\/app\/uploads\/2025\/08\/Current-Fees-Header-Image.png","contentUrl":"https:\/\/awtawooltesting.com.au\/app\/uploads\/2025\/08\/Current-Fees-Header-Image.png"},{"@type":"BreadcrumbList","@id":"https:\/\/awtawooltesting.com.au\/about\/about-awta-raw-wool\/#breadcrumb","itemListElement":[{"@type":"ListItem","position":1,"name":"Home","item":"https:\/\/awtawooltesting.com.au\/"},{"@type":"ListItem","position":2,"name":"About","item":"https:\/\/awtawooltesting.com.au\/about\/"},{"@type":"ListItem","position":3,"name":"About AWTA Raw Wool"}]},{"@type":"WebSite","@id":"https:\/\/awtawooltesting.com.au\/#website","url":"https:\/\/awtawooltesting.com.au\/","name":"Test sulla lana AWTA","description":"","publisher":{"@id":"https:\/\/awtawooltesting.com.au\/#organization"},"potentialAction":[{"@type":"SearchAction","target":{"@type":"EntryPoint","urlTemplate":"https:\/\/awtawooltesting.com.au\/?s={search_term_string}"},"query-input":{"@type":"PropertyValueSpecification","valueRequired":true,"valueName":"search_term_string"}}],"inLanguage":"it-IT"},{"@type":"Organization","@id":"https:\/\/awtawooltesting.com.au\/#organization","name":"Test sulla lana AWTA","url":"https:\/\/awtawooltesting.com.au\/","logo":{"@type":"ImageObject","inLanguage":"it-IT","@id":"https:\/\/awtawooltesting.com.au\/#\/schema\/logo\/image\/","url":"https:\/\/awtawooltesting.com.au\/app\/uploads\/2025\/12\/awtarw.png","contentUrl":"https:\/\/awtawooltesting.com.au\/app\/uploads\/2025\/12\/awtarw.png","width":1184,"height":1773,"caption":"AWTA Wool Testing"},"image":{"@id":"https:\/\/awtawooltesting.com.au\/#\/schema\/logo\/image\/"}}]}},"_links":{"self":[{"href":"https:\/\/awtawooltesting.com.au\/it\/wp-json\/wp\/v2\/pages\/629","targetHints":{"allow":["GET"]}}],"collection":[{"href":"https:\/\/awtawooltesting.com.au\/it\/wp-json\/wp\/v2\/pages"}],"about":[{"href":"https:\/\/awtawooltesting.com.au\/it\/wp-json\/wp\/v2\/types\/page"}],"author":[{"embeddable":true,"href":"https:\/\/awtawooltesting.com.au\/it\/wp-json\/wp\/v2\/users\/1"}],"replies":[{"embeddable":true,"href":"https:\/\/awtawooltesting.com.au\/it\/wp-json\/wp\/v2\/comments?post=629"}],"version-history":[{"count":27,"href":"https:\/\/awtawooltesting.com.au\/it\/wp-json\/wp\/v2\/pages\/629\/revisions"}],"predecessor-version":[{"id":3810,"href":"https:\/\/awtawooltesting.com.au\/it\/wp-json\/wp\/v2\/pages\/629\/revisions\/3810"}],"up":[{"embeddable":true,"href":"https:\/\/awtawooltesting.com.au\/it\/wp-json\/wp\/v2\/pages\/37"}],"wp:attachment":[{"href":"https:\/\/awtawooltesting.com.au\/it\/wp-json\/wp\/v2\/media?parent=629"}],"curies":[{"name":"wp","href":"https:\/\/api.w.org\/{rel}","templated":true}]}}