{"id":554,"date":"2025-08-07T10:20:33","date_gmt":"2025-08-07T10:20:33","guid":{"rendered":"https:\/\/awtawooltesting.swim.net.au\/?page_id=554"},"modified":"2026-02-10T01:27:03","modified_gmt":"2026-02-10T01:27:03","slug":"specialised-wool-equipment","status":"publish","type":"page","link":"https:\/\/awtawooltesting.com.au\/it\/services\/equipment-manufacturing\/specialised-wool-equipment\/","title":{"rendered":"Attrezzature specializzate per la lana"},"content":{"rendered":"<div class=\"wp-block-group is-style-boxed is-layout-constrained wp-block-group-is-layout-constrained\">\n<h2 class=\"wp-block-heading\" id=\"Wool-Comfortmeter\">ComfortMeter in lana<\/h2>\n\n\n\n<div class=\"wp-block-columns is-layout-flex wp-container-core-columns-is-layout-9d6595d7 wp-block-columns-is-layout-flex\">\n<div class=\"wp-block-column is-layout-flow wp-block-column-is-layout-flow\">\n<p>I rivenditori e i produttori hanno ora a disposizione un mezzo affidabile per specificare e promuovere oggettivamente un capo di abbigliamento sulla base di un comfort superiore per chi lo indossa, utilizzando il Wool ComfortMeter, uno strumento da tavolo facile da usare.<\/p>\n\n\n\n<p>Misurare con precisione e facilit\u00e0 i tessuti per ottenere i valori di comfort a contatto con la pelle.<\/p>\n\n\n\n<p>I rivenditori e i produttori dispongono ora di un mezzo affidabile per specificare e promuovere oggettivamente un capo di abbigliamento sulla base di un comfort superiore per chi lo indossa.<\/p>\n\n\n\n<p>Il Wool ComfortMeter \u00e8 uno strumento da tavolo facile da usare, che fornisce misurazioni oggettive accurate delle estremit\u00e0 delle fibre nei tessuti, che potrebbero irritare le terminazioni nervose della pelle, causando il disagio di chi le indossa.<\/p>\n<\/div>\n\n\n\n<div class=\"wp-block-column is-layout-flow wp-block-column-is-layout-flow\">\n<figure class=\"wp-block-image size-large\"><img loading=\"lazy\" decoding=\"async\" width=\"1024\" height=\"1024\" src=\"https:\/\/awtawooltesting.com.au\/app\/uploads\/2025\/09\/Dancing_Lady-1024x1024.jpg\" alt=\"\" class=\"wp-image-2008\" srcset=\"https:\/\/awtawooltesting.com.au\/app\/uploads\/2025\/09\/Dancing_Lady-1024x1024.jpg 1024w, https:\/\/awtawooltesting.com.au\/app\/uploads\/2025\/09\/Dancing_Lady-300x300.jpg 300w, https:\/\/awtawooltesting.com.au\/app\/uploads\/2025\/09\/Dancing_Lady-150x150.jpg 150w, https:\/\/awtawooltesting.com.au\/app\/uploads\/2025\/09\/Dancing_Lady-768x767.jpg 768w, https:\/\/awtawooltesting.com.au\/app\/uploads\/2025\/09\/Dancing_Lady.jpg 1500w\" sizes=\"auto, (max-width: 1024px) 100vw, 1024px\" \/><\/figure>\n<\/div>\n<\/div>\n\n\n\n<div class=\"wp-block-columns is-layout-flex wp-container-core-columns-is-layout-9d6595d7 wp-block-columns-is-layout-flex\">\n<div class=\"wp-block-column is-layout-flow wp-block-column-is-layout-flow\">\n<figure class=\"wp-block-image size-large\"><img loading=\"lazy\" decoding=\"async\" width=\"1024\" height=\"528\" src=\"https:\/\/awtawooltesting.com.au\/app\/uploads\/2025\/09\/WCM_image_1-1-1024x528.jpg\" alt=\"\" class=\"wp-image-2011\" srcset=\"https:\/\/awtawooltesting.com.au\/app\/uploads\/2025\/09\/WCM_image_1-1-1024x528.jpg 1024w, https:\/\/awtawooltesting.com.au\/app\/uploads\/2025\/09\/WCM_image_1-1-300x155.jpg 300w, https:\/\/awtawooltesting.com.au\/app\/uploads\/2025\/09\/WCM_image_1-1-768x396.jpg 768w, https:\/\/awtawooltesting.com.au\/app\/uploads\/2025\/09\/WCM_image_1-1-1536x793.jpg 1536w, https:\/\/awtawooltesting.com.au\/app\/uploads\/2025\/09\/WCM_image_1-1-2048x1057.jpg 2048w, https:\/\/awtawooltesting.com.au\/app\/uploads\/2025\/09\/WCM_image_1-1-scaled.jpg 2560w\" sizes=\"auto, (max-width: 1024px) 100vw, 1024px\" \/><\/figure>\n\n\n\n<p class=\"has-text-align-center\"><strong>&nbsp;Un punteggio pi\u00f9 alto significa che il tessuto rischia di irritare la pelle.&nbsp;<\/strong><\/p>\n<\/div>\n\n\n\n<div class=\"wp-block-column is-layout-flow wp-block-column-is-layout-flow\">\n<h3 class=\"wp-block-heading\">Che cos'\u00e8 il comfort tessile?<\/h3>\n\n\n\n<p>Le estremit\u00e0 delle fibre tessili, sufficientemente fini da non premere contro la pelle di chi le indossa, danno luogo a una sensazione di morbidezza e comfort. Tuttavia, se sono presenti fibre pi\u00f9 grosse, le estremit\u00e0 possono irritare le terminazioni nervose della pelle, provocando una sensazione di graffio o prurito.<\/p>\n\n\n\n<p>La buona notizia \u00e8 che ora esiste un metodo affidabile e oggettivo per valutare i tessuti alla ricerca delle estremit\u00e0 delle fibre che potrebbero causare disagi.<\/p>\n\n\n\n<h3 class=\"wp-block-heading\">ComfortMeter della lana - Come funziona?<\/h3>\n\n\n\n<p>Il Wool ComfortMeter analizza la superficie di un tessuto per verificare la presenza di fibre note per essere causa di prurito. Lo strumento calibrato \u00e8 stato sviluppato utilizzando test approfonditi con i consumatori, in cui ai campioni viene assegnato un singolo punteggio numerico; pi\u00f9 basso \u00e8 il punteggio, pi\u00f9 alto \u00e8 il comfort del consumatore. Un punteggio pi\u00f9 alto significa che il tessuto rischia di irritare la pelle.<\/p>\n<\/div>\n<\/div>\n<\/div>\n\n\n\n<div class=\"wp-block-group is-style-boxed-narrow is-layout-constrained wp-block-group-is-layout-constrained\">\n<p>Se il tessuto testato \u00e8 destinato all'abbigliamento di moda in condizioni quotidiane, \u00e8 accettabile un punteggio leggermente pi\u00f9 alto (colonna 1). Se l'uso finale previsto \u00e8 l'abbigliamento attivo o sono richieste prestazioni in condizioni pi\u00f9 estreme, sar\u00e0 necessario un punteggio inferiore (colonna 2). Questo perch\u00e9 quando la pelle si bagna e la temperatura aumenta, diventa pi\u00f9 sensibile.<\/p>\n\n\n\n<figure class=\"wp-block-table\"><table class=\"has-fixed-layout\"><tbody><tr><td>&nbsp;<\/td><td><strong>1 - OGNI GIORNO<br>MODA<\/strong><\/td><td><strong>2 - ABBIGLIAMENTO ATTIVO<\/strong><\/td><\/tr><tr><td>% di accettazione del consumatore<br>per il livello di comfort<\/td><td>Livello di comfort<br>ComfortMeter in lana<\/td><td>Livello di comfort<br>ComfortMeter in lana<\/td><\/tr><tr><td>90<\/td><td>&lt; 450<\/td><td>&lt; 250<\/td><\/tr><tr><td>80<\/td><td>450 - 510<\/td><td>250 - 320<\/td><\/tr><tr><td>70<\/td><td>510 - 600<\/td><td>320 - 400<\/td><\/tr><tr><td>60<\/td><td>600 - 660<\/td><td>400 - 480<\/td><\/tr><tr><td>50<\/td><td>660 - 730<\/td><td>480 - 550<\/td><\/tr><tr><td>40<\/td><td>730 - 810<\/td><td>550 - 620<\/td><\/tr><\/tbody><\/table><\/figure>\n\n\n\n<p><\/p>\n\n\n\n<h3 class=\"wp-block-heading\">La ricerca del comfort<\/h3>\n\n\n\n<p>Il Wool ComfortMeter pu\u00f2 essere utilizzato da un rivenditore per testare i prodotti esistenti o come parte del processo di innovazione e sviluppo.<\/p>\n\n\n\n<p>Il rivenditore deve semplicemente specificare il punteggio Wool ComfortMeter che preferisce ai suoi partner della catena di fornitura. La catena di fornitura \u00e8 in grado di produrre i prodotti secondo le specifiche Wool ComfortMeter attraverso l'approvvigionamento della lana, la lavorazione e le tecniche di finitura dei tessuti.<\/p>\n\n\n\n<p>I rivenditori possono monitorare la costanza della qualit\u00e0 del comfort dei capi testando i lotti e confrontandoli con il punteggio accettabile del Wool ComfortMeter, garantendo cos\u00ec una qualit\u00e0 costante tra le spedizioni e persino da una stagione all'altra.<\/p>\n\n\n\n<p><\/p>\n\n\n\n<h3 class=\"wp-block-heading\">Ultimo video<\/h3>\n\n\n\n<figure class=\"wp-block-embed is-type-video is-provider-vimeo wp-block-embed-vimeo\"><div class=\"wp-block-embed__wrapper\">\n<iframe loading=\"lazy\" title=\"AWTA Wool Comfortmeter\u2122\" src=\"https:\/\/player.vimeo.com\/video\/847502466?dnt=1&amp;app_id=122963\" width=\"500\" height=\"281\" frameborder=\"0\" allow=\"autoplay; fullscreen; picture-in-picture; clipboard-write; encrypted-media; web-share\" referrerpolicy=\"strict-origin-when-cross-origin\"><\/iframe>\n<\/div><\/figure>\n\n\n\n<h3 class=\"wp-block-heading\">Scarica il contenuto<\/h3>\n\n\n\n<div class=\"wp-block-columns is-layout-flex wp-container-core-columns-is-layout-9d6595d7 wp-block-columns-is-layout-flex\">\n<div class=\"wp-block-column is-layout-flow wp-block-column-is-layout-flow\">\n<h4 class=\"wp-block-heading\"><strong>LINK AL SITO TECNICO<br>MATERIALE<\/strong><\/h4>\n\n\n\n<div class=\"wp-block-buttons is-layout-flex wp-block-buttons-is-layout-flex\">\n<div class=\"wp-block-button\"><a class=\"wp-block-button__link wp-element-button\" href=\"\/it\/app\/uploads\/2025\/09\/WCM-V2-B-EN-A-Feb-2024-1.pdf\/\" target=\"_blank\" rel=\"noreferrer noopener\">ComfortMeter in lana<\/a><\/div>\n<\/div>\n<\/div>\n\n\n\n<div class=\"wp-block-column is-layout-flow wp-block-column-is-layout-flow\">\n<figure class=\"wp-block-image size-full is-resized\"><img loading=\"lazy\" decoding=\"async\" width=\"325\" height=\"413\" src=\"https:\/\/awtawooltesting.com.au\/app\/uploads\/2025\/09\/Wool_CM_QR_Code_Web.png\" alt=\"\" class=\"wp-image-2018\" style=\"width:226px;height:auto\" srcset=\"https:\/\/awtawooltesting.com.au\/app\/uploads\/2025\/09\/Wool_CM_QR_Code_Web.png 325w, https:\/\/awtawooltesting.com.au\/app\/uploads\/2025\/09\/Wool_CM_QR_Code_Web-236x300.png 236w\" sizes=\"auto, (max-width: 325px) 100vw, 325px\" \/><\/figure>\n<\/div>\n<\/div>\n\n\n\n<h2 class=\"wp-block-heading\" id=\"FM-Scour\">Misurazione del vello<\/h2>\n\n\n\n<div class=\"wp-block-columns is-layout-flex wp-container-core-columns-is-layout-9d6595d7 wp-block-columns-is-layout-flex\">\n<div class=\"wp-block-column is-layout-flow wp-block-column-is-layout-flow\">\n<h3 class=\"wp-block-heading\">Come funziona?<\/h3>\n\n\n\n<p>Il misuratore di vello SAFS1820 \u00e8 stato progettato specificamente per la pulizia di campioni di lana di vello estratti dalla parte centrale delle pecore, con un peso compreso tra 18 e 22 grammi. In grado di trattare fino a 18 campioni per lavaggio, il processo di strigliatura elimina efficacemente impurit\u00e0 quali sporco, suint (sali di sudore) e grasso. In particolare, il processo di lavaggio non rimuove completamente la maggior parte della materia vegetale, consentendo di determinare sia la base di lana che la base di materia vegetale dal campione.&nbsp;<\/p>\n\n\n\n<p>Questa efficiente macchina gestisce sia il lavaggio che il risciacquo dei campioni di lana, richiedendo un solo operatore per il carico e lo scarico. Dispone di diciotto bacinelle perforate, ciascuna dotata di un agitatore appositamente progettato e di un setaccio per i campioni. Inoltre, \u00e8 inclusa una pistola a spruzzo singola con connessione flessibile per il risciacquo delle vasche dopo un ciclo. Il sistema incorpora un sistema di agitazione e iniezione di detergenti e antischiuma, che aggiunge senza problemi il detergente al ciclo di acqua calda.<\/p>\n\n\n\n<p>Una volta completato il processo, il campione di lana raschiato viene rimosso dal misuratore di vello SAFS1820, impilato con l'adattatore per centrifuga e quindi centrifugato nella centrifuga 1500C o in una macchina equivalente per eliminare l'acqua in eccesso.<\/p>\n<\/div>\n\n\n\n<div class=\"wp-block-column is-layout-flow wp-block-column-is-layout-flow\">\n<figure class=\"wp-block-image size-large\"><img loading=\"lazy\" decoding=\"async\" width=\"1024\" height=\"1018\" src=\"https:\/\/awtawooltesting.com.au\/app\/uploads\/2025\/09\/FMS-1024x1018.jpg\" alt=\"\" class=\"wp-image-1944\" srcset=\"https:\/\/awtawooltesting.com.au\/app\/uploads\/2025\/09\/FMS-1024x1018.jpg 1024w, https:\/\/awtawooltesting.com.au\/app\/uploads\/2025\/09\/FMS-300x298.jpg 300w, https:\/\/awtawooltesting.com.au\/app\/uploads\/2025\/09\/FMS-150x150.jpg 150w, https:\/\/awtawooltesting.com.au\/app\/uploads\/2025\/09\/FMS-768x763.jpg 768w, https:\/\/awtawooltesting.com.au\/app\/uploads\/2025\/09\/FMS.jpg 1159w\" sizes=\"auto, (max-width: 1024px) 100vw, 1024px\" \/><\/figure>\n<\/div>\n<\/div>\n\n\n\n<h3 class=\"wp-block-heading\">Adattatore per centrifuga<\/h3>\n\n\n\n<p>\u00c8 stato progettato un adattatore specializzato che pu\u00f2 essere opzionato per integrarsi perfettamente con i setacci per campioni Fleece Measurement Scour e la centrifuga AWTA 1500C. Ci\u00f2 garantisce la rimozione efficiente dell'acqua in eccesso prima del processo di essiccazione, eliminando la necessit\u00e0 di modifiche alla centrifuga.<\/p>\n\n\n\n<h3 class=\"wp-block-heading\">Interfaccia utente<\/h3>\n\n\n\n<p>Il touch screen aggiuntivo dell'interfaccia uomo-macchina (HMI) consente agli utenti di interagire con il sistema Fleece Measurement Scour, permettendo loro di eseguire vari metodi e procedure di test secondo le necessit\u00e0. L'HMI pu\u00f2 anche essere configurato per supportare pi\u00f9 lingue come opzione.<\/p>\n\n\n\n<h3 class=\"wp-block-heading\">Ultimo video<\/h3>\n\n\n\n<figure class=\"wp-block-embed is-type-video is-provider-vimeo wp-block-embed-vimeo\"><div class=\"wp-block-embed__wrapper\">\n<iframe loading=\"lazy\" title=\"Misurazione del vello\" src=\"https:\/\/player.vimeo.com\/video\/910258955?dnt=1&amp;app_id=122963\" width=\"500\" height=\"281\" frameborder=\"0\" allow=\"autoplay; fullscreen; picture-in-picture; clipboard-write; encrypted-media; web-share\" referrerpolicy=\"strict-origin-when-cross-origin\"><\/iframe>\n<\/div><\/figure>\n\n\n\n<h3 class=\"wp-block-heading\">Scarica il contenuto<\/h3>\n\n\n\n<div class=\"wp-block-columns is-layout-flex wp-container-core-columns-is-layout-9d6595d7 wp-block-columns-is-layout-flex\">\n<div class=\"wp-block-column is-layout-flow wp-block-column-is-layout-flow\">\n<h4 class=\"wp-block-heading\"><strong>LINK AL SITO TECNICO<br>MATERIALE<\/strong><\/h4>\n\n\n\n<div class=\"wp-block-buttons is-layout-flex wp-block-buttons-is-layout-flex\">\n<div class=\"wp-block-button\"><a class=\"wp-block-button__link wp-element-button\" href=\"\/it\/app\/uploads\/2025\/09\/FMS-SAFS1820-B-EN-C-Feb-2024.pdf\/\" target=\"_blank\" rel=\"noreferrer noopener\">Misurazione del vello<\/a><\/div>\n<\/div>\n<\/div>\n\n\n\n<div class=\"wp-block-column is-layout-flow wp-block-column-is-layout-flow\">\n<figure class=\"wp-block-image size-full\"><img loading=\"lazy\" decoding=\"async\" width=\"240\" height=\"299\" src=\"https:\/\/awtawooltesting.com.au\/app\/uploads\/2025\/09\/QR_code_-_Fleece_Scour.jpg\" alt=\"\" class=\"wp-image-2027\"\/><\/figure>\n<\/div>\n<\/div>\n\n\n\n<h3 class=\"wp-block-heading\">Contatto<\/h3>\n\n\n\n<div class=\"wp-block-buttons is-layout-flex wp-block-buttons-is-layout-flex\">\n<div class=\"wp-block-button\"><a class=\"wp-block-button__link wp-element-button\" href=\"https:\/\/awtawooltesting.com.au\/it\/contact\/\">Modulo di richiesta on-line<\/a><\/div>\n<\/div>\n<\/div>\n\n\n\n<p><\/p>","protected":false},"excerpt":{"rendered":"<p>Wool ComfortMeter I rivenditori e i produttori dispongono ora di un mezzo affidabile per specificare e promuovere oggettivamente un capo di abbigliamento sulla base di un comfort superiore...<\/p>","protected":false},"author":1,"featured_media":0,"parent":550,"menu_order":0,"comment_status":"closed","ping_status":"closed","template":"","meta":{"_acf_changed":false,"footnotes":""},"class_list":["post-554","page","type-page","status-publish","hentry"],"acf":[],"yoast_head":"<!-- This site is optimized with the Yoast SEO plugin v27.0 - https:\/\/yoast.com\/product\/yoast-seo-wordpress\/ -->\n<title>Specialised Wool Equipment - AWTA Wool Testing<\/title>\n<meta name=\"robots\" content=\"index, follow, max-snippet:-1, max-image-preview:large, max-video-preview:-1\" \/>\n<link rel=\"canonical\" href=\"https:\/\/awtawooltesting.com.au\/it\/services\/equipment-manufacturing\/specialised-wool-equipment\/\" \/>\n<meta property=\"og:locale\" content=\"it_IT\" \/>\n<meta property=\"og:type\" content=\"article\" \/>\n<meta property=\"og:title\" content=\"Specialised Wool Equipment - AWTA Wool Testing\" \/>\n<meta property=\"og:description\" content=\"Wool ComfortMeter Retailers and manufacturers now have a reliable means of objectively specifying and promoting a garment on the basis of superior comfort for the wear\u2026\" \/>\n<meta property=\"og:url\" content=\"https:\/\/awtawooltesting.com.au\/it\/services\/equipment-manufacturing\/specialised-wool-equipment\/\" \/>\n<meta property=\"og:site_name\" content=\"AWTA Wool Testing\" \/>\n<meta property=\"article:modified_time\" content=\"2026-02-10T01:27:03+00:00\" \/>\n<meta property=\"og:image\" content=\"https:\/\/awtawooltesting.com.au\/app\/uploads\/2025\/09\/Dancing_Lady.jpg\" \/>\n\t<meta property=\"og:image:width\" content=\"1500\" \/>\n\t<meta property=\"og:image:height\" content=\"1499\" \/>\n\t<meta property=\"og:image:type\" content=\"image\/jpeg\" \/>\n<meta name=\"twitter:card\" content=\"summary_large_image\" \/>\n<meta name=\"twitter:label1\" content=\"Est. reading time\" \/>\n\t<meta name=\"twitter:data1\" content=\"5 minutes\" \/>\n<script type=\"application\/ld+json\" class=\"yoast-schema-graph\">{\"@context\":\"https:\/\/schema.org\",\"@graph\":[{\"@type\":\"WebPage\",\"@id\":\"https:\/\/awtawooltesting.com.au\/services\/equipment-manufacturing\/specialised-wool-equipment\/\",\"url\":\"https:\/\/awtawooltesting.com.au\/services\/equipment-manufacturing\/specialised-wool-equipment\/\",\"name\":\"Specialised Wool Equipment - AWTA Wool Testing\",\"isPartOf\":{\"@id\":\"https:\/\/awtawooltesting.com.au\/#website\"},\"primaryImageOfPage\":{\"@id\":\"https:\/\/awtawooltesting.com.au\/services\/equipment-manufacturing\/specialised-wool-equipment\/#primaryimage\"},\"image\":{\"@id\":\"https:\/\/awtawooltesting.com.au\/services\/equipment-manufacturing\/specialised-wool-equipment\/#primaryimage\"},\"thumbnailUrl\":\"https:\/\/awtawooltesting.com.au\/app\/uploads\/2025\/09\/Dancing_Lady-1024x1024.jpg\",\"datePublished\":\"2025-08-07T10:20:33+00:00\",\"dateModified\":\"2026-02-10T01:27:03+00:00\",\"breadcrumb\":{\"@id\":\"https:\/\/awtawooltesting.com.au\/services\/equipment-manufacturing\/specialised-wool-equipment\/#breadcrumb\"},\"inLanguage\":\"it-IT\",\"potentialAction\":[{\"@type\":\"ReadAction\",\"target\":[\"https:\/\/awtawooltesting.com.au\/services\/equipment-manufacturing\/specialised-wool-equipment\/\"]}]},{\"@type\":\"ImageObject\",\"inLanguage\":\"it-IT\",\"@id\":\"https:\/\/awtawooltesting.com.au\/services\/equipment-manufacturing\/specialised-wool-equipment\/#primaryimage\",\"url\":\"https:\/\/awtawooltesting.com.au\/app\/uploads\/2025\/09\/Dancing_Lady-1024x1024.jpg\",\"contentUrl\":\"https:\/\/awtawooltesting.com.au\/app\/uploads\/2025\/09\/Dancing_Lady-1024x1024.jpg\"},{\"@type\":\"BreadcrumbList\",\"@id\":\"https:\/\/awtawooltesting.com.au\/services\/equipment-manufacturing\/specialised-wool-equipment\/#breadcrumb\",\"itemListElement\":[{\"@type\":\"ListItem\",\"position\":1,\"name\":\"Home\",\"item\":\"https:\/\/awtawooltesting.com.au\/\"},{\"@type\":\"ListItem\",\"position\":2,\"name\":\"Services\",\"item\":\"https:\/\/awtawooltesting.com.au\/it\/services\/\"},{\"@type\":\"ListItem\",\"position\":3,\"name\":\"Equipment Manufacturing\",\"item\":\"https:\/\/awtawooltesting.com.au\/services\/equipment-manufacturing\/\"},{\"@type\":\"ListItem\",\"position\":4,\"name\":\"Specialised Wool Equipment\"}]},{\"@type\":\"WebSite\",\"@id\":\"https:\/\/awtawooltesting.com.au\/#website\",\"url\":\"https:\/\/awtawooltesting.com.au\/\",\"name\":\"AWTA Wool Testing\",\"description\":\"\",\"publisher\":{\"@id\":\"https:\/\/awtawooltesting.com.au\/#organization\"},\"potentialAction\":[{\"@type\":\"SearchAction\",\"target\":{\"@type\":\"EntryPoint\",\"urlTemplate\":\"https:\/\/awtawooltesting.com.au\/?s={search_term_string}\"},\"query-input\":{\"@type\":\"PropertyValueSpecification\",\"valueRequired\":true,\"valueName\":\"search_term_string\"}}],\"inLanguage\":\"it-IT\"},{\"@type\":\"Organization\",\"@id\":\"https:\/\/awtawooltesting.com.au\/#organization\",\"name\":\"AWTA Wool Testing\",\"url\":\"https:\/\/awtawooltesting.com.au\/\",\"logo\":{\"@type\":\"ImageObject\",\"inLanguage\":\"it-IT\",\"@id\":\"https:\/\/awtawooltesting.com.au\/#\/schema\/logo\/image\/\",\"url\":\"https:\/\/awtawooltesting.com.au\/app\/uploads\/2025\/12\/awtarw.png\",\"contentUrl\":\"https:\/\/awtawooltesting.com.au\/app\/uploads\/2025\/12\/awtarw.png\",\"width\":1184,\"height\":1773,\"caption\":\"AWTA Wool Testing\"},\"image\":{\"@id\":\"https:\/\/awtawooltesting.com.au\/#\/schema\/logo\/image\/\"}}]}<\/script>\n<!-- \/ Yoast SEO plugin. -->","yoast_head_json":{"title":"Specialised Wool Equipment - AWTA Wool Testing","robots":{"index":"index","follow":"follow","max-snippet":"max-snippet:-1","max-image-preview":"max-image-preview:large","max-video-preview":"max-video-preview:-1"},"canonical":"https:\/\/awtawooltesting.com.au\/it\/services\/equipment-manufacturing\/specialised-wool-equipment\/","og_locale":"it_IT","og_type":"article","og_title":"Specialised Wool Equipment - AWTA Wool Testing","og_description":"Wool ComfortMeter Retailers and manufacturers now have a reliable means of objectively specifying and promoting a garment on the basis of superior comfort for the wear\u2026","og_url":"https:\/\/awtawooltesting.com.au\/it\/services\/equipment-manufacturing\/specialised-wool-equipment\/","og_site_name":"AWTA Wool Testing","article_modified_time":"2026-02-10T01:27:03+00:00","og_image":[{"width":1500,"height":1499,"url":"https:\/\/awtawooltesting.com.au\/app\/uploads\/2025\/09\/Dancing_Lady.jpg","type":"image\/jpeg"}],"twitter_card":"summary_large_image","twitter_misc":{"Est. reading time":"5 minutes"},"schema":{"@context":"https:\/\/schema.org","@graph":[{"@type":"WebPage","@id":"https:\/\/awtawooltesting.com.au\/services\/equipment-manufacturing\/specialised-wool-equipment\/","url":"https:\/\/awtawooltesting.com.au\/services\/equipment-manufacturing\/specialised-wool-equipment\/","name":"Specialised Wool Equipment - AWTA Wool Testing","isPartOf":{"@id":"https:\/\/awtawooltesting.com.au\/#website"},"primaryImageOfPage":{"@id":"https:\/\/awtawooltesting.com.au\/services\/equipment-manufacturing\/specialised-wool-equipment\/#primaryimage"},"image":{"@id":"https:\/\/awtawooltesting.com.au\/services\/equipment-manufacturing\/specialised-wool-equipment\/#primaryimage"},"thumbnailUrl":"https:\/\/awtawooltesting.com.au\/app\/uploads\/2025\/09\/Dancing_Lady-1024x1024.jpg","datePublished":"2025-08-07T10:20:33+00:00","dateModified":"2026-02-10T01:27:03+00:00","breadcrumb":{"@id":"https:\/\/awtawooltesting.com.au\/services\/equipment-manufacturing\/specialised-wool-equipment\/#breadcrumb"},"inLanguage":"it-IT","potentialAction":[{"@type":"ReadAction","target":["https:\/\/awtawooltesting.com.au\/services\/equipment-manufacturing\/specialised-wool-equipment\/"]}]},{"@type":"ImageObject","inLanguage":"it-IT","@id":"https:\/\/awtawooltesting.com.au\/services\/equipment-manufacturing\/specialised-wool-equipment\/#primaryimage","url":"https:\/\/awtawooltesting.com.au\/app\/uploads\/2025\/09\/Dancing_Lady-1024x1024.jpg","contentUrl":"https:\/\/awtawooltesting.com.au\/app\/uploads\/2025\/09\/Dancing_Lady-1024x1024.jpg"},{"@type":"BreadcrumbList","@id":"https:\/\/awtawooltesting.com.au\/services\/equipment-manufacturing\/specialised-wool-equipment\/#breadcrumb","itemListElement":[{"@type":"ListItem","position":1,"name":"Home","item":"https:\/\/awtawooltesting.com.au\/"},{"@type":"ListItem","position":2,"name":"Services","item":"https:\/\/awtawooltesting.com.au\/it\/services\/"},{"@type":"ListItem","position":3,"name":"Equipment Manufacturing","item":"https:\/\/awtawooltesting.com.au\/services\/equipment-manufacturing\/"},{"@type":"ListItem","position":4,"name":"Specialised Wool Equipment"}]},{"@type":"WebSite","@id":"https:\/\/awtawooltesting.com.au\/#website","url":"https:\/\/awtawooltesting.com.au\/","name":"Test sulla lana AWTA","description":"","publisher":{"@id":"https:\/\/awtawooltesting.com.au\/#organization"},"potentialAction":[{"@type":"SearchAction","target":{"@type":"EntryPoint","urlTemplate":"https:\/\/awtawooltesting.com.au\/?s={search_term_string}"},"query-input":{"@type":"PropertyValueSpecification","valueRequired":true,"valueName":"search_term_string"}}],"inLanguage":"it-IT"},{"@type":"Organization","@id":"https:\/\/awtawooltesting.com.au\/#organization","name":"Test sulla lana AWTA","url":"https:\/\/awtawooltesting.com.au\/","logo":{"@type":"ImageObject","inLanguage":"it-IT","@id":"https:\/\/awtawooltesting.com.au\/#\/schema\/logo\/image\/","url":"https:\/\/awtawooltesting.com.au\/app\/uploads\/2025\/12\/awtarw.png","contentUrl":"https:\/\/awtawooltesting.com.au\/app\/uploads\/2025\/12\/awtarw.png","width":1184,"height":1773,"caption":"AWTA Wool Testing"},"image":{"@id":"https:\/\/awtawooltesting.com.au\/#\/schema\/logo\/image\/"}}]}},"_links":{"self":[{"href":"https:\/\/awtawooltesting.com.au\/it\/wp-json\/wp\/v2\/pages\/554","targetHints":{"allow":["GET"]}}],"collection":[{"href":"https:\/\/awtawooltesting.com.au\/it\/wp-json\/wp\/v2\/pages"}],"about":[{"href":"https:\/\/awtawooltesting.com.au\/it\/wp-json\/wp\/v2\/types\/page"}],"author":[{"embeddable":true,"href":"https:\/\/awtawooltesting.com.au\/it\/wp-json\/wp\/v2\/users\/1"}],"replies":[{"embeddable":true,"href":"https:\/\/awtawooltesting.com.au\/it\/wp-json\/wp\/v2\/comments?post=554"}],"version-history":[{"count":22,"href":"https:\/\/awtawooltesting.com.au\/it\/wp-json\/wp\/v2\/pages\/554\/revisions"}],"predecessor-version":[{"id":3974,"href":"https:\/\/awtawooltesting.com.au\/it\/wp-json\/wp\/v2\/pages\/554\/revisions\/3974"}],"up":[{"embeddable":true,"href":"https:\/\/awtawooltesting.com.au\/it\/wp-json\/wp\/v2\/pages\/550"}],"wp:attachment":[{"href":"https:\/\/awtawooltesting.com.au\/it\/wp-json\/wp\/v2\/media?parent=554"}],"curies":[{"name":"wp","href":"https:\/\/api.w.org\/{rel}","templated":true}]}}