{"id":548,"date":"2025-08-07T10:20:09","date_gmt":"2025-08-07T10:20:09","guid":{"rendered":"https:\/\/awtawooltesting.swim.net.au\/?page_id=548"},"modified":"2025-11-27T03:42:58","modified_gmt":"2025-11-27T03:42:58","slug":"electronic-certificates-ecerts","status":"publish","type":"page","link":"https:\/\/awtawooltesting.com.au\/it\/services\/electronic-services\/electronic-certificates-ecerts\/","title":{"rendered":"Certificati elettronici (eCert)"},"content":{"rendered":"<div class=\"wp-block-group is-style-boxed-narrow is-layout-constrained wp-block-group-is-layout-constrained\">\n<p>L'AWTA produce certificati di prova e rapporti di guida elettronici come parte dei nostri servizi standard. Questi certificati elettronici possono essere inviati via e-mail in formato PDF direttamente al richiedente non appena i test sono stati completati. Il formato \u00e8 identico a quello dei documenti stampati e comprende pi\u00f9 copie. I certificati cartacei sono ancora disponibili su richiesta, ma la loro stampa comporta un costo aggiuntivo. I certificati combinati IWTO sono disponibili anche tradotti in cinese.<\/p>\n\n\n\n<p>L'AWTA ha introdotto una serie di misure di sicurezza che proteggono l'integrit\u00e0 dei nostri certificati elettronici. Una di queste \u00e8 l'uso di firme digitali per proteggere i file PDF prima della distribuzione dal nostro server. Se il documento viene modificato in qualche modo, la firma non \u00e8 pi\u00f9 valida. Quando si visualizza uno dei nostri certificati elettronici, un documento valido mostrer\u00e0 la firma sottostante:<\/p>\n\n\n\n<figure class=\"wp-block-image size-large\"><img loading=\"lazy\" decoding=\"async\" width=\"1024\" height=\"48\" src=\"https:\/\/awtawooltesting.com.au\/app\/uploads\/2025\/09\/Digital_Signature-1024x48.jpg\" alt=\"\" class=\"wp-image-1899\" srcset=\"https:\/\/awtawooltesting.com.au\/app\/uploads\/2025\/09\/Digital_Signature-1024x48.jpg 1024w, https:\/\/awtawooltesting.com.au\/app\/uploads\/2025\/09\/Digital_Signature-300x14.jpg 300w, https:\/\/awtawooltesting.com.au\/app\/uploads\/2025\/09\/Digital_Signature-768x36.jpg 768w, https:\/\/awtawooltesting.com.au\/app\/uploads\/2025\/09\/Digital_Signature.jpg 1491w\" sizes=\"auto, (max-width: 1024px) 100vw, 1024px\" \/><\/figure>\n\n\n\n<p><\/p>\n\n\n\n<p>Se non vedete questo testo, verificate la configurazione della firma digitale seguendo i passaggi indicati nel Fact Sheet disponibile&nbsp;<a href=\"\/it\/app\/uploads\/2025\/09\/Fact-Sheet-Digital-Security-of-Electronic-Certificates.pdf\/\" target=\"_blank\" rel=\"noreferrer noopener\">qui:<\/a><\/p>\n\n\n\n<p>Nel caso in cui la firma non sia valida, \u00e8 possibile ottenere un'altra copia del documento tramite il nostro sito web <a href=\"\/it\/services\/electronic-services\/certificate-verification\/\">Verifica del certificato<\/a>&nbsp;servizio, o&nbsp;<a href=\"\/it\/contact\/\">contattateci<\/a>&nbsp;direttamente e chiedere di verificarne l'autenticit\u00e0.<\/p>\n\n\n\n<p><\/p>\n\n\n\n<h2 class=\"wp-block-heading\">Per saperne di pi\u00f9:<\/h2>\n\n\n\n<div class=\"wp-block-buttons is-layout-flex wp-block-buttons-is-layout-flex\">\n<div class=\"wp-block-button is-style-gray-buttons\"><a class=\"wp-block-button__link wp-element-button\" href=\"\/it\/app\/uploads\/2025\/09\/Fact-Sheet-33-Electronic-Certificates.pdf\/\" target=\"_blank\" rel=\"noreferrer noopener\">Certificati elettronici<\/a><\/div>\n\n\n\n<div class=\"wp-block-button is-style-gray-buttons\"><a class=\"wp-block-button__link wp-element-button\" href=\"\/it\/app\/uploads\/2025\/09\/Electronic-Certificates-Chinese.pdf\/\" target=\"_blank\" rel=\"noreferrer noopener\">Certificati elettronici - Cinese<\/a><\/div>\n<\/div>\n\n\n\n<p><\/p>\n\n\n\n<figure class=\"wp-block-image size-large\"><img loading=\"lazy\" decoding=\"async\" width=\"1024\" height=\"48\" src=\"https:\/\/awtawooltesting.com.au\/app\/uploads\/2025\/09\/download-1024x48.jpg\" alt=\"\" class=\"wp-image-1911\" srcset=\"https:\/\/awtawooltesting.com.au\/app\/uploads\/2025\/09\/download-1024x48.jpg 1024w, https:\/\/awtawooltesting.com.au\/app\/uploads\/2025\/09\/download-300x14.jpg 300w, https:\/\/awtawooltesting.com.au\/app\/uploads\/2025\/09\/download-768x36.jpg 768w, https:\/\/awtawooltesting.com.au\/app\/uploads\/2025\/09\/download.jpg 1491w\" sizes=\"auto, (max-width: 1024px) 100vw, 1024px\" \/><\/figure>\n<\/div>\n\n\n\n<p><\/p>\n\n\n\n<p><\/p>","protected":false},"excerpt":{"rendered":"<p>L'AWTA produce certificati di prova e rapporti di guida elettronici come parte dei nostri servizi standard. Questi certificati elettronici possono essere inviati via e-mail in formato PDF direttamente al richiedente come...<\/p>","protected":false},"author":1,"featured_media":0,"parent":671,"menu_order":0,"comment_status":"closed","ping_status":"closed","template":"","meta":{"_acf_changed":false,"footnotes":""},"class_list":["post-548","page","type-page","status-publish","hentry"],"acf":[],"yoast_head":"<!-- This site is optimized with the Yoast SEO plugin v27.0 - https:\/\/yoast.com\/product\/yoast-seo-wordpress\/ -->\n<title>Electronic Certificates (eCerts) - AWTA Wool Testing<\/title>\n<meta name=\"robots\" content=\"index, follow, max-snippet:-1, max-image-preview:large, max-video-preview:-1\" \/>\n<link rel=\"canonical\" href=\"https:\/\/awtawooltesting.com.au\/it\/services\/electronic-services\/electronic-certificates-ecerts\/\" \/>\n<meta property=\"og:locale\" content=\"it_IT\" \/>\n<meta property=\"og:type\" content=\"article\" \/>\n<meta property=\"og:title\" content=\"Electronic Certificates (eCerts) - AWTA Wool Testing\" \/>\n<meta property=\"og:description\" content=\"AWTA produces electronic Test Certificates and Guidance Reports as part of our standard services. These eCerts can be emailed in PDF format direct to the requestor as\u2026\" \/>\n<meta property=\"og:url\" content=\"https:\/\/awtawooltesting.com.au\/it\/services\/electronic-services\/electronic-certificates-ecerts\/\" \/>\n<meta property=\"og:site_name\" content=\"AWTA Wool Testing\" \/>\n<meta property=\"article:modified_time\" content=\"2025-11-27T03:42:58+00:00\" \/>\n<meta property=\"og:image\" content=\"https:\/\/awtawooltesting.com.au\/app\/uploads\/2025\/09\/Digital_Signature.jpg\" \/>\n\t<meta property=\"og:image:width\" content=\"1491\" \/>\n\t<meta property=\"og:image:height\" content=\"70\" \/>\n\t<meta property=\"og:image:type\" content=\"image\/jpeg\" \/>\n<meta name=\"twitter:card\" content=\"summary_large_image\" \/>\n<meta name=\"twitter:label1\" content=\"Est. reading time\" \/>\n\t<meta name=\"twitter:data1\" content=\"1 minute\" \/>\n<script type=\"application\/ld+json\" class=\"yoast-schema-graph\">{\"@context\":\"https:\/\/schema.org\",\"@graph\":[{\"@type\":\"WebPage\",\"@id\":\"https:\/\/awtawooltesting.com.au\/services\/electronic-services\/electronic-certificates-ecerts\/\",\"url\":\"https:\/\/awtawooltesting.com.au\/services\/electronic-services\/electronic-certificates-ecerts\/\",\"name\":\"Electronic Certificates (eCerts) - AWTA Wool Testing\",\"isPartOf\":{\"@id\":\"https:\/\/awtawooltesting.com.au\/#website\"},\"primaryImageOfPage\":{\"@id\":\"https:\/\/awtawooltesting.com.au\/services\/electronic-services\/electronic-certificates-ecerts\/#primaryimage\"},\"image\":{\"@id\":\"https:\/\/awtawooltesting.com.au\/services\/electronic-services\/electronic-certificates-ecerts\/#primaryimage\"},\"thumbnailUrl\":\"https:\/\/awtawooltesting.com.au\/app\/uploads\/2025\/09\/Digital_Signature-1024x48.jpg\",\"datePublished\":\"2025-08-07T10:20:09+00:00\",\"dateModified\":\"2025-11-27T03:42:58+00:00\",\"breadcrumb\":{\"@id\":\"https:\/\/awtawooltesting.com.au\/services\/electronic-services\/electronic-certificates-ecerts\/#breadcrumb\"},\"inLanguage\":\"it-IT\",\"potentialAction\":[{\"@type\":\"ReadAction\",\"target\":[\"https:\/\/awtawooltesting.com.au\/services\/electronic-services\/electronic-certificates-ecerts\/\"]}]},{\"@type\":\"ImageObject\",\"inLanguage\":\"it-IT\",\"@id\":\"https:\/\/awtawooltesting.com.au\/services\/electronic-services\/electronic-certificates-ecerts\/#primaryimage\",\"url\":\"https:\/\/awtawooltesting.com.au\/app\/uploads\/2025\/09\/Digital_Signature-1024x48.jpg\",\"contentUrl\":\"https:\/\/awtawooltesting.com.au\/app\/uploads\/2025\/09\/Digital_Signature-1024x48.jpg\"},{\"@type\":\"BreadcrumbList\",\"@id\":\"https:\/\/awtawooltesting.com.au\/services\/electronic-services\/electronic-certificates-ecerts\/#breadcrumb\",\"itemListElement\":[{\"@type\":\"ListItem\",\"position\":1,\"name\":\"Home\",\"item\":\"https:\/\/awtawooltesting.com.au\/\"},{\"@type\":\"ListItem\",\"position\":2,\"name\":\"Services\",\"item\":\"https:\/\/awtawooltesting.com.au\/it\/services\/\"},{\"@type\":\"ListItem\",\"position\":3,\"name\":\"Electronic Services\",\"item\":\"https:\/\/awtawooltesting.com.au\/services\/electronic-services\/\"},{\"@type\":\"ListItem\",\"position\":4,\"name\":\"Electronic Certificates (eCerts)\"}]},{\"@type\":\"WebSite\",\"@id\":\"https:\/\/awtawooltesting.com.au\/#website\",\"url\":\"https:\/\/awtawooltesting.com.au\/\",\"name\":\"AWTA Wool Testing\",\"description\":\"\",\"publisher\":{\"@id\":\"https:\/\/awtawooltesting.com.au\/#organization\"},\"potentialAction\":[{\"@type\":\"SearchAction\",\"target\":{\"@type\":\"EntryPoint\",\"urlTemplate\":\"https:\/\/awtawooltesting.com.au\/?s={search_term_string}\"},\"query-input\":{\"@type\":\"PropertyValueSpecification\",\"valueRequired\":true,\"valueName\":\"search_term_string\"}}],\"inLanguage\":\"it-IT\"},{\"@type\":\"Organization\",\"@id\":\"https:\/\/awtawooltesting.com.au\/#organization\",\"name\":\"AWTA Wool Testing\",\"url\":\"https:\/\/awtawooltesting.com.au\/\",\"logo\":{\"@type\":\"ImageObject\",\"inLanguage\":\"it-IT\",\"@id\":\"https:\/\/awtawooltesting.com.au\/#\/schema\/logo\/image\/\",\"url\":\"https:\/\/awtawooltesting.com.au\/app\/uploads\/2025\/12\/awtarw.png\",\"contentUrl\":\"https:\/\/awtawooltesting.com.au\/app\/uploads\/2025\/12\/awtarw.png\",\"width\":1184,\"height\":1773,\"caption\":\"AWTA Wool Testing\"},\"image\":{\"@id\":\"https:\/\/awtawooltesting.com.au\/#\/schema\/logo\/image\/\"}}]}<\/script>\n<!-- \/ Yoast SEO plugin. -->","yoast_head_json":{"title":"Electronic Certificates (eCerts) - AWTA Wool Testing","robots":{"index":"index","follow":"follow","max-snippet":"max-snippet:-1","max-image-preview":"max-image-preview:large","max-video-preview":"max-video-preview:-1"},"canonical":"https:\/\/awtawooltesting.com.au\/it\/services\/electronic-services\/electronic-certificates-ecerts\/","og_locale":"it_IT","og_type":"article","og_title":"Electronic Certificates (eCerts) - AWTA Wool Testing","og_description":"AWTA produces electronic Test Certificates and Guidance Reports as part of our standard services. These eCerts can be emailed in PDF format direct to the requestor as\u2026","og_url":"https:\/\/awtawooltesting.com.au\/it\/services\/electronic-services\/electronic-certificates-ecerts\/","og_site_name":"AWTA Wool Testing","article_modified_time":"2025-11-27T03:42:58+00:00","og_image":[{"width":1491,"height":70,"url":"https:\/\/awtawooltesting.com.au\/app\/uploads\/2025\/09\/Digital_Signature.jpg","type":"image\/jpeg"}],"twitter_card":"summary_large_image","twitter_misc":{"Est. reading time":"1 minute"},"schema":{"@context":"https:\/\/schema.org","@graph":[{"@type":"WebPage","@id":"https:\/\/awtawooltesting.com.au\/services\/electronic-services\/electronic-certificates-ecerts\/","url":"https:\/\/awtawooltesting.com.au\/services\/electronic-services\/electronic-certificates-ecerts\/","name":"Electronic Certificates (eCerts) - AWTA Wool Testing","isPartOf":{"@id":"https:\/\/awtawooltesting.com.au\/#website"},"primaryImageOfPage":{"@id":"https:\/\/awtawooltesting.com.au\/services\/electronic-services\/electronic-certificates-ecerts\/#primaryimage"},"image":{"@id":"https:\/\/awtawooltesting.com.au\/services\/electronic-services\/electronic-certificates-ecerts\/#primaryimage"},"thumbnailUrl":"https:\/\/awtawooltesting.com.au\/app\/uploads\/2025\/09\/Digital_Signature-1024x48.jpg","datePublished":"2025-08-07T10:20:09+00:00","dateModified":"2025-11-27T03:42:58+00:00","breadcrumb":{"@id":"https:\/\/awtawooltesting.com.au\/services\/electronic-services\/electronic-certificates-ecerts\/#breadcrumb"},"inLanguage":"it-IT","potentialAction":[{"@type":"ReadAction","target":["https:\/\/awtawooltesting.com.au\/services\/electronic-services\/electronic-certificates-ecerts\/"]}]},{"@type":"ImageObject","inLanguage":"it-IT","@id":"https:\/\/awtawooltesting.com.au\/services\/electronic-services\/electronic-certificates-ecerts\/#primaryimage","url":"https:\/\/awtawooltesting.com.au\/app\/uploads\/2025\/09\/Digital_Signature-1024x48.jpg","contentUrl":"https:\/\/awtawooltesting.com.au\/app\/uploads\/2025\/09\/Digital_Signature-1024x48.jpg"},{"@type":"BreadcrumbList","@id":"https:\/\/awtawooltesting.com.au\/services\/electronic-services\/electronic-certificates-ecerts\/#breadcrumb","itemListElement":[{"@type":"ListItem","position":1,"name":"Home","item":"https:\/\/awtawooltesting.com.au\/"},{"@type":"ListItem","position":2,"name":"Services","item":"https:\/\/awtawooltesting.com.au\/it\/services\/"},{"@type":"ListItem","position":3,"name":"Electronic Services","item":"https:\/\/awtawooltesting.com.au\/services\/electronic-services\/"},{"@type":"ListItem","position":4,"name":"Electronic Certificates (eCerts)"}]},{"@type":"WebSite","@id":"https:\/\/awtawooltesting.com.au\/#website","url":"https:\/\/awtawooltesting.com.au\/","name":"Test sulla lana AWTA","description":"","publisher":{"@id":"https:\/\/awtawooltesting.com.au\/#organization"},"potentialAction":[{"@type":"SearchAction","target":{"@type":"EntryPoint","urlTemplate":"https:\/\/awtawooltesting.com.au\/?s={search_term_string}"},"query-input":{"@type":"PropertyValueSpecification","valueRequired":true,"valueName":"search_term_string"}}],"inLanguage":"it-IT"},{"@type":"Organization","@id":"https:\/\/awtawooltesting.com.au\/#organization","name":"Test sulla lana AWTA","url":"https:\/\/awtawooltesting.com.au\/","logo":{"@type":"ImageObject","inLanguage":"it-IT","@id":"https:\/\/awtawooltesting.com.au\/#\/schema\/logo\/image\/","url":"https:\/\/awtawooltesting.com.au\/app\/uploads\/2025\/12\/awtarw.png","contentUrl":"https:\/\/awtawooltesting.com.au\/app\/uploads\/2025\/12\/awtarw.png","width":1184,"height":1773,"caption":"AWTA Wool Testing"},"image":{"@id":"https:\/\/awtawooltesting.com.au\/#\/schema\/logo\/image\/"}}]}},"_links":{"self":[{"href":"https:\/\/awtawooltesting.com.au\/it\/wp-json\/wp\/v2\/pages\/548","targetHints":{"allow":["GET"]}}],"collection":[{"href":"https:\/\/awtawooltesting.com.au\/it\/wp-json\/wp\/v2\/pages"}],"about":[{"href":"https:\/\/awtawooltesting.com.au\/it\/wp-json\/wp\/v2\/types\/page"}],"author":[{"embeddable":true,"href":"https:\/\/awtawooltesting.com.au\/it\/wp-json\/wp\/v2\/users\/1"}],"replies":[{"embeddable":true,"href":"https:\/\/awtawooltesting.com.au\/it\/wp-json\/wp\/v2\/comments?post=548"}],"version-history":[{"count":11,"href":"https:\/\/awtawooltesting.com.au\/it\/wp-json\/wp\/v2\/pages\/548\/revisions"}],"predecessor-version":[{"id":3422,"href":"https:\/\/awtawooltesting.com.au\/it\/wp-json\/wp\/v2\/pages\/548\/revisions\/3422"}],"up":[{"embeddable":true,"href":"https:\/\/awtawooltesting.com.au\/it\/wp-json\/wp\/v2\/pages\/671"}],"wp:attachment":[{"href":"https:\/\/awtawooltesting.com.au\/it\/wp-json\/wp\/v2\/media?parent=548"}],"curies":[{"name":"wp","href":"https:\/\/api.w.org\/{rel}","templated":true}]}}