{"id":546,"date":"2025-08-07T10:19:59","date_gmt":"2025-08-07T10:19:59","guid":{"rendered":"https:\/\/awtawooltesting.swim.net.au\/?page_id=546"},"modified":"2025-09-19T05:16:15","modified_gmt":"2025-09-19T05:16:15","slug":"awth","status":"publish","type":"page","link":"https:\/\/awtawooltesting.com.au\/it\/services\/awth\/","title":{"rendered":"AWTH"},"content":{"rendered":"<div class=\"wp-block-group is-style-boxed is-layout-constrained wp-block-group-is-layout-constrained\">\n<div class=\"wp-block-columns is-layout-flex wp-container-core-columns-is-layout-9d6595d7 wp-block-columns-is-layout-flex\">\n<div class=\"wp-block-column is-vertically-aligned-center is-layout-flow wp-block-column-is-layout-flow\">\n<p>L'Australian Wool Traceability Hub (AWTH) \u00e8 una piattaforma digitale nazionale progettata per potenziare la capacit\u00e0 di risposta dell'industria laniera alla biosicurezza, migliorare l'accesso al mercato per le catene di approvvigionamento commerciali e fornire programmi di certificazione dell'Integrity Scheme pi\u00f9 efficienti. Di propriet\u00e0 e gestito dall'AWTA, \"l'hub\" fornisce una tracciabilit\u00e0 digitale end-to-end delle balle di lana dall'azienda agricola al trasformatore, utilizzando i codici di identificazione della propriet\u00e0 (PIC) e gli eBaleID. Si integra perfettamente con WoolClip ed \u00e8 allineato con l'AUSVETPLAN per consentire una risposta rapida ed efficiente alle malattie animali d'emergenza (EAD) e annullare l'impatto di un'incursione sul nostro commercio nazionale e internazionale. Certificato secondo il Codice dei dati aziendali dell'NFF, AWTH si basa su controlli di sicurezza dei dati affidabili e su solidi strumenti di integrit\u00e0 dei dati. Lo sviluppo in corso consentir\u00e0 flussi di lavoro automatizzati per la certificazione e una maggiore integrazione con i programmi di sostenibilit\u00e0, sostenendo la resilienza del settore, la trasparenza e la fiducia nel commercio internazionale.<\/p>\n\n\n\n<div class=\"wp-block-buttons is-layout-flex wp-block-buttons-is-layout-flex\">\n<div class=\"wp-block-button learn-more\"><a class=\"wp-block-button__link wp-element-button\" href=\"https:\/\/awth.com.au\/login?flow=signup\" target=\"_blank\" rel=\"noreferrer noopener\">I produttori di lana, i broker o gli esportatori possono registrarsi qui<\/a><\/div>\n<\/div>\n<\/div>\n\n\n\n<div class=\"wp-block-column is-layout-flow wp-block-column-is-layout-flow\">\n<figure class=\"wp-block-image size-large\"><img loading=\"lazy\" decoding=\"async\" width=\"1024\" height=\"1024\" src=\"https:\/\/awtawooltesting.com.au\/app\/uploads\/2025\/09\/PINo7bzXVDzfbfrruCXQN-1024x1024.jpg\" alt=\"\" class=\"wp-image-2699\" srcset=\"https:\/\/awtawooltesting.com.au\/app\/uploads\/2025\/09\/PINo7bzXVDzfbfrruCXQN-1024x1024.jpg 1024w, https:\/\/awtawooltesting.com.au\/app\/uploads\/2025\/09\/PINo7bzXVDzfbfrruCXQN-300x300.jpg 300w, https:\/\/awtawooltesting.com.au\/app\/uploads\/2025\/09\/PINo7bzXVDzfbfrruCXQN-150x150.jpg 150w, https:\/\/awtawooltesting.com.au\/app\/uploads\/2025\/09\/PINo7bzXVDzfbfrruCXQN-768x768.jpg 768w, https:\/\/awtawooltesting.com.au\/app\/uploads\/2025\/09\/PINo7bzXVDzfbfrruCXQN.jpg 1536w\" sizes=\"auto, (max-width: 1024px) 100vw, 1024px\" \/><\/figure>\n<\/div>\n<\/div>\n<\/div>\n\n\n\n<div class=\"wp-block-group is-style-boxed is-layout-constrained wp-block-group-is-layout-constrained\">\n<div class=\"wp-block-columns is-layout-flex wp-container-core-columns-is-layout-9d6595d7 wp-block-columns-is-layout-flex\">\n<div class=\"wp-block-column is-vertically-aligned-center is-layout-flow wp-block-column-is-layout-flow\">\n<figure class=\"wp-block-image size-large\"><img loading=\"lazy\" decoding=\"async\" width=\"1024\" height=\"682\" src=\"https:\/\/awtawooltesting.com.au\/app\/uploads\/2025\/09\/background.2f1f6e935cbb9fdaa6fa-1024x682.jpg\" alt=\"\" class=\"wp-image-2684\" srcset=\"https:\/\/awtawooltesting.com.au\/app\/uploads\/2025\/09\/background.2f1f6e935cbb9fdaa6fa-1024x682.jpg 1024w, https:\/\/awtawooltesting.com.au\/app\/uploads\/2025\/09\/background.2f1f6e935cbb9fdaa6fa-300x200.jpg 300w, https:\/\/awtawooltesting.com.au\/app\/uploads\/2025\/09\/background.2f1f6e935cbb9fdaa6fa-768x512.jpg 768w, https:\/\/awtawooltesting.com.au\/app\/uploads\/2025\/09\/background.2f1f6e935cbb9fdaa6fa-1536x1024.jpg 1536w, https:\/\/awtawooltesting.com.au\/app\/uploads\/2025\/09\/background.2f1f6e935cbb9fdaa6fa.jpg 2000w\" sizes=\"auto, (max-width: 1024px) 100vw, 1024px\" \/><\/figure>\n<\/div>\n\n\n\n<div class=\"wp-block-column is-layout-flow wp-block-column-is-layout-flow\">\n<h2 class=\"wp-block-heading\" id=\"biosecurity\"><strong>Strutture di biosicurezza<\/strong><\/h2>\n\n\n\n<p>L'AWTH rafforza in modo significativo l'industria della lana. <strong>capacit\u00e0 di risposta alla biosicurezza<\/strong> da:<\/p>\n\n\n\n<ul class=\"wp-block-list\">\n<li><strong>Sostenere una risposta rapida alle malattie animali d'emergenza (EAD)<\/strong>: AWTH consente di identificare e contenere rapidamente le balle di lana a rischio, collegandole ai codici di identificazione della propriet\u00e0 (PIC) e tracciandone il movimento attraverso la catena di approvvigionamento nazionale.<\/li>\n\n\n\n<li><strong>Fornisce una tracciabilit\u00e0 end-to-end<\/strong>: Dall'azienda agricola al trasformatore, ogni balla di lana \u00e8 tracciata digitalmente grazie all'utilizzo di eBaleID univoci, che garantiscono la visibilit\u00e0 del suo viaggio e della sua movimentazione.<\/li>\n\n\n\n<li><strong>Allineamento con AUSVETPLAN<\/strong>: L'AWTH integra i piani nazionali di preparazione alle malattie del bestiame, consentendo al governo e all'industria di agire rapidamente e in coordinamento durante un'epidemia.<\/li>\n\n\n\n<li><strong>Centralizzazione dei dati di tracciabilit\u00e0<\/strong>: Una piattaforma unica e sicura assicura che i Direttori Veterinari possano richiedere l'accesso a informazioni accurate e aggiornate quando sono pi\u00f9 necessarie, migliorando la velocit\u00e0 di risposta e il processo decisionale.<\/li>\n<\/ul>\n\n\n\n<div class=\"wp-block-buttons is-layout-flex wp-block-buttons-is-layout-flex\">\n<div class=\"wp-block-button\"><a class=\"wp-block-button__link wp-element-button\" href=\"https:\/\/awth.com.au\">Per saperne di pi\u00f9: Hub australiano per la tracciabilit\u00e0 della lana<\/a><\/div>\n<\/div>\n<\/div>\n<\/div>\n\n\n\n<div class=\"wp-block-columns is-layout-flex wp-container-core-columns-is-layout-9d6595d7 wp-block-columns-is-layout-flex\">\n<div class=\"wp-block-column is-layout-flow wp-block-column-is-layout-flow\">\n<h2 class=\"wp-block-heading\" id=\"commercial\"><strong>Tracciabilit\u00e0 commerciale<\/strong><\/h2>\n\n\n\n<p>L'AWTH offre una robusta <strong>capacit\u00e0 di tracciabilit\u00e0 commerciale<\/strong> da:<\/p>\n\n\n\n<ul class=\"wp-block-list\">\n<li><strong>Tracciare le balle di lana da un capo all'altro<\/strong>: A ogni balla viene assegnato un eBaleID e collegato a un codice di identificazione della propriet\u00e0 (PIC), consentendo la tracciabilit\u00e0 digitale dall'azienda agricola al broker, alla discarica, alla nave e infine al mulino.<\/li>\n\n\n\n<li><strong>Integrazione delle fonti di dati del settore<\/strong>: L'AWTH estrae le informazioni da WoolClip, AWTA, dalla rete di comunicazione dati e dagli ordini di consegna all'esportazione per creare un profilo di tracciabilit\u00e0 unificato per ogni balla.<\/li>\n\n\n\n<li><strong>Migliorare la trasparenza<\/strong>: Le parti interessate lungo la catena di approvvigionamento, tra cui coltivatori, intermediari, esportatori e trasformatori, possono verificare l'origine delle balle, la movimentazione e gli attributi di qualit\u00e0 in un ambiente sicuro.<\/li>\n\n\n\n<li><strong>Facilitare la conformit\u00e0<\/strong>: Sostenendo i requisiti di certificazione e audit, AWTH aiuta le parti interessate a soddisfare gli standard di mercato nazionali e internazionali in materia di provenienza, qualit\u00e0 e integrit\u00e0.<\/li>\n\n\n\n<li><strong>Responsabilizzazione degli utenti con controlli sulla condivisione dei dati<\/strong>che consente loro di gestire chi pu\u00f2 accedere ai loro dati, di scegliere di accedere o meno a funzioni specifiche e di richiedere la cancellazione dei dati quando necessario.<\/li>\n<\/ul>\n\n\n\n<div class=\"wp-block-buttons is-layout-flex wp-block-buttons-is-layout-flex\">\n<div class=\"wp-block-button\"><a class=\"wp-block-button__link wp-element-button\" href=\"https:\/\/awth.com.au\">Per saperne di pi\u00f9: Hub australiano per la tracciabilit\u00e0 della lana<\/a><\/div>\n<\/div>\n\n\n\n<p><\/p>\n<\/div>\n\n\n\n<div class=\"wp-block-column is-vertically-aligned-center is-layout-flow wp-block-column-is-layout-flow\">\n<figure class=\"wp-block-image size-large\"><img loading=\"lazy\" decoding=\"async\" width=\"1024\" height=\"768\" src=\"https:\/\/awtawooltesting.com.au\/app\/uploads\/2025\/09\/home-feature-img.16bc805aa552fe384de7-1024x768.png\" alt=\"\" class=\"wp-image-2685\" srcset=\"https:\/\/awtawooltesting.com.au\/app\/uploads\/2025\/09\/home-feature-img.16bc805aa552fe384de7-1024x768.png 1024w, https:\/\/awtawooltesting.com.au\/app\/uploads\/2025\/09\/home-feature-img.16bc805aa552fe384de7-300x225.png 300w, https:\/\/awtawooltesting.com.au\/app\/uploads\/2025\/09\/home-feature-img.16bc805aa552fe384de7-768x576.png 768w, https:\/\/awtawooltesting.com.au\/app\/uploads\/2025\/09\/home-feature-img.16bc805aa552fe384de7.png 1180w\" sizes=\"auto, (max-width: 1024px) 100vw, 1024px\" \/><\/figure>\n<\/div>\n<\/div>\n\n\n\n<div class=\"wp-block-columns is-layout-flex wp-container-core-columns-is-layout-9d6595d7 wp-block-columns-is-layout-flex\">\n<div class=\"wp-block-column is-vertically-aligned-center is-layout-flow wp-block-column-is-layout-flow\">\n<figure class=\"wp-block-image size-full\"><img loading=\"lazy\" decoding=\"async\" width=\"424\" height=\"595\" src=\"https:\/\/awtawooltesting.com.au\/app\/uploads\/2025\/09\/AWTH-Ad-reduced.jpg\" alt=\"\" class=\"wp-image-2704\" style=\"aspect-ratio:1;object-fit:contain\" srcset=\"https:\/\/awtawooltesting.com.au\/app\/uploads\/2025\/09\/AWTH-Ad-reduced.jpg 424w, https:\/\/awtawooltesting.com.au\/app\/uploads\/2025\/09\/AWTH-Ad-reduced-214x300.jpg 214w\" sizes=\"auto, (max-width: 424px) 100vw, 424px\" \/><\/figure>\n<\/div>\n\n\n\n<div class=\"wp-block-column is-layout-flow wp-block-column-is-layout-flow\">\n<h2 class=\"wp-block-heading\" id=\"scheme\"><strong>Certificazione del Sistema di Integrit\u00e0<\/strong><\/h2>\n\n\n\n<p>L'AWTH supporta <strong>Certificazione del Sistema di Integrit\u00e0<\/strong> attraverso strumenti che semplificano e automatizzano i principali flussi di lavoro per la conformit\u00e0:<\/p>\n\n\n\n<ul class=\"wp-block-list\">\n<li><strong>Integrazione della certificazione AWSS<\/strong>: L'Hub si connette con l'Australian Wool Sustainability Scheme (AWSS), consentendo agli utenti di richiedere certificati di conformit\u00e0 per i lotti di produttori idonei direttamente all'interno della piattaforma AWTH.<\/li>\n\n\n\n<li><strong>Integrazione con gli enti di certificazione<\/strong>: AWTH sta sviluppando una connettivit\u00e0 API con Control Union, IDFL e Textile Exchange. <em>e-Trackit<\/em> per automatizzare le richieste di certificati di transazione direttamente dalla piattaforma.<\/li>\n\n\n\n<li><strong>Convalida dell'adesione dei coltivatori:<\/strong> L'AWTH verifica la partecipazione dei produttori a schemi quali AWSS, Authentico e Responsible Wool Standard (RWS), assicurando che le dichiarazioni di certificazione siano supportate da dati.<\/li>\n\n\n\n<li><strong>Collegamento dati end-to-end<\/strong>: I dati delle balle, i PIC, i risultati dei test e i registri di consegna vengono consolidati per supportare i processi di audit e conformit\u00e0.<\/li>\n\n\n\n<li><strong>Riduzione della movimentazione manuale<\/strong>: I flussi di lavoro automatizzati riducono i costi amministrativi e migliorano la tempestivit\u00e0 e l'accuratezza della gestione delle certificazioni.<\/li>\n<\/ul>\n\n\n\n<div class=\"wp-block-buttons is-layout-flex wp-block-buttons-is-layout-flex\">\n<div class=\"wp-block-button\"><a class=\"wp-block-button__link wp-element-button\" href=\"https:\/\/awth.com.au\/\">Per saperne di pi\u00f9: Hub australiano per la tracciabilit\u00e0 della lana<\/a><\/div>\n<\/div>\n<\/div>\n<\/div>\n<\/div>\n\n\n\n<div class=\"wp-block-group is-style-carousel is-layout-constrained wp-block-group-is-layout-constrained\">\n<h3 class=\"wp-block-heading\">ULTERIORI INFORMAZIONI:<\/h3>\n\n\n\n<p>I link sottostanti mostrano altre informazioni specifiche del settore relative all'AWTH.<\/p>\n\n\n\n<div class=\"carousel-slider-outer carousel-slider-outer-image-carousel carousel-slider-outer-2715\" style=\"--carousel-slider-nav-color:rgb(221,51,51);--carousel-slider-active-nav-color:rgb(221,122,122);--carousel-slider-arrow-size:48px;--carousel-slider-bullet-size:10px\">\n<div id=\"&#039;id-2715\" class=\"carousel-slider carousel-slider-2715 arrows-visibility-always dots-visibility-never arrows-outside dots-center dots-circle owl-carousel\" data-slide-type=\"image-carousel\" data-owl-settings='{\"nav\":true,\"dots\":false,\"slideBy\":1,\"stagePadding\":30,\"margin\":10,\"loop\":false,\"lazyLoad\":false,\"autoplay\":false,\"autoplayTimeout\":5000,\"autoplaySpeed\":500,\"autoplayHoverPause\":false,\"autoWidth\":true,\"responsive\":{\"300\":{\"items\":1},\"576\":{\"items\":2},\"768\":{\"items\":2},\"1024\":{\"items\":3},\"1280\":{\"items\":4},\"1536\":{\"items\":5}}}'>\n<div class=\"carousel-slider__item\">\n\t<a href=\"https:\/\/www.youtube.com\/watch?v=0d_yYA6f_DI\" target=\"_blank\"><img loading=\"lazy\" decoding=\"async\" width=\"300\" height=\"168\" src=\"https:\/\/awtawooltesting.com.au\/app\/uploads\/2025\/09\/hqdefault-300x168.avif\" class=\"attachment-medium size-medium\" alt=\"\" srcset=\"https:\/\/awtawooltesting.com.au\/app\/uploads\/2025\/09\/hqdefault-300x168.avif 300w, https:\/\/awtawooltesting.com.au\/app\/uploads\/2025\/09\/hqdefault.avif 336w\" sizes=\"auto, (max-width: 300px) 100vw, 300px\" \/><div class=\"carousel-slider__caption\"><h4 class=\"title\">Modifiche imminenti alla dichiarazione del codice di identificazione degli immobili<\/h4><p class=\"caption\"><\/p><\/div><\/a><\/div>\n\n<div class=\"carousel-slider__item\">\n\t<a href=\"https:\/\/www.youtube.com\/watch?v=-bDX6ImL-sE&#038;t=3s\" target=\"_blank\"><img loading=\"lazy\" decoding=\"async\" width=\"300\" height=\"168\" src=\"https:\/\/awtawooltesting.com.au\/app\/uploads\/2025\/09\/hqdefault-1-300x168.avif\" class=\"attachment-medium size-medium\" alt=\"\" srcset=\"https:\/\/awtawooltesting.com.au\/app\/uploads\/2025\/09\/hqdefault-1-300x168.avif 300w, https:\/\/awtawooltesting.com.au\/app\/uploads\/2025\/09\/hqdefault-1.avif 336w\" sizes=\"auto, (max-width: 300px) 100vw, 300px\" \/><div class=\"carousel-slider__caption\"><h4 class=\"title\">Mandato del PIC di settore per rafforzare il nostro piano di risposta agli EAD<\/h4><p class=\"caption\"><\/p><\/div><\/a><\/div>\n\n<div class=\"carousel-slider__item\">\n\t<a href=\"https:\/\/www.youtube.com\/watch?v=J_Upmx4hXFs\" target=\"_blank\"><img loading=\"lazy\" decoding=\"async\" width=\"300\" height=\"168\" src=\"https:\/\/awtawooltesting.com.au\/app\/uploads\/2025\/09\/hqdefault-2-300x168.avif\" class=\"attachment-medium size-medium\" alt=\"\" srcset=\"https:\/\/awtawooltesting.com.au\/app\/uploads\/2025\/09\/hqdefault-2-300x168.avif 300w, https:\/\/awtawooltesting.com.au\/app\/uploads\/2025\/09\/hqdefault-2.avif 336w\" sizes=\"auto, (max-width: 300px) 100vw, 300px\" \/><div class=\"carousel-slider__caption\"><h4 class=\"title\">Pianificazione della risposta alle malattie attraverso la tracciabilit\u00e0<\/h4><p class=\"caption\"><\/p><\/div><\/a><\/div>\n\n<div class=\"carousel-slider__item\">\n\t<a href=\"https:\/\/www.youtube.com\/watch?v=2ILSAohk4Z0\" target=\"_blank\"><img loading=\"lazy\" decoding=\"async\" width=\"300\" height=\"168\" src=\"https:\/\/awtawooltesting.com.au\/app\/uploads\/2025\/09\/hqdefault-3-1-300x168.avif\" class=\"attachment-medium size-medium\" alt=\"\" srcset=\"https:\/\/awtawooltesting.com.au\/app\/uploads\/2025\/09\/hqdefault-3-1-300x168.avif 300w, https:\/\/awtawooltesting.com.au\/app\/uploads\/2025\/09\/hqdefault-3-1.avif 336w\" sizes=\"auto, (max-width: 300px) 100vw, 300px\" \/><div class=\"carousel-slider__caption\"><h4 class=\"title\">Webinar sui produttori di lana AWTH - 31 luglio 2024<\/h4><p class=\"caption\"><\/p><\/div><\/a><\/div>\n\n<\/div><!-- .carousel-slider-2715 -->\n<\/div><!-- .carousel-slider-outer-2715 -->\n\n<\/div>","protected":false},"excerpt":{"rendered":"<p>The Australian Wool Traceability Hub (AWTH) is a national digital platform designed to enhance the wool industry\u2019s biosecurity response capability, improve market ac\u2026<\/p>","protected":false},"author":1,"featured_media":0,"parent":39,"menu_order":0,"comment_status":"closed","ping_status":"closed","template":"","meta":{"_acf_changed":false,"footnotes":""},"class_list":["post-546","page","type-page","status-publish","hentry"],"acf":[],"yoast_head":"<!-- This site is optimized with the Yoast SEO plugin v27.0 - https:\/\/yoast.com\/product\/yoast-seo-wordpress\/ -->\n<title>AWTH - AWTA Wool Testing<\/title>\n<meta name=\"robots\" content=\"index, follow, max-snippet:-1, max-image-preview:large, max-video-preview:-1\" \/>\n<link rel=\"canonical\" href=\"https:\/\/awtawooltesting.com.au\/it\/services\/awth\/\" \/>\n<meta property=\"og:locale\" content=\"it_IT\" \/>\n<meta property=\"og:type\" content=\"article\" \/>\n<meta property=\"og:title\" content=\"AWTH - AWTA Wool Testing\" \/>\n<meta property=\"og:description\" content=\"The Australian Wool Traceability Hub (AWTH) is a national digital platform designed to enhance the wool industry\u2019s biosecurity response capability, improve market ac\u2026\" \/>\n<meta property=\"og:url\" content=\"https:\/\/awtawooltesting.com.au\/it\/services\/awth\/\" \/>\n<meta property=\"og:site_name\" content=\"AWTA Wool Testing\" \/>\n<meta property=\"article:modified_time\" content=\"2025-09-19T05:16:15+00:00\" \/>\n<meta property=\"og:image\" content=\"https:\/\/awtawooltesting.com.au\/app\/uploads\/2025\/09\/PINo7bzXVDzfbfrruCXQN.jpg\" \/>\n\t<meta property=\"og:image:width\" content=\"1536\" \/>\n\t<meta property=\"og:image:height\" content=\"1536\" \/>\n\t<meta property=\"og:image:type\" content=\"image\/jpeg\" \/>\n<meta name=\"twitter:card\" content=\"summary_large_image\" \/>\n<meta name=\"twitter:label1\" content=\"Est. reading time\" \/>\n\t<meta name=\"twitter:data1\" content=\"3 minutes\" \/>\n<script type=\"application\/ld+json\" class=\"yoast-schema-graph\">{\"@context\":\"https:\/\/schema.org\",\"@graph\":[{\"@type\":\"WebPage\",\"@id\":\"https:\/\/awtawooltesting.com.au\/services\/awth\/\",\"url\":\"https:\/\/awtawooltesting.com.au\/services\/awth\/\",\"name\":\"AWTH - AWTA Wool Testing\",\"isPartOf\":{\"@id\":\"https:\/\/awtawooltesting.com.au\/#website\"},\"primaryImageOfPage\":{\"@id\":\"https:\/\/awtawooltesting.com.au\/services\/awth\/#primaryimage\"},\"image\":{\"@id\":\"https:\/\/awtawooltesting.com.au\/services\/awth\/#primaryimage\"},\"thumbnailUrl\":\"https:\/\/awtawooltesting.com.au\/app\/uploads\/2025\/09\/PINo7bzXVDzfbfrruCXQN-1024x1024.jpg\",\"datePublished\":\"2025-08-07T10:19:59+00:00\",\"dateModified\":\"2025-09-19T05:16:15+00:00\",\"breadcrumb\":{\"@id\":\"https:\/\/awtawooltesting.com.au\/services\/awth\/#breadcrumb\"},\"inLanguage\":\"it-IT\",\"potentialAction\":[{\"@type\":\"ReadAction\",\"target\":[\"https:\/\/awtawooltesting.com.au\/services\/awth\/\"]}]},{\"@type\":\"ImageObject\",\"inLanguage\":\"it-IT\",\"@id\":\"https:\/\/awtawooltesting.com.au\/services\/awth\/#primaryimage\",\"url\":\"https:\/\/awtawooltesting.com.au\/app\/uploads\/2025\/09\/PINo7bzXVDzfbfrruCXQN-1024x1024.jpg\",\"contentUrl\":\"https:\/\/awtawooltesting.com.au\/app\/uploads\/2025\/09\/PINo7bzXVDzfbfrruCXQN-1024x1024.jpg\"},{\"@type\":\"BreadcrumbList\",\"@id\":\"https:\/\/awtawooltesting.com.au\/services\/awth\/#breadcrumb\",\"itemListElement\":[{\"@type\":\"ListItem\",\"position\":1,\"name\":\"Home\",\"item\":\"https:\/\/awtawooltesting.com.au\/\"},{\"@type\":\"ListItem\",\"position\":2,\"name\":\"Services\",\"item\":\"https:\/\/awtawooltesting.com.au\/it\/services\/\"},{\"@type\":\"ListItem\",\"position\":3,\"name\":\"AWTH\"}]},{\"@type\":\"WebSite\",\"@id\":\"https:\/\/awtawooltesting.com.au\/#website\",\"url\":\"https:\/\/awtawooltesting.com.au\/\",\"name\":\"AWTA Wool Testing\",\"description\":\"\",\"publisher\":{\"@id\":\"https:\/\/awtawooltesting.com.au\/#organization\"},\"potentialAction\":[{\"@type\":\"SearchAction\",\"target\":{\"@type\":\"EntryPoint\",\"urlTemplate\":\"https:\/\/awtawooltesting.com.au\/?s={search_term_string}\"},\"query-input\":{\"@type\":\"PropertyValueSpecification\",\"valueRequired\":true,\"valueName\":\"search_term_string\"}}],\"inLanguage\":\"it-IT\"},{\"@type\":\"Organization\",\"@id\":\"https:\/\/awtawooltesting.com.au\/#organization\",\"name\":\"AWTA Wool Testing\",\"url\":\"https:\/\/awtawooltesting.com.au\/\",\"logo\":{\"@type\":\"ImageObject\",\"inLanguage\":\"it-IT\",\"@id\":\"https:\/\/awtawooltesting.com.au\/#\/schema\/logo\/image\/\",\"url\":\"https:\/\/awtawooltesting.com.au\/app\/uploads\/2025\/12\/awtarw.png\",\"contentUrl\":\"https:\/\/awtawooltesting.com.au\/app\/uploads\/2025\/12\/awtarw.png\",\"width\":1184,\"height\":1773,\"caption\":\"AWTA Wool Testing\"},\"image\":{\"@id\":\"https:\/\/awtawooltesting.com.au\/#\/schema\/logo\/image\/\"}}]}<\/script>\n<!-- \/ Yoast SEO plugin. -->","yoast_head_json":{"title":"AWTH - AWTA Wool Testing","robots":{"index":"index","follow":"follow","max-snippet":"max-snippet:-1","max-image-preview":"max-image-preview:large","max-video-preview":"max-video-preview:-1"},"canonical":"https:\/\/awtawooltesting.com.au\/it\/services\/awth\/","og_locale":"it_IT","og_type":"article","og_title":"AWTH - AWTA Wool Testing","og_description":"The Australian Wool Traceability Hub (AWTH) is a national digital platform designed to enhance the wool industry\u2019s biosecurity response capability, improve market ac\u2026","og_url":"https:\/\/awtawooltesting.com.au\/it\/services\/awth\/","og_site_name":"AWTA Wool Testing","article_modified_time":"2025-09-19T05:16:15+00:00","og_image":[{"width":1536,"height":1536,"url":"https:\/\/awtawooltesting.com.au\/app\/uploads\/2025\/09\/PINo7bzXVDzfbfrruCXQN.jpg","type":"image\/jpeg"}],"twitter_card":"summary_large_image","twitter_misc":{"Est. reading time":"3 minutes"},"schema":{"@context":"https:\/\/schema.org","@graph":[{"@type":"WebPage","@id":"https:\/\/awtawooltesting.com.au\/services\/awth\/","url":"https:\/\/awtawooltesting.com.au\/services\/awth\/","name":"AWTH - AWTA Wool Testing","isPartOf":{"@id":"https:\/\/awtawooltesting.com.au\/#website"},"primaryImageOfPage":{"@id":"https:\/\/awtawooltesting.com.au\/services\/awth\/#primaryimage"},"image":{"@id":"https:\/\/awtawooltesting.com.au\/services\/awth\/#primaryimage"},"thumbnailUrl":"https:\/\/awtawooltesting.com.au\/app\/uploads\/2025\/09\/PINo7bzXVDzfbfrruCXQN-1024x1024.jpg","datePublished":"2025-08-07T10:19:59+00:00","dateModified":"2025-09-19T05:16:15+00:00","breadcrumb":{"@id":"https:\/\/awtawooltesting.com.au\/services\/awth\/#breadcrumb"},"inLanguage":"it-IT","potentialAction":[{"@type":"ReadAction","target":["https:\/\/awtawooltesting.com.au\/services\/awth\/"]}]},{"@type":"ImageObject","inLanguage":"it-IT","@id":"https:\/\/awtawooltesting.com.au\/services\/awth\/#primaryimage","url":"https:\/\/awtawooltesting.com.au\/app\/uploads\/2025\/09\/PINo7bzXVDzfbfrruCXQN-1024x1024.jpg","contentUrl":"https:\/\/awtawooltesting.com.au\/app\/uploads\/2025\/09\/PINo7bzXVDzfbfrruCXQN-1024x1024.jpg"},{"@type":"BreadcrumbList","@id":"https:\/\/awtawooltesting.com.au\/services\/awth\/#breadcrumb","itemListElement":[{"@type":"ListItem","position":1,"name":"Home","item":"https:\/\/awtawooltesting.com.au\/"},{"@type":"ListItem","position":2,"name":"Services","item":"https:\/\/awtawooltesting.com.au\/it\/services\/"},{"@type":"ListItem","position":3,"name":"AWTH"}]},{"@type":"WebSite","@id":"https:\/\/awtawooltesting.com.au\/#website","url":"https:\/\/awtawooltesting.com.au\/","name":"Test sulla lana AWTA","description":"","publisher":{"@id":"https:\/\/awtawooltesting.com.au\/#organization"},"potentialAction":[{"@type":"SearchAction","target":{"@type":"EntryPoint","urlTemplate":"https:\/\/awtawooltesting.com.au\/?s={search_term_string}"},"query-input":{"@type":"PropertyValueSpecification","valueRequired":true,"valueName":"search_term_string"}}],"inLanguage":"it-IT"},{"@type":"Organization","@id":"https:\/\/awtawooltesting.com.au\/#organization","name":"Test sulla lana AWTA","url":"https:\/\/awtawooltesting.com.au\/","logo":{"@type":"ImageObject","inLanguage":"it-IT","@id":"https:\/\/awtawooltesting.com.au\/#\/schema\/logo\/image\/","url":"https:\/\/awtawooltesting.com.au\/app\/uploads\/2025\/12\/awtarw.png","contentUrl":"https:\/\/awtawooltesting.com.au\/app\/uploads\/2025\/12\/awtarw.png","width":1184,"height":1773,"caption":"AWTA Wool Testing"},"image":{"@id":"https:\/\/awtawooltesting.com.au\/#\/schema\/logo\/image\/"}}]}},"_links":{"self":[{"href":"https:\/\/awtawooltesting.com.au\/it\/wp-json\/wp\/v2\/pages\/546","targetHints":{"allow":["GET"]}}],"collection":[{"href":"https:\/\/awtawooltesting.com.au\/it\/wp-json\/wp\/v2\/pages"}],"about":[{"href":"https:\/\/awtawooltesting.com.au\/it\/wp-json\/wp\/v2\/types\/page"}],"author":[{"embeddable":true,"href":"https:\/\/awtawooltesting.com.au\/it\/wp-json\/wp\/v2\/users\/1"}],"replies":[{"embeddable":true,"href":"https:\/\/awtawooltesting.com.au\/it\/wp-json\/wp\/v2\/comments?post=546"}],"version-history":[{"count":32,"href":"https:\/\/awtawooltesting.com.au\/it\/wp-json\/wp\/v2\/pages\/546\/revisions"}],"predecessor-version":[{"id":3099,"href":"https:\/\/awtawooltesting.com.au\/it\/wp-json\/wp\/v2\/pages\/546\/revisions\/3099"}],"up":[{"embeddable":true,"href":"https:\/\/awtawooltesting.com.au\/it\/wp-json\/wp\/v2\/pages\/39"}],"wp:attachment":[{"href":"https:\/\/awtawooltesting.com.au\/it\/wp-json\/wp\/v2\/media?parent=546"}],"curies":[{"name":"wp","href":"https:\/\/api.w.org\/{rel}","templated":true}]}}