{"id":536,"date":"2025-08-07T10:19:21","date_gmt":"2025-08-07T10:19:21","guid":{"rendered":"https:\/\/awtawooltesting.swim.net.au\/?page_id=536"},"modified":"2025-11-27T03:40:47","modified_gmt":"2025-11-27T03:40:47","slug":"topmark-benchmarking","status":"publish","type":"page","link":"https:\/\/awtawooltesting.com.au\/it\/services\/topmark-benchmarking\/","title":{"rendered":"Benchmarking TOPMARK"},"content":{"rendered":"<div class=\"wp-block-group is-style-boxed-narrow is-layout-constrained wp-block-group-is-layout-constrained\">\n<div class=\"wp-block-columns is-layout-flex wp-container-core-columns-is-layout-9d6595d7 wp-block-columns-is-layout-flex\">\n<div class=\"wp-block-column is-layout-flow wp-block-column-is-layout-flow\" style=\"flex-basis:100%\">\n<p>TOPMARK \u00e8 un servizio gratuito di benchmarking per i lanifici e i produttori di lana di tutto il mondo. Prove indipendenti hanno stabilito che esiste una forte correlazione tra le formule predittive utilizzate in questo servizio e le prestazioni di lavorazione dei lanifici. Questa relazione viene utilizzata per confrontare i singoli lotti dei lanifici con il pool di dati complessivo e identificare le aree in cui \u00e8 possibile apportare miglioramenti.<\/p>\n\n\n\n<p>La partecipazione \u00e8 molto semplice: i mulini forniscono all'AWTA informazioni sui test di lana sucida dei loro lotti e i dati dei loro test di lavorazione. Raccogliamo i dati di tutti gli stabilimenti partecipanti e determiniamo dei \"benchmark\" per tutti i principali risultati di lavorazione. Questi parametri di riferimento consentono a uno stabilimento di confrontare in modo riservato le proprie prestazioni con la media di tutti gli altri stabilimenti che partecipano al programma. Ai mulini vengono forniti regolarmente rapporti riservati che illustrano le loro prestazioni rispetto a caratteristiche chiave quali Hauteur, Romaine, Top &amp; Noil Yield e Core\/Comb Fibre Diameter.<\/p>\n<\/div>\n\n\n\n<div class=\"wp-block-column is-layout-flow wp-block-column-is-layout-flow\" style=\"flex-basis:20%\">\n<figure class=\"wp-block-image size-large\"><img loading=\"lazy\" decoding=\"async\" width=\"1024\" height=\"990\" src=\"https:\/\/awtawooltesting.com.au\/app\/uploads\/2025\/09\/TopMark-1024x990.jpg\" alt=\"\" class=\"wp-image-3212\" srcset=\"https:\/\/awtawooltesting.com.au\/app\/uploads\/2025\/09\/TopMark-1024x990.jpg 1024w, https:\/\/awtawooltesting.com.au\/app\/uploads\/2025\/09\/TopMark-300x290.jpg 300w, https:\/\/awtawooltesting.com.au\/app\/uploads\/2025\/09\/TopMark-768x742.jpg 768w, https:\/\/awtawooltesting.com.au\/app\/uploads\/2025\/09\/TopMark-12x12.jpg 12w, https:\/\/awtawooltesting.com.au\/app\/uploads\/2025\/09\/TopMark.jpg 1339w\" sizes=\"auto, (max-width: 1024px) 100vw, 1024px\" \/><\/figure>\n<\/div>\n<\/div>\n\n\n\n<p>La partecipazione a TOPMARK \u00e8 gratuita. \u00c8 sufficiente contattarci e accettare di fornire i risultati dei test sulla lana sucida e sulle cime dei lotti di lavorazione, che verranno inseriti in un database confidenziale dal quale sar\u00e0 possibile confrontare le prestazioni di lavorazione di ciascun mulino. \u00c8 stato creato un modulo standard per aiutare gli stabilimenti a presentare i dati richiesti.<\/p>\n\n\n\n<h3 class=\"wp-block-heading\"><strong><em>Quali sono i vantaggi del benchmarking?<\/em><\/strong><\/h3>\n\n\n\n<p>Il benchmarking \u00e8 la raccolta di informazioni sulle prestazioni che consentono di effettuare confronti tra le organizzazioni. In genere \u00e8 concepito per rispondere alla domanda: \"Quali sono i parametri di riferimento pi\u00f9 importanti per le prestazioni e dove ci collochiamo, rispetto ad altri nel nostro settore?\". \u00c8 generalmente riconosciuto che, se usato in modo appropriato, il benchmarking \u00e8 uno degli strumenti pi\u00f9 efficaci per migliorare le prestazioni.<\/p>\n\n\n\n<p>Alcuni dei vantaggi tipici sono i seguenti:<\/p>\n\n\n\n<ul class=\"wp-block-list\">\n<li>Permette di studiare un'ampia gamma di indicatori di performance<\/li>\n\n\n\n<li>Tutela la riservatezza di tutti i partner<\/li>\n\n\n\n<li>Permette di fare confronti con i concorrenti e di identificare le migliori pratiche.<\/li>\n\n\n\n<li>Permette di vedere chiaramente le carenze delle prestazioni e aiuta a identificare le priorit\u00e0 di miglioramento.<\/li>\n\n\n\n<li>Incoraggia i partecipanti a cercare nuovi approcci per migliorare le prestazioni.<\/li>\n<\/ul>\n\n\n\n<p><strong>TOPMARK\u2122 \u00e8 un marchio registrato dell'Australian Wool Testing Authority.&nbsp;<\/strong><\/p>\n\n\n\n<p><\/p>\n\n\n\n<h2 class=\"wp-block-heading\">Per saperne di pi\u00f9:<\/h2>\n\n\n\n<div class=\"wp-block-buttons is-layout-flex wp-block-buttons-is-layout-flex\">\n<div class=\"wp-block-button is-style-gray-buttons\"><a class=\"wp-block-button__link wp-element-button\" href=\"\/it\/app\/uploads\/2025\/09\/TOPMARK-Information_Form.pdf\/\" target=\"_blank\" rel=\"noreferrer noopener\">Modulo informativo - TOPMARK<\/a><\/div>\n\n\n\n<div class=\"wp-block-button is-style-gray-buttons\"><a class=\"wp-block-button__link wp-element-button\" href=\"\/it\/app\/uploads\/2025\/09\/TOPMARK-Consignment-Nomination-Form.pdf\/\" target=\"_blank\" rel=\"noreferrer noopener\">Modulo di nomina TOPMARK Consignment<\/a><\/div>\n<\/div>\n<\/div>\n\n\n\n<div style=\"height:3rem\" aria-hidden=\"true\" class=\"wp-block-spacer\"><\/div>","protected":false},"excerpt":{"rendered":"<p>TOPMARK is a free benchmarking service for processing mills and topmakers around the world. Independent trials have established there is a strong correlation between t\u2026<\/p>","protected":false},"author":1,"featured_media":0,"parent":39,"menu_order":0,"comment_status":"closed","ping_status":"closed","template":"","meta":{"_acf_changed":false,"footnotes":""},"class_list":["post-536","page","type-page","status-publish","hentry"],"acf":[],"yoast_head":"<!-- This site is optimized with the Yoast SEO plugin v27.0 - https:\/\/yoast.com\/product\/yoast-seo-wordpress\/ -->\n<title>TOPMARK Benchmarking - AWTA Wool Testing<\/title>\n<meta name=\"robots\" content=\"index, follow, max-snippet:-1, max-image-preview:large, max-video-preview:-1\" \/>\n<link rel=\"canonical\" href=\"https:\/\/awtawooltesting.com.au\/it\/services\/topmark-benchmarking\/\" \/>\n<meta property=\"og:locale\" content=\"it_IT\" \/>\n<meta property=\"og:type\" content=\"article\" \/>\n<meta property=\"og:title\" content=\"TOPMARK Benchmarking - AWTA Wool Testing\" \/>\n<meta property=\"og:description\" content=\"TOPMARK is a free benchmarking service for processing mills and topmakers around the world. Independent trials have established there is a strong correlation between t\u2026\" \/>\n<meta property=\"og:url\" content=\"https:\/\/awtawooltesting.com.au\/it\/services\/topmark-benchmarking\/\" \/>\n<meta property=\"og:site_name\" content=\"AWTA Wool Testing\" \/>\n<meta property=\"article:modified_time\" content=\"2025-11-27T03:40:47+00:00\" \/>\n<meta property=\"og:image\" content=\"https:\/\/awtawooltesting.com.au\/app\/uploads\/2025\/09\/TopMark.jpg\" \/>\n\t<meta property=\"og:image:width\" content=\"1339\" \/>\n\t<meta property=\"og:image:height\" content=\"1294\" \/>\n\t<meta property=\"og:image:type\" content=\"image\/jpeg\" \/>\n<meta name=\"twitter:card\" content=\"summary_large_image\" \/>\n<meta name=\"twitter:label1\" content=\"Est. reading time\" \/>\n\t<meta name=\"twitter:data1\" content=\"2 minutes\" \/>\n<script type=\"application\/ld+json\" class=\"yoast-schema-graph\">{\"@context\":\"https:\/\/schema.org\",\"@graph\":[{\"@type\":\"WebPage\",\"@id\":\"https:\/\/awtawooltesting.com.au\/services\/topmark-benchmarking\/\",\"url\":\"https:\/\/awtawooltesting.com.au\/services\/topmark-benchmarking\/\",\"name\":\"TOPMARK Benchmarking - AWTA Wool Testing\",\"isPartOf\":{\"@id\":\"https:\/\/awtawooltesting.com.au\/#website\"},\"primaryImageOfPage\":{\"@id\":\"https:\/\/awtawooltesting.com.au\/services\/topmark-benchmarking\/#primaryimage\"},\"image\":{\"@id\":\"https:\/\/awtawooltesting.com.au\/services\/topmark-benchmarking\/#primaryimage\"},\"thumbnailUrl\":\"https:\/\/awtawooltesting.com.au\/app\/uploads\/2025\/09\/TopMark-1024x990.jpg\",\"datePublished\":\"2025-08-07T10:19:21+00:00\",\"dateModified\":\"2025-11-27T03:40:47+00:00\",\"breadcrumb\":{\"@id\":\"https:\/\/awtawooltesting.com.au\/services\/topmark-benchmarking\/#breadcrumb\"},\"inLanguage\":\"it-IT\",\"potentialAction\":[{\"@type\":\"ReadAction\",\"target\":[\"https:\/\/awtawooltesting.com.au\/services\/topmark-benchmarking\/\"]}]},{\"@type\":\"ImageObject\",\"inLanguage\":\"it-IT\",\"@id\":\"https:\/\/awtawooltesting.com.au\/services\/topmark-benchmarking\/#primaryimage\",\"url\":\"https:\/\/awtawooltesting.com.au\/app\/uploads\/2025\/09\/TopMark-1024x990.jpg\",\"contentUrl\":\"https:\/\/awtawooltesting.com.au\/app\/uploads\/2025\/09\/TopMark-1024x990.jpg\"},{\"@type\":\"BreadcrumbList\",\"@id\":\"https:\/\/awtawooltesting.com.au\/services\/topmark-benchmarking\/#breadcrumb\",\"itemListElement\":[{\"@type\":\"ListItem\",\"position\":1,\"name\":\"Home\",\"item\":\"https:\/\/awtawooltesting.com.au\/\"},{\"@type\":\"ListItem\",\"position\":2,\"name\":\"Services\",\"item\":\"https:\/\/awtawooltesting.com.au\/it\/services\/\"},{\"@type\":\"ListItem\",\"position\":3,\"name\":\"TOPMARK Benchmarking\"}]},{\"@type\":\"WebSite\",\"@id\":\"https:\/\/awtawooltesting.com.au\/#website\",\"url\":\"https:\/\/awtawooltesting.com.au\/\",\"name\":\"AWTA Wool Testing\",\"description\":\"\",\"publisher\":{\"@id\":\"https:\/\/awtawooltesting.com.au\/#organization\"},\"potentialAction\":[{\"@type\":\"SearchAction\",\"target\":{\"@type\":\"EntryPoint\",\"urlTemplate\":\"https:\/\/awtawooltesting.com.au\/?s={search_term_string}\"},\"query-input\":{\"@type\":\"PropertyValueSpecification\",\"valueRequired\":true,\"valueName\":\"search_term_string\"}}],\"inLanguage\":\"it-IT\"},{\"@type\":\"Organization\",\"@id\":\"https:\/\/awtawooltesting.com.au\/#organization\",\"name\":\"AWTA Wool Testing\",\"url\":\"https:\/\/awtawooltesting.com.au\/\",\"logo\":{\"@type\":\"ImageObject\",\"inLanguage\":\"it-IT\",\"@id\":\"https:\/\/awtawooltesting.com.au\/#\/schema\/logo\/image\/\",\"url\":\"https:\/\/awtawooltesting.com.au\/app\/uploads\/2025\/12\/awtarw.png\",\"contentUrl\":\"https:\/\/awtawooltesting.com.au\/app\/uploads\/2025\/12\/awtarw.png\",\"width\":1184,\"height\":1773,\"caption\":\"AWTA Wool Testing\"},\"image\":{\"@id\":\"https:\/\/awtawooltesting.com.au\/#\/schema\/logo\/image\/\"}}]}<\/script>\n<!-- \/ Yoast SEO plugin. -->","yoast_head_json":{"title":"TOPMARK Benchmarking - AWTA Wool Testing","robots":{"index":"index","follow":"follow","max-snippet":"max-snippet:-1","max-image-preview":"max-image-preview:large","max-video-preview":"max-video-preview:-1"},"canonical":"https:\/\/awtawooltesting.com.au\/it\/services\/topmark-benchmarking\/","og_locale":"it_IT","og_type":"article","og_title":"TOPMARK Benchmarking - AWTA Wool Testing","og_description":"TOPMARK is a free benchmarking service for processing mills and topmakers around the world. Independent trials have established there is a strong correlation between t\u2026","og_url":"https:\/\/awtawooltesting.com.au\/it\/services\/topmark-benchmarking\/","og_site_name":"AWTA Wool Testing","article_modified_time":"2025-11-27T03:40:47+00:00","og_image":[{"width":1339,"height":1294,"url":"https:\/\/awtawooltesting.com.au\/app\/uploads\/2025\/09\/TopMark.jpg","type":"image\/jpeg"}],"twitter_card":"summary_large_image","twitter_misc":{"Est. reading time":"2 minutes"},"schema":{"@context":"https:\/\/schema.org","@graph":[{"@type":"WebPage","@id":"https:\/\/awtawooltesting.com.au\/services\/topmark-benchmarking\/","url":"https:\/\/awtawooltesting.com.au\/services\/topmark-benchmarking\/","name":"TOPMARK Benchmarking - AWTA Wool Testing","isPartOf":{"@id":"https:\/\/awtawooltesting.com.au\/#website"},"primaryImageOfPage":{"@id":"https:\/\/awtawooltesting.com.au\/services\/topmark-benchmarking\/#primaryimage"},"image":{"@id":"https:\/\/awtawooltesting.com.au\/services\/topmark-benchmarking\/#primaryimage"},"thumbnailUrl":"https:\/\/awtawooltesting.com.au\/app\/uploads\/2025\/09\/TopMark-1024x990.jpg","datePublished":"2025-08-07T10:19:21+00:00","dateModified":"2025-11-27T03:40:47+00:00","breadcrumb":{"@id":"https:\/\/awtawooltesting.com.au\/services\/topmark-benchmarking\/#breadcrumb"},"inLanguage":"it-IT","potentialAction":[{"@type":"ReadAction","target":["https:\/\/awtawooltesting.com.au\/services\/topmark-benchmarking\/"]}]},{"@type":"ImageObject","inLanguage":"it-IT","@id":"https:\/\/awtawooltesting.com.au\/services\/topmark-benchmarking\/#primaryimage","url":"https:\/\/awtawooltesting.com.au\/app\/uploads\/2025\/09\/TopMark-1024x990.jpg","contentUrl":"https:\/\/awtawooltesting.com.au\/app\/uploads\/2025\/09\/TopMark-1024x990.jpg"},{"@type":"BreadcrumbList","@id":"https:\/\/awtawooltesting.com.au\/services\/topmark-benchmarking\/#breadcrumb","itemListElement":[{"@type":"ListItem","position":1,"name":"Home","item":"https:\/\/awtawooltesting.com.au\/"},{"@type":"ListItem","position":2,"name":"Services","item":"https:\/\/awtawooltesting.com.au\/it\/services\/"},{"@type":"ListItem","position":3,"name":"TOPMARK Benchmarking"}]},{"@type":"WebSite","@id":"https:\/\/awtawooltesting.com.au\/#website","url":"https:\/\/awtawooltesting.com.au\/","name":"Test sulla lana AWTA","description":"","publisher":{"@id":"https:\/\/awtawooltesting.com.au\/#organization"},"potentialAction":[{"@type":"SearchAction","target":{"@type":"EntryPoint","urlTemplate":"https:\/\/awtawooltesting.com.au\/?s={search_term_string}"},"query-input":{"@type":"PropertyValueSpecification","valueRequired":true,"valueName":"search_term_string"}}],"inLanguage":"it-IT"},{"@type":"Organization","@id":"https:\/\/awtawooltesting.com.au\/#organization","name":"Test sulla lana AWTA","url":"https:\/\/awtawooltesting.com.au\/","logo":{"@type":"ImageObject","inLanguage":"it-IT","@id":"https:\/\/awtawooltesting.com.au\/#\/schema\/logo\/image\/","url":"https:\/\/awtawooltesting.com.au\/app\/uploads\/2025\/12\/awtarw.png","contentUrl":"https:\/\/awtawooltesting.com.au\/app\/uploads\/2025\/12\/awtarw.png","width":1184,"height":1773,"caption":"AWTA Wool Testing"},"image":{"@id":"https:\/\/awtawooltesting.com.au\/#\/schema\/logo\/image\/"}}]}},"_links":{"self":[{"href":"https:\/\/awtawooltesting.com.au\/it\/wp-json\/wp\/v2\/pages\/536","targetHints":{"allow":["GET"]}}],"collection":[{"href":"https:\/\/awtawooltesting.com.au\/it\/wp-json\/wp\/v2\/pages"}],"about":[{"href":"https:\/\/awtawooltesting.com.au\/it\/wp-json\/wp\/v2\/types\/page"}],"author":[{"embeddable":true,"href":"https:\/\/awtawooltesting.com.au\/it\/wp-json\/wp\/v2\/users\/1"}],"replies":[{"embeddable":true,"href":"https:\/\/awtawooltesting.com.au\/it\/wp-json\/wp\/v2\/comments?post=536"}],"version-history":[{"count":18,"href":"https:\/\/awtawooltesting.com.au\/it\/wp-json\/wp\/v2\/pages\/536\/revisions"}],"predecessor-version":[{"id":3418,"href":"https:\/\/awtawooltesting.com.au\/it\/wp-json\/wp\/v2\/pages\/536\/revisions\/3418"}],"up":[{"embeddable":true,"href":"https:\/\/awtawooltesting.com.au\/it\/wp-json\/wp\/v2\/pages\/39"}],"wp:attachment":[{"href":"https:\/\/awtawooltesting.com.au\/it\/wp-json\/wp\/v2\/media?parent=536"}],"curies":[{"name":"wp","href":"https:\/\/api.w.org\/{rel}","templated":true}]}}