{"id":522,"date":"2025-08-07T10:18:24","date_gmt":"2025-08-07T10:18:24","guid":{"rendered":"https:\/\/awtawooltesting.swim.net.au\/?page_id=522"},"modified":"2025-11-27T03:31:03","modified_gmt":"2025-11-27T03:31:03","slug":"clean-colour","status":"publish","type":"page","link":"https:\/\/awtawooltesting.com.au\/it\/services\/raw-wool-testing\/clean-colour\/","title":{"rendered":"Colore pulito"},"content":{"rendered":"<div class=\"wp-block-group is-style-boxed is-layout-constrained wp-block-group-is-layout-constrained\">\n<div class=\"wp-block-columns is-layout-flex wp-container-core-columns-is-layout-9d6595d7 wp-block-columns-is-layout-flex\">\n<div class=\"wp-block-column is-vertically-aligned-center is-layout-flow wp-block-column-is-layout-flow\">\n<p>Il giallo medio \u00e8 una caratteristica importante della lana perch\u00e9 \u00e8 correlato alle prestazioni tintoriali e non \u00e8 necessariamente correlato al colore della lana sucida. Notevoli quantit\u00e0 di lana sono classificate come H1 (colore chiaro non apprezzabile), H2 (colore medio non apprezzabile) o H3 (colore pesante non apprezzabile) sulla base di una valutazione puramente visiva della lana sucida e sono scontate sul mercato.<\/p>\n\n\n\n<p>Numerosi studi indipendenti hanno dimostrato che il colore della lana grassa \u00e8 un indicatore estremamente scarso del colore pulito della stessa lana quando viene lavata.<\/p>\n\n\n\n<p>Il vantaggio di testare il colore medio pulito della lana grassa prima della vendita \u00e8 che fornisce una previsione del potenziale di lavorazione della lana e riduce la probabilit\u00e0 di sconti applicati in modo errato.<\/p>\n<\/div>\n\n\n\n<div class=\"wp-block-column is-layout-flow wp-block-column-is-layout-flow\">\n<figure class=\"wp-block-image size-full\"><img loading=\"lazy\" decoding=\"async\" width=\"2560\" height=\"1707\" src=\"https:\/\/awtawooltesting.com.au\/app\/uploads\/2025\/11\/AWTA-NOV23-1132-scaled.jpg\" alt=\"\" class=\"wp-image-3180\" srcset=\"https:\/\/awtawooltesting.com.au\/app\/uploads\/2025\/11\/AWTA-NOV23-1132-scaled.jpg 2560w, https:\/\/awtawooltesting.com.au\/app\/uploads\/2025\/11\/AWTA-NOV23-1132-300x200.jpg 300w, https:\/\/awtawooltesting.com.au\/app\/uploads\/2025\/11\/AWTA-NOV23-1132-1024x683.jpg 1024w, https:\/\/awtawooltesting.com.au\/app\/uploads\/2025\/11\/AWTA-NOV23-1132-768x512.jpg 768w, https:\/\/awtawooltesting.com.au\/app\/uploads\/2025\/11\/AWTA-NOV23-1132-1536x1024.jpg 1536w, https:\/\/awtawooltesting.com.au\/app\/uploads\/2025\/11\/AWTA-NOV23-1132-2048x1365.jpg 2048w, https:\/\/awtawooltesting.com.au\/app\/uploads\/2025\/11\/AWTA-NOV23-1132-18x12.jpg 18w\" sizes=\"auto, (max-width: 2560px) 100vw, 2560px\" \/><\/figure>\n<\/div>\n<\/div>\n\n\n\n<h2 class=\"wp-block-heading\">Servizi di analisi della lana grezza<\/h2>\n\n\n\n<div class=\"wp-block-buttons is-horizontal is-layout-flex wp-block-buttons-is-layout-flex\">\n<div class=\"wp-block-button is-style-default\"><a class=\"wp-block-button__link wp-element-button\" href=\"https:\/\/awtawooltesting.com.au\/it\/services\/raw-wool-testing\/yield-fibre-diameter\/\">Resa e diametro della fibra<\/a><\/div>\n\n\n\n<div class=\"wp-block-button is-style-default\"><a class=\"wp-block-button__link wp-element-button\" href=\"\/it\/services\/raw-wool-testing\/staple-length-strength\/\" target=\"_blank\" rel=\"noreferrer noopener\">Lunghezza e resistenza dei punti metallici<\/a><\/div>\n\n\n\n<div class=\"wp-block-button is-style-default\"><a class=\"wp-block-button__link wp-element-button\" href=\"\/it\/services\/raw-wool-testing\/fleece-measurement\/\" target=\"_blank\" rel=\"noreferrer noopener\">Misura del vello<\/a><\/div>\n\n\n\n<div class=\"wp-block-button is-style-default\"><a class=\"wp-block-button__link wp-element-button\" href=\"\/it\/services\/raw-wool-testing\/pesticide-residues\/\" target=\"_blank\" rel=\"noreferrer noopener\">Residui di pesticidi<\/a><\/div>\n\n\n\n<div class=\"wp-block-button is-style-default\"><a class=\"wp-block-button__link wp-element-button\" href=\"\/it\/services\/raw-wool-testing\/dark-medullated-fibre\/\" target=\"_blank\" rel=\"noreferrer noopener\">Fibra scura e medullata<\/a><\/div>\n\n\n\n<div class=\"wp-block-button is-style-default\"><a class=\"wp-block-button__link wp-element-button\" href=\"\/it\/services\/raw-wool-testing\/dark-medullated-fibre-risk-scheme\/\" target=\"_blank\" rel=\"noreferrer noopener\">Schema di rischio per fibre scure e medullate<\/a><\/div>\n\n\n\n<div class=\"wp-block-button is-style-default\"><a class=\"wp-block-button__link wp-element-button\" href=\"\/it\/services\/raw-wool-testing\/scoured-wool\/\" target=\"_blank\" rel=\"noreferrer noopener\">Lana rasata<\/a><\/div>\n<\/div>\n<\/div>\n\n\n\n<div style=\"background-image:url(&apos;https:\/\/awtawooltesting.com.au\/app\/uploads\/2025\/09\/249ce0f6360efa7ef030efe76d5252bb46ac76dc.png&apos;);background-size:cover;\" class=\"wp-block-group is-style-cta-banner is-layout-constrained wp-block-group-is-layout-constrained has-background\">\n<div class=\"wp-block-columns is-layout-flex wp-container-core-columns-is-layout-9d6595d7 wp-block-columns-is-layout-flex\">\n<div class=\"wp-block-column is-layout-flow wp-block-column-is-layout-flow\"><\/div>\n\n\n\n<div class=\"wp-block-column is-layout-flow wp-block-column-is-layout-flow\">\n<h2 class=\"wp-block-heading has-light-gray-color has-text-color has-link-color wp-elements-aff3682a8c10eaf82ef7520d957f2f3d\">Siete pronti a ottenere i servizi di analisi specializzati di cui avete bisogno?<\/h2>\n\n\n\n<p class=\"has-light-gray-color has-text-color has-link-color wp-elements-52ac2f1992c475913289be292e553398\">Contattateci oggi stesso per iniziare.<\/p>\n\n\n\n<div class=\"wp-block-buttons is-layout-flex wp-block-buttons-is-layout-flex\">\n<div class=\"wp-block-button\"><a class=\"wp-block-button__link wp-element-button\">CONTATTO<\/a><\/div>\n\n\n\n<div class=\"wp-block-button\"><a class=\"wp-block-button__link wp-element-button\">VERIFICA DEL CERTIFICATO<\/a><\/div>\n<\/div>\n<\/div>\n<\/div>\n<\/div>","protected":false},"excerpt":{"rendered":"<p>Il giallore medio \u00e8 una caratteristica importante della lana perch\u00e9 \u00e8 legato alle prestazioni tintoriali e non \u00e8 necessariamente legato al colore della lana sucida. C...<\/p>","protected":false},"author":1,"featured_media":0,"parent":516,"menu_order":0,"comment_status":"closed","ping_status":"closed","template":"","meta":{"_acf_changed":false,"footnotes":""},"class_list":["post-522","page","type-page","status-publish","hentry"],"acf":[],"yoast_head":"<!-- This site is optimized with the Yoast SEO plugin v27.0 - https:\/\/yoast.com\/product\/yoast-seo-wordpress\/ -->\n<title>Clean Colour - AWTA Wool Testing<\/title>\n<meta name=\"robots\" content=\"index, follow, max-snippet:-1, max-image-preview:large, max-video-preview:-1\" \/>\n<link rel=\"canonical\" href=\"https:\/\/awtawooltesting.com.au\/it\/services\/raw-wool-testing\/clean-colour\/\" \/>\n<meta property=\"og:locale\" content=\"it_IT\" \/>\n<meta property=\"og:type\" content=\"article\" \/>\n<meta property=\"og:title\" content=\"Clean Colour - AWTA Wool Testing\" \/>\n<meta property=\"og:description\" content=\"Average Yellowness is an important characteristic of wool because it is related to dyeing performance and it is not necessarily related to the colour of Greasy Wool. C\u2026\" \/>\n<meta property=\"og:url\" content=\"https:\/\/awtawooltesting.com.au\/it\/services\/raw-wool-testing\/clean-colour\/\" \/>\n<meta property=\"og:site_name\" content=\"AWTA Wool Testing\" \/>\n<meta property=\"article:modified_time\" content=\"2025-11-27T03:31:03+00:00\" \/>\n<meta property=\"og:image\" content=\"https:\/\/awtawooltesting.com.au\/app\/uploads\/2025\/11\/AWTA-NOV23-1132-scaled.jpg\" \/>\n\t<meta property=\"og:image:width\" content=\"2560\" \/>\n\t<meta property=\"og:image:height\" content=\"1707\" \/>\n\t<meta property=\"og:image:type\" content=\"image\/jpeg\" \/>\n<meta name=\"twitter:card\" content=\"summary_large_image\" \/>\n<meta name=\"twitter:label1\" content=\"Est. reading time\" \/>\n\t<meta name=\"twitter:data1\" content=\"1 minute\" \/>\n<script type=\"application\/ld+json\" class=\"yoast-schema-graph\">{\"@context\":\"https:\/\/schema.org\",\"@graph\":[{\"@type\":\"WebPage\",\"@id\":\"https:\/\/awtawooltesting.com.au\/services\/raw-wool-testing\/clean-colour\/\",\"url\":\"https:\/\/awtawooltesting.com.au\/services\/raw-wool-testing\/clean-colour\/\",\"name\":\"Clean Colour - AWTA Wool Testing\",\"isPartOf\":{\"@id\":\"https:\/\/awtawooltesting.com.au\/#website\"},\"primaryImageOfPage\":{\"@id\":\"https:\/\/awtawooltesting.com.au\/services\/raw-wool-testing\/clean-colour\/#primaryimage\"},\"image\":{\"@id\":\"https:\/\/awtawooltesting.com.au\/services\/raw-wool-testing\/clean-colour\/#primaryimage\"},\"thumbnailUrl\":\"https:\/\/awtawooltesting.com.au\/app\/uploads\/2025\/11\/AWTA-NOV23-1132-scaled.jpg\",\"datePublished\":\"2025-08-07T10:18:24+00:00\",\"dateModified\":\"2025-11-27T03:31:03+00:00\",\"breadcrumb\":{\"@id\":\"https:\/\/awtawooltesting.com.au\/services\/raw-wool-testing\/clean-colour\/#breadcrumb\"},\"inLanguage\":\"it-IT\",\"potentialAction\":[{\"@type\":\"ReadAction\",\"target\":[\"https:\/\/awtawooltesting.com.au\/services\/raw-wool-testing\/clean-colour\/\"]}]},{\"@type\":\"ImageObject\",\"inLanguage\":\"it-IT\",\"@id\":\"https:\/\/awtawooltesting.com.au\/services\/raw-wool-testing\/clean-colour\/#primaryimage\",\"url\":\"https:\/\/awtawooltesting.com.au\/app\/uploads\/2025\/11\/AWTA-NOV23-1132-scaled.jpg\",\"contentUrl\":\"https:\/\/awtawooltesting.com.au\/app\/uploads\/2025\/11\/AWTA-NOV23-1132-scaled.jpg\"},{\"@type\":\"BreadcrumbList\",\"@id\":\"https:\/\/awtawooltesting.com.au\/services\/raw-wool-testing\/clean-colour\/#breadcrumb\",\"itemListElement\":[{\"@type\":\"ListItem\",\"position\":1,\"name\":\"Home\",\"item\":\"https:\/\/awtawooltesting.com.au\/\"},{\"@type\":\"ListItem\",\"position\":2,\"name\":\"Services\",\"item\":\"https:\/\/awtawooltesting.com.au\/it\/services\/\"},{\"@type\":\"ListItem\",\"position\":3,\"name\":\"Raw Wool Testing\",\"item\":\"https:\/\/awtawooltesting.com.au\/it\/services\/raw-wool-testing\/\"},{\"@type\":\"ListItem\",\"position\":4,\"name\":\"Clean Colour\"}]},{\"@type\":\"WebSite\",\"@id\":\"https:\/\/awtawooltesting.com.au\/#website\",\"url\":\"https:\/\/awtawooltesting.com.au\/\",\"name\":\"AWTA Wool Testing\",\"description\":\"\",\"publisher\":{\"@id\":\"https:\/\/awtawooltesting.com.au\/#organization\"},\"potentialAction\":[{\"@type\":\"SearchAction\",\"target\":{\"@type\":\"EntryPoint\",\"urlTemplate\":\"https:\/\/awtawooltesting.com.au\/?s={search_term_string}\"},\"query-input\":{\"@type\":\"PropertyValueSpecification\",\"valueRequired\":true,\"valueName\":\"search_term_string\"}}],\"inLanguage\":\"it-IT\"},{\"@type\":\"Organization\",\"@id\":\"https:\/\/awtawooltesting.com.au\/#organization\",\"name\":\"AWTA Wool Testing\",\"url\":\"https:\/\/awtawooltesting.com.au\/\",\"logo\":{\"@type\":\"ImageObject\",\"inLanguage\":\"it-IT\",\"@id\":\"https:\/\/awtawooltesting.com.au\/#\/schema\/logo\/image\/\",\"url\":\"https:\/\/awtawooltesting.com.au\/app\/uploads\/2025\/12\/awtarw.png\",\"contentUrl\":\"https:\/\/awtawooltesting.com.au\/app\/uploads\/2025\/12\/awtarw.png\",\"width\":1184,\"height\":1773,\"caption\":\"AWTA Wool Testing\"},\"image\":{\"@id\":\"https:\/\/awtawooltesting.com.au\/#\/schema\/logo\/image\/\"}}]}<\/script>\n<!-- \/ Yoast SEO plugin. -->","yoast_head_json":{"title":"Clean Colour - AWTA Wool Testing","robots":{"index":"index","follow":"follow","max-snippet":"max-snippet:-1","max-image-preview":"max-image-preview:large","max-video-preview":"max-video-preview:-1"},"canonical":"https:\/\/awtawooltesting.com.au\/it\/services\/raw-wool-testing\/clean-colour\/","og_locale":"it_IT","og_type":"article","og_title":"Clean Colour - AWTA Wool Testing","og_description":"Average Yellowness is an important characteristic of wool because it is related to dyeing performance and it is not necessarily related to the colour of Greasy Wool. C\u2026","og_url":"https:\/\/awtawooltesting.com.au\/it\/services\/raw-wool-testing\/clean-colour\/","og_site_name":"AWTA Wool Testing","article_modified_time":"2025-11-27T03:31:03+00:00","og_image":[{"width":2560,"height":1707,"url":"https:\/\/awtawooltesting.com.au\/app\/uploads\/2025\/11\/AWTA-NOV23-1132-scaled.jpg","type":"image\/jpeg"}],"twitter_card":"summary_large_image","twitter_misc":{"Est. reading time":"1 minute"},"schema":{"@context":"https:\/\/schema.org","@graph":[{"@type":"WebPage","@id":"https:\/\/awtawooltesting.com.au\/services\/raw-wool-testing\/clean-colour\/","url":"https:\/\/awtawooltesting.com.au\/services\/raw-wool-testing\/clean-colour\/","name":"Clean Colour - AWTA Wool Testing","isPartOf":{"@id":"https:\/\/awtawooltesting.com.au\/#website"},"primaryImageOfPage":{"@id":"https:\/\/awtawooltesting.com.au\/services\/raw-wool-testing\/clean-colour\/#primaryimage"},"image":{"@id":"https:\/\/awtawooltesting.com.au\/services\/raw-wool-testing\/clean-colour\/#primaryimage"},"thumbnailUrl":"https:\/\/awtawooltesting.com.au\/app\/uploads\/2025\/11\/AWTA-NOV23-1132-scaled.jpg","datePublished":"2025-08-07T10:18:24+00:00","dateModified":"2025-11-27T03:31:03+00:00","breadcrumb":{"@id":"https:\/\/awtawooltesting.com.au\/services\/raw-wool-testing\/clean-colour\/#breadcrumb"},"inLanguage":"it-IT","potentialAction":[{"@type":"ReadAction","target":["https:\/\/awtawooltesting.com.au\/services\/raw-wool-testing\/clean-colour\/"]}]},{"@type":"ImageObject","inLanguage":"it-IT","@id":"https:\/\/awtawooltesting.com.au\/services\/raw-wool-testing\/clean-colour\/#primaryimage","url":"https:\/\/awtawooltesting.com.au\/app\/uploads\/2025\/11\/AWTA-NOV23-1132-scaled.jpg","contentUrl":"https:\/\/awtawooltesting.com.au\/app\/uploads\/2025\/11\/AWTA-NOV23-1132-scaled.jpg"},{"@type":"BreadcrumbList","@id":"https:\/\/awtawooltesting.com.au\/services\/raw-wool-testing\/clean-colour\/#breadcrumb","itemListElement":[{"@type":"ListItem","position":1,"name":"Home","item":"https:\/\/awtawooltesting.com.au\/"},{"@type":"ListItem","position":2,"name":"Services","item":"https:\/\/awtawooltesting.com.au\/it\/services\/"},{"@type":"ListItem","position":3,"name":"Raw Wool Testing","item":"https:\/\/awtawooltesting.com.au\/it\/services\/raw-wool-testing\/"},{"@type":"ListItem","position":4,"name":"Clean Colour"}]},{"@type":"WebSite","@id":"https:\/\/awtawooltesting.com.au\/#website","url":"https:\/\/awtawooltesting.com.au\/","name":"Test sulla lana AWTA","description":"","publisher":{"@id":"https:\/\/awtawooltesting.com.au\/#organization"},"potentialAction":[{"@type":"SearchAction","target":{"@type":"EntryPoint","urlTemplate":"https:\/\/awtawooltesting.com.au\/?s={search_term_string}"},"query-input":{"@type":"PropertyValueSpecification","valueRequired":true,"valueName":"search_term_string"}}],"inLanguage":"it-IT"},{"@type":"Organization","@id":"https:\/\/awtawooltesting.com.au\/#organization","name":"Test sulla lana AWTA","url":"https:\/\/awtawooltesting.com.au\/","logo":{"@type":"ImageObject","inLanguage":"it-IT","@id":"https:\/\/awtawooltesting.com.au\/#\/schema\/logo\/image\/","url":"https:\/\/awtawooltesting.com.au\/app\/uploads\/2025\/12\/awtarw.png","contentUrl":"https:\/\/awtawooltesting.com.au\/app\/uploads\/2025\/12\/awtarw.png","width":1184,"height":1773,"caption":"AWTA Wool Testing"},"image":{"@id":"https:\/\/awtawooltesting.com.au\/#\/schema\/logo\/image\/"}}]}},"_links":{"self":[{"href":"https:\/\/awtawooltesting.com.au\/it\/wp-json\/wp\/v2\/pages\/522","targetHints":{"allow":["GET"]}}],"collection":[{"href":"https:\/\/awtawooltesting.com.au\/it\/wp-json\/wp\/v2\/pages"}],"about":[{"href":"https:\/\/awtawooltesting.com.au\/it\/wp-json\/wp\/v2\/types\/page"}],"author":[{"embeddable":true,"href":"https:\/\/awtawooltesting.com.au\/it\/wp-json\/wp\/v2\/users\/1"}],"replies":[{"embeddable":true,"href":"https:\/\/awtawooltesting.com.au\/it\/wp-json\/wp\/v2\/comments?post=522"}],"version-history":[{"count":11,"href":"https:\/\/awtawooltesting.com.au\/it\/wp-json\/wp\/v2\/pages\/522\/revisions"}],"predecessor-version":[{"id":3406,"href":"https:\/\/awtawooltesting.com.au\/it\/wp-json\/wp\/v2\/pages\/522\/revisions\/3406"}],"up":[{"embeddable":true,"href":"https:\/\/awtawooltesting.com.au\/it\/wp-json\/wp\/v2\/pages\/516"}],"wp:attachment":[{"href":"https:\/\/awtawooltesting.com.au\/it\/wp-json\/wp\/v2\/media?parent=522"}],"curies":[{"name":"wp","href":"https:\/\/api.w.org\/{rel}","templated":true}]}}