{"id":520,"date":"2025-08-07T10:18:17","date_gmt":"2025-08-07T10:18:17","guid":{"rendered":"https:\/\/awtawooltesting.swim.net.au\/?page_id=520"},"modified":"2025-11-27T03:30:24","modified_gmt":"2025-11-27T03:30:24","slug":"staple-length-strength","status":"publish","type":"page","link":"https:\/\/awtawooltesting.com.au\/it\/services\/raw-wool-testing\/staple-length-strength\/","title":{"rendered":"Lunghezza e resistenza dei punti metallici"},"content":{"rendered":"<div class=\"wp-block-group is-style-boxed is-layout-constrained wp-block-group-is-layout-constrained\">\n<div class=\"wp-block-columns is-layout-flex wp-container-core-columns-is-layout-9d6595d7 wp-block-columns-is-layout-flex\">\n<div class=\"wp-block-column is-vertically-aligned-center is-layout-flow wp-block-column-is-layout-flow\">\n<p>Una delle caratteristiche pi\u00f9 importanti per determinare il valore della lana sucida \u00e8 la lunghezza media delle fibre che si ottiene quando la lana \u00e8 stata lavorata o pettinata in wool top. Questa lunghezza \u00e8 nota come Hauteur (lunghezza delle fibre nel Wool Top). Inoltre, la forza media dei punti metallici \u00e8 importante per valutare il rendimento della lana durante la lavorazione. La ricerca ha dimostrato che l'Hauteur \u00e8 strettamente correlato alla lunghezza media dei fiocchi e alla forza dei fiocchi della lana sucida misurata prima della lavorazione.<\/p>\n<\/div>\n\n\n\n<div class=\"wp-block-column is-layout-flow wp-block-column-is-layout-flow\">\n<figure class=\"wp-block-image size-large\"><img loading=\"lazy\" decoding=\"async\" width=\"1024\" height=\"681\" src=\"https:\/\/awtawooltesting.com.au\/app\/uploads\/2025\/11\/Image-6-1024x681.jpg\" alt=\"\" class=\"wp-image-3200\" srcset=\"https:\/\/awtawooltesting.com.au\/app\/uploads\/2025\/11\/Image-6-1024x681.jpg 1024w, https:\/\/awtawooltesting.com.au\/app\/uploads\/2025\/11\/Image-6-300x199.jpg 300w, https:\/\/awtawooltesting.com.au\/app\/uploads\/2025\/11\/Image-6-768x511.jpg 768w, https:\/\/awtawooltesting.com.au\/app\/uploads\/2025\/11\/Image-6-1536x1021.jpg 1536w, https:\/\/awtawooltesting.com.au\/app\/uploads\/2025\/11\/Image-6-2048x1362.jpg 2048w, https:\/\/awtawooltesting.com.au\/app\/uploads\/2025\/11\/Image-6-18x12.jpg 18w, https:\/\/awtawooltesting.com.au\/app\/uploads\/2025\/11\/Image-6-scaled.jpg 2560w\" sizes=\"auto, (max-width: 1024px) 100vw, 1024px\" \/><\/figure>\n<\/div>\n<\/div>\n\n\n\n<div class=\"wp-block-columns is-layout-flex wp-container-core-columns-is-layout-9d6595d7 wp-block-columns-is-layout-flex\">\n<div class=\"wp-block-column is-vertically-aligned-center is-layout-flow wp-block-column-is-layout-flow\">\n<figure class=\"wp-block-image size-full\"><img loading=\"lazy\" decoding=\"async\" width=\"1411\" height=\"946\" src=\"https:\/\/awtawooltesting.com.au\/app\/uploads\/2025\/11\/Image-3.jpg\" alt=\"\" class=\"wp-image-3191\" srcset=\"https:\/\/awtawooltesting.com.au\/app\/uploads\/2025\/11\/Image-3.jpg 1411w, https:\/\/awtawooltesting.com.au\/app\/uploads\/2025\/11\/Image-3-300x201.jpg 300w, https:\/\/awtawooltesting.com.au\/app\/uploads\/2025\/11\/Image-3-1024x687.jpg 1024w, https:\/\/awtawooltesting.com.au\/app\/uploads\/2025\/11\/Image-3-768x515.jpg 768w, https:\/\/awtawooltesting.com.au\/app\/uploads\/2025\/11\/Image-3-18x12.jpg 18w\" sizes=\"auto, (max-width: 1411px) 100vw, 1411px\" \/><\/figure>\n<\/div>\n\n\n\n<div class=\"wp-block-column is-vertically-aligned-center is-layout-flow wp-block-column-is-layout-flow\">\n<p>A differenza dei test al cuore per la resa e il diametro delle fibre, in cui le balle vengono campionate utilizzando un tubo per tagliare la lana all'interno della balla, la lunghezza e la resistenza dei fiocchi vengono misurate dai fiocchi di lana a tutta lunghezza. Il processo di campionamento iniziale si svolge nei magazzini dei broker e richiede:&nbsp;<\/p>\n\n\n\n<ul class=\"wp-block-list\">\n<li>Prelevare un campione dalle balle di lana presenti nel lotto<\/li>\n\n\n\n<li>Campionamento del ciuffo dal campione di presa (display) utilizzando una macchina per il campionamento meccanico del ciuffo (MTS)<\/li>\n<\/ul>\n\n\n\n<p>I campioni di ciuffi vengono poi trasportati in laboratorio per essere analizzati:&nbsp;<\/p>\n\n\n\n<ul class=\"wp-block-list\">\n<li>Preparazione dei ciuffi con punti metallici<\/li>\n\n\n\n<li>Condizionamento dei punti metallici prima della misurazione<\/li>\n<\/ul>\n\n\n\n<p>Una volta completata la preparazione di cui sopra, le graffe di lana sucida vengono misurate con uno strumento chiamato Automatic Tester of Length and Strength (ATLAS). Questo strumento misura:<\/p>\n\n\n\n<ul class=\"wp-block-list\">\n<li>Lunghezza media delle graffe<\/li>\n\n\n\n<li>Coefficiente di variazione della lunghezza delle graffe<\/li>\n\n\n\n<li>Forza media della graffa<\/li>\n\n\n\n<li>% Distribuzione della posizione di rottura (punta, centro, base)<br><\/li>\n<\/ul>\n<\/div>\n<\/div>\n\n\n\n<div class=\"wp-block-columns is-layout-flex wp-container-core-columns-is-layout-9d6595d7 wp-block-columns-is-layout-flex\">\n<div class=\"wp-block-column is-vertically-aligned-center is-layout-flow wp-block-column-is-layout-flow\">\n<p>I Trials Evaluating Additional Measurements (TEAM) hanno stabilito che i dati relativi alla lunghezza e alla resistenza del fiocco, combinati con altre misure oggettive, sono parte integrante della previsione delle prestazioni di lavorazione. La formula TEAM-3 \u00e8 stata sviluppata sulla base di oltre 20 anni di prove di settore e questa ricerca dimostra che le prestazioni di lavorazione sono strettamente correlate a questa formula predittiva. Pertanto, le lane non testate per la lunghezza e la resistenza dei fiocchi possono essere scontate sul mercato perch\u00e9 i compratori di lana sono pi\u00f9 incerti sulla loro lavorazione.<\/p>\n\n\n\n<p>Per aiutare i produttori di lana e i broker a comprendere l'importanza commerciale della misurazione dei fiocchi, l'AWTA ha commissionato dei rapporti per stabilire i premi e gli sconti applicati sul mercato alla lana misurata e non misurata. Questi studi dimostrano che l'analisi dei lotti di vendita per la lunghezza e la resistenza dei fiocchi presenta notevoli vantaggi commerciali.<\/p>\n<\/div>\n\n\n\n<div class=\"wp-block-column is-vertically-aligned-center is-layout-flow wp-block-column-is-layout-flow\">\n<figure class=\"wp-block-image size-full\"><img loading=\"lazy\" decoding=\"async\" width=\"362\" height=\"386\" src=\"https:\/\/awtawooltesting.com.au\/app\/uploads\/2025\/09\/ATLAS_Operation-1.jpeg\" alt=\"\" class=\"wp-image-1753\" srcset=\"https:\/\/awtawooltesting.com.au\/app\/uploads\/2025\/09\/ATLAS_Operation-1.jpeg 362w, https:\/\/awtawooltesting.com.au\/app\/uploads\/2025\/09\/ATLAS_Operation-1-281x300.jpeg 281w\" sizes=\"auto, (max-width: 362px) 100vw, 362px\" \/><\/figure>\n<\/div>\n<\/div>\n\n\n\n<h2 class=\"wp-block-heading\">Per saperne di pi\u00f9:<\/h2>\n\n\n\n<div class=\"wp-block-buttons is-layout-flex wp-block-buttons-is-layout-flex\">\n<div class=\"wp-block-button is-style-gray-buttons\"><a class=\"wp-block-button__link wp-element-button\" href=\"\/it\/services\/raw-wool-testing\/yield-fibre-diameter\/\" target=\"_blank\" rel=\"noreferrer noopener\">Scheda informativa - Lunghezza e resistenza dei punti metallici<\/a><\/div>\n\n\n\n<div class=\"wp-block-button is-style-gray-buttons\"><a class=\"wp-block-button__link wp-element-button\" href=\"\/it\/app\/uploads\/2025\/09\/Final-TEAM-1-TEAM-2-TEAM-3-Reports.pdf\/\" target=\"_blank\" rel=\"noreferrer noopener\">Rapporti finali del TEAM-1, TEAM-2 e TEAM-3<\/a><\/div>\n<\/div>\n\n\n\n<div style=\"height:3rem\" aria-hidden=\"true\" class=\"wp-block-spacer\"><\/div>\n\n\n\n<h2 class=\"wp-block-heading\">Servizi di analisi della lana grezza<\/h2>\n\n\n\n<div class=\"wp-block-buttons is-horizontal is-layout-flex wp-block-buttons-is-layout-flex\">\n<div class=\"wp-block-button is-style-default\"><a class=\"wp-block-button__link wp-element-button\" href=\"https:\/\/awtawooltesting.com.au\/it\/services\/raw-wool-testing\/yield-fibre-diameter\/\">Resa e diametro della fibra<\/a><\/div>\n\n\n\n<div class=\"wp-block-button is-style-default\"><a class=\"wp-block-button__link wp-element-button\" href=\"\/it\/services\/raw-wool-testing\/clean-colour\/\" target=\"_blank\" rel=\"noreferrer noopener\">Colore pulito<\/a><\/div>\n\n\n\n<div class=\"wp-block-button is-style-default\"><a class=\"wp-block-button__link wp-element-button\" href=\"\/it\/services\/raw-wool-testing\/fleece-measurement\/\" target=\"_blank\" rel=\"noreferrer noopener\">Misura del vello<\/a><\/div>\n\n\n\n<div class=\"wp-block-button is-style-default\"><a class=\"wp-block-button__link wp-element-button\" href=\"\/it\/services\/raw-wool-testing\/pesticide-residues\/\" target=\"_blank\" rel=\"noreferrer noopener\">Residui di pesticidi<\/a><\/div>\n\n\n\n<div class=\"wp-block-button is-style-default\"><a class=\"wp-block-button__link wp-element-button\" href=\"\/it\/services\/raw-wool-testing\/dark-medullated-fibre\/\" target=\"_blank\" rel=\"noreferrer noopener\">Fibra scura e medullata<\/a><\/div>\n\n\n\n<div class=\"wp-block-button is-style-default\"><a class=\"wp-block-button__link wp-element-button\" href=\"\/it\/services\/raw-wool-testing\/dark-medullated-fibre-risk-scheme\/\" target=\"_blank\" rel=\"noreferrer noopener\">Schema di rischio per fibre scure e medullate<\/a><\/div>\n\n\n\n<div class=\"wp-block-button is-style-default\"><a class=\"wp-block-button__link wp-element-button\" href=\"\/it\/services\/raw-wool-testing\/scoured-wool\/\" target=\"_blank\" rel=\"noreferrer noopener\">Lana rasata<\/a><\/div>\n<\/div>\n<\/div>\n\n\n\n<div style=\"background-image:url(&apos;https:\/\/awtawooltesting.com.au\/app\/uploads\/2025\/09\/249ce0f6360efa7ef030efe76d5252bb46ac76dc.png&apos;);background-size:cover;\" class=\"wp-block-group is-style-cta-banner is-layout-constrained wp-block-group-is-layout-constrained has-background\">\n<div class=\"wp-block-columns is-layout-flex wp-container-core-columns-is-layout-9d6595d7 wp-block-columns-is-layout-flex\">\n<div class=\"wp-block-column is-layout-flow wp-block-column-is-layout-flow\"><\/div>\n\n\n\n<div class=\"wp-block-column is-layout-flow wp-block-column-is-layout-flow\">\n<h2 class=\"wp-block-heading has-light-gray-color has-text-color has-link-color wp-elements-aff3682a8c10eaf82ef7520d957f2f3d\">Siete pronti a ottenere i servizi di analisi specializzati di cui avete bisogno?<\/h2>\n\n\n\n<p class=\"has-light-gray-color has-text-color has-link-color wp-elements-52ac2f1992c475913289be292e553398\">Contattateci oggi stesso per iniziare.<\/p>\n\n\n\n<div class=\"wp-block-buttons is-layout-flex wp-block-buttons-is-layout-flex\">\n<div class=\"wp-block-button\"><a class=\"wp-block-button__link wp-element-button\">CONTATTO<\/a><\/div>\n\n\n\n<div class=\"wp-block-button\"><a class=\"wp-block-button__link wp-element-button\">VERIFICA DEL CERTIFICATO<\/a><\/div>\n<\/div>\n<\/div>\n<\/div>\n<\/div>","protected":false},"excerpt":{"rendered":"<p>Una delle caratteristiche pi\u00f9 importanti per determinare il valore della lana sucida \u00e8 la lunghezza media delle fibre che si ottiene quando la lana \u00e8 stata lavorata o...<\/p>","protected":false},"author":1,"featured_media":0,"parent":516,"menu_order":0,"comment_status":"closed","ping_status":"closed","template":"","meta":{"_acf_changed":false,"footnotes":""},"class_list":["post-520","page","type-page","status-publish","hentry"],"acf":[],"yoast_head":"<!-- This site is optimized with the Yoast SEO plugin v27.0 - https:\/\/yoast.com\/product\/yoast-seo-wordpress\/ -->\n<title>Staple Length &amp; Strength - AWTA Wool Testing<\/title>\n<meta name=\"robots\" content=\"index, follow, max-snippet:-1, max-image-preview:large, max-video-preview:-1\" \/>\n<link rel=\"canonical\" href=\"https:\/\/awtawooltesting.com.au\/it\/services\/raw-wool-testing\/staple-length-strength\/\" \/>\n<meta property=\"og:locale\" content=\"it_IT\" \/>\n<meta property=\"og:type\" content=\"article\" \/>\n<meta property=\"og:title\" content=\"Staple Length &amp; Strength - AWTA Wool Testing\" \/>\n<meta property=\"og:description\" content=\"One of the most important characteristics for determining the value of greasy wool is the average fibre length that will be achieved when the wool has been processed o\u2026\" \/>\n<meta property=\"og:url\" content=\"https:\/\/awtawooltesting.com.au\/it\/services\/raw-wool-testing\/staple-length-strength\/\" \/>\n<meta property=\"og:site_name\" content=\"AWTA Wool Testing\" \/>\n<meta property=\"article:modified_time\" content=\"2025-11-27T03:30:24+00:00\" \/>\n<meta property=\"og:image\" content=\"https:\/\/awtawooltesting.com.au\/app\/uploads\/2025\/11\/Image-6-scaled.jpg\" \/>\n\t<meta property=\"og:image:width\" content=\"2560\" \/>\n\t<meta property=\"og:image:height\" content=\"1702\" \/>\n\t<meta property=\"og:image:type\" content=\"image\/jpeg\" \/>\n<meta name=\"twitter:card\" content=\"summary_large_image\" \/>\n<meta name=\"twitter:label1\" content=\"Est. reading time\" \/>\n\t<meta name=\"twitter:data1\" content=\"2 minutes\" \/>\n<script type=\"application\/ld+json\" class=\"yoast-schema-graph\">{\"@context\":\"https:\/\/schema.org\",\"@graph\":[{\"@type\":\"WebPage\",\"@id\":\"https:\/\/awtawooltesting.com.au\/services\/raw-wool-testing\/staple-length-strength\/\",\"url\":\"https:\/\/awtawooltesting.com.au\/services\/raw-wool-testing\/staple-length-strength\/\",\"name\":\"Staple Length &amp; Strength - AWTA Wool Testing\",\"isPartOf\":{\"@id\":\"https:\/\/awtawooltesting.com.au\/#website\"},\"primaryImageOfPage\":{\"@id\":\"https:\/\/awtawooltesting.com.au\/services\/raw-wool-testing\/staple-length-strength\/#primaryimage\"},\"image\":{\"@id\":\"https:\/\/awtawooltesting.com.au\/services\/raw-wool-testing\/staple-length-strength\/#primaryimage\"},\"thumbnailUrl\":\"https:\/\/awtawooltesting.com.au\/app\/uploads\/2025\/11\/Image-6-1024x681.jpg\",\"datePublished\":\"2025-08-07T10:18:17+00:00\",\"dateModified\":\"2025-11-27T03:30:24+00:00\",\"breadcrumb\":{\"@id\":\"https:\/\/awtawooltesting.com.au\/services\/raw-wool-testing\/staple-length-strength\/#breadcrumb\"},\"inLanguage\":\"it-IT\",\"potentialAction\":[{\"@type\":\"ReadAction\",\"target\":[\"https:\/\/awtawooltesting.com.au\/services\/raw-wool-testing\/staple-length-strength\/\"]}]},{\"@type\":\"ImageObject\",\"inLanguage\":\"it-IT\",\"@id\":\"https:\/\/awtawooltesting.com.au\/services\/raw-wool-testing\/staple-length-strength\/#primaryimage\",\"url\":\"https:\/\/awtawooltesting.com.au\/app\/uploads\/2025\/11\/Image-6-1024x681.jpg\",\"contentUrl\":\"https:\/\/awtawooltesting.com.au\/app\/uploads\/2025\/11\/Image-6-1024x681.jpg\"},{\"@type\":\"BreadcrumbList\",\"@id\":\"https:\/\/awtawooltesting.com.au\/services\/raw-wool-testing\/staple-length-strength\/#breadcrumb\",\"itemListElement\":[{\"@type\":\"ListItem\",\"position\":1,\"name\":\"Home\",\"item\":\"https:\/\/awtawooltesting.com.au\/\"},{\"@type\":\"ListItem\",\"position\":2,\"name\":\"Services\",\"item\":\"https:\/\/awtawooltesting.com.au\/it\/services\/\"},{\"@type\":\"ListItem\",\"position\":3,\"name\":\"Raw Wool Testing\",\"item\":\"https:\/\/awtawooltesting.com.au\/it\/services\/raw-wool-testing\/\"},{\"@type\":\"ListItem\",\"position\":4,\"name\":\"Staple Length &amp; Strength\"}]},{\"@type\":\"WebSite\",\"@id\":\"https:\/\/awtawooltesting.com.au\/#website\",\"url\":\"https:\/\/awtawooltesting.com.au\/\",\"name\":\"AWTA Wool Testing\",\"description\":\"\",\"publisher\":{\"@id\":\"https:\/\/awtawooltesting.com.au\/#organization\"},\"potentialAction\":[{\"@type\":\"SearchAction\",\"target\":{\"@type\":\"EntryPoint\",\"urlTemplate\":\"https:\/\/awtawooltesting.com.au\/?s={search_term_string}\"},\"query-input\":{\"@type\":\"PropertyValueSpecification\",\"valueRequired\":true,\"valueName\":\"search_term_string\"}}],\"inLanguage\":\"it-IT\"},{\"@type\":\"Organization\",\"@id\":\"https:\/\/awtawooltesting.com.au\/#organization\",\"name\":\"AWTA Wool Testing\",\"url\":\"https:\/\/awtawooltesting.com.au\/\",\"logo\":{\"@type\":\"ImageObject\",\"inLanguage\":\"it-IT\",\"@id\":\"https:\/\/awtawooltesting.com.au\/#\/schema\/logo\/image\/\",\"url\":\"https:\/\/awtawooltesting.com.au\/app\/uploads\/2025\/12\/awtarw.png\",\"contentUrl\":\"https:\/\/awtawooltesting.com.au\/app\/uploads\/2025\/12\/awtarw.png\",\"width\":1184,\"height\":1773,\"caption\":\"AWTA Wool Testing\"},\"image\":{\"@id\":\"https:\/\/awtawooltesting.com.au\/#\/schema\/logo\/image\/\"}}]}<\/script>\n<!-- \/ Yoast SEO plugin. -->","yoast_head_json":{"title":"Staple Length &amp; Strength - AWTA Wool Testing","robots":{"index":"index","follow":"follow","max-snippet":"max-snippet:-1","max-image-preview":"max-image-preview:large","max-video-preview":"max-video-preview:-1"},"canonical":"https:\/\/awtawooltesting.com.au\/it\/services\/raw-wool-testing\/staple-length-strength\/","og_locale":"it_IT","og_type":"article","og_title":"Staple Length &amp; Strength - AWTA Wool Testing","og_description":"One of the most important characteristics for determining the value of greasy wool is the average fibre length that will be achieved when the wool has been processed o\u2026","og_url":"https:\/\/awtawooltesting.com.au\/it\/services\/raw-wool-testing\/staple-length-strength\/","og_site_name":"AWTA Wool Testing","article_modified_time":"2025-11-27T03:30:24+00:00","og_image":[{"width":2560,"height":1702,"url":"https:\/\/awtawooltesting.com.au\/app\/uploads\/2025\/11\/Image-6-scaled.jpg","type":"image\/jpeg"}],"twitter_card":"summary_large_image","twitter_misc":{"Est. reading time":"2 minutes"},"schema":{"@context":"https:\/\/schema.org","@graph":[{"@type":"WebPage","@id":"https:\/\/awtawooltesting.com.au\/services\/raw-wool-testing\/staple-length-strength\/","url":"https:\/\/awtawooltesting.com.au\/services\/raw-wool-testing\/staple-length-strength\/","name":"Staple Length &amp; Strength - AWTA Wool Testing","isPartOf":{"@id":"https:\/\/awtawooltesting.com.au\/#website"},"primaryImageOfPage":{"@id":"https:\/\/awtawooltesting.com.au\/services\/raw-wool-testing\/staple-length-strength\/#primaryimage"},"image":{"@id":"https:\/\/awtawooltesting.com.au\/services\/raw-wool-testing\/staple-length-strength\/#primaryimage"},"thumbnailUrl":"https:\/\/awtawooltesting.com.au\/app\/uploads\/2025\/11\/Image-6-1024x681.jpg","datePublished":"2025-08-07T10:18:17+00:00","dateModified":"2025-11-27T03:30:24+00:00","breadcrumb":{"@id":"https:\/\/awtawooltesting.com.au\/services\/raw-wool-testing\/staple-length-strength\/#breadcrumb"},"inLanguage":"it-IT","potentialAction":[{"@type":"ReadAction","target":["https:\/\/awtawooltesting.com.au\/services\/raw-wool-testing\/staple-length-strength\/"]}]},{"@type":"ImageObject","inLanguage":"it-IT","@id":"https:\/\/awtawooltesting.com.au\/services\/raw-wool-testing\/staple-length-strength\/#primaryimage","url":"https:\/\/awtawooltesting.com.au\/app\/uploads\/2025\/11\/Image-6-1024x681.jpg","contentUrl":"https:\/\/awtawooltesting.com.au\/app\/uploads\/2025\/11\/Image-6-1024x681.jpg"},{"@type":"BreadcrumbList","@id":"https:\/\/awtawooltesting.com.au\/services\/raw-wool-testing\/staple-length-strength\/#breadcrumb","itemListElement":[{"@type":"ListItem","position":1,"name":"Home","item":"https:\/\/awtawooltesting.com.au\/"},{"@type":"ListItem","position":2,"name":"Services","item":"https:\/\/awtawooltesting.com.au\/it\/services\/"},{"@type":"ListItem","position":3,"name":"Raw Wool Testing","item":"https:\/\/awtawooltesting.com.au\/it\/services\/raw-wool-testing\/"},{"@type":"ListItem","position":4,"name":"Staple Length &amp; Strength"}]},{"@type":"WebSite","@id":"https:\/\/awtawooltesting.com.au\/#website","url":"https:\/\/awtawooltesting.com.au\/","name":"Test sulla lana AWTA","description":"","publisher":{"@id":"https:\/\/awtawooltesting.com.au\/#organization"},"potentialAction":[{"@type":"SearchAction","target":{"@type":"EntryPoint","urlTemplate":"https:\/\/awtawooltesting.com.au\/?s={search_term_string}"},"query-input":{"@type":"PropertyValueSpecification","valueRequired":true,"valueName":"search_term_string"}}],"inLanguage":"it-IT"},{"@type":"Organization","@id":"https:\/\/awtawooltesting.com.au\/#organization","name":"Test sulla lana AWTA","url":"https:\/\/awtawooltesting.com.au\/","logo":{"@type":"ImageObject","inLanguage":"it-IT","@id":"https:\/\/awtawooltesting.com.au\/#\/schema\/logo\/image\/","url":"https:\/\/awtawooltesting.com.au\/app\/uploads\/2025\/12\/awtarw.png","contentUrl":"https:\/\/awtawooltesting.com.au\/app\/uploads\/2025\/12\/awtarw.png","width":1184,"height":1773,"caption":"AWTA Wool Testing"},"image":{"@id":"https:\/\/awtawooltesting.com.au\/#\/schema\/logo\/image\/"}}]}},"_links":{"self":[{"href":"https:\/\/awtawooltesting.com.au\/it\/wp-json\/wp\/v2\/pages\/520","targetHints":{"allow":["GET"]}}],"collection":[{"href":"https:\/\/awtawooltesting.com.au\/it\/wp-json\/wp\/v2\/pages"}],"about":[{"href":"https:\/\/awtawooltesting.com.au\/it\/wp-json\/wp\/v2\/types\/page"}],"author":[{"embeddable":true,"href":"https:\/\/awtawooltesting.com.au\/it\/wp-json\/wp\/v2\/users\/1"}],"replies":[{"embeddable":true,"href":"https:\/\/awtawooltesting.com.au\/it\/wp-json\/wp\/v2\/comments?post=520"}],"version-history":[{"count":27,"href":"https:\/\/awtawooltesting.com.au\/it\/wp-json\/wp\/v2\/pages\/520\/revisions"}],"predecessor-version":[{"id":3405,"href":"https:\/\/awtawooltesting.com.au\/it\/wp-json\/wp\/v2\/pages\/520\/revisions\/3405"}],"up":[{"embeddable":true,"href":"https:\/\/awtawooltesting.com.au\/it\/wp-json\/wp\/v2\/pages\/516"}],"wp:attachment":[{"href":"https:\/\/awtawooltesting.com.au\/it\/wp-json\/wp\/v2\/media?parent=520"}],"curies":[{"name":"wp","href":"https:\/\/api.w.org\/{rel}","templated":true}]}}