{"id":518,"date":"2025-08-07T10:18:05","date_gmt":"2025-08-07T10:18:05","guid":{"rendered":"https:\/\/awtawooltesting.swim.net.au\/?page_id=518"},"modified":"2025-11-27T03:28:32","modified_gmt":"2025-11-27T03:28:32","slug":"yield-fibre-diameter","status":"publish","type":"page","link":"https:\/\/awtawooltesting.com.au\/it\/services\/raw-wool-testing\/yield-fibre-diameter\/","title":{"rendered":"Resa e diametro della fibra"},"content":{"rendered":"<div class=\"wp-block-group is-style-boxed is-layout-constrained wp-block-group-is-layout-constrained\">\n<div class=\"wp-block-columns is-layout-flex wp-container-core-columns-is-layout-9d6595d7 wp-block-columns-is-layout-flex\">\n<div class=\"wp-block-column is-vertically-aligned-center is-layout-flow wp-block-column-is-layout-flow\">\n<p>Il servizio chiave di AWTA Raw Wool \u00e8 il campionamento, l'analisi e la certificazione indipendente della resa e del diametro delle fibre della lana sucida prima della sua vendita. Prima di misurare la resa e il diametro delle fibre, \u00e8 necessario ottenere un campione rappresentativo. Sotto la supervisione di un addetto al campionamento dell'AWTA, viene prelevato un campione da ogni balla di un lotto di vendita. Il peso della balla viene registrato al momento del campionamento.<br>&nbsp;<br>La resa \u00e8 la quantit\u00e0 di fibra pulita, a un tasso di umidit\u00e0 standard, che si prevede di produrre quando un pacco di lana grezza viene lavorato. La resa pu\u00f2 essere espressa come massa pulita in chilogrammi e come percentuale della massa di lana grezza prima della lavorazione.<\/p>\n<\/div>\n\n\n\n<div class=\"wp-block-column is-layout-flow wp-block-column-is-layout-flow\">\n<figure class=\"wp-block-image size-large\"><img loading=\"lazy\" decoding=\"async\" width=\"683\" height=\"1024\" src=\"https:\/\/awtawooltesting.com.au\/app\/uploads\/2025\/11\/AWTA-NOV23-1222-1-683x1024.jpg\" alt=\"\" class=\"wp-image-3190\" srcset=\"https:\/\/awtawooltesting.com.au\/app\/uploads\/2025\/11\/AWTA-NOV23-1222-1-683x1024.jpg 683w, https:\/\/awtawooltesting.com.au\/app\/uploads\/2025\/11\/AWTA-NOV23-1222-1-200x300.jpg 200w, https:\/\/awtawooltesting.com.au\/app\/uploads\/2025\/11\/AWTA-NOV23-1222-1-768x1152.jpg 768w, https:\/\/awtawooltesting.com.au\/app\/uploads\/2025\/11\/AWTA-NOV23-1222-1-1024x1536.jpg 1024w, https:\/\/awtawooltesting.com.au\/app\/uploads\/2025\/11\/AWTA-NOV23-1222-1-1365x2048.jpg 1365w, https:\/\/awtawooltesting.com.au\/app\/uploads\/2025\/11\/AWTA-NOV23-1222-1-8x12.jpg 8w, https:\/\/awtawooltesting.com.au\/app\/uploads\/2025\/11\/AWTA-NOV23-1222-1-scaled.jpg 1707w\" sizes=\"auto, (max-width: 683px) 100vw, 683px\" \/><\/figure>\n<\/div>\n<\/div>\n\n\n\n<div class=\"wp-block-columns is-layout-flex wp-container-core-columns-is-layout-9d6595d7 wp-block-columns-is-layout-flex\">\n<div class=\"wp-block-column is-layout-flow wp-block-column-is-layout-flow\">\n<figure class=\"wp-block-image size-large\"><img loading=\"lazy\" decoding=\"async\" width=\"1024\" height=\"687\" src=\"https:\/\/awtawooltesting.com.au\/app\/uploads\/2025\/11\/Image-3-1024x687.jpg\" alt=\"\" class=\"wp-image-3191\" srcset=\"https:\/\/awtawooltesting.com.au\/app\/uploads\/2025\/11\/Image-3-1024x687.jpg 1024w, https:\/\/awtawooltesting.com.au\/app\/uploads\/2025\/11\/Image-3-300x201.jpg 300w, https:\/\/awtawooltesting.com.au\/app\/uploads\/2025\/11\/Image-3-768x515.jpg 768w, https:\/\/awtawooltesting.com.au\/app\/uploads\/2025\/11\/Image-3-18x12.jpg 18w, https:\/\/awtawooltesting.com.au\/app\/uploads\/2025\/11\/Image-3.jpg 1411w\" sizes=\"auto, (max-width: 1024px) 100vw, 1024px\" \/><\/figure>\n<\/div>\n\n\n\n<div class=\"wp-block-column is-vertically-aligned-center is-layout-flow wp-block-column-is-layout-flow\">\n<h2 class=\"wp-block-heading\">Il nostro processo<\/h2>\n\n\n\n<p>La resa viene calcolata determinando innanzitutto la quantit\u00e0 di fibra secca pulita (Base di lana) e la Base di materia vegetale (VM). La quantit\u00e0 di componenti residui che rimangono viene determinata e sottratta per ottenere la Base di lana. Questi componenti residui sono:<\/p>\n\n\n\n<ul class=\"wp-block-list\">\n<li>Grasso residuo della lana - Una piccola quantit\u00e0 di grasso rimane nella lana dopo la raschiatura. Questa quantit\u00e0 viene determinata con la spettrofotometria a riflessione nel vicino infrarosso (NIR).<\/li>\n\n\n\n<li>Cenere - Quasi tutto lo sporco viene rimosso dal processo di raschiatura, tranne piccole quantit\u00e0. Un sottocampione della lana raschiata viene sciolto in una soluzione 10% di soda caustica calda, lasciando la VM per essere asciugata e poi pesata.<\/li>\n\n\n\n<li>La VM si compone di bave (B), semi e arbusti (S) e teste dure e ramoscelli (H).&nbsp;<\/li>\n<\/ul>\n<\/div>\n<\/div>\n\n\n\n<div class=\"wp-block-columns is-layout-flex wp-container-core-columns-is-layout-9d6595d7 wp-block-columns-is-layout-flex\">\n<div class=\"wp-block-column is-vertically-aligned-center is-layout-flow wp-block-column-is-layout-flow\">\n<p>Una volta misurati tutti i componenti residui, si calcola la Wool Base. La base di lana viene calcolata esprimendo il peso della lana con le impurit\u00e0 rimosse come percentuale del peso della lana raschiata originale. La Wool Base viene poi utilizzata per calcolare le varie rese commerciali.<br><br>Il diametro della fibra \u00e8 lo spessore delle singole fibre di lana; la sua misurazione viene utilizzata per determinare l'uso finale della lana. Il diametro delle fibre viene misurato con uno strumento Lasercan; i risultati sono espressi in micron. Un campione condizionato di lana raschiata viene mini-curato per produrre un sottocampione costituito da frammenti di fibra. I frammenti vengono lasciati cadere in una bacinella contenente acqua e mescolati prima che l'acqua contenente i frammenti in sospensione venga rilasciata e scorra in un tubo attraverso una cella di misura contenente una serie di laser. Mentre i frammenti si muovono attraverso i raggi laser nella cella di misura, viene registrata la dimensione dell'ombra proiettata dalle singole fibre.<\/p>\n<\/div>\n\n\n\n<div class=\"wp-block-column is-layout-flow wp-block-column-is-layout-flow\">\n<figure class=\"wp-block-image size-large\"><img loading=\"lazy\" decoding=\"async\" width=\"1024\" height=\"683\" src=\"https:\/\/awtawooltesting.com.au\/app\/uploads\/2025\/11\/Image-4-2-1024x683.jpg\" alt=\"\" class=\"wp-image-3196\" srcset=\"https:\/\/awtawooltesting.com.au\/app\/uploads\/2025\/11\/Image-4-2-1024x683.jpg 1024w, https:\/\/awtawooltesting.com.au\/app\/uploads\/2025\/11\/Image-4-2-300x200.jpg 300w, https:\/\/awtawooltesting.com.au\/app\/uploads\/2025\/11\/Image-4-2-768x512.jpg 768w, https:\/\/awtawooltesting.com.au\/app\/uploads\/2025\/11\/Image-4-2-1536x1024.jpg 1536w, https:\/\/awtawooltesting.com.au\/app\/uploads\/2025\/11\/Image-4-2-2048x1365.jpg 2048w, https:\/\/awtawooltesting.com.au\/app\/uploads\/2025\/11\/Image-4-2-18x12.jpg 18w, https:\/\/awtawooltesting.com.au\/app\/uploads\/2025\/11\/Image-4-2-scaled.jpg 2560w\" sizes=\"auto, (max-width: 1024px) 100vw, 1024px\" \/><\/figure>\n<\/div>\n<\/div>\n\n\n\n<div class=\"wp-block-columns are-vertically-aligned-center is-layout-flex wp-container-core-columns-is-layout-9d6595d7 wp-block-columns-is-layout-flex\">\n<div class=\"wp-block-column is-vertically-aligned-center is-layout-flow wp-block-column-is-layout-flow\">\n<figure class=\"wp-block-image size-medium\"><img loading=\"lazy\" decoding=\"async\" width=\"300\" height=\"212\" src=\"https:\/\/awtawooltesting.com.au\/app\/uploads\/2025\/11\/Wool-Hands-300x212.jpg\" alt=\"\" class=\"wp-image-3178\" srcset=\"https:\/\/awtawooltesting.com.au\/app\/uploads\/2025\/11\/Wool-Hands-300x212.jpg 300w, https:\/\/awtawooltesting.com.au\/app\/uploads\/2025\/11\/Wool-Hands-1024x722.jpg 1024w, https:\/\/awtawooltesting.com.au\/app\/uploads\/2025\/11\/Wool-Hands-768x542.jpg 768w, https:\/\/awtawooltesting.com.au\/app\/uploads\/2025\/11\/Wool-Hands-18x12.jpg 18w, https:\/\/awtawooltesting.com.au\/app\/uploads\/2025\/11\/Wool-Hands.jpg 1219w\" sizes=\"auto, (max-width: 300px) 100vw, 300px\" \/><\/figure>\n<\/div>\n\n\n\n<div class=\"wp-block-column is-vertically-aligned-center is-layout-flow wp-block-column-is-layout-flow\">\n<p>Per un test standard, i campioni vengono misurati su quattro strumenti Laserscan separati e su ogni macchina vengono misurate 1.000 singole fibre. I risultati combinati di 4.000 frammenti vengono utilizzati per calcolare il diametro medio della fibra. Le misurazioni vengono effettuate su singole fibre e di conseguenza viene accumulata una distribuzione dei diametri e calcolato il coefficiente di variazione del diametro (CVD). Inoltre, il certificato finale indicher\u00e0 la Curvatura delle fibre del campione e il Fattore di Comfort del campione.<\/p>\n<\/div>\n<\/div>\n\n\n\n<div style=\"height:3rem\" aria-hidden=\"true\" class=\"wp-block-spacer\"><\/div>\n\n\n\n<h2 class=\"wp-block-heading\">Servizi di analisi della lana grezza<\/h2>\n\n\n\n<div class=\"wp-block-buttons is-horizontal is-layout-flex wp-block-buttons-is-layout-flex\">\n<div class=\"wp-block-button is-style-default\"><a class=\"wp-block-button__link wp-element-button\" href=\"\/it\/services\/raw-wool-testing\/staple-length-strength\/\" target=\"_blank\" rel=\"noreferrer noopener\">Lunghezza e resistenza dei punti metallici<\/a><\/div>\n\n\n\n<div class=\"wp-block-button is-style-default\"><a class=\"wp-block-button__link wp-element-button\" href=\"\/it\/services\/raw-wool-testing\/clean-colour\/\" target=\"_blank\" rel=\"noreferrer noopener\">Colore pulito<\/a><\/div>\n\n\n\n<div class=\"wp-block-button is-style-default\"><a class=\"wp-block-button__link wp-element-button\" href=\"\/it\/services\/raw-wool-testing\/fleece-measurement\/\" target=\"_blank\" rel=\"noreferrer noopener\">Misura del vello<\/a><\/div>\n\n\n\n<div class=\"wp-block-button is-style-default\"><a class=\"wp-block-button__link wp-element-button\" href=\"\/it\/services\/raw-wool-testing\/pesticide-residues\/\" target=\"_blank\" rel=\"noreferrer noopener\">Residui di pesticidi<\/a><\/div>\n\n\n\n<div class=\"wp-block-button is-style-default\"><a class=\"wp-block-button__link wp-element-button\" href=\"\/it\/services\/raw-wool-testing\/dark-medullated-fibre\/\" target=\"_blank\" rel=\"noreferrer noopener\">Fibra scura e medullata<\/a><\/div>\n\n\n\n<div class=\"wp-block-button is-style-default\"><a class=\"wp-block-button__link wp-element-button\" href=\"\/it\/services\/raw-wool-testing\/dark-medullated-fibre-risk-scheme\/\" target=\"_blank\" rel=\"noreferrer noopener\">Schema di rischio per fibre scure e medullate<\/a><\/div>\n\n\n\n<div class=\"wp-block-button is-style-default\"><a class=\"wp-block-button__link wp-element-button\" href=\"\/it\/services\/raw-wool-testing\/scoured-wool\/\" target=\"_blank\" rel=\"noreferrer noopener\">Lana rasata<\/a><\/div>\n<\/div>\n<\/div>\n\n\n\n<div style=\"background-image:url(&apos;https:\/\/awtawooltesting.com.au\/app\/uploads\/2025\/09\/249ce0f6360efa7ef030efe76d5252bb46ac76dc.png&apos;);background-size:cover;\" class=\"wp-block-group is-style-cta-banner is-layout-constrained wp-block-group-is-layout-constrained has-background\">\n<div class=\"wp-block-columns is-layout-flex wp-container-core-columns-is-layout-9d6595d7 wp-block-columns-is-layout-flex\">\n<div class=\"wp-block-column is-layout-flow wp-block-column-is-layout-flow\"><\/div>\n\n\n\n<div class=\"wp-block-column is-layout-flow wp-block-column-is-layout-flow\">\n<h2 class=\"wp-block-heading has-light-gray-color has-text-color has-link-color wp-elements-aff3682a8c10eaf82ef7520d957f2f3d\">Siete pronti a ottenere i servizi di analisi specializzati di cui avete bisogno?<\/h2>\n\n\n\n<p class=\"has-light-gray-color has-text-color has-link-color wp-elements-52ac2f1992c475913289be292e553398\">Contattateci oggi stesso per iniziare.<\/p>\n\n\n\n<div class=\"wp-block-buttons is-layout-flex wp-block-buttons-is-layout-flex\">\n<div class=\"wp-block-button\"><a class=\"wp-block-button__link wp-element-button\">CONTATTO<\/a><\/div>\n\n\n\n<div class=\"wp-block-button\"><a class=\"wp-block-button__link wp-element-button\">VERIFICA DEL CERTIFICATO<\/a><\/div>\n<\/div>\n<\/div>\n<\/div>\n<\/div>","protected":false},"excerpt":{"rendered":"<p>Il servizio chiave di AWTA Raw Wool \u00e8 il campionamento, l'analisi e la certificazione indipendente della resa e del diametro delle fibre della lana sucida prima della sua vendita. Prima della vendita...<\/p>","protected":false},"author":1,"featured_media":0,"parent":516,"menu_order":0,"comment_status":"closed","ping_status":"closed","template":"","meta":{"_acf_changed":false,"footnotes":""},"class_list":["post-518","page","type-page","status-publish","hentry"],"acf":[],"yoast_head":"<!-- This site is optimized with the Yoast SEO plugin v27.0 - https:\/\/yoast.com\/product\/yoast-seo-wordpress\/ -->\n<title>Yield &amp; Fibre Diameter - AWTA Wool Testing<\/title>\n<meta name=\"robots\" content=\"index, follow, max-snippet:-1, max-image-preview:large, max-video-preview:-1\" \/>\n<link rel=\"canonical\" href=\"https:\/\/awtawooltesting.com.au\/it\/services\/raw-wool-testing\/yield-fibre-diameter\/\" \/>\n<meta property=\"og:locale\" content=\"it_IT\" \/>\n<meta property=\"og:type\" content=\"article\" \/>\n<meta property=\"og:title\" content=\"Yield &amp; Fibre Diameter - AWTA Wool Testing\" \/>\n<meta property=\"og:description\" content=\"AWTA Raw Wool&#8217;s key service is the independent sampling, testing and certifying of the Yield and Fibre Diameter of greasy wool before it is sold.&nbsp;Prior to t\u2026\" \/>\n<meta property=\"og:url\" content=\"https:\/\/awtawooltesting.com.au\/it\/services\/raw-wool-testing\/yield-fibre-diameter\/\" \/>\n<meta property=\"og:site_name\" content=\"AWTA Wool Testing\" \/>\n<meta property=\"article:modified_time\" content=\"2025-11-27T03:28:32+00:00\" \/>\n<meta property=\"og:image\" content=\"https:\/\/awtawooltesting.com.au\/app\/uploads\/2025\/11\/AWTA-NOV23-1222-1-scaled.jpg\" \/>\n\t<meta property=\"og:image:width\" content=\"1707\" \/>\n\t<meta property=\"og:image:height\" content=\"2560\" \/>\n\t<meta property=\"og:image:type\" content=\"image\/jpeg\" \/>\n<meta name=\"twitter:card\" content=\"summary_large_image\" \/>\n<meta name=\"twitter:label1\" content=\"Est. reading time\" \/>\n\t<meta name=\"twitter:data1\" content=\"3 minutes\" \/>\n<script type=\"application\/ld+json\" class=\"yoast-schema-graph\">{\"@context\":\"https:\/\/schema.org\",\"@graph\":[{\"@type\":\"WebPage\",\"@id\":\"https:\/\/awtawooltesting.com.au\/it\/services\/raw-wool-testing\/yield-fibre-diameter\/\",\"url\":\"https:\/\/awtawooltesting.com.au\/it\/services\/raw-wool-testing\/yield-fibre-diameter\/\",\"name\":\"Yield &amp; Fibre Diameter - AWTA Wool Testing\",\"isPartOf\":{\"@id\":\"https:\/\/awtawooltesting.com.au\/#website\"},\"primaryImageOfPage\":{\"@id\":\"https:\/\/awtawooltesting.com.au\/it\/services\/raw-wool-testing\/yield-fibre-diameter\/#primaryimage\"},\"image\":{\"@id\":\"https:\/\/awtawooltesting.com.au\/it\/services\/raw-wool-testing\/yield-fibre-diameter\/#primaryimage\"},\"thumbnailUrl\":\"https:\/\/awtawooltesting.com.au\/app\/uploads\/2025\/11\/AWTA-NOV23-1222-1-683x1024.jpg\",\"datePublished\":\"2025-08-07T10:18:05+00:00\",\"dateModified\":\"2025-11-27T03:28:32+00:00\",\"breadcrumb\":{\"@id\":\"https:\/\/awtawooltesting.com.au\/it\/services\/raw-wool-testing\/yield-fibre-diameter\/#breadcrumb\"},\"inLanguage\":\"it-IT\",\"potentialAction\":[{\"@type\":\"ReadAction\",\"target\":[\"https:\/\/awtawooltesting.com.au\/it\/services\/raw-wool-testing\/yield-fibre-diameter\/\"]}]},{\"@type\":\"ImageObject\",\"inLanguage\":\"it-IT\",\"@id\":\"https:\/\/awtawooltesting.com.au\/it\/services\/raw-wool-testing\/yield-fibre-diameter\/#primaryimage\",\"url\":\"https:\/\/awtawooltesting.com.au\/app\/uploads\/2025\/11\/AWTA-NOV23-1222-1-683x1024.jpg\",\"contentUrl\":\"https:\/\/awtawooltesting.com.au\/app\/uploads\/2025\/11\/AWTA-NOV23-1222-1-683x1024.jpg\"},{\"@type\":\"BreadcrumbList\",\"@id\":\"https:\/\/awtawooltesting.com.au\/it\/services\/raw-wool-testing\/yield-fibre-diameter\/#breadcrumb\",\"itemListElement\":[{\"@type\":\"ListItem\",\"position\":1,\"name\":\"Home\",\"item\":\"https:\/\/awtawooltesting.com.au\/\"},{\"@type\":\"ListItem\",\"position\":2,\"name\":\"Services\",\"item\":\"https:\/\/awtawooltesting.com.au\/it\/services\/\"},{\"@type\":\"ListItem\",\"position\":3,\"name\":\"Raw Wool Testing\",\"item\":\"https:\/\/awtawooltesting.com.au\/it\/services\/raw-wool-testing\/\"},{\"@type\":\"ListItem\",\"position\":4,\"name\":\"Yield &amp; Fibre Diameter\"}]},{\"@type\":\"WebSite\",\"@id\":\"https:\/\/awtawooltesting.com.au\/#website\",\"url\":\"https:\/\/awtawooltesting.com.au\/\",\"name\":\"AWTA Wool Testing\",\"description\":\"\",\"publisher\":{\"@id\":\"https:\/\/awtawooltesting.com.au\/#organization\"},\"potentialAction\":[{\"@type\":\"SearchAction\",\"target\":{\"@type\":\"EntryPoint\",\"urlTemplate\":\"https:\/\/awtawooltesting.com.au\/?s={search_term_string}\"},\"query-input\":{\"@type\":\"PropertyValueSpecification\",\"valueRequired\":true,\"valueName\":\"search_term_string\"}}],\"inLanguage\":\"it-IT\"},{\"@type\":\"Organization\",\"@id\":\"https:\/\/awtawooltesting.com.au\/#organization\",\"name\":\"AWTA Wool Testing\",\"url\":\"https:\/\/awtawooltesting.com.au\/\",\"logo\":{\"@type\":\"ImageObject\",\"inLanguage\":\"it-IT\",\"@id\":\"https:\/\/awtawooltesting.com.au\/#\/schema\/logo\/image\/\",\"url\":\"https:\/\/awtawooltesting.com.au\/app\/uploads\/2025\/12\/awtarw.png\",\"contentUrl\":\"https:\/\/awtawooltesting.com.au\/app\/uploads\/2025\/12\/awtarw.png\",\"width\":1184,\"height\":1773,\"caption\":\"AWTA Wool Testing\"},\"image\":{\"@id\":\"https:\/\/awtawooltesting.com.au\/#\/schema\/logo\/image\/\"}}]}<\/script>\n<!-- \/ Yoast SEO plugin. -->","yoast_head_json":{"title":"Yield &amp; Fibre Diameter - AWTA Wool Testing","robots":{"index":"index","follow":"follow","max-snippet":"max-snippet:-1","max-image-preview":"max-image-preview:large","max-video-preview":"max-video-preview:-1"},"canonical":"https:\/\/awtawooltesting.com.au\/it\/services\/raw-wool-testing\/yield-fibre-diameter\/","og_locale":"it_IT","og_type":"article","og_title":"Yield &amp; Fibre Diameter - AWTA Wool Testing","og_description":"AWTA Raw Wool&#8217;s key service is the independent sampling, testing and certifying of the Yield and Fibre Diameter of greasy wool before it is sold.&nbsp;Prior to t\u2026","og_url":"https:\/\/awtawooltesting.com.au\/it\/services\/raw-wool-testing\/yield-fibre-diameter\/","og_site_name":"AWTA Wool Testing","article_modified_time":"2025-11-27T03:28:32+00:00","og_image":[{"width":1707,"height":2560,"url":"https:\/\/awtawooltesting.com.au\/app\/uploads\/2025\/11\/AWTA-NOV23-1222-1-scaled.jpg","type":"image\/jpeg"}],"twitter_card":"summary_large_image","twitter_misc":{"Est. reading time":"3 minutes"},"schema":{"@context":"https:\/\/schema.org","@graph":[{"@type":"WebPage","@id":"https:\/\/awtawooltesting.com.au\/it\/services\/raw-wool-testing\/yield-fibre-diameter\/","url":"https:\/\/awtawooltesting.com.au\/it\/services\/raw-wool-testing\/yield-fibre-diameter\/","name":"Yield &amp; Fibre Diameter - AWTA Wool Testing","isPartOf":{"@id":"https:\/\/awtawooltesting.com.au\/#website"},"primaryImageOfPage":{"@id":"https:\/\/awtawooltesting.com.au\/it\/services\/raw-wool-testing\/yield-fibre-diameter\/#primaryimage"},"image":{"@id":"https:\/\/awtawooltesting.com.au\/it\/services\/raw-wool-testing\/yield-fibre-diameter\/#primaryimage"},"thumbnailUrl":"https:\/\/awtawooltesting.com.au\/app\/uploads\/2025\/11\/AWTA-NOV23-1222-1-683x1024.jpg","datePublished":"2025-08-07T10:18:05+00:00","dateModified":"2025-11-27T03:28:32+00:00","breadcrumb":{"@id":"https:\/\/awtawooltesting.com.au\/it\/services\/raw-wool-testing\/yield-fibre-diameter\/#breadcrumb"},"inLanguage":"it-IT","potentialAction":[{"@type":"ReadAction","target":["https:\/\/awtawooltesting.com.au\/it\/services\/raw-wool-testing\/yield-fibre-diameter\/"]}]},{"@type":"ImageObject","inLanguage":"it-IT","@id":"https:\/\/awtawooltesting.com.au\/it\/services\/raw-wool-testing\/yield-fibre-diameter\/#primaryimage","url":"https:\/\/awtawooltesting.com.au\/app\/uploads\/2025\/11\/AWTA-NOV23-1222-1-683x1024.jpg","contentUrl":"https:\/\/awtawooltesting.com.au\/app\/uploads\/2025\/11\/AWTA-NOV23-1222-1-683x1024.jpg"},{"@type":"BreadcrumbList","@id":"https:\/\/awtawooltesting.com.au\/it\/services\/raw-wool-testing\/yield-fibre-diameter\/#breadcrumb","itemListElement":[{"@type":"ListItem","position":1,"name":"Home","item":"https:\/\/awtawooltesting.com.au\/"},{"@type":"ListItem","position":2,"name":"Services","item":"https:\/\/awtawooltesting.com.au\/it\/services\/"},{"@type":"ListItem","position":3,"name":"Raw Wool Testing","item":"https:\/\/awtawooltesting.com.au\/it\/services\/raw-wool-testing\/"},{"@type":"ListItem","position":4,"name":"Yield &amp; Fibre Diameter"}]},{"@type":"WebSite","@id":"https:\/\/awtawooltesting.com.au\/#website","url":"https:\/\/awtawooltesting.com.au\/","name":"Test sulla lana AWTA","description":"","publisher":{"@id":"https:\/\/awtawooltesting.com.au\/#organization"},"potentialAction":[{"@type":"SearchAction","target":{"@type":"EntryPoint","urlTemplate":"https:\/\/awtawooltesting.com.au\/?s={search_term_string}"},"query-input":{"@type":"PropertyValueSpecification","valueRequired":true,"valueName":"search_term_string"}}],"inLanguage":"it-IT"},{"@type":"Organization","@id":"https:\/\/awtawooltesting.com.au\/#organization","name":"Test sulla lana AWTA","url":"https:\/\/awtawooltesting.com.au\/","logo":{"@type":"ImageObject","inLanguage":"it-IT","@id":"https:\/\/awtawooltesting.com.au\/#\/schema\/logo\/image\/","url":"https:\/\/awtawooltesting.com.au\/app\/uploads\/2025\/12\/awtarw.png","contentUrl":"https:\/\/awtawooltesting.com.au\/app\/uploads\/2025\/12\/awtarw.png","width":1184,"height":1773,"caption":"AWTA Wool Testing"},"image":{"@id":"https:\/\/awtawooltesting.com.au\/#\/schema\/logo\/image\/"}}]}},"_links":{"self":[{"href":"https:\/\/awtawooltesting.com.au\/it\/wp-json\/wp\/v2\/pages\/518","targetHints":{"allow":["GET"]}}],"collection":[{"href":"https:\/\/awtawooltesting.com.au\/it\/wp-json\/wp\/v2\/pages"}],"about":[{"href":"https:\/\/awtawooltesting.com.au\/it\/wp-json\/wp\/v2\/types\/page"}],"author":[{"embeddable":true,"href":"https:\/\/awtawooltesting.com.au\/it\/wp-json\/wp\/v2\/users\/1"}],"replies":[{"embeddable":true,"href":"https:\/\/awtawooltesting.com.au\/it\/wp-json\/wp\/v2\/comments?post=518"}],"version-history":[{"count":33,"href":"https:\/\/awtawooltesting.com.au\/it\/wp-json\/wp\/v2\/pages\/518\/revisions"}],"predecessor-version":[{"id":3403,"href":"https:\/\/awtawooltesting.com.au\/it\/wp-json\/wp\/v2\/pages\/518\/revisions\/3403"}],"up":[{"embeddable":true,"href":"https:\/\/awtawooltesting.com.au\/it\/wp-json\/wp\/v2\/pages\/516"}],"wp:attachment":[{"href":"https:\/\/awtawooltesting.com.au\/it\/wp-json\/wp\/v2\/media?parent=518"}],"curies":[{"name":"wp","href":"https:\/\/api.w.org\/{rel}","templated":true}]}}