{"id":516,"date":"2025-08-07T10:17:56","date_gmt":"2025-08-07T10:17:56","guid":{"rendered":"https:\/\/awtawooltesting.swim.net.au\/?page_id=516"},"modified":"2025-12-04T02:02:12","modified_gmt":"2025-12-04T02:02:12","slug":"raw-wool-testing","status":"publish","type":"page","link":"https:\/\/awtawooltesting.com.au\/it\/services\/raw-wool-testing\/","title":{"rendered":"Test sulla lana grezza"},"content":{"rendered":"<div class=\"wp-block-group is-style-boxed is-layout-constrained wp-block-group-is-layout-constrained\">\n<h2 class=\"wp-block-heading\">Resa e diametro della fibra<\/h2>\n\n\n\n<p>Il servizio chiave di AWTA Raw Wool \u00e8 il campionamento, l'analisi e la certificazione indipendente della resa e del diametro delle fibre della lana sucida prima della sua vendita. Prima di misurare la resa e il diametro delle fibre, \u00e8 necessario ottenere un campione rappresentativo. Sotto la supervisione di un addetto al campionamento dell'AWTA, viene prelevato un campione da ogni balla di un lotto di vendita. Il peso della balla viene registrato al momento del campionamento.<\/p>\n\n\n\n<p>La resa \u00e8 la quantit\u00e0 di fibra pulita, a un tasso di umidit\u00e0 standard, che si prevede di produrre quando un pacco di lana grezza viene lavorato. La resa pu\u00f2 essere espressa come massa pulita in chilogrammi e come percentuale della massa di lana grezza prima della lavorazione.<\/p>\n\n\n\n<div class=\"wp-block-buttons is-layout-flex wp-block-buttons-is-layout-flex\">\n<div class=\"wp-block-button\"><a class=\"wp-block-button__link wp-element-button\" href=\"\/it\/services\/raw-wool-testing\/yield-fibre-diameter\/\">Per saperne di pi\u00f9: Resa e diametro delle fibre<\/a><\/div>\n<\/div>\n\n\n\n<h2 class=\"wp-block-heading\">Lunghezza e resistenza dei punti metallici<\/h2>\n\n\n\n<p>Una delle caratteristiche pi\u00f9 importanti per determinare il valore della lana sucida \u00e8 la lunghezza media delle fibre che si ottiene quando la lana \u00e8 stata lavorata o pettinata in wool top. Questa lunghezza \u00e8 nota come Hauteur (lunghezza delle fibre nel Wool Top). Inoltre, la forza media dei punti metallici \u00e8 importante per valutare il rendimento della lana durante la lavorazione. La ricerca ha dimostrato che l'Hauteur \u00e8 strettamente correlato alla lunghezza media dei fiocchi e alla forza dei fiocchi della lana sucida misurata prima della lavorazione.<\/p>\n\n\n\n<div class=\"wp-block-buttons is-layout-flex wp-block-buttons-is-layout-flex\">\n<div class=\"wp-block-button\"><a class=\"wp-block-button__link wp-element-button\" href=\"\/it\/services\/raw-wool-testing\/staple-length-strength\/\">Per saperne di pi\u00f9: Lunghezza e resistenza delle graffe<\/a><\/div>\n<\/div>\n\n\n\n<h2 class=\"wp-block-heading\">Colore pulito<\/h2>\n\n\n\n<p>Il giallo medio \u00e8 una caratteristica importante della lana perch\u00e9 \u00e8 correlato alle prestazioni tintoriali e non \u00e8 necessariamente correlato al colore della lana sucida. Notevoli quantit\u00e0 di lana sono classificate come H1 (colore chiaro non apprezzabile), H2 (colore medio non apprezzabile) o H3 (colore pesante non apprezzabile) sulla base di una valutazione puramente visiva della lana sucida e sono scontate sul mercato.<\/p>\n\n\n\n<div class=\"wp-block-buttons is-layout-flex wp-block-buttons-is-layout-flex\">\n<div class=\"wp-block-button\"><a class=\"wp-block-button__link wp-element-button\" href=\"\/it\/services\/raw-wool-testing\/clean-colour\/\">Per saperne di pi\u00f9: Colore pulito<\/a><\/div>\n<\/div>\n\n\n\n<h2 class=\"wp-block-heading\">Misura del vello<\/h2>\n\n\n\n<p>Gli allevatori e i produttori di lana sottopongono i campioni di lana da vello prelevati da singole pecore alla misurazione di routine del diametro delle fibre (micron) mediante uno strumento Laserscan. Questo strumento fornisce altri dati insieme al risultato del diametro della fibra, tra cui il coefficiente di variazione del diametro (CVD), il fattore di comfort e il risultato della misurazione della curvatura della fibra.<\/p>\n\n\n\n<div class=\"wp-block-buttons is-layout-flex wp-block-buttons-is-layout-flex\">\n<div class=\"wp-block-button\"><a class=\"wp-block-button__link wp-element-button\" href=\"\/it\/services\/raw-wool-testing\/fleece-measurement\/\">Per saperne di pi\u00f9: Misurazione del vello<\/a><\/div>\n<\/div>\n\n\n\n<h2 class=\"wp-block-heading\">Residui di pesticidi<\/h2>\n\n\n\n<div class=\"wp-block-columns is-layout-flex wp-container-core-columns-is-layout-9d6595d7 wp-block-columns-is-layout-flex\">\n<div class=\"wp-block-column is-layout-flow wp-block-column-is-layout-flow\">\n<p>Analisi che identifica e quantifica il livello residuo di sostanze chimiche per il trattamento dei pidocchi e delle mosche nella lana sucida, nella lana semilavorata e nel grasso di lana. \u00c8 inoltre possibile determinare la presenza di metalli pesanti come l'arsenico.<\/p>\n\n\n\n<p>I campioni di lana vengono preparati e mescolati in uno dei nostri laboratori di lana grezza, quindi inviati per l'analisi chimica alla divisione Agrifood Technology dell'AWTA. Le sostanze chimiche presenti vengono estratte dalla lana con un processo proprietario e le loro concentrazioni vengono determinate con apparecchiature all'avanguardia.<\/p>\n\n\n\n<p>I test sono eseguiti in conformit\u00e0 al metodo DTM59-04 dell'Organizzazione Internazionale del Tessuto di Lana.<\/p>\n\n\n\n<p>Stiamo anche cercando di sviluppare metodi per individuare i livelli residui di pesticidi nei singoli campioni di vello.<\/p>\n\n\n\n<p>I principali gruppi chimici esaminati comprendono organofosfati, organoclorurati, piretroidi sintetici e regolatori specifici della crescita degli insetti (diflubenzuron, triflumuron e diciclanil).  Di seguito \u00e8 riportato l'elenco completo dei prodotti chimici esaminati:<\/p>\n\n\n\n<figure class=\"wp-block-table\"><table class=\"has-fixed-layout\"><tbody><tr><td><strong><mark style=\"background-color:rgba(0, 0, 0, 0)\" class=\"has-inline-color has-royal-blue-color\">Organofosfati (OP)<\/mark><\/strong><\/td><td><strong><mark style=\"background-color:rgba(0, 0, 0, 0)\" class=\"has-inline-color has-royal-blue-color\">Organoclorurati (OG)<\/mark><\/strong><\/td><\/tr><tr><td>Propetamphos&nbsp;&nbsp;&nbsp;&nbsp;&nbsp;&nbsp;&nbsp; <br>Diazinon<br>Dichlofenthion<br>Clorfenvinfos<br>Coumaphos<br>Fenchlorphos<br>Malathion<\/td><td rowspan=\"3\">Aldrin<br>Alpha BHC<br>Beta BHC<br>Delta BHC<br>Gamma BHC (Lindano)<br>DDD<br>DDE<br>DDT<br>Dieldrin<br>Alfa Endosulfano<br>Beta Endosulphan<br>Solfato di endosulfano<br>Endrin<br>Eptacloro<br>HCB<\/td><\/tr><tr><td><strong><mark style=\"background-color:rgba(0, 0, 0, 0)\" class=\"has-inline-color has-royal-blue-color\">Piretroidi sintetici (SP)<\/mark><\/strong><\/td><\/tr><tr><td>Cipermetrina<br>Cialotrina<br>Deltametrina<br>Fenvalerato<br>Flumetrina<\/td><\/tr><tr><td><strong><mark style=\"background-color:rgba(0, 0, 0, 0)\" class=\"has-inline-color has-royal-blue-color\">Regolatori della crescita degli insetti (IGR)<\/mark><\/strong><\/td><td><strong><mark style=\"background-color:rgba(0, 0, 0, 0)\" class=\"has-inline-color has-royal-blue-color\">Altre sostanze chimiche testate su richiesta (non standard)<\/mark><\/strong><\/td><\/tr><tr><td>Diflubenzuron<br>Triflumeron<br>Ciromazina<br>Diciclanil<br>Spinosad<\/td><td>Antielmintico (AM) - Ivermectina<br>Neonicotinoide (NI) - Imidacloprid<br>Metalli pesanti - Arsenico \/ Mercurio ecc.<\/td><\/tr><\/tbody><\/table><\/figure>\n<\/div>\n\n\n\n<div class=\"wp-block-column is-layout-flow wp-block-column-is-layout-flow\">\n<figure class=\"wp-block-image size-full\"><img loading=\"lazy\" decoding=\"async\" width=\"2560\" height=\"1708\" src=\"https:\/\/awtawooltesting.com.au\/app\/uploads\/2025\/12\/AdobeStock_486047242-scaled.jpeg\" alt=\"\" class=\"wp-image-3460\" srcset=\"https:\/\/awtawooltesting.com.au\/app\/uploads\/2025\/12\/AdobeStock_486047242-scaled.jpeg 2560w, https:\/\/awtawooltesting.com.au\/app\/uploads\/2025\/12\/AdobeStock_486047242-300x200.jpeg 300w, https:\/\/awtawooltesting.com.au\/app\/uploads\/2025\/12\/AdobeStock_486047242-1024x683.jpeg 1024w, https:\/\/awtawooltesting.com.au\/app\/uploads\/2025\/12\/AdobeStock_486047242-768x512.jpeg 768w, https:\/\/awtawooltesting.com.au\/app\/uploads\/2025\/12\/AdobeStock_486047242-1536x1025.jpeg 1536w, https:\/\/awtawooltesting.com.au\/app\/uploads\/2025\/12\/AdobeStock_486047242-2048x1366.jpeg 2048w, https:\/\/awtawooltesting.com.au\/app\/uploads\/2025\/12\/AdobeStock_486047242-18x12.jpeg 18w\" sizes=\"auto, (max-width: 2560px) 100vw, 2560px\" \/><\/figure>\n<\/div>\n<\/div>\n\n\n\n<div class=\"wp-block-buttons is-layout-flex wp-block-buttons-is-layout-flex\">\n<div class=\"wp-block-button\"><a class=\"wp-block-button__link wp-element-button\" href=\"\/it\/services\/raw-wool-testing\/pesticide-residues\/\">Per saperne di pi\u00f9: Residui di pesticidi<\/a><\/div>\n<\/div>\n\n\n\n<h2 class=\"wp-block-heading\">Fibra scura e medullata<\/h2>\n\n\n\n<p>Il servizio di analisi della fibra scura offerto dall'AWTA \u00e8 rivolto agli allevatori di lana bianca che cercano di gestire la contaminazione da razze ovine esotiche o che desiderano monitorare la contaminazione in lotti ad alto rischio di contaminazione.<\/p>\n\n\n\n<div class=\"wp-block-buttons is-layout-flex wp-block-buttons-is-layout-flex\">\n<div class=\"wp-block-button\"><a class=\"wp-block-button__link wp-element-button\" href=\"\/it\/services\/raw-wool-testing\/dark-medullated-fibre\/\">Per saperne di pi\u00f9: Fibra scura e medullata<\/a><\/div>\n<\/div>\n\n\n\n<h2 class=\"wp-block-heading\">Schema di rischio per fibre scure e medullate<\/h2>\n\n\n\n<p>La lana Merino australiana ha goduto di un'alta reputazione e di un premio di prezzo per pi\u00f9 di cento anni perch\u00e9 produceva cime di lana con bassi livelli di contaminazione da fibre scure e medullate. Recentemente, i trasformatori di lana australiana, sia nelle fasi iniziali sia in quelle successive, hanno notato un aumento della presenza di fibre scure e medullate nelle cime di lana prodotte con lana Merino australiana.<\/p>\n\n\n\n<p>L'International Wool Textile Organisation (IWTO), attraverso la sua affiliata australiana, la Federation of Australian Wool Organisations (FAWO), ha avviato un programma per proteggere la reputazione della pregiata lana bianca Merino australiana gestendo il rischio di contaminazione delle fibre scure e\/o medullate.<\/p>\n\n\n\n<div class=\"wp-block-buttons is-layout-flex wp-block-buttons-is-layout-flex\">\n<div class=\"wp-block-button\"><a class=\"wp-block-button__link wp-element-button\" href=\"\/it\/services\/raw-wool-testing\/dark-medullated-fibre-risk-scheme\/\">Per saperne di pi\u00f9: Schema di rischio per fibre scure e medullate<\/a><\/div>\n<\/div>\n\n\n\n<h2 class=\"wp-block-heading\">Lana rasata<\/h2>\n\n\n\n<p>La strigliatura \u00e8 il processo di preparazione e lavaggio di un lotto di lana grezza di pecora per rimuovere impurit\u00e0 come grasso, sporcizia e suina. AWTA Raw Wool \u00e8 in grado di eseguire il test certificato della lana lavata e carbonizzata per la base di lana, la base di materia vegetale e il diametro medio delle fibre.<\/p>\n\n\n\n<div class=\"wp-block-buttons is-layout-flex wp-block-buttons-is-layout-flex\">\n<div class=\"wp-block-button\"><a class=\"wp-block-button__link wp-element-button\" href=\"\/it\/services\/raw-wool-testing\/scoured-wool\/\">Per saperne di pi\u00f9: Lana raschiata<\/a><\/div>\n<\/div>\n<\/div>","protected":false},"excerpt":{"rendered":"<p>Rendimento e diametro della fibra Il servizio chiave di AWTA Raw Wool \u00e8 il campionamento, l'analisi e la certificazione indipendente del rendimento e del diametro della fibra della lana suc...<\/p>","protected":false},"author":1,"featured_media":0,"parent":39,"menu_order":0,"comment_status":"closed","ping_status":"closed","template":"","meta":{"_acf_changed":false,"footnotes":""},"class_list":["post-516","page","type-page","status-publish","hentry"],"acf":[],"yoast_head":"<!-- This site is optimized with the Yoast SEO plugin v27.0 - https:\/\/yoast.com\/product\/yoast-seo-wordpress\/ -->\n<title>Raw Wool Testing - AWTA Wool Testing<\/title>\n<meta name=\"robots\" content=\"index, follow, max-snippet:-1, max-image-preview:large, max-video-preview:-1\" \/>\n<link rel=\"canonical\" href=\"https:\/\/awtawooltesting.com.au\/it\/services\/raw-wool-testing\/\" \/>\n<meta property=\"og:locale\" content=\"it_IT\" \/>\n<meta property=\"og:type\" content=\"article\" \/>\n<meta property=\"og:title\" content=\"Raw Wool Testing - AWTA Wool Testing\" \/>\n<meta property=\"og:description\" content=\"Yield &amp; Fibre Diameter AWTA Raw Wool&#8217;s key service is the independent sampling, testing and certifying of the Yield and Fibre Diameter of greasy wool before\u2026\" \/>\n<meta property=\"og:url\" content=\"https:\/\/awtawooltesting.com.au\/it\/services\/raw-wool-testing\/\" \/>\n<meta property=\"og:site_name\" content=\"AWTA Wool Testing\" \/>\n<meta property=\"article:modified_time\" content=\"2025-12-04T02:02:12+00:00\" \/>\n<meta property=\"og:image\" content=\"https:\/\/awtawooltesting.com.au\/app\/uploads\/2025\/12\/AdobeStock_486047242-scaled.jpeg\" \/>\n\t<meta property=\"og:image:width\" content=\"2560\" \/>\n\t<meta property=\"og:image:height\" content=\"1708\" \/>\n\t<meta property=\"og:image:type\" content=\"image\/jpeg\" \/>\n<meta name=\"twitter:card\" content=\"summary_large_image\" \/>\n<meta name=\"twitter:label1\" content=\"Est. reading time\" \/>\n\t<meta name=\"twitter:data1\" content=\"4 minutes\" \/>\n<script type=\"application\/ld+json\" class=\"yoast-schema-graph\">{\"@context\":\"https:\/\/schema.org\",\"@graph\":[{\"@type\":\"WebPage\",\"@id\":\"https:\/\/awtawooltesting.com.au\/it\/services\/raw-wool-testing\/\",\"url\":\"https:\/\/awtawooltesting.com.au\/it\/services\/raw-wool-testing\/\",\"name\":\"Raw Wool Testing - AWTA Wool Testing\",\"isPartOf\":{\"@id\":\"https:\/\/awtawooltesting.com.au\/#website\"},\"primaryImageOfPage\":{\"@id\":\"https:\/\/awtawooltesting.com.au\/it\/services\/raw-wool-testing\/#primaryimage\"},\"image\":{\"@id\":\"https:\/\/awtawooltesting.com.au\/it\/services\/raw-wool-testing\/#primaryimage\"},\"thumbnailUrl\":\"https:\/\/awtawooltesting.com.au\/app\/uploads\/2025\/12\/AdobeStock_486047242-scaled.jpeg\",\"datePublished\":\"2025-08-07T10:17:56+00:00\",\"dateModified\":\"2025-12-04T02:02:12+00:00\",\"breadcrumb\":{\"@id\":\"https:\/\/awtawooltesting.com.au\/it\/services\/raw-wool-testing\/#breadcrumb\"},\"inLanguage\":\"it-IT\",\"potentialAction\":[{\"@type\":\"ReadAction\",\"target\":[\"https:\/\/awtawooltesting.com.au\/it\/services\/raw-wool-testing\/\"]}]},{\"@type\":\"ImageObject\",\"inLanguage\":\"it-IT\",\"@id\":\"https:\/\/awtawooltesting.com.au\/it\/services\/raw-wool-testing\/#primaryimage\",\"url\":\"https:\/\/awtawooltesting.com.au\/app\/uploads\/2025\/12\/AdobeStock_486047242-scaled.jpeg\",\"contentUrl\":\"https:\/\/awtawooltesting.com.au\/app\/uploads\/2025\/12\/AdobeStock_486047242-scaled.jpeg\"},{\"@type\":\"BreadcrumbList\",\"@id\":\"https:\/\/awtawooltesting.com.au\/it\/services\/raw-wool-testing\/#breadcrumb\",\"itemListElement\":[{\"@type\":\"ListItem\",\"position\":1,\"name\":\"Home\",\"item\":\"https:\/\/awtawooltesting.com.au\/\"},{\"@type\":\"ListItem\",\"position\":2,\"name\":\"Services\",\"item\":\"https:\/\/awtawooltesting.com.au\/it\/services\/\"},{\"@type\":\"ListItem\",\"position\":3,\"name\":\"Raw Wool Testing\"}]},{\"@type\":\"WebSite\",\"@id\":\"https:\/\/awtawooltesting.com.au\/#website\",\"url\":\"https:\/\/awtawooltesting.com.au\/\",\"name\":\"AWTA Wool Testing\",\"description\":\"\",\"publisher\":{\"@id\":\"https:\/\/awtawooltesting.com.au\/#organization\"},\"potentialAction\":[{\"@type\":\"SearchAction\",\"target\":{\"@type\":\"EntryPoint\",\"urlTemplate\":\"https:\/\/awtawooltesting.com.au\/?s={search_term_string}\"},\"query-input\":{\"@type\":\"PropertyValueSpecification\",\"valueRequired\":true,\"valueName\":\"search_term_string\"}}],\"inLanguage\":\"it-IT\"},{\"@type\":\"Organization\",\"@id\":\"https:\/\/awtawooltesting.com.au\/#organization\",\"name\":\"AWTA Wool Testing\",\"url\":\"https:\/\/awtawooltesting.com.au\/\",\"logo\":{\"@type\":\"ImageObject\",\"inLanguage\":\"it-IT\",\"@id\":\"https:\/\/awtawooltesting.com.au\/#\/schema\/logo\/image\/\",\"url\":\"https:\/\/awtawooltesting.com.au\/app\/uploads\/2025\/12\/awtarw.png\",\"contentUrl\":\"https:\/\/awtawooltesting.com.au\/app\/uploads\/2025\/12\/awtarw.png\",\"width\":1184,\"height\":1773,\"caption\":\"AWTA Wool Testing\"},\"image\":{\"@id\":\"https:\/\/awtawooltesting.com.au\/#\/schema\/logo\/image\/\"}}]}<\/script>\n<!-- \/ Yoast SEO plugin. -->","yoast_head_json":{"title":"Raw Wool Testing - AWTA Wool Testing","robots":{"index":"index","follow":"follow","max-snippet":"max-snippet:-1","max-image-preview":"max-image-preview:large","max-video-preview":"max-video-preview:-1"},"canonical":"https:\/\/awtawooltesting.com.au\/it\/services\/raw-wool-testing\/","og_locale":"it_IT","og_type":"article","og_title":"Raw Wool Testing - AWTA Wool Testing","og_description":"Yield &amp; Fibre Diameter AWTA Raw Wool&#8217;s key service is the independent sampling, testing and certifying of the Yield and Fibre Diameter of greasy wool before\u2026","og_url":"https:\/\/awtawooltesting.com.au\/it\/services\/raw-wool-testing\/","og_site_name":"AWTA Wool Testing","article_modified_time":"2025-12-04T02:02:12+00:00","og_image":[{"width":2560,"height":1708,"url":"https:\/\/awtawooltesting.com.au\/app\/uploads\/2025\/12\/AdobeStock_486047242-scaled.jpeg","type":"image\/jpeg"}],"twitter_card":"summary_large_image","twitter_misc":{"Est. reading time":"4 minutes"},"schema":{"@context":"https:\/\/schema.org","@graph":[{"@type":"WebPage","@id":"https:\/\/awtawooltesting.com.au\/it\/services\/raw-wool-testing\/","url":"https:\/\/awtawooltesting.com.au\/it\/services\/raw-wool-testing\/","name":"Raw Wool Testing - AWTA Wool Testing","isPartOf":{"@id":"https:\/\/awtawooltesting.com.au\/#website"},"primaryImageOfPage":{"@id":"https:\/\/awtawooltesting.com.au\/it\/services\/raw-wool-testing\/#primaryimage"},"image":{"@id":"https:\/\/awtawooltesting.com.au\/it\/services\/raw-wool-testing\/#primaryimage"},"thumbnailUrl":"https:\/\/awtawooltesting.com.au\/app\/uploads\/2025\/12\/AdobeStock_486047242-scaled.jpeg","datePublished":"2025-08-07T10:17:56+00:00","dateModified":"2025-12-04T02:02:12+00:00","breadcrumb":{"@id":"https:\/\/awtawooltesting.com.au\/it\/services\/raw-wool-testing\/#breadcrumb"},"inLanguage":"it-IT","potentialAction":[{"@type":"ReadAction","target":["https:\/\/awtawooltesting.com.au\/it\/services\/raw-wool-testing\/"]}]},{"@type":"ImageObject","inLanguage":"it-IT","@id":"https:\/\/awtawooltesting.com.au\/it\/services\/raw-wool-testing\/#primaryimage","url":"https:\/\/awtawooltesting.com.au\/app\/uploads\/2025\/12\/AdobeStock_486047242-scaled.jpeg","contentUrl":"https:\/\/awtawooltesting.com.au\/app\/uploads\/2025\/12\/AdobeStock_486047242-scaled.jpeg"},{"@type":"BreadcrumbList","@id":"https:\/\/awtawooltesting.com.au\/it\/services\/raw-wool-testing\/#breadcrumb","itemListElement":[{"@type":"ListItem","position":1,"name":"Home","item":"https:\/\/awtawooltesting.com.au\/"},{"@type":"ListItem","position":2,"name":"Services","item":"https:\/\/awtawooltesting.com.au\/it\/services\/"},{"@type":"ListItem","position":3,"name":"Raw Wool Testing"}]},{"@type":"WebSite","@id":"https:\/\/awtawooltesting.com.au\/#website","url":"https:\/\/awtawooltesting.com.au\/","name":"Test sulla lana AWTA","description":"","publisher":{"@id":"https:\/\/awtawooltesting.com.au\/#organization"},"potentialAction":[{"@type":"SearchAction","target":{"@type":"EntryPoint","urlTemplate":"https:\/\/awtawooltesting.com.au\/?s={search_term_string}"},"query-input":{"@type":"PropertyValueSpecification","valueRequired":true,"valueName":"search_term_string"}}],"inLanguage":"it-IT"},{"@type":"Organization","@id":"https:\/\/awtawooltesting.com.au\/#organization","name":"Test sulla lana AWTA","url":"https:\/\/awtawooltesting.com.au\/","logo":{"@type":"ImageObject","inLanguage":"it-IT","@id":"https:\/\/awtawooltesting.com.au\/#\/schema\/logo\/image\/","url":"https:\/\/awtawooltesting.com.au\/app\/uploads\/2025\/12\/awtarw.png","contentUrl":"https:\/\/awtawooltesting.com.au\/app\/uploads\/2025\/12\/awtarw.png","width":1184,"height":1773,"caption":"AWTA Wool Testing"},"image":{"@id":"https:\/\/awtawooltesting.com.au\/#\/schema\/logo\/image\/"}}]}},"_links":{"self":[{"href":"https:\/\/awtawooltesting.com.au\/it\/wp-json\/wp\/v2\/pages\/516","targetHints":{"allow":["GET"]}}],"collection":[{"href":"https:\/\/awtawooltesting.com.au\/it\/wp-json\/wp\/v2\/pages"}],"about":[{"href":"https:\/\/awtawooltesting.com.au\/it\/wp-json\/wp\/v2\/types\/page"}],"author":[{"embeddable":true,"href":"https:\/\/awtawooltesting.com.au\/it\/wp-json\/wp\/v2\/users\/1"}],"replies":[{"embeddable":true,"href":"https:\/\/awtawooltesting.com.au\/it\/wp-json\/wp\/v2\/comments?post=516"}],"version-history":[{"count":14,"href":"https:\/\/awtawooltesting.com.au\/it\/wp-json\/wp\/v2\/pages\/516\/revisions"}],"predecessor-version":[{"id":3478,"href":"https:\/\/awtawooltesting.com.au\/it\/wp-json\/wp\/v2\/pages\/516\/revisions\/3478"}],"up":[{"embeddable":true,"href":"https:\/\/awtawooltesting.com.au\/it\/wp-json\/wp\/v2\/pages\/39"}],"wp:attachment":[{"href":"https:\/\/awtawooltesting.com.au\/it\/wp-json\/wp\/v2\/media?parent=516"}],"curies":[{"name":"wp","href":"https:\/\/api.w.org\/{rel}","templated":true}]}}