{"id":884,"date":"2025-08-22T05:15:45","date_gmt":"2025-08-22T05:15:45","guid":{"rendered":"https:\/\/awtawooltesting.swim.net.au\/?page_id=884"},"modified":"2025-11-27T03:25:32","modified_gmt":"2025-11-27T03:25:32","slug":"terms-and-conditions","status":"publish","type":"page","link":"https:\/\/awtawooltesting.com.au\/fr\/about\/terms-and-conditions\/","title":{"rendered":"Conditions g\u00e9n\u00e9rales d'utilisation"},"content":{"rendered":"<div class=\"wp-block-group is-style-boxed is-layout-constrained wp-block-group-is-layout-constrained\">\n<p>En demandant l'un des services de cette division d'AWTA Ltd, vous reconnaissez avoir lu et accept\u00e9 d'\u00eatre li\u00e9 par les conditions g\u00e9n\u00e9rales d'utilisation des services.<\/p>\n\n\n\n<p>Nous pouvons modifier les conditions g\u00e9n\u00e9rales \u00e0 tout moment en vous en informant, notamment d'une ou de plusieurs des mani\u00e8res suivantes :<\/p>\n\n\n\n<ul class=\"wp-block-list\">\n<li>imprimer les conditions g\u00e9n\u00e9rales modifi\u00e9es sur nos formulaires de demande d'essai<\/li>\n\n\n\n<li>faire r\u00e9f\u00e9rence aux modifications et\/ou imprimer les conditions g\u00e9n\u00e9rales modifi\u00e9es dans un bulletin d'information ou une liste de frais<\/li>\n\n\n\n<li>publier les conditions g\u00e9n\u00e9rales modifi\u00e9es sur ce site web<\/li>\n<\/ul>\n\n\n\n<p>Le fait de continuer \u00e0 utiliser les services de test ou de conseil apr\u00e8s cet avis et\/ou cette modification constitue une acceptation de la modification.<\/p>\n\n\n\n<h2 class=\"wp-block-heading\">Documents \u00e0 t\u00e9l\u00e9charger :<\/h2>\n\n\n\n<div class=\"wp-block-buttons is-layout-flex wp-block-buttons-is-layout-flex\">\n<div class=\"wp-block-button is-style-gray-buttons\"><a class=\"wp-block-button__link wp-element-button\" href=\"\/fr\/app\/uploads\/2025\/09\/Raw-Wool-Terms-20250704.pdf\/\" target=\"_blank\" rel=\"noreferrer noopener\">Laine brute - Conditions juillet 2025<\/a><\/div>\n\n\n\n<div class=\"wp-block-button is-style-gray-buttons\"><a class=\"wp-block-button__link wp-element-button\" href=\"\/fr\/app\/uploads\/2025\/09\/Fleece-Measurement-Terms-20250704.pdf\/\" target=\"_blank\" rel=\"noreferrer noopener\">Mesure du molleton - Conditions juillet 2025<\/a><\/div>\n\n\n\n<div class=\"wp-block-button is-style-gray-buttons\"><a class=\"wp-block-button__link wp-element-button\" href=\"\/fr\/app\/uploads\/2025\/09\/Pesticide-Residue-Terms-20250704.pdf\/\" target=\"_blank\" rel=\"noreferrer noopener\">R\u00e9sidus de pesticides - Conditions juillet 2025<\/a><\/div>\n<\/div>\n<\/div>","protected":false},"excerpt":{"rendered":"<p>En demandant l'un des services de cette division d'AWTA Ltd, vous reconnaissez avoir lu et accept\u00e9 d'\u00eatre li\u00e9 par les Termes &amp; Conditions pour les provis...<\/p>","protected":false},"author":1,"featured_media":0,"parent":37,"menu_order":0,"comment_status":"closed","ping_status":"closed","template":"","meta":{"_acf_changed":false,"footnotes":""},"class_list":["post-884","page","type-page","status-publish","hentry"],"acf":[],"yoast_head":"<!-- This site is optimized with the Yoast SEO plugin v27.0 - https:\/\/yoast.com\/product\/yoast-seo-wordpress\/ -->\n<title>Terms and Conditions - AWTA Wool Testing<\/title>\n<meta name=\"robots\" content=\"index, follow, max-snippet:-1, max-image-preview:large, max-video-preview:-1\" \/>\n<link rel=\"canonical\" href=\"https:\/\/awtawooltesting.com.au\/fr\/about\/terms-and-conditions\/\" \/>\n<meta property=\"og:locale\" content=\"fr_FR\" \/>\n<meta property=\"og:type\" content=\"article\" \/>\n<meta property=\"og:title\" content=\"Terms and Conditions - AWTA Wool Testing\" \/>\n<meta property=\"og:description\" content=\"By requesting any of the services from this division of AWTA Ltd, you acknowledge that you have read and agree to be bound by the Terms &amp; Conditions for the provis\u2026\" \/>\n<meta property=\"og:url\" content=\"https:\/\/awtawooltesting.com.au\/fr\/about\/terms-and-conditions\/\" \/>\n<meta property=\"og:site_name\" content=\"AWTA Wool Testing\" \/>\n<meta property=\"article:modified_time\" content=\"2025-11-27T03:25:32+00:00\" \/>\n<meta name=\"twitter:card\" content=\"summary_large_image\" \/>\n<meta name=\"twitter:label1\" content=\"Est. reading time\" \/>\n\t<meta name=\"twitter:data1\" content=\"1 minute\" \/>\n<script type=\"application\/ld+json\" class=\"yoast-schema-graph\">{\"@context\":\"https:\/\/schema.org\",\"@graph\":[{\"@type\":\"WebPage\",\"@id\":\"https:\/\/awtawooltesting.com.au\/about\/terms-and-conditions\/\",\"url\":\"https:\/\/awtawooltesting.com.au\/about\/terms-and-conditions\/\",\"name\":\"Terms and Conditions - AWTA Wool Testing\",\"isPartOf\":{\"@id\":\"https:\/\/awtawooltesting.com.au\/#website\"},\"datePublished\":\"2025-08-22T05:15:45+00:00\",\"dateModified\":\"2025-11-27T03:25:32+00:00\",\"breadcrumb\":{\"@id\":\"https:\/\/awtawooltesting.com.au\/about\/terms-and-conditions\/#breadcrumb\"},\"inLanguage\":\"fr-FR\",\"potentialAction\":[{\"@type\":\"ReadAction\",\"target\":[\"https:\/\/awtawooltesting.com.au\/about\/terms-and-conditions\/\"]}]},{\"@type\":\"BreadcrumbList\",\"@id\":\"https:\/\/awtawooltesting.com.au\/about\/terms-and-conditions\/#breadcrumb\",\"itemListElement\":[{\"@type\":\"ListItem\",\"position\":1,\"name\":\"Home\",\"item\":\"https:\/\/awtawooltesting.com.au\/\"},{\"@type\":\"ListItem\",\"position\":2,\"name\":\"About\",\"item\":\"https:\/\/awtawooltesting.com.au\/about\/\"},{\"@type\":\"ListItem\",\"position\":3,\"name\":\"Terms and Conditions\"}]},{\"@type\":\"WebSite\",\"@id\":\"https:\/\/awtawooltesting.com.au\/#website\",\"url\":\"https:\/\/awtawooltesting.com.au\/\",\"name\":\"AWTA Wool Testing\",\"description\":\"\",\"publisher\":{\"@id\":\"https:\/\/awtawooltesting.com.au\/#organization\"},\"potentialAction\":[{\"@type\":\"SearchAction\",\"target\":{\"@type\":\"EntryPoint\",\"urlTemplate\":\"https:\/\/awtawooltesting.com.au\/?s={search_term_string}\"},\"query-input\":{\"@type\":\"PropertyValueSpecification\",\"valueRequired\":true,\"valueName\":\"search_term_string\"}}],\"inLanguage\":\"fr-FR\"},{\"@type\":\"Organization\",\"@id\":\"https:\/\/awtawooltesting.com.au\/#organization\",\"name\":\"AWTA Wool Testing\",\"url\":\"https:\/\/awtawooltesting.com.au\/\",\"logo\":{\"@type\":\"ImageObject\",\"inLanguage\":\"fr-FR\",\"@id\":\"https:\/\/awtawooltesting.com.au\/#\/schema\/logo\/image\/\",\"url\":\"https:\/\/awtawooltesting.com.au\/app\/uploads\/2025\/12\/awtarw.png\",\"contentUrl\":\"https:\/\/awtawooltesting.com.au\/app\/uploads\/2025\/12\/awtarw.png\",\"width\":1184,\"height\":1773,\"caption\":\"AWTA Wool Testing\"},\"image\":{\"@id\":\"https:\/\/awtawooltesting.com.au\/#\/schema\/logo\/image\/\"}}]}<\/script>\n<!-- \/ Yoast SEO plugin. -->","yoast_head_json":{"title":"Terms and Conditions - AWTA Wool Testing","robots":{"index":"index","follow":"follow","max-snippet":"max-snippet:-1","max-image-preview":"max-image-preview:large","max-video-preview":"max-video-preview:-1"},"canonical":"https:\/\/awtawooltesting.com.au\/fr\/about\/terms-and-conditions\/","og_locale":"fr_FR","og_type":"article","og_title":"Terms and Conditions - AWTA Wool Testing","og_description":"By requesting any of the services from this division of AWTA Ltd, you acknowledge that you have read and agree to be bound by the Terms &amp; Conditions for the provis\u2026","og_url":"https:\/\/awtawooltesting.com.au\/fr\/about\/terms-and-conditions\/","og_site_name":"AWTA Wool Testing","article_modified_time":"2025-11-27T03:25:32+00:00","twitter_card":"summary_large_image","twitter_misc":{"Est. reading time":"1 minute"},"schema":{"@context":"https:\/\/schema.org","@graph":[{"@type":"WebPage","@id":"https:\/\/awtawooltesting.com.au\/about\/terms-and-conditions\/","url":"https:\/\/awtawooltesting.com.au\/about\/terms-and-conditions\/","name":"Terms and Conditions - AWTA Wool Testing","isPartOf":{"@id":"https:\/\/awtawooltesting.com.au\/#website"},"datePublished":"2025-08-22T05:15:45+00:00","dateModified":"2025-11-27T03:25:32+00:00","breadcrumb":{"@id":"https:\/\/awtawooltesting.com.au\/about\/terms-and-conditions\/#breadcrumb"},"inLanguage":"fr-FR","potentialAction":[{"@type":"ReadAction","target":["https:\/\/awtawooltesting.com.au\/about\/terms-and-conditions\/"]}]},{"@type":"BreadcrumbList","@id":"https:\/\/awtawooltesting.com.au\/about\/terms-and-conditions\/#breadcrumb","itemListElement":[{"@type":"ListItem","position":1,"name":"Home","item":"https:\/\/awtawooltesting.com.au\/"},{"@type":"ListItem","position":2,"name":"About","item":"https:\/\/awtawooltesting.com.au\/about\/"},{"@type":"ListItem","position":3,"name":"Terms and Conditions"}]},{"@type":"WebSite","@id":"https:\/\/awtawooltesting.com.au\/#website","url":"https:\/\/awtawooltesting.com.au\/","name":"Test de laine AWTA","description":"","publisher":{"@id":"https:\/\/awtawooltesting.com.au\/#organization"},"potentialAction":[{"@type":"SearchAction","target":{"@type":"EntryPoint","urlTemplate":"https:\/\/awtawooltesting.com.au\/?s={search_term_string}"},"query-input":{"@type":"PropertyValueSpecification","valueRequired":true,"valueName":"search_term_string"}}],"inLanguage":"fr-FR"},{"@type":"Organization","@id":"https:\/\/awtawooltesting.com.au\/#organization","name":"Test de laine AWTA","url":"https:\/\/awtawooltesting.com.au\/","logo":{"@type":"ImageObject","inLanguage":"fr-FR","@id":"https:\/\/awtawooltesting.com.au\/#\/schema\/logo\/image\/","url":"https:\/\/awtawooltesting.com.au\/app\/uploads\/2025\/12\/awtarw.png","contentUrl":"https:\/\/awtawooltesting.com.au\/app\/uploads\/2025\/12\/awtarw.png","width":1184,"height":1773,"caption":"AWTA Wool Testing"},"image":{"@id":"https:\/\/awtawooltesting.com.au\/#\/schema\/logo\/image\/"}}]}},"_links":{"self":[{"href":"https:\/\/awtawooltesting.com.au\/fr\/wp-json\/wp\/v2\/pages\/884","targetHints":{"allow":["GET"]}}],"collection":[{"href":"https:\/\/awtawooltesting.com.au\/fr\/wp-json\/wp\/v2\/pages"}],"about":[{"href":"https:\/\/awtawooltesting.com.au\/fr\/wp-json\/wp\/v2\/types\/page"}],"author":[{"embeddable":true,"href":"https:\/\/awtawooltesting.com.au\/fr\/wp-json\/wp\/v2\/users\/1"}],"replies":[{"embeddable":true,"href":"https:\/\/awtawooltesting.com.au\/fr\/wp-json\/wp\/v2\/comments?post=884"}],"version-history":[{"count":14,"href":"https:\/\/awtawooltesting.com.au\/fr\/wp-json\/wp\/v2\/pages\/884\/revisions"}],"predecessor-version":[{"id":3402,"href":"https:\/\/awtawooltesting.com.au\/fr\/wp-json\/wp\/v2\/pages\/884\/revisions\/3402"}],"up":[{"embeddable":true,"href":"https:\/\/awtawooltesting.com.au\/fr\/wp-json\/wp\/v2\/pages\/37"}],"wp:attachment":[{"href":"https:\/\/awtawooltesting.com.au\/fr\/wp-json\/wp\/v2\/media?parent=884"}],"curies":[{"name":"wp","href":"https:\/\/api.w.org\/{rel}","templated":true}]}}