{"id":680,"date":"2025-08-18T07:11:16","date_gmt":"2025-08-18T07:11:16","guid":{"rendered":"https:\/\/awtawooltesting.swim.net.au\/?page_id=680"},"modified":"2025-11-27T03:39:24","modified_gmt":"2025-11-27T03:39:24","slug":"scoured-wool","status":"publish","type":"page","link":"https:\/\/awtawooltesting.com.au\/fr\/services\/raw-wool-testing\/scoured-wool\/","title":{"rendered":"Laine \u00e9crue"},"content":{"rendered":"<div class=\"wp-block-group is-style-boxed is-layout-constrained wp-block-group-is-layout-constrained\">\n<div class=\"wp-block-columns is-layout-flex wp-container-core-columns-is-layout-9d6595d7 wp-block-columns-is-layout-flex\">\n<div class=\"wp-block-column is-vertically-aligned-center is-layout-flow wp-block-column-is-layout-flow\">\n<p>Le d\u00e9creusage est le processus de pr\u00e9paration et de lavage d'un lot de laine brute de mouton afin d'\u00e9liminer les impuret\u00e9s telles que la graisse, la salet\u00e9 et le suint. AWTA Raw Wool est en mesure d'effectuer les tests certifi\u00e9s de la laine d\u00e9cap\u00e9e et carbonis\u00e9e pour la base de laine, la base de mati\u00e8re v\u00e9g\u00e9tale et le diam\u00e8tre moyen des fibres.<\/p>\n\n\n\n<p>Un autre test, appel\u00e9 test d'\u00e9tat, est utilis\u00e9 pour d\u00e9terminer la masse s\u00e8che \u00e0 l'\u00e9tuve et le poids de facturation calcul\u00e9 d'un lot de laine \u00e9corch\u00e9e ou carbonis\u00e9e. L'objectif d'un test d'\u00e9tat est de d\u00e9terminer le taux d'humidit\u00e9 moyen, ou la reprise, des lots de laine \u00e9corch\u00e9e ou carbonis\u00e9e.<\/p>\n\n\n\n<p>Un certificat de conditionnement IWTO est d\u00e9livr\u00e9 pour certifier la masse factur\u00e9e que le lot de laine aurait si son regain moyen \u00e9tait d'une valeur standard sp\u00e9cifi\u00e9e.<\/p>\n<\/div>\n\n\n\n<div class=\"wp-block-column is-layout-flow wp-block-column-is-layout-flow\">\n<figure class=\"wp-block-image size-full\"><img loading=\"lazy\" decoding=\"async\" width=\"350\" height=\"233\" src=\"https:\/\/awtawooltesting.com.au\/app\/uploads\/2025\/09\/scoured.jpg\" alt=\"\" class=\"wp-image-1837\" srcset=\"https:\/\/awtawooltesting.com.au\/app\/uploads\/2025\/09\/scoured.jpg 350w, https:\/\/awtawooltesting.com.au\/app\/uploads\/2025\/09\/scoured-300x200.jpg 300w\" sizes=\"auto, (max-width: 350px) 100vw, 350px\" \/><\/figure>\n<\/div>\n<\/div>\n\n\n\n<h4 class=\"wp-block-heading\">Pour en savoir plus :<\/h4>\n\n\n\n<div class=\"wp-block-buttons is-layout-flex wp-block-buttons-is-layout-flex\">\n<div class=\"wp-block-button is-style-gray-buttons\"><a class=\"wp-block-button__link wp-element-button\" href=\"\/fr\/app\/uploads\/2025\/09\/Fact-Sheet-Scoured-Carbonised-Wool.pdf\/\" target=\"_blank\" rel=\"noreferrer noopener\">Fiche d'information - Laine d\u00e9cap\u00e9e et carbonis\u00e9e<\/a><\/div>\n\n\n\n<div class=\"wp-block-button is-style-gray-buttons\"><a class=\"wp-block-button__link wp-element-button\" href=\"\/fr\/app\/uploads\/2025\/09\/Scoured-Carbonised-Wool-Test-Request.pdf\/\" target=\"_blank\" rel=\"noreferrer noopener\">Demande d'essai de laine d\u00e9cap\u00e9e et carbonis\u00e9e<\/a><\/div>\n<\/div>\n\n\n\n<h2 class=\"wp-block-heading\">Services d'essai de la laine brute<\/h2>\n\n\n\n<div class=\"wp-block-buttons is-horizontal is-layout-flex wp-block-buttons-is-layout-flex\">\n<div class=\"wp-block-button is-style-default\"><a class=\"wp-block-button__link wp-element-button\" href=\"https:\/\/awtawooltesting.com.au\/fr\/services\/raw-wool-testing\/yield-fibre-diameter\/\">Rendement et diam\u00e8tre des fibres<\/a><\/div>\n\n\n\n<div class=\"wp-block-button is-style-default\"><a class=\"wp-block-button__link wp-element-button\" href=\"\/fr\/services\/raw-wool-testing\/staple-length-strength\/\" target=\"_blank\" rel=\"noreferrer noopener\">Longueur et r\u00e9sistance des agrafes<\/a><\/div>\n\n\n\n<div class=\"wp-block-button is-style-default\"><a class=\"wp-block-button__link wp-element-button\" href=\"\/fr\/services\/raw-wool-testing\/clean-colour\/\" target=\"_blank\" rel=\"noreferrer noopener\">Couleur propre<\/a><\/div>\n\n\n\n<div class=\"wp-block-button is-style-default\"><a class=\"wp-block-button__link wp-element-button\" href=\"\/fr\/services\/raw-wool-testing\/fleece-measurement\/\" target=\"_blank\" rel=\"noreferrer noopener\">Mesure du molleton<\/a><\/div>\n\n\n\n<div class=\"wp-block-button is-style-default\"><a class=\"wp-block-button__link wp-element-button\" href=\"\/fr\/services\/raw-wool-testing\/pesticide-residues\/\" target=\"_blank\" rel=\"noreferrer noopener\">R\u00e9sidus de pesticides<\/a><\/div>\n\n\n\n<div class=\"wp-block-button is-style-default\"><a class=\"wp-block-button__link wp-element-button\" href=\"https:\/\/awtawooltesting.com.au\/fr\/services\/raw-wool-testing\/dark-medullated-fibre\/\" target=\"_blank\" rel=\"noreferrer noopener\">Fibre sombre et m\u00e9dullaire<\/a><\/div>\n\n\n\n<div class=\"wp-block-button is-style-default\"><a class=\"wp-block-button__link wp-element-button\" href=\"\/fr\/services\/raw-wool-testing\/dark-medullated-fibre-risk-scheme\/\" target=\"_blank\" rel=\"noreferrer noopener\">Sch\u00e9ma de risque pour les fibres noires et m\u00e9dull\u00e9es<\/a><\/div>\n<\/div>\n<\/div>\n\n\n\n<div style=\"background-image:url(&apos;https:\/\/awtawooltesting.com.au\/app\/uploads\/2025\/09\/249ce0f6360efa7ef030efe76d5252bb46ac76dc.png&apos;);background-size:cover;\" class=\"wp-block-group is-style-cta-banner is-layout-constrained wp-block-group-is-layout-constrained has-background\">\n<div class=\"wp-block-columns is-layout-flex wp-container-core-columns-is-layout-9d6595d7 wp-block-columns-is-layout-flex\">\n<div class=\"wp-block-column is-layout-flow wp-block-column-is-layout-flow\"><\/div>\n\n\n\n<div class=\"wp-block-column is-layout-flow wp-block-column-is-layout-flow\">\n<h2 class=\"wp-block-heading has-light-gray-color has-text-color has-link-color wp-elements-aff3682a8c10eaf82ef7520d957f2f3d\">Pr\u00eat \u00e0 obtenir les services de test sp\u00e9cialis\u00e9s dont vous avez besoin ?<\/h2>\n\n\n\n<p class=\"has-light-gray-color has-text-color has-link-color wp-elements-52ac2f1992c475913289be292e553398\">Contactez-nous d\u00e8s aujourd'hui pour commencer.<\/p>\n\n\n\n<div class=\"wp-block-buttons is-layout-flex wp-block-buttons-is-layout-flex\">\n<div class=\"wp-block-button\"><a class=\"wp-block-button__link wp-element-button\">CONTACTEZ-NOUS<\/a><\/div>\n\n\n\n<div class=\"wp-block-button\"><a class=\"wp-block-button__link wp-element-button\">V\u00c9RIFICATION DU CERTIFICAT<\/a><\/div>\n<\/div>\n<\/div>\n<\/div>\n<\/div>","protected":false},"excerpt":{"rendered":"<p>Le d\u00e9creusage est le processus de pr\u00e9paration et de lavage d'un lot de laine brute de mouton afin d'\u00e9liminer les impuret\u00e9s telles que la graisse, la salet\u00e9 et le suint. La laine brute AWTA est capable de...<\/p>","protected":false},"author":1,"featured_media":0,"parent":516,"menu_order":0,"comment_status":"closed","ping_status":"closed","template":"","meta":{"_acf_changed":false,"footnotes":""},"class_list":["post-680","page","type-page","status-publish","hentry"],"acf":[],"yoast_head":"<!-- This site is optimized with the Yoast SEO plugin v27.0 - https:\/\/yoast.com\/product\/yoast-seo-wordpress\/ -->\n<title>Scoured Wool - AWTA Wool Testing<\/title>\n<meta name=\"robots\" content=\"index, follow, max-snippet:-1, max-image-preview:large, max-video-preview:-1\" \/>\n<link rel=\"canonical\" href=\"https:\/\/awtawooltesting.com.au\/fr\/services\/raw-wool-testing\/scoured-wool\/\" \/>\n<meta property=\"og:locale\" content=\"fr_FR\" \/>\n<meta property=\"og:type\" content=\"article\" \/>\n<meta property=\"og:title\" content=\"Scoured Wool - AWTA Wool Testing\" \/>\n<meta property=\"og:description\" content=\"Scouring is the process of preparing and washing a batch of raw sheep&#8217;s wool to remove impurities such as grease, dirt and suint. AWTA Raw Wool is able to perfor\u2026\" \/>\n<meta property=\"og:url\" content=\"https:\/\/awtawooltesting.com.au\/fr\/services\/raw-wool-testing\/scoured-wool\/\" \/>\n<meta property=\"og:site_name\" content=\"AWTA Wool Testing\" \/>\n<meta property=\"article:modified_time\" content=\"2025-11-27T03:39:24+00:00\" \/>\n<meta property=\"og:image\" content=\"https:\/\/awtawooltesting.com.au\/app\/uploads\/2025\/09\/scoured.jpg\" \/>\n\t<meta property=\"og:image:width\" content=\"350\" \/>\n\t<meta property=\"og:image:height\" content=\"233\" \/>\n\t<meta property=\"og:image:type\" content=\"image\/jpeg\" \/>\n<meta name=\"twitter:card\" content=\"summary_large_image\" \/>\n<meta name=\"twitter:label1\" content=\"Est. reading time\" \/>\n\t<meta name=\"twitter:data1\" content=\"1 minute\" \/>\n<script type=\"application\/ld+json\" class=\"yoast-schema-graph\">{\"@context\":\"https:\/\/schema.org\",\"@graph\":[{\"@type\":\"WebPage\",\"@id\":\"https:\/\/awtawooltesting.com.au\/services\/raw-wool-testing\/scoured-wool\/\",\"url\":\"https:\/\/awtawooltesting.com.au\/services\/raw-wool-testing\/scoured-wool\/\",\"name\":\"Scoured Wool - AWTA Wool Testing\",\"isPartOf\":{\"@id\":\"https:\/\/awtawooltesting.com.au\/#website\"},\"primaryImageOfPage\":{\"@id\":\"https:\/\/awtawooltesting.com.au\/services\/raw-wool-testing\/scoured-wool\/#primaryimage\"},\"image\":{\"@id\":\"https:\/\/awtawooltesting.com.au\/services\/raw-wool-testing\/scoured-wool\/#primaryimage\"},\"thumbnailUrl\":\"https:\/\/awtawooltesting.com.au\/app\/uploads\/2025\/09\/scoured.jpg\",\"datePublished\":\"2025-08-18T07:11:16+00:00\",\"dateModified\":\"2025-11-27T03:39:24+00:00\",\"breadcrumb\":{\"@id\":\"https:\/\/awtawooltesting.com.au\/services\/raw-wool-testing\/scoured-wool\/#breadcrumb\"},\"inLanguage\":\"fr-FR\",\"potentialAction\":[{\"@type\":\"ReadAction\",\"target\":[\"https:\/\/awtawooltesting.com.au\/services\/raw-wool-testing\/scoured-wool\/\"]}]},{\"@type\":\"ImageObject\",\"inLanguage\":\"fr-FR\",\"@id\":\"https:\/\/awtawooltesting.com.au\/services\/raw-wool-testing\/scoured-wool\/#primaryimage\",\"url\":\"https:\/\/awtawooltesting.com.au\/app\/uploads\/2025\/09\/scoured.jpg\",\"contentUrl\":\"https:\/\/awtawooltesting.com.au\/app\/uploads\/2025\/09\/scoured.jpg\"},{\"@type\":\"BreadcrumbList\",\"@id\":\"https:\/\/awtawooltesting.com.au\/services\/raw-wool-testing\/scoured-wool\/#breadcrumb\",\"itemListElement\":[{\"@type\":\"ListItem\",\"position\":1,\"name\":\"Home\",\"item\":\"https:\/\/awtawooltesting.com.au\/\"},{\"@type\":\"ListItem\",\"position\":2,\"name\":\"Services\",\"item\":\"https:\/\/awtawooltesting.com.au\/it\/services\/\"},{\"@type\":\"ListItem\",\"position\":3,\"name\":\"Raw Wool Testing\",\"item\":\"https:\/\/awtawooltesting.com.au\/it\/services\/raw-wool-testing\/\"},{\"@type\":\"ListItem\",\"position\":4,\"name\":\"Scoured Wool\"}]},{\"@type\":\"WebSite\",\"@id\":\"https:\/\/awtawooltesting.com.au\/#website\",\"url\":\"https:\/\/awtawooltesting.com.au\/\",\"name\":\"AWTA Wool Testing\",\"description\":\"\",\"publisher\":{\"@id\":\"https:\/\/awtawooltesting.com.au\/#organization\"},\"potentialAction\":[{\"@type\":\"SearchAction\",\"target\":{\"@type\":\"EntryPoint\",\"urlTemplate\":\"https:\/\/awtawooltesting.com.au\/?s={search_term_string}\"},\"query-input\":{\"@type\":\"PropertyValueSpecification\",\"valueRequired\":true,\"valueName\":\"search_term_string\"}}],\"inLanguage\":\"fr-FR\"},{\"@type\":\"Organization\",\"@id\":\"https:\/\/awtawooltesting.com.au\/#organization\",\"name\":\"AWTA Wool Testing\",\"url\":\"https:\/\/awtawooltesting.com.au\/\",\"logo\":{\"@type\":\"ImageObject\",\"inLanguage\":\"fr-FR\",\"@id\":\"https:\/\/awtawooltesting.com.au\/#\/schema\/logo\/image\/\",\"url\":\"https:\/\/awtawooltesting.com.au\/app\/uploads\/2025\/12\/awtarw.png\",\"contentUrl\":\"https:\/\/awtawooltesting.com.au\/app\/uploads\/2025\/12\/awtarw.png\",\"width\":1184,\"height\":1773,\"caption\":\"AWTA Wool Testing\"},\"image\":{\"@id\":\"https:\/\/awtawooltesting.com.au\/#\/schema\/logo\/image\/\"}}]}<\/script>\n<!-- \/ Yoast SEO plugin. -->","yoast_head_json":{"title":"Scoured Wool - AWTA Wool Testing","robots":{"index":"index","follow":"follow","max-snippet":"max-snippet:-1","max-image-preview":"max-image-preview:large","max-video-preview":"max-video-preview:-1"},"canonical":"https:\/\/awtawooltesting.com.au\/fr\/services\/raw-wool-testing\/scoured-wool\/","og_locale":"fr_FR","og_type":"article","og_title":"Scoured Wool - AWTA Wool Testing","og_description":"Scouring is the process of preparing and washing a batch of raw sheep&#8217;s wool to remove impurities such as grease, dirt and suint. AWTA Raw Wool is able to perfor\u2026","og_url":"https:\/\/awtawooltesting.com.au\/fr\/services\/raw-wool-testing\/scoured-wool\/","og_site_name":"AWTA Wool Testing","article_modified_time":"2025-11-27T03:39:24+00:00","og_image":[{"width":350,"height":233,"url":"https:\/\/awtawooltesting.com.au\/app\/uploads\/2025\/09\/scoured.jpg","type":"image\/jpeg"}],"twitter_card":"summary_large_image","twitter_misc":{"Est. reading time":"1 minute"},"schema":{"@context":"https:\/\/schema.org","@graph":[{"@type":"WebPage","@id":"https:\/\/awtawooltesting.com.au\/services\/raw-wool-testing\/scoured-wool\/","url":"https:\/\/awtawooltesting.com.au\/services\/raw-wool-testing\/scoured-wool\/","name":"Scoured Wool - AWTA Wool Testing","isPartOf":{"@id":"https:\/\/awtawooltesting.com.au\/#website"},"primaryImageOfPage":{"@id":"https:\/\/awtawooltesting.com.au\/services\/raw-wool-testing\/scoured-wool\/#primaryimage"},"image":{"@id":"https:\/\/awtawooltesting.com.au\/services\/raw-wool-testing\/scoured-wool\/#primaryimage"},"thumbnailUrl":"https:\/\/awtawooltesting.com.au\/app\/uploads\/2025\/09\/scoured.jpg","datePublished":"2025-08-18T07:11:16+00:00","dateModified":"2025-11-27T03:39:24+00:00","breadcrumb":{"@id":"https:\/\/awtawooltesting.com.au\/services\/raw-wool-testing\/scoured-wool\/#breadcrumb"},"inLanguage":"fr-FR","potentialAction":[{"@type":"ReadAction","target":["https:\/\/awtawooltesting.com.au\/services\/raw-wool-testing\/scoured-wool\/"]}]},{"@type":"ImageObject","inLanguage":"fr-FR","@id":"https:\/\/awtawooltesting.com.au\/services\/raw-wool-testing\/scoured-wool\/#primaryimage","url":"https:\/\/awtawooltesting.com.au\/app\/uploads\/2025\/09\/scoured.jpg","contentUrl":"https:\/\/awtawooltesting.com.au\/app\/uploads\/2025\/09\/scoured.jpg"},{"@type":"BreadcrumbList","@id":"https:\/\/awtawooltesting.com.au\/services\/raw-wool-testing\/scoured-wool\/#breadcrumb","itemListElement":[{"@type":"ListItem","position":1,"name":"Home","item":"https:\/\/awtawooltesting.com.au\/"},{"@type":"ListItem","position":2,"name":"Services","item":"https:\/\/awtawooltesting.com.au\/it\/services\/"},{"@type":"ListItem","position":3,"name":"Raw Wool Testing","item":"https:\/\/awtawooltesting.com.au\/it\/services\/raw-wool-testing\/"},{"@type":"ListItem","position":4,"name":"Scoured Wool"}]},{"@type":"WebSite","@id":"https:\/\/awtawooltesting.com.au\/#website","url":"https:\/\/awtawooltesting.com.au\/","name":"Test de laine AWTA","description":"","publisher":{"@id":"https:\/\/awtawooltesting.com.au\/#organization"},"potentialAction":[{"@type":"SearchAction","target":{"@type":"EntryPoint","urlTemplate":"https:\/\/awtawooltesting.com.au\/?s={search_term_string}"},"query-input":{"@type":"PropertyValueSpecification","valueRequired":true,"valueName":"search_term_string"}}],"inLanguage":"fr-FR"},{"@type":"Organization","@id":"https:\/\/awtawooltesting.com.au\/#organization","name":"Test de laine AWTA","url":"https:\/\/awtawooltesting.com.au\/","logo":{"@type":"ImageObject","inLanguage":"fr-FR","@id":"https:\/\/awtawooltesting.com.au\/#\/schema\/logo\/image\/","url":"https:\/\/awtawooltesting.com.au\/app\/uploads\/2025\/12\/awtarw.png","contentUrl":"https:\/\/awtawooltesting.com.au\/app\/uploads\/2025\/12\/awtarw.png","width":1184,"height":1773,"caption":"AWTA Wool Testing"},"image":{"@id":"https:\/\/awtawooltesting.com.au\/#\/schema\/logo\/image\/"}}]}},"_links":{"self":[{"href":"https:\/\/awtawooltesting.com.au\/fr\/wp-json\/wp\/v2\/pages\/680","targetHints":{"allow":["GET"]}}],"collection":[{"href":"https:\/\/awtawooltesting.com.au\/fr\/wp-json\/wp\/v2\/pages"}],"about":[{"href":"https:\/\/awtawooltesting.com.au\/fr\/wp-json\/wp\/v2\/types\/page"}],"author":[{"embeddable":true,"href":"https:\/\/awtawooltesting.com.au\/fr\/wp-json\/wp\/v2\/users\/1"}],"replies":[{"embeddable":true,"href":"https:\/\/awtawooltesting.com.au\/fr\/wp-json\/wp\/v2\/comments?post=680"}],"version-history":[{"count":8,"href":"https:\/\/awtawooltesting.com.au\/fr\/wp-json\/wp\/v2\/pages\/680\/revisions"}],"predecessor-version":[{"id":3415,"href":"https:\/\/awtawooltesting.com.au\/fr\/wp-json\/wp\/v2\/pages\/680\/revisions\/3415"}],"up":[{"embeddable":true,"href":"https:\/\/awtawooltesting.com.au\/fr\/wp-json\/wp\/v2\/pages\/516"}],"wp:attachment":[{"href":"https:\/\/awtawooltesting.com.au\/fr\/wp-json\/wp\/v2\/media?parent=680"}],"curies":[{"name":"wp","href":"https:\/\/api.w.org\/{rel}","templated":true}]}}