{"id":678,"date":"2025-08-18T07:10:52","date_gmt":"2025-08-18T07:10:52","guid":{"rendered":"https:\/\/awtawooltesting.swim.net.au\/?page_id=678"},"modified":"2025-11-30T23:29:08","modified_gmt":"2025-11-30T23:29:08","slug":"dark-medullated-fibre","status":"publish","type":"page","link":"https:\/\/awtawooltesting.com.au\/fr\/services\/raw-wool-testing\/dark-medullated-fibre\/","title":{"rendered":"Fibre sombre et m\u00e9dullaire"},"content":{"rendered":"<div class=\"wp-block-group is-style-boxed is-layout-constrained wp-block-group-is-layout-constrained\">\n<div class=\"wp-block-columns is-layout-flex wp-container-core-columns-is-layout-9d6595d7 wp-block-columns-is-layout-flex\">\n<div class=\"wp-block-column is-vertically-aligned-center is-layout-flow wp-block-column-is-layout-flow\">\n<p>Le service d'analyse de la fibre noire propos\u00e9 par l'AWTA s'adresse aux producteurs de laine blanche qui tentent de g\u00e9rer la contamination par des races ovines exotiques ou qui souhaitent contr\u00f4ler la contamination de lots pr\u00e9sentant un risque \u00e9lev\u00e9 de contamination.<\/p>\n\n\n\n<p>Deux techniciens examinent visuellement quatre \u00e9chantillons, de 5 grammes chacun, d'une carotte lav\u00e9e et card\u00e9e en utilisant le d\u00e9tecteur de fibres sombres pour identifier les fibres sombres et m\u00e9dull\u00e9es pr\u00e9sentes. Ces \u00e9chantillons sont plac\u00e9s dans un sac en plastique scell\u00e9, dont l'air a \u00e9t\u00e9 exclu, o\u00f9 ils sont immerg\u00e9s dans un solvant ayant le m\u00eame indice de r\u00e9fraction que la laine. Les fibres de laine blanche deviennent transparentes, mais sous certaines conditions d'\u00e9clairage, les fibres sombres et m\u00e9dullaires deviennent visibles et peuvent \u00eatre compt\u00e9es. Ces r\u00e9sultats sont publi\u00e9s sous forme de rapports d'essai et pr\u00e9sent\u00e9s selon l'une des options suivantes :<\/p>\n<\/div>\n\n\n\n<div class=\"wp-block-column is-layout-flow wp-block-column-is-layout-flow\">\n<figure class=\"wp-block-image size-full\"><img loading=\"lazy\" decoding=\"async\" width=\"674\" height=\"446\" src=\"https:\/\/awtawooltesting.com.au\/app\/uploads\/2025\/11\/Image-10.jpg\" alt=\"\" class=\"wp-image-3206\" srcset=\"https:\/\/awtawooltesting.com.au\/app\/uploads\/2025\/11\/Image-10.jpg 674w, https:\/\/awtawooltesting.com.au\/app\/uploads\/2025\/11\/Image-10-300x199.jpg 300w, https:\/\/awtawooltesting.com.au\/app\/uploads\/2025\/11\/Image-10-18x12.jpg 18w\" sizes=\"auto, (max-width: 674px) 100vw, 674px\" \/><\/figure>\n<\/div>\n<\/div>\n\n\n\n<div class=\"wp-block-columns is-layout-flex wp-container-core-columns-is-layout-9d6595d7 wp-block-columns-is-layout-flex\">\n<div class=\"wp-block-column is-layout-flow wp-block-column-is-layout-flow\">\n<figure class=\"wp-block-image size-large\"><img loading=\"lazy\" decoding=\"async\" width=\"1024\" height=\"722\" src=\"https:\/\/awtawooltesting.com.au\/app\/uploads\/2025\/11\/Image-5-1024x722.jpg\" alt=\"\" class=\"wp-image-3194\" srcset=\"https:\/\/awtawooltesting.com.au\/app\/uploads\/2025\/11\/Image-5-1024x722.jpg 1024w, https:\/\/awtawooltesting.com.au\/app\/uploads\/2025\/11\/Image-5-300x212.jpg 300w, https:\/\/awtawooltesting.com.au\/app\/uploads\/2025\/11\/Image-5-768x542.jpg 768w, https:\/\/awtawooltesting.com.au\/app\/uploads\/2025\/11\/Image-5-18x12.jpg 18w, https:\/\/awtawooltesting.com.au\/app\/uploads\/2025\/11\/Image-5.jpg 1219w\" sizes=\"auto, (max-width: 1024px) 100vw, 1024px\" \/><\/figure>\n<\/div>\n\n\n\n<div class=\"wp-block-column is-vertically-aligned-center is-layout-flow wp-block-column-is-layout-flow\">\n<figure class=\"wp-block-table\"><table class=\"has-fixed-layout\"><tbody><tr><td><strong>R\u00e9sultat du test<\/strong><\/td><td><strong>Nombre de fibres<\/strong><\/td><\/tr><tr><td>LOW<\/td><td>0 - 10 fibres (par 10 grammes)<\/td><\/tr><tr><td>MOYEN<\/td><td>11 - 20 fibres (pour 10 grammes)<\/td><\/tr><tr><td>HAUT<\/td><td>&gt;20 fibres (par 10 grammes)<\/td><\/tr><\/tbody><\/table><\/figure>\n\n\n\n<p><\/p>\n\n\n\n<p>Les producteurs qui souhaitent b\u00e9n\u00e9ficier de ce service doivent en faire la demande aupr\u00e8s de leur courtier ou agent de vente de laine avant que leurs lots ne soient \u00e9chantillonn\u00e9s en vue de la certification du rendement, de la base de mati\u00e8re v\u00e9g\u00e9tale et du diam\u00e8tre moyen de la fibre.&nbsp;<\/p>\n<\/div>\n<\/div>\n\n\n\n<h2 class=\"wp-block-heading\">Pour en savoir plus :<\/h2>\n\n\n\n<div class=\"wp-block-buttons is-layout-flex wp-block-buttons-is-layout-flex\">\n<div class=\"wp-block-button is-style-gray-buttons\"><a class=\"wp-block-button__link wp-element-button\" href=\"\/fr\/app\/uploads\/2025\/09\/Dark-Medullated-Fibres-How-does-it-work.pdf\/\" target=\"_blank\" rel=\"noreferrer noopener\">Fibres sombres et m\u00e9dullaires - Comment cela fonctionne-t-il ?<\/a><\/div>\n\n\n\n<div class=\"wp-block-button is-style-gray-buttons\"><a class=\"wp-block-button__link wp-element-button\" href=\"\/fr\/app\/uploads\/2025\/09\/Dark-Medullated-Fibres-The-Facts-About-Testing.pdf\/\" target=\"_blank\" rel=\"noreferrer noopener\">Fibres sombres et m\u00e9dullaires - Les faits sur les tests<\/a><\/div>\n<\/div>\n\n\n\n<h2 class=\"wp-block-heading\">Services d'essai de la laine brute<\/h2>\n\n\n\n<div class=\"wp-block-buttons is-horizontal is-layout-flex wp-block-buttons-is-layout-flex\">\n<div class=\"wp-block-button is-style-default\"><a class=\"wp-block-button__link wp-element-button\" href=\"https:\/\/awtawooltesting.com.au\/fr\/services\/raw-wool-testing\/yield-fibre-diameter\/\">Rendement et diam\u00e8tre des fibres<\/a><\/div>\n\n\n\n<div class=\"wp-block-button is-style-default\"><a class=\"wp-block-button__link wp-element-button\" href=\"\/fr\/services\/raw-wool-testing\/staple-length-strength\/\" target=\"_blank\" rel=\"noreferrer noopener\">Longueur et r\u00e9sistance des agrafes<\/a><\/div>\n\n\n\n<div class=\"wp-block-button is-style-default\"><a class=\"wp-block-button__link wp-element-button\" href=\"\/fr\/services\/raw-wool-testing\/clean-colour\/\" target=\"_blank\" rel=\"noreferrer noopener\">Couleur propre<\/a><\/div>\n\n\n\n<div class=\"wp-block-button is-style-default\"><a class=\"wp-block-button__link wp-element-button\" href=\"\/fr\/services\/raw-wool-testing\/fleece-measurement\/\" target=\"_blank\" rel=\"noreferrer noopener\">Mesure du molleton<\/a><\/div>\n\n\n\n<div class=\"wp-block-button is-style-default\"><a class=\"wp-block-button__link wp-element-button\" href=\"\/fr\/services\/raw-wool-testing\/pesticide-residues\/\" target=\"_blank\" rel=\"noreferrer noopener\">R\u00e9sidus de pesticides<\/a><\/div>\n\n\n\n<div class=\"wp-block-button is-style-default\"><a class=\"wp-block-button__link wp-element-button\" href=\"\/fr\/services\/raw-wool-testing\/dark-medullated-fibre-risk-scheme\/\" target=\"_blank\" rel=\"noreferrer noopener\">Sch\u00e9ma de risque pour les fibres noires et m\u00e9dull\u00e9es<\/a><\/div>\n\n\n\n<div class=\"wp-block-button is-style-default\"><a class=\"wp-block-button__link wp-element-button\" href=\"\/fr\/services\/raw-wool-testing\/scoured-wool\/\" target=\"_blank\" rel=\"noreferrer noopener\">Laine \u00e9crue<\/a><\/div>\n<\/div>\n<\/div>\n\n\n\n<div style=\"background-image:url(&apos;https:\/\/awtawooltesting.com.au\/app\/uploads\/2025\/09\/249ce0f6360efa7ef030efe76d5252bb46ac76dc.png&apos;);background-size:cover;\" class=\"wp-block-group is-style-cta-banner is-layout-constrained wp-block-group-is-layout-constrained has-background\">\n<div class=\"wp-block-columns is-layout-flex wp-container-core-columns-is-layout-9d6595d7 wp-block-columns-is-layout-flex\">\n<div class=\"wp-block-column is-layout-flow wp-block-column-is-layout-flow\"><\/div>\n\n\n\n<div class=\"wp-block-column is-layout-flow wp-block-column-is-layout-flow\">\n<h2 class=\"wp-block-heading has-light-gray-color has-text-color has-link-color wp-elements-aff3682a8c10eaf82ef7520d957f2f3d\">Pr\u00eat \u00e0 obtenir les services de test sp\u00e9cialis\u00e9s dont vous avez besoin ?<\/h2>\n\n\n\n<p class=\"has-light-gray-color has-text-color has-link-color wp-elements-52ac2f1992c475913289be292e553398\">Contactez-nous d\u00e8s aujourd'hui pour commencer.<\/p>\n\n\n\n<div class=\"wp-block-buttons is-layout-flex wp-block-buttons-is-layout-flex\">\n<div class=\"wp-block-button\"><a class=\"wp-block-button__link wp-element-button\">CONTACTEZ-NOUS<\/a><\/div>\n\n\n\n<div class=\"wp-block-button\"><a class=\"wp-block-button__link wp-element-button\">V\u00c9RIFICATION DU CERTIFICAT<\/a><\/div>\n<\/div>\n<\/div>\n<\/div>\n<\/div>","protected":false},"excerpt":{"rendered":"<p>Le service de test de la fibre noire propos\u00e9 par l'AWTA s'adresse aux producteurs de laine blanche qui tentent de g\u00e9rer la contamination par des races ovines exotiques ou qui souhaitent mo...<\/p>","protected":false},"author":1,"featured_media":0,"parent":516,"menu_order":0,"comment_status":"closed","ping_status":"closed","template":"","meta":{"_acf_changed":false,"footnotes":""},"class_list":["post-678","page","type-page","status-publish","hentry"],"acf":[],"yoast_head":"<!-- This site is optimized with the Yoast SEO plugin v27.0 - https:\/\/yoast.com\/product\/yoast-seo-wordpress\/ -->\n<title>Dark &amp; Medullated Fibre - AWTA Wool Testing<\/title>\n<meta name=\"robots\" content=\"index, follow, max-snippet:-1, max-image-preview:large, max-video-preview:-1\" \/>\n<link rel=\"canonical\" href=\"https:\/\/awtawooltesting.com.au\/fr\/services\/raw-wool-testing\/dark-medullated-fibre\/\" \/>\n<meta property=\"og:locale\" content=\"fr_FR\" \/>\n<meta property=\"og:type\" content=\"article\" \/>\n<meta property=\"og:title\" content=\"Dark &amp; Medullated Fibre - AWTA Wool Testing\" \/>\n<meta property=\"og:description\" content=\"The Dark Fibre Testing service offered by AWTA is targeted at white-wool growers who are attempting to manage contamination from exotic sheep breeds, or who wish to mo\u2026\" \/>\n<meta property=\"og:url\" content=\"https:\/\/awtawooltesting.com.au\/fr\/services\/raw-wool-testing\/dark-medullated-fibre\/\" \/>\n<meta property=\"og:site_name\" content=\"AWTA Wool Testing\" \/>\n<meta property=\"article:modified_time\" content=\"2025-11-30T23:29:08+00:00\" \/>\n<meta property=\"og:image\" content=\"https:\/\/awtawooltesting.com.au\/app\/uploads\/2025\/11\/Image-10.jpg\" \/>\n\t<meta property=\"og:image:width\" content=\"674\" \/>\n\t<meta property=\"og:image:height\" content=\"446\" \/>\n\t<meta property=\"og:image:type\" content=\"image\/jpeg\" \/>\n<meta name=\"twitter:card\" content=\"summary_large_image\" \/>\n<meta name=\"twitter:label1\" content=\"Est. reading time\" \/>\n\t<meta name=\"twitter:data1\" content=\"1 minute\" \/>\n<script type=\"application\/ld+json\" class=\"yoast-schema-graph\">{\"@context\":\"https:\/\/schema.org\",\"@graph\":[{\"@type\":\"WebPage\",\"@id\":\"https:\/\/awtawooltesting.com.au\/services\/raw-wool-testing\/dark-medullated-fibre\/\",\"url\":\"https:\/\/awtawooltesting.com.au\/services\/raw-wool-testing\/dark-medullated-fibre\/\",\"name\":\"Dark &amp; Medullated Fibre - AWTA Wool Testing\",\"isPartOf\":{\"@id\":\"https:\/\/awtawooltesting.com.au\/#website\"},\"primaryImageOfPage\":{\"@id\":\"https:\/\/awtawooltesting.com.au\/services\/raw-wool-testing\/dark-medullated-fibre\/#primaryimage\"},\"image\":{\"@id\":\"https:\/\/awtawooltesting.com.au\/services\/raw-wool-testing\/dark-medullated-fibre\/#primaryimage\"},\"thumbnailUrl\":\"https:\/\/awtawooltesting.com.au\/app\/uploads\/2025\/11\/Image-10.jpg\",\"datePublished\":\"2025-08-18T07:10:52+00:00\",\"dateModified\":\"2025-11-30T23:29:08+00:00\",\"breadcrumb\":{\"@id\":\"https:\/\/awtawooltesting.com.au\/services\/raw-wool-testing\/dark-medullated-fibre\/#breadcrumb\"},\"inLanguage\":\"fr-FR\",\"potentialAction\":[{\"@type\":\"ReadAction\",\"target\":[\"https:\/\/awtawooltesting.com.au\/services\/raw-wool-testing\/dark-medullated-fibre\/\"]}]},{\"@type\":\"ImageObject\",\"inLanguage\":\"fr-FR\",\"@id\":\"https:\/\/awtawooltesting.com.au\/services\/raw-wool-testing\/dark-medullated-fibre\/#primaryimage\",\"url\":\"https:\/\/awtawooltesting.com.au\/app\/uploads\/2025\/11\/Image-10.jpg\",\"contentUrl\":\"https:\/\/awtawooltesting.com.au\/app\/uploads\/2025\/11\/Image-10.jpg\"},{\"@type\":\"BreadcrumbList\",\"@id\":\"https:\/\/awtawooltesting.com.au\/services\/raw-wool-testing\/dark-medullated-fibre\/#breadcrumb\",\"itemListElement\":[{\"@type\":\"ListItem\",\"position\":1,\"name\":\"Home\",\"item\":\"https:\/\/awtawooltesting.com.au\/\"},{\"@type\":\"ListItem\",\"position\":2,\"name\":\"Services\",\"item\":\"https:\/\/awtawooltesting.com.au\/it\/services\/\"},{\"@type\":\"ListItem\",\"position\":3,\"name\":\"Raw Wool Testing\",\"item\":\"https:\/\/awtawooltesting.com.au\/it\/services\/raw-wool-testing\/\"},{\"@type\":\"ListItem\",\"position\":4,\"name\":\"Dark &amp; Medullated Fibre\"}]},{\"@type\":\"WebSite\",\"@id\":\"https:\/\/awtawooltesting.com.au\/#website\",\"url\":\"https:\/\/awtawooltesting.com.au\/\",\"name\":\"AWTA Wool Testing\",\"description\":\"\",\"publisher\":{\"@id\":\"https:\/\/awtawooltesting.com.au\/#organization\"},\"potentialAction\":[{\"@type\":\"SearchAction\",\"target\":{\"@type\":\"EntryPoint\",\"urlTemplate\":\"https:\/\/awtawooltesting.com.au\/?s={search_term_string}\"},\"query-input\":{\"@type\":\"PropertyValueSpecification\",\"valueRequired\":true,\"valueName\":\"search_term_string\"}}],\"inLanguage\":\"fr-FR\"},{\"@type\":\"Organization\",\"@id\":\"https:\/\/awtawooltesting.com.au\/#organization\",\"name\":\"AWTA Wool Testing\",\"url\":\"https:\/\/awtawooltesting.com.au\/\",\"logo\":{\"@type\":\"ImageObject\",\"inLanguage\":\"fr-FR\",\"@id\":\"https:\/\/awtawooltesting.com.au\/#\/schema\/logo\/image\/\",\"url\":\"https:\/\/awtawooltesting.com.au\/app\/uploads\/2025\/12\/awtarw.png\",\"contentUrl\":\"https:\/\/awtawooltesting.com.au\/app\/uploads\/2025\/12\/awtarw.png\",\"width\":1184,\"height\":1773,\"caption\":\"AWTA Wool Testing\"},\"image\":{\"@id\":\"https:\/\/awtawooltesting.com.au\/#\/schema\/logo\/image\/\"}}]}<\/script>\n<!-- \/ Yoast SEO plugin. -->","yoast_head_json":{"title":"Dark &amp; Medullated Fibre - AWTA Wool Testing","robots":{"index":"index","follow":"follow","max-snippet":"max-snippet:-1","max-image-preview":"max-image-preview:large","max-video-preview":"max-video-preview:-1"},"canonical":"https:\/\/awtawooltesting.com.au\/fr\/services\/raw-wool-testing\/dark-medullated-fibre\/","og_locale":"fr_FR","og_type":"article","og_title":"Dark &amp; Medullated Fibre - AWTA Wool Testing","og_description":"The Dark Fibre Testing service offered by AWTA is targeted at white-wool growers who are attempting to manage contamination from exotic sheep breeds, or who wish to mo\u2026","og_url":"https:\/\/awtawooltesting.com.au\/fr\/services\/raw-wool-testing\/dark-medullated-fibre\/","og_site_name":"AWTA Wool Testing","article_modified_time":"2025-11-30T23:29:08+00:00","og_image":[{"width":674,"height":446,"url":"https:\/\/awtawooltesting.com.au\/app\/uploads\/2025\/11\/Image-10.jpg","type":"image\/jpeg"}],"twitter_card":"summary_large_image","twitter_misc":{"Est. reading time":"1 minute"},"schema":{"@context":"https:\/\/schema.org","@graph":[{"@type":"WebPage","@id":"https:\/\/awtawooltesting.com.au\/services\/raw-wool-testing\/dark-medullated-fibre\/","url":"https:\/\/awtawooltesting.com.au\/services\/raw-wool-testing\/dark-medullated-fibre\/","name":"Dark &amp; Medullated Fibre - AWTA Wool Testing","isPartOf":{"@id":"https:\/\/awtawooltesting.com.au\/#website"},"primaryImageOfPage":{"@id":"https:\/\/awtawooltesting.com.au\/services\/raw-wool-testing\/dark-medullated-fibre\/#primaryimage"},"image":{"@id":"https:\/\/awtawooltesting.com.au\/services\/raw-wool-testing\/dark-medullated-fibre\/#primaryimage"},"thumbnailUrl":"https:\/\/awtawooltesting.com.au\/app\/uploads\/2025\/11\/Image-10.jpg","datePublished":"2025-08-18T07:10:52+00:00","dateModified":"2025-11-30T23:29:08+00:00","breadcrumb":{"@id":"https:\/\/awtawooltesting.com.au\/services\/raw-wool-testing\/dark-medullated-fibre\/#breadcrumb"},"inLanguage":"fr-FR","potentialAction":[{"@type":"ReadAction","target":["https:\/\/awtawooltesting.com.au\/services\/raw-wool-testing\/dark-medullated-fibre\/"]}]},{"@type":"ImageObject","inLanguage":"fr-FR","@id":"https:\/\/awtawooltesting.com.au\/services\/raw-wool-testing\/dark-medullated-fibre\/#primaryimage","url":"https:\/\/awtawooltesting.com.au\/app\/uploads\/2025\/11\/Image-10.jpg","contentUrl":"https:\/\/awtawooltesting.com.au\/app\/uploads\/2025\/11\/Image-10.jpg"},{"@type":"BreadcrumbList","@id":"https:\/\/awtawooltesting.com.au\/services\/raw-wool-testing\/dark-medullated-fibre\/#breadcrumb","itemListElement":[{"@type":"ListItem","position":1,"name":"Home","item":"https:\/\/awtawooltesting.com.au\/"},{"@type":"ListItem","position":2,"name":"Services","item":"https:\/\/awtawooltesting.com.au\/it\/services\/"},{"@type":"ListItem","position":3,"name":"Raw Wool Testing","item":"https:\/\/awtawooltesting.com.au\/it\/services\/raw-wool-testing\/"},{"@type":"ListItem","position":4,"name":"Dark &amp; Medullated Fibre"}]},{"@type":"WebSite","@id":"https:\/\/awtawooltesting.com.au\/#website","url":"https:\/\/awtawooltesting.com.au\/","name":"Test de laine AWTA","description":"","publisher":{"@id":"https:\/\/awtawooltesting.com.au\/#organization"},"potentialAction":[{"@type":"SearchAction","target":{"@type":"EntryPoint","urlTemplate":"https:\/\/awtawooltesting.com.au\/?s={search_term_string}"},"query-input":{"@type":"PropertyValueSpecification","valueRequired":true,"valueName":"search_term_string"}}],"inLanguage":"fr-FR"},{"@type":"Organization","@id":"https:\/\/awtawooltesting.com.au\/#organization","name":"Test de laine AWTA","url":"https:\/\/awtawooltesting.com.au\/","logo":{"@type":"ImageObject","inLanguage":"fr-FR","@id":"https:\/\/awtawooltesting.com.au\/#\/schema\/logo\/image\/","url":"https:\/\/awtawooltesting.com.au\/app\/uploads\/2025\/12\/awtarw.png","contentUrl":"https:\/\/awtawooltesting.com.au\/app\/uploads\/2025\/12\/awtarw.png","width":1184,"height":1773,"caption":"AWTA Wool Testing"},"image":{"@id":"https:\/\/awtawooltesting.com.au\/#\/schema\/logo\/image\/"}}]}},"_links":{"self":[{"href":"https:\/\/awtawooltesting.com.au\/fr\/wp-json\/wp\/v2\/pages\/678","targetHints":{"allow":["GET"]}}],"collection":[{"href":"https:\/\/awtawooltesting.com.au\/fr\/wp-json\/wp\/v2\/pages"}],"about":[{"href":"https:\/\/awtawooltesting.com.au\/fr\/wp-json\/wp\/v2\/types\/page"}],"author":[{"embeddable":true,"href":"https:\/\/awtawooltesting.com.au\/fr\/wp-json\/wp\/v2\/users\/1"}],"replies":[{"embeddable":true,"href":"https:\/\/awtawooltesting.com.au\/fr\/wp-json\/wp\/v2\/comments?post=678"}],"version-history":[{"count":18,"href":"https:\/\/awtawooltesting.com.au\/fr\/wp-json\/wp\/v2\/pages\/678\/revisions"}],"predecessor-version":[{"id":3429,"href":"https:\/\/awtawooltesting.com.au\/fr\/wp-json\/wp\/v2\/pages\/678\/revisions\/3429"}],"up":[{"embeddable":true,"href":"https:\/\/awtawooltesting.com.au\/fr\/wp-json\/wp\/v2\/pages\/516"}],"wp:attachment":[{"href":"https:\/\/awtawooltesting.com.au\/fr\/wp-json\/wp\/v2\/media?parent=678"}],"curies":[{"name":"wp","href":"https:\/\/api.w.org\/{rel}","templated":true}]}}