{"id":675,"date":"2025-08-18T06:59:36","date_gmt":"2025-08-18T06:59:36","guid":{"rendered":"https:\/\/awtawooltesting.swim.net.au\/?page_id=675"},"modified":"2025-12-18T00:12:21","modified_gmt":"2025-12-18T00:12:21","slug":"certificate-verification","status":"publish","type":"page","link":"https:\/\/awtawooltesting.com.au\/fr\/services\/certificate-verification\/","title":{"rendered":"V\u00e9rification du certificat"},"content":{"rendered":"<div class=\"wp-block-group is-style-boxed-narrow is-layout-constrained wp-block-group-is-layout-constrained\">\n<p>Le syst\u00e8me de v\u00e9rification des certificats en ligne permet aux d\u00e9tenteurs de certificats de test de l'AWTA d'obtenir une autre copie par courrier \u00e9lectronique en saisissant simplement le num\u00e9ro du certificat, quelques informations de s\u00e9curit\u00e9 et une adresse \u00e9lectronique dans un formulaire en ligne. Ce syst\u00e8me a \u00e9t\u00e9 mis en place pour permettre aux personnes qui ont des certificats en leur possession de v\u00e9rifier qu'ils sont l\u00e9gitimes. Il n'est pas con\u00e7u pour permettre la reproduction des certificats par des personnes qui n'en sont pas propri\u00e9taires.\u00a0<\/p>\n\n\n\n<p>Les rapports sur l'\u00e9tat du mulesing peuvent \u00e9galement \u00eatre demand\u00e9s par l'interm\u00e9diaire de ce service. Les demandeurs ont besoin du num\u00e9ro de certificat et du code de s\u00e9curit\u00e9 d'un certificat combin\u00e9 ou d'un rapport sur l'\u00e9tat de Mulesing pour obtenir une copie du document.&nbsp;<\/p>\n\n\n\n<p>Pour v\u00e9rifier un certificat ou demander un rapport sur l'\u00e9tat du mulesing, utilisez le bouton [CLIQUEZ ICI] ci-dessous pour afficher la page web, puis mettez \u00e0 jour les champs comme expliqu\u00e9 ci-dessous :&nbsp;<\/p>\n\n\n\n<ol class=\"wp-block-list\">\n<li>Indiquez le num\u00e9ro complet du certificat AWTA dans le format N-NNNNNNNN-AN.<\/li>\n\n\n\n<li>Choisissez le type de document (certificat et\/ou rapport de mulesing) dans la liste d\u00e9roulante.<\/li>\n\n\n\n<li>Saisissez le code de s\u00e9curit\u00e9 imprim\u00e9 au bas du certificat.<\/li>\n\n\n\n<li>Saisissez l'adresse \u00e9lectronique de destination.<\/li>\n\n\n\n<li>Appuyez sur le bouton [Demande de v\u00e9rification].<\/li>\n<\/ol>\n\n\n\n<p>Si la demande a \u00e9t\u00e9 accept\u00e9e, un PDF du certificat ou du rapport Mulesing est envoy\u00e9 en pi\u00e8ce jointe \u00e0 l'adresse \u00e9lectronique d\u00e9sign\u00e9e. Plusieurs messages peuvent appara\u00eetre au cours de la proc\u00e9dure de v\u00e9rification. Il s'agit notamment des messages suivants<\/p>\n\n\n\n<ul class=\"wp-block-list\">\n<li>A&nbsp;<mark style=\"background-color:rgba(0, 0, 0, 0)\" class=\"has-inline-color has-green-600-color\">vert<\/mark>&nbsp;un message de confirmation pour confirmer que la demande a \u00e9t\u00e9 accept\u00e9e et qu'un fichier PDF a \u00e9t\u00e9 envoy\u00e9 automatiquement \u00e0 l'adresse \u00e9lectronique d\u00e9sign\u00e9e.<\/li>\n\n\n\n<li>A&nbsp;<mark style=\"background-color:rgba(0, 0, 0, 0)\" class=\"has-inline-color has-deep-red-color\">rouge<\/mark>&nbsp;Un message d'erreur s'affiche si la v\u00e9rification n'aboutit pas.<\/li>\n\n\n\n<li>A&nbsp;<mark style=\"background-color:rgba(0, 0, 0, 0)\" class=\"has-inline-color has-royal-blue-color\">bleu<\/mark>&nbsp;Un message d'\u00e9tat s'affiche si le certificat n'est plus \u00e0 jour. Dans les cas o\u00f9 le document n'est pas envoy\u00e9 par courrier \u00e9lectronique, un lien fourni dans le message permet aux utilisateurs d'envoyer un courrier \u00e9lectronique \u00e0 l'AWTA et de demander que nous v\u00e9rifiions le document. Dans ce cas, il se peut que nous devions \u00e9tablir que l'utilisateur est le propri\u00e9taire de bonne foi.<\/li>\n<\/ul>\n\n\n\n<p>Les rapports de situation de Mulesing ne peuvent \u00eatre obtenus qu'en utilisant le num\u00e9ro de certificat et le code de s\u00e9curit\u00e9 d'un certificat combin\u00e9 de l'IWTO ou d'un rapport de situation de Mulesing. Les codes de s\u00e9curit\u00e9 \u00e9tant diff\u00e9rents entre les deux documents, le d\u00e9tenteur d'un rapport de situation Mulesing ne peut pas obtenir une copie du certificat combin\u00e9 correspondant par ce biais.<\/p>\n\n\n\n<p>Les rapports sur l'\u00e9tat du mulesing ne sont pas disponibles avec d'autres certificats de l'AWTA.<\/p>\n\n\n\n<p>Pour acc\u00e9der au service de v\u00e9rification en ligne :<\/p>\n\n\n\n<div class=\"wp-block-buttons is-layout-flex wp-block-buttons-is-layout-flex\">\n<div class=\"wp-block-button\"><a class=\"wp-block-button__link wp-element-button\" href=\"https:\/\/services.awta.com.au\/OnlineVerf\/OnlineVerf.php\" target=\"_blank\" rel=\"noreferrer noopener\">CLIQUEZ ICI<\/a><\/div>\n<\/div>\n\n\n\n<h2 class=\"wp-block-heading\">Pour en savoir plus :<\/h2>\n\n\n\n<div class=\"wp-block-buttons is-layout-flex wp-block-buttons-is-layout-flex\">\n<div class=\"wp-block-button is-style-gray-buttons\"><a class=\"wp-block-button__link wp-element-button\" href=\"\/fr\/app\/uploads\/2025\/09\/Fact-Sheet-Certificate-Verification.pdf\/\" target=\"_blank\" rel=\"noreferrer noopener\">Fiche d'information - V\u00e9rification des certificats<\/a><\/div>\n\n\n\n<div class=\"wp-block-button is-style-gray-buttons\"><a class=\"wp-block-button__link wp-element-button\" href=\"\/fr\/app\/uploads\/2025\/09\/Fact-Sheet-Certificate-Verification-Chinese.pdf\/\" target=\"_blank\" rel=\"noreferrer noopener\">Fiche d'information - V\u00e9rification du certificat (chinois)<\/a><\/div>\n<\/div>\n<\/div>","protected":false},"excerpt":{"rendered":"<p>The\u00a0online Certificate Verification system allows holders of AWTA Test Certificates to obtain another copy via email simply by entering the certificate number, some s\u2026<\/p>","protected":false},"author":1,"featured_media":0,"parent":39,"menu_order":0,"comment_status":"closed","ping_status":"closed","template":"","meta":{"_acf_changed":false,"footnotes":""},"class_list":["post-675","page","type-page","status-publish","hentry"],"acf":[],"yoast_head":"<!-- This site is optimized with the Yoast SEO plugin v27.0 - https:\/\/yoast.com\/product\/yoast-seo-wordpress\/ -->\n<title>Certificate Verification - AWTA Wool Testing<\/title>\n<meta name=\"robots\" content=\"index, follow, max-snippet:-1, max-image-preview:large, max-video-preview:-1\" \/>\n<link rel=\"canonical\" href=\"https:\/\/awtawooltesting.com.au\/fr\/services\/certificate-verification\/\" \/>\n<meta property=\"og:locale\" content=\"fr_FR\" \/>\n<meta property=\"og:type\" content=\"article\" \/>\n<meta property=\"og:title\" content=\"Certificate Verification - AWTA Wool Testing\" \/>\n<meta property=\"og:description\" content=\"The\u00a0online Certificate Verification system allows holders of AWTA Test Certificates to obtain another copy via email simply by entering the certificate number, some s\u2026\" \/>\n<meta property=\"og:url\" content=\"https:\/\/awtawooltesting.com.au\/fr\/services\/certificate-verification\/\" \/>\n<meta property=\"og:site_name\" content=\"AWTA Wool Testing\" \/>\n<meta property=\"article:modified_time\" content=\"2025-12-18T00:12:21+00:00\" \/>\n<meta name=\"twitter:card\" content=\"summary_large_image\" \/>\n<meta name=\"twitter:label1\" content=\"Est. reading time\" \/>\n\t<meta name=\"twitter:data1\" content=\"2 minutes\" \/>\n<script type=\"application\/ld+json\" class=\"yoast-schema-graph\">{\"@context\":\"https:\/\/schema.org\",\"@graph\":[{\"@type\":\"WebPage\",\"@id\":\"https:\/\/awtawooltesting.com.au\/services\/certificate-verification\/\",\"url\":\"https:\/\/awtawooltesting.com.au\/services\/certificate-verification\/\",\"name\":\"Certificate Verification - AWTA Wool Testing\",\"isPartOf\":{\"@id\":\"https:\/\/awtawooltesting.com.au\/#website\"},\"datePublished\":\"2025-08-18T06:59:36+00:00\",\"dateModified\":\"2025-12-18T00:12:21+00:00\",\"breadcrumb\":{\"@id\":\"https:\/\/awtawooltesting.com.au\/services\/certificate-verification\/#breadcrumb\"},\"inLanguage\":\"fr-FR\",\"potentialAction\":[{\"@type\":\"ReadAction\",\"target\":[\"https:\/\/awtawooltesting.com.au\/services\/certificate-verification\/\"]}]},{\"@type\":\"BreadcrumbList\",\"@id\":\"https:\/\/awtawooltesting.com.au\/services\/certificate-verification\/#breadcrumb\",\"itemListElement\":[{\"@type\":\"ListItem\",\"position\":1,\"name\":\"Home\",\"item\":\"https:\/\/awtawooltesting.com.au\/\"},{\"@type\":\"ListItem\",\"position\":2,\"name\":\"Services\",\"item\":\"https:\/\/awtawooltesting.com.au\/it\/services\/\"},{\"@type\":\"ListItem\",\"position\":3,\"name\":\"Certificate Verification\"}]},{\"@type\":\"WebSite\",\"@id\":\"https:\/\/awtawooltesting.com.au\/#website\",\"url\":\"https:\/\/awtawooltesting.com.au\/\",\"name\":\"AWTA Wool Testing\",\"description\":\"\",\"publisher\":{\"@id\":\"https:\/\/awtawooltesting.com.au\/#organization\"},\"potentialAction\":[{\"@type\":\"SearchAction\",\"target\":{\"@type\":\"EntryPoint\",\"urlTemplate\":\"https:\/\/awtawooltesting.com.au\/?s={search_term_string}\"},\"query-input\":{\"@type\":\"PropertyValueSpecification\",\"valueRequired\":true,\"valueName\":\"search_term_string\"}}],\"inLanguage\":\"fr-FR\"},{\"@type\":\"Organization\",\"@id\":\"https:\/\/awtawooltesting.com.au\/#organization\",\"name\":\"AWTA Wool Testing\",\"url\":\"https:\/\/awtawooltesting.com.au\/\",\"logo\":{\"@type\":\"ImageObject\",\"inLanguage\":\"fr-FR\",\"@id\":\"https:\/\/awtawooltesting.com.au\/#\/schema\/logo\/image\/\",\"url\":\"https:\/\/awtawooltesting.com.au\/app\/uploads\/2025\/12\/awtarw.png\",\"contentUrl\":\"https:\/\/awtawooltesting.com.au\/app\/uploads\/2025\/12\/awtarw.png\",\"width\":1184,\"height\":1773,\"caption\":\"AWTA Wool Testing\"},\"image\":{\"@id\":\"https:\/\/awtawooltesting.com.au\/#\/schema\/logo\/image\/\"}}]}<\/script>\n<!-- \/ Yoast SEO plugin. -->","yoast_head_json":{"title":"Certificate Verification - AWTA Wool Testing","robots":{"index":"index","follow":"follow","max-snippet":"max-snippet:-1","max-image-preview":"max-image-preview:large","max-video-preview":"max-video-preview:-1"},"canonical":"https:\/\/awtawooltesting.com.au\/fr\/services\/certificate-verification\/","og_locale":"fr_FR","og_type":"article","og_title":"Certificate Verification - AWTA Wool Testing","og_description":"The\u00a0online Certificate Verification system allows holders of AWTA Test Certificates to obtain another copy via email simply by entering the certificate number, some s\u2026","og_url":"https:\/\/awtawooltesting.com.au\/fr\/services\/certificate-verification\/","og_site_name":"AWTA Wool Testing","article_modified_time":"2025-12-18T00:12:21+00:00","twitter_card":"summary_large_image","twitter_misc":{"Est. reading time":"2 minutes"},"schema":{"@context":"https:\/\/schema.org","@graph":[{"@type":"WebPage","@id":"https:\/\/awtawooltesting.com.au\/services\/certificate-verification\/","url":"https:\/\/awtawooltesting.com.au\/services\/certificate-verification\/","name":"Certificate Verification - AWTA Wool Testing","isPartOf":{"@id":"https:\/\/awtawooltesting.com.au\/#website"},"datePublished":"2025-08-18T06:59:36+00:00","dateModified":"2025-12-18T00:12:21+00:00","breadcrumb":{"@id":"https:\/\/awtawooltesting.com.au\/services\/certificate-verification\/#breadcrumb"},"inLanguage":"fr-FR","potentialAction":[{"@type":"ReadAction","target":["https:\/\/awtawooltesting.com.au\/services\/certificate-verification\/"]}]},{"@type":"BreadcrumbList","@id":"https:\/\/awtawooltesting.com.au\/services\/certificate-verification\/#breadcrumb","itemListElement":[{"@type":"ListItem","position":1,"name":"Home","item":"https:\/\/awtawooltesting.com.au\/"},{"@type":"ListItem","position":2,"name":"Services","item":"https:\/\/awtawooltesting.com.au\/it\/services\/"},{"@type":"ListItem","position":3,"name":"Certificate Verification"}]},{"@type":"WebSite","@id":"https:\/\/awtawooltesting.com.au\/#website","url":"https:\/\/awtawooltesting.com.au\/","name":"Test de laine AWTA","description":"","publisher":{"@id":"https:\/\/awtawooltesting.com.au\/#organization"},"potentialAction":[{"@type":"SearchAction","target":{"@type":"EntryPoint","urlTemplate":"https:\/\/awtawooltesting.com.au\/?s={search_term_string}"},"query-input":{"@type":"PropertyValueSpecification","valueRequired":true,"valueName":"search_term_string"}}],"inLanguage":"fr-FR"},{"@type":"Organization","@id":"https:\/\/awtawooltesting.com.au\/#organization","name":"Test de laine AWTA","url":"https:\/\/awtawooltesting.com.au\/","logo":{"@type":"ImageObject","inLanguage":"fr-FR","@id":"https:\/\/awtawooltesting.com.au\/#\/schema\/logo\/image\/","url":"https:\/\/awtawooltesting.com.au\/app\/uploads\/2025\/12\/awtarw.png","contentUrl":"https:\/\/awtawooltesting.com.au\/app\/uploads\/2025\/12\/awtarw.png","width":1184,"height":1773,"caption":"AWTA Wool Testing"},"image":{"@id":"https:\/\/awtawooltesting.com.au\/#\/schema\/logo\/image\/"}}]}},"_links":{"self":[{"href":"https:\/\/awtawooltesting.com.au\/fr\/wp-json\/wp\/v2\/pages\/675","targetHints":{"allow":["GET"]}}],"collection":[{"href":"https:\/\/awtawooltesting.com.au\/fr\/wp-json\/wp\/v2\/pages"}],"about":[{"href":"https:\/\/awtawooltesting.com.au\/fr\/wp-json\/wp\/v2\/types\/page"}],"author":[{"embeddable":true,"href":"https:\/\/awtawooltesting.com.au\/fr\/wp-json\/wp\/v2\/users\/1"}],"replies":[{"embeddable":true,"href":"https:\/\/awtawooltesting.com.au\/fr\/wp-json\/wp\/v2\/comments?post=675"}],"version-history":[{"count":8,"href":"https:\/\/awtawooltesting.com.au\/fr\/wp-json\/wp\/v2\/pages\/675\/revisions"}],"predecessor-version":[{"id":3789,"href":"https:\/\/awtawooltesting.com.au\/fr\/wp-json\/wp\/v2\/pages\/675\/revisions\/3789"}],"up":[{"embeddable":true,"href":"https:\/\/awtawooltesting.com.au\/fr\/wp-json\/wp\/v2\/pages\/39"}],"wp:attachment":[{"href":"https:\/\/awtawooltesting.com.au\/fr\/wp-json\/wp\/v2\/media?parent=675"}],"curies":[{"name":"wp","href":"https:\/\/api.w.org\/{rel}","templated":true}]}}