{"id":669,"date":"2025-08-18T06:43:13","date_gmt":"2025-08-18T06:43:13","guid":{"rendered":"https:\/\/awtawooltesting.swim.net.au\/?page_id=669"},"modified":"2025-12-03T05:40:31","modified_gmt":"2025-12-03T05:40:31","slug":"pesticide-residues","status":"publish","type":"page","link":"https:\/\/awtawooltesting.com.au\/fr\/services\/raw-wool-testing\/pesticide-residues\/","title":{"rendered":"R\u00e9sidus de pesticides"},"content":{"rendered":"<div class=\"wp-block-group is-style-boxed is-layout-constrained wp-block-group-is-layout-constrained\">\n<div class=\"wp-block-columns is-layout-flex wp-container-core-columns-is-layout-9d6595d7 wp-block-columns-is-layout-flex\">\n<div class=\"wp-block-column is-vertically-aligned-center is-layout-flow wp-block-column-is-layout-flow\">\n<p>Analyse qui identifie et quantifie le niveau r\u00e9siduel des produits chimiques de traitement des poux et des mouches dans la laine grasse, la laine semi-transform\u00e9e et la graisse de laine. La pr\u00e9sence de m\u00e9taux lourds tels que l'arsenic peut \u00e9galement \u00eatre d\u00e9termin\u00e9e.<\/p>\n\n\n\n<p>Les \u00e9chantillons de laine sont pr\u00e9par\u00e9s et m\u00e9lang\u00e9s dans l'un de nos laboratoires de laine brute, puis envoy\u00e9s pour analyse chimique \u00e0 la division Agrifood Technology de l'AWTA. Tous les produits chimiques pr\u00e9sents sont extraits de la laine selon un proc\u00e9d\u00e9 exclusif et leurs concentrations sont d\u00e9termin\u00e9es \u00e0 l'aide d'un \u00e9quipement de pointe.<\/p>\n\n\n\n<p>Les tests sont effectu\u00e9s conform\u00e9ment \u00e0 la m\u00e9thode DTM59-04 de l'Organisation internationale des textiles de laine.<\/p>\n\n\n\n<p>Nous cherchons \u00e9galement \u00e0 d\u00e9velopper des m\u00e9thodes pour d\u00e9terminer les niveaux r\u00e9siduels de pesticides dans des \u00e9chantillons individuels de toison.<\/p>\n<\/div>\n\n\n\n<div class=\"wp-block-column is-layout-flow wp-block-column-is-layout-flow\">\n<figure class=\"wp-block-image size-full\"><img loading=\"lazy\" decoding=\"async\" width=\"2560\" height=\"1708\" src=\"https:\/\/awtawooltesting.com.au\/app\/uploads\/2025\/12\/AdobeStock_486047242-scaled.jpeg\" alt=\"\" class=\"wp-image-3460\" srcset=\"https:\/\/awtawooltesting.com.au\/app\/uploads\/2025\/12\/AdobeStock_486047242-scaled.jpeg 2560w, https:\/\/awtawooltesting.com.au\/app\/uploads\/2025\/12\/AdobeStock_486047242-300x200.jpeg 300w, https:\/\/awtawooltesting.com.au\/app\/uploads\/2025\/12\/AdobeStock_486047242-1024x683.jpeg 1024w, https:\/\/awtawooltesting.com.au\/app\/uploads\/2025\/12\/AdobeStock_486047242-768x512.jpeg 768w, https:\/\/awtawooltesting.com.au\/app\/uploads\/2025\/12\/AdobeStock_486047242-1536x1025.jpeg 1536w, https:\/\/awtawooltesting.com.au\/app\/uploads\/2025\/12\/AdobeStock_486047242-2048x1366.jpeg 2048w, https:\/\/awtawooltesting.com.au\/app\/uploads\/2025\/12\/AdobeStock_486047242-18x12.jpeg 18w\" sizes=\"auto, (max-width: 2560px) 100vw, 2560px\" \/><\/figure>\n<\/div>\n<\/div>\n\n\n\n<figure class=\"wp-block-table\"><table class=\"has-fixed-layout\"><tbody><tr><td><strong><mark style=\"background-color:rgba(0, 0, 0, 0)\" class=\"has-inline-color has-royal-blue-color\">Organophosphates (OP)<\/mark><\/strong><\/td><td><strong><mark style=\"background-color:rgba(0, 0, 0, 0)\" class=\"has-inline-color has-royal-blue-color\">Organochlor\u00e9s (OG)<\/mark><\/strong><\/td><\/tr><tr><td>Propetamphos&nbsp;&nbsp;&nbsp;&nbsp;&nbsp;&nbsp;&nbsp; <br>Diazinon<br>Dichlofenthion<br>Chlorfenvinphos<br>Coumaphos<br>Fenchlorphos<br>Malathion<\/td><td rowspan=\"3\">Aldrin<br>Alpha BHC<br>B\u00eata BHC<br>Delta BHC<br>Gamma BHC (Lindane)<br>DDD<br>DDE<br>DDT<br>Dieldrine<br>Alpha Endosulfan<br>Beta Endosulphan<br>Sulfate d'endosulfan<br>Endrine<br>Heptachlore<br>HCB<\/td><\/tr><tr><td><strong><mark style=\"background-color:rgba(0, 0, 0, 0)\" class=\"has-inline-color has-royal-blue-color\">Pyr\u00e9thrino\u00efdes synth\u00e9tiques (SP)<\/mark><\/strong><\/td><\/tr><tr><td>Cyperm\u00e9thrine<br>Cyhalothrine<br>Deltam\u00e9thrine<br>Fenvalerate<br>Flum\u00e9thrine<\/td><\/tr><tr><td><strong><mark style=\"background-color:rgba(0, 0, 0, 0)\" class=\"has-inline-color has-royal-blue-color\">R\u00e9gulateurs de croissance des insectes (RCI)<\/mark><\/strong><\/td><td><strong><mark style=\"background-color:rgba(0, 0, 0, 0)\" class=\"has-inline-color has-royal-blue-color\">Autres produits chimiques test\u00e9s sur demande (non standard)<\/mark><\/strong><\/td><\/tr><tr><td>Diflubenzuron<br>Triflumeron<br>Cyromazine<br>Dicyclanil<br>Spinosad<\/td><td>Anthelminthique (AM) - Ivermectine<br>N\u00e9onicotino\u00efde (NI) - Imidaclopride<br>M\u00e9taux lourds - Arsenic \/ Mercure, etc.<\/td><\/tr><\/tbody><\/table><\/figure>\n\n\n\n<h4 class=\"wp-block-heading\">Pour en savoir plus :<\/h4>\n\n\n\n<div class=\"wp-block-buttons is-layout-flex wp-block-buttons-is-layout-flex\">\n<div class=\"wp-block-button is-style-gray-buttons\"><a class=\"wp-block-button__link wp-element-button\" href=\"\/fr\/app\/uploads\/2025\/09\/Fact-Sheet-Pesticide-Residue-Analysis.pdf\/\" target=\"_blank\" rel=\"noreferrer noopener\">Fiche d'information - Analyse des r\u00e9sidus de pesticides<\/a><\/div>\n\n\n\n<div class=\"wp-block-button is-style-gray-buttons\"><a class=\"wp-block-button__link wp-element-button\" href=\"\/fr\/app\/uploads\/2025\/09\/Pesticide-Residue-Test-Request-2025-26.pdf\/\" target=\"_blank\" rel=\"noreferrer noopener\">Demande d'analyse de r\u00e9sidus de pesticides<\/a><\/div>\n<\/div>\n\n\n\n<h2 class=\"wp-block-heading\">Services d'essai de la laine brute<\/h2>\n\n\n\n<div class=\"wp-block-buttons is-horizontal is-layout-flex wp-block-buttons-is-layout-flex\">\n<div class=\"wp-block-button is-style-default\"><a class=\"wp-block-button__link wp-element-button\" href=\"https:\/\/awtawooltesting.com.au\/fr\/services\/raw-wool-testing\/yield-fibre-diameter\/\">Rendement et diam\u00e8tre des fibres<\/a><\/div>\n\n\n\n<div class=\"wp-block-button is-style-default\"><a class=\"wp-block-button__link wp-element-button\" href=\"\/fr\/services\/raw-wool-testing\/staple-length-strength\/\" target=\"_blank\" rel=\"noreferrer noopener\">Longueur et r\u00e9sistance des agrafes<\/a><\/div>\n\n\n\n<div class=\"wp-block-button is-style-default\"><a class=\"wp-block-button__link wp-element-button\" href=\"\/fr\/services\/raw-wool-testing\/clean-colour\/\" target=\"_blank\" rel=\"noreferrer noopener\">Couleur propre<\/a><\/div>\n\n\n\n<div class=\"wp-block-button is-style-default\"><a class=\"wp-block-button__link wp-element-button\" href=\"\/fr\/services\/raw-wool-testing\/fleece-measurement\/\" target=\"_blank\" rel=\"noreferrer noopener\">Mesure du molleton<\/a><\/div>\n\n\n\n<div class=\"wp-block-button is-style-default\"><a class=\"wp-block-button__link wp-element-button\" href=\"\/fr\/services\/raw-wool-testing\/dark-medullated-fibre\/\" target=\"_blank\" rel=\"noreferrer noopener\">Fibre sombre et m\u00e9dullaire<\/a><\/div>\n\n\n\n<div class=\"wp-block-button is-style-default\"><a class=\"wp-block-button__link wp-element-button\" href=\"\/fr\/services\/raw-wool-testing\/dark-medullated-fibre-risk-scheme\/\" target=\"_blank\" rel=\"noreferrer noopener\">Sch\u00e9ma de risque pour les fibres noires et m\u00e9dull\u00e9es<\/a><\/div>\n\n\n\n<div class=\"wp-block-button is-style-default\"><a class=\"wp-block-button__link wp-element-button\" href=\"\/fr\/services\/raw-wool-testing\/scoured-wool\/\" target=\"_blank\" rel=\"noreferrer noopener\">Laine \u00e9crue<\/a><\/div>\n<\/div>\n<\/div>\n\n\n\n<div style=\"background-image:url(&apos;https:\/\/awtawooltesting.com.au\/app\/uploads\/2025\/09\/249ce0f6360efa7ef030efe76d5252bb46ac76dc.png&apos;);background-size:cover;\" class=\"wp-block-group is-style-cta-banner is-layout-constrained wp-block-group-is-layout-constrained has-background\">\n<div class=\"wp-block-columns is-layout-flex wp-container-core-columns-is-layout-9d6595d7 wp-block-columns-is-layout-flex\">\n<div class=\"wp-block-column is-layout-flow wp-block-column-is-layout-flow\"><\/div>\n\n\n\n<div class=\"wp-block-column is-layout-flow wp-block-column-is-layout-flow\">\n<h2 class=\"wp-block-heading has-light-gray-color has-text-color has-link-color wp-elements-aff3682a8c10eaf82ef7520d957f2f3d\">Pr\u00eat \u00e0 obtenir les services de test sp\u00e9cialis\u00e9s dont vous avez besoin ?<\/h2>\n\n\n\n<p class=\"has-light-gray-color has-text-color has-link-color wp-elements-52ac2f1992c475913289be292e553398\">Contactez-nous d\u00e8s aujourd'hui pour commencer.<\/p>\n\n\n\n<div class=\"wp-block-buttons is-layout-flex wp-block-buttons-is-layout-flex\">\n<div class=\"wp-block-button\"><a class=\"wp-block-button__link wp-element-button\">CONTACTEZ-NOUS<\/a><\/div>\n\n\n\n<div class=\"wp-block-button\"><a class=\"wp-block-button__link wp-element-button\">V\u00c9RIFICATION DU CERTIFICAT<\/a><\/div>\n<\/div>\n<\/div>\n<\/div>\n<\/div>","protected":false},"excerpt":{"rendered":"<p>Analyse permettant d'identifier et de quantifier le niveau r\u00e9siduel des produits chimiques de traitement des poux et des mouches dans la laine grasse, la laine semi-transform\u00e9e et le suint. La pr\u00e9sence de poux...<\/p>","protected":false},"author":1,"featured_media":0,"parent":516,"menu_order":0,"comment_status":"closed","ping_status":"closed","template":"","meta":{"_acf_changed":false,"footnotes":""},"class_list":["post-669","page","type-page","status-publish","hentry"],"acf":[],"yoast_head":"<!-- This site is optimized with the Yoast SEO plugin v27.0 - https:\/\/yoast.com\/product\/yoast-seo-wordpress\/ -->\n<title>Pesticide Residues - AWTA Wool Testing<\/title>\n<meta name=\"robots\" content=\"index, follow, max-snippet:-1, max-image-preview:large, max-video-preview:-1\" \/>\n<link rel=\"canonical\" href=\"https:\/\/awtawooltesting.com.au\/fr\/services\/raw-wool-testing\/pesticide-residues\/\" \/>\n<meta property=\"og:locale\" content=\"fr_FR\" \/>\n<meta property=\"og:type\" content=\"article\" \/>\n<meta property=\"og:title\" content=\"Pesticide Residues - AWTA Wool Testing\" \/>\n<meta property=\"og:description\" content=\"Analysis which identifies and quantifies the residual level of lice and fly treatment chemicals in greasy wool, semi-processed wool and wool grease. The presence of he\u2026\" \/>\n<meta property=\"og:url\" content=\"https:\/\/awtawooltesting.com.au\/fr\/services\/raw-wool-testing\/pesticide-residues\/\" \/>\n<meta property=\"og:site_name\" content=\"AWTA Wool Testing\" \/>\n<meta property=\"article:modified_time\" content=\"2025-12-03T05:40:31+00:00\" \/>\n<meta property=\"og:image\" content=\"https:\/\/awtawooltesting.com.au\/app\/uploads\/2025\/12\/AdobeStock_486047242-scaled.jpeg\" \/>\n\t<meta property=\"og:image:width\" content=\"2560\" \/>\n\t<meta property=\"og:image:height\" content=\"1708\" \/>\n\t<meta property=\"og:image:type\" content=\"image\/jpeg\" \/>\n<meta name=\"twitter:card\" content=\"summary_large_image\" \/>\n<meta name=\"twitter:label1\" content=\"Est. reading time\" \/>\n\t<meta name=\"twitter:data1\" content=\"1 minute\" \/>\n<script type=\"application\/ld+json\" class=\"yoast-schema-graph\">{\"@context\":\"https:\/\/schema.org\",\"@graph\":[{\"@type\":\"WebPage\",\"@id\":\"https:\/\/awtawooltesting.com.au\/services\/raw-wool-testing\/pesticide-residues\/\",\"url\":\"https:\/\/awtawooltesting.com.au\/services\/raw-wool-testing\/pesticide-residues\/\",\"name\":\"Pesticide Residues - AWTA Wool Testing\",\"isPartOf\":{\"@id\":\"https:\/\/awtawooltesting.com.au\/#website\"},\"primaryImageOfPage\":{\"@id\":\"https:\/\/awtawooltesting.com.au\/services\/raw-wool-testing\/pesticide-residues\/#primaryimage\"},\"image\":{\"@id\":\"https:\/\/awtawooltesting.com.au\/services\/raw-wool-testing\/pesticide-residues\/#primaryimage\"},\"thumbnailUrl\":\"https:\/\/awtawooltesting.com.au\/app\/uploads\/2025\/12\/AdobeStock_486047242-scaled.jpeg\",\"datePublished\":\"2025-08-18T06:43:13+00:00\",\"dateModified\":\"2025-12-03T05:40:31+00:00\",\"breadcrumb\":{\"@id\":\"https:\/\/awtawooltesting.com.au\/services\/raw-wool-testing\/pesticide-residues\/#breadcrumb\"},\"inLanguage\":\"fr-FR\",\"potentialAction\":[{\"@type\":\"ReadAction\",\"target\":[\"https:\/\/awtawooltesting.com.au\/services\/raw-wool-testing\/pesticide-residues\/\"]}]},{\"@type\":\"ImageObject\",\"inLanguage\":\"fr-FR\",\"@id\":\"https:\/\/awtawooltesting.com.au\/services\/raw-wool-testing\/pesticide-residues\/#primaryimage\",\"url\":\"https:\/\/awtawooltesting.com.au\/app\/uploads\/2025\/12\/AdobeStock_486047242-scaled.jpeg\",\"contentUrl\":\"https:\/\/awtawooltesting.com.au\/app\/uploads\/2025\/12\/AdobeStock_486047242-scaled.jpeg\"},{\"@type\":\"BreadcrumbList\",\"@id\":\"https:\/\/awtawooltesting.com.au\/services\/raw-wool-testing\/pesticide-residues\/#breadcrumb\",\"itemListElement\":[{\"@type\":\"ListItem\",\"position\":1,\"name\":\"Home\",\"item\":\"https:\/\/awtawooltesting.com.au\/\"},{\"@type\":\"ListItem\",\"position\":2,\"name\":\"Services\",\"item\":\"https:\/\/awtawooltesting.com.au\/it\/services\/\"},{\"@type\":\"ListItem\",\"position\":3,\"name\":\"Raw Wool Testing\",\"item\":\"https:\/\/awtawooltesting.com.au\/it\/services\/raw-wool-testing\/\"},{\"@type\":\"ListItem\",\"position\":4,\"name\":\"Pesticide Residues\"}]},{\"@type\":\"WebSite\",\"@id\":\"https:\/\/awtawooltesting.com.au\/#website\",\"url\":\"https:\/\/awtawooltesting.com.au\/\",\"name\":\"AWTA Wool Testing\",\"description\":\"\",\"publisher\":{\"@id\":\"https:\/\/awtawooltesting.com.au\/#organization\"},\"potentialAction\":[{\"@type\":\"SearchAction\",\"target\":{\"@type\":\"EntryPoint\",\"urlTemplate\":\"https:\/\/awtawooltesting.com.au\/?s={search_term_string}\"},\"query-input\":{\"@type\":\"PropertyValueSpecification\",\"valueRequired\":true,\"valueName\":\"search_term_string\"}}],\"inLanguage\":\"fr-FR\"},{\"@type\":\"Organization\",\"@id\":\"https:\/\/awtawooltesting.com.au\/#organization\",\"name\":\"AWTA Wool Testing\",\"url\":\"https:\/\/awtawooltesting.com.au\/\",\"logo\":{\"@type\":\"ImageObject\",\"inLanguage\":\"fr-FR\",\"@id\":\"https:\/\/awtawooltesting.com.au\/#\/schema\/logo\/image\/\",\"url\":\"https:\/\/awtawooltesting.com.au\/app\/uploads\/2025\/12\/awtarw.png\",\"contentUrl\":\"https:\/\/awtawooltesting.com.au\/app\/uploads\/2025\/12\/awtarw.png\",\"width\":1184,\"height\":1773,\"caption\":\"AWTA Wool Testing\"},\"image\":{\"@id\":\"https:\/\/awtawooltesting.com.au\/#\/schema\/logo\/image\/\"}}]}<\/script>\n<!-- \/ Yoast SEO plugin. -->","yoast_head_json":{"title":"Pesticide Residues - AWTA Wool Testing","robots":{"index":"index","follow":"follow","max-snippet":"max-snippet:-1","max-image-preview":"max-image-preview:large","max-video-preview":"max-video-preview:-1"},"canonical":"https:\/\/awtawooltesting.com.au\/fr\/services\/raw-wool-testing\/pesticide-residues\/","og_locale":"fr_FR","og_type":"article","og_title":"Pesticide Residues - AWTA Wool Testing","og_description":"Analysis which identifies and quantifies the residual level of lice and fly treatment chemicals in greasy wool, semi-processed wool and wool grease. The presence of he\u2026","og_url":"https:\/\/awtawooltesting.com.au\/fr\/services\/raw-wool-testing\/pesticide-residues\/","og_site_name":"AWTA Wool Testing","article_modified_time":"2025-12-03T05:40:31+00:00","og_image":[{"width":2560,"height":1708,"url":"https:\/\/awtawooltesting.com.au\/app\/uploads\/2025\/12\/AdobeStock_486047242-scaled.jpeg","type":"image\/jpeg"}],"twitter_card":"summary_large_image","twitter_misc":{"Est. reading time":"1 minute"},"schema":{"@context":"https:\/\/schema.org","@graph":[{"@type":"WebPage","@id":"https:\/\/awtawooltesting.com.au\/services\/raw-wool-testing\/pesticide-residues\/","url":"https:\/\/awtawooltesting.com.au\/services\/raw-wool-testing\/pesticide-residues\/","name":"Pesticide Residues - AWTA Wool Testing","isPartOf":{"@id":"https:\/\/awtawooltesting.com.au\/#website"},"primaryImageOfPage":{"@id":"https:\/\/awtawooltesting.com.au\/services\/raw-wool-testing\/pesticide-residues\/#primaryimage"},"image":{"@id":"https:\/\/awtawooltesting.com.au\/services\/raw-wool-testing\/pesticide-residues\/#primaryimage"},"thumbnailUrl":"https:\/\/awtawooltesting.com.au\/app\/uploads\/2025\/12\/AdobeStock_486047242-scaled.jpeg","datePublished":"2025-08-18T06:43:13+00:00","dateModified":"2025-12-03T05:40:31+00:00","breadcrumb":{"@id":"https:\/\/awtawooltesting.com.au\/services\/raw-wool-testing\/pesticide-residues\/#breadcrumb"},"inLanguage":"fr-FR","potentialAction":[{"@type":"ReadAction","target":["https:\/\/awtawooltesting.com.au\/services\/raw-wool-testing\/pesticide-residues\/"]}]},{"@type":"ImageObject","inLanguage":"fr-FR","@id":"https:\/\/awtawooltesting.com.au\/services\/raw-wool-testing\/pesticide-residues\/#primaryimage","url":"https:\/\/awtawooltesting.com.au\/app\/uploads\/2025\/12\/AdobeStock_486047242-scaled.jpeg","contentUrl":"https:\/\/awtawooltesting.com.au\/app\/uploads\/2025\/12\/AdobeStock_486047242-scaled.jpeg"},{"@type":"BreadcrumbList","@id":"https:\/\/awtawooltesting.com.au\/services\/raw-wool-testing\/pesticide-residues\/#breadcrumb","itemListElement":[{"@type":"ListItem","position":1,"name":"Home","item":"https:\/\/awtawooltesting.com.au\/"},{"@type":"ListItem","position":2,"name":"Services","item":"https:\/\/awtawooltesting.com.au\/it\/services\/"},{"@type":"ListItem","position":3,"name":"Raw Wool Testing","item":"https:\/\/awtawooltesting.com.au\/it\/services\/raw-wool-testing\/"},{"@type":"ListItem","position":4,"name":"Pesticide Residues"}]},{"@type":"WebSite","@id":"https:\/\/awtawooltesting.com.au\/#website","url":"https:\/\/awtawooltesting.com.au\/","name":"Test de laine AWTA","description":"","publisher":{"@id":"https:\/\/awtawooltesting.com.au\/#organization"},"potentialAction":[{"@type":"SearchAction","target":{"@type":"EntryPoint","urlTemplate":"https:\/\/awtawooltesting.com.au\/?s={search_term_string}"},"query-input":{"@type":"PropertyValueSpecification","valueRequired":true,"valueName":"search_term_string"}}],"inLanguage":"fr-FR"},{"@type":"Organization","@id":"https:\/\/awtawooltesting.com.au\/#organization","name":"Test de laine AWTA","url":"https:\/\/awtawooltesting.com.au\/","logo":{"@type":"ImageObject","inLanguage":"fr-FR","@id":"https:\/\/awtawooltesting.com.au\/#\/schema\/logo\/image\/","url":"https:\/\/awtawooltesting.com.au\/app\/uploads\/2025\/12\/awtarw.png","contentUrl":"https:\/\/awtawooltesting.com.au\/app\/uploads\/2025\/12\/awtarw.png","width":1184,"height":1773,"caption":"AWTA Wool Testing"},"image":{"@id":"https:\/\/awtawooltesting.com.au\/#\/schema\/logo\/image\/"}}]}},"_links":{"self":[{"href":"https:\/\/awtawooltesting.com.au\/fr\/wp-json\/wp\/v2\/pages\/669","targetHints":{"allow":["GET"]}}],"collection":[{"href":"https:\/\/awtawooltesting.com.au\/fr\/wp-json\/wp\/v2\/pages"}],"about":[{"href":"https:\/\/awtawooltesting.com.au\/fr\/wp-json\/wp\/v2\/types\/page"}],"author":[{"embeddable":true,"href":"https:\/\/awtawooltesting.com.au\/fr\/wp-json\/wp\/v2\/users\/1"}],"replies":[{"embeddable":true,"href":"https:\/\/awtawooltesting.com.au\/fr\/wp-json\/wp\/v2\/comments?post=669"}],"version-history":[{"count":16,"href":"https:\/\/awtawooltesting.com.au\/fr\/wp-json\/wp\/v2\/pages\/669\/revisions"}],"predecessor-version":[{"id":3463,"href":"https:\/\/awtawooltesting.com.au\/fr\/wp-json\/wp\/v2\/pages\/669\/revisions\/3463"}],"up":[{"embeddable":true,"href":"https:\/\/awtawooltesting.com.au\/fr\/wp-json\/wp\/v2\/pages\/516"}],"wp:attachment":[{"href":"https:\/\/awtawooltesting.com.au\/fr\/wp-json\/wp\/v2\/media?parent=669"}],"curies":[{"name":"wp","href":"https:\/\/api.w.org\/{rel}","templated":true}]}}