{"id":629,"date":"2025-08-14T05:18:23","date_gmt":"2025-08-14T05:18:23","guid":{"rendered":"https:\/\/awtawooltesting.swim.net.au\/?page_id=629"},"modified":"2025-12-23T03:33:00","modified_gmt":"2025-12-23T03:33:00","slug":"about-awta-raw-wool","status":"publish","type":"page","link":"https:\/\/awtawooltesting.com.au\/fr\/about\/about-awta-raw-wool\/","title":{"rendered":"\u00c0 propos de la laine brute AWTA"},"content":{"rendered":"<div class=\"wp-block-group is-style-boxed is-layout-constrained wp-block-group-is-layout-constrained\">\n<div class=\"wp-block-columns is-layout-flex wp-container-core-columns-is-layout-9d6595d7 wp-block-columns-is-layout-flex\">\n<div class=\"wp-block-column is-vertically-aligned-center is-layout-flow wp-block-column-is-layout-flow\">\n<h2 class=\"wp-block-heading\">\u00c0 propos de la laine brute AWTA<\/h2>\n\n\n\n<p>AWTA Raw Wool fournit des services ind\u00e9pendants et objectifs de certification de la laine. Les principaux services de l'AWTA Raw Wool sont l'\u00e9chantillonnage, l'analyse et la certification du rendement, du diam\u00e8tre des fibres, de la teneur en mati\u00e8res v\u00e9g\u00e9tales, de la longueur et de la r\u00e9sistance des fibres de la laine grasse avant qu'elle ne soit vendue.<br><br>En outre, l'AWTA Raw Wool propose des tests sur la laine \u00e9corch\u00e9e et carbonis\u00e9e ainsi que sur des fibres sp\u00e9ciales telles que le mohair, l'alpaga et le cachemire.<br><br>AWTA Raw Wool exploite deux laboratoires, l'un situ\u00e9 \u00e0 Melbourne (desservant les clients de Victoria, de Nouvelle-Galles du Sud, du Queensland, d'Australie-M\u00e9ridionale et de Tasmanie) et l'autre \u00e0 Perth (desservant les clients d'Australie-Occidentale). Il s'agit de la plus grande division du groupe AWTA Ltd. Elle comprend les op\u00e9rations d'\u00e9chantillonnage dans toute l'Australie, les laboratoires de laine brute, les op\u00e9rations de traitement des donn\u00e9es, le contr\u00f4le technique et le contr\u00f4le de la qualit\u00e9, ainsi qu'une \u00e9quipe sp\u00e9cialis\u00e9e dans la recherche et le d\u00e9veloppement.<\/p>\n<\/div>\n\n\n\n<div class=\"wp-block-column is-vertically-aligned-center is-layout-flow wp-block-column-is-layout-flow\">\n<iframe title=\"vimeo-player\" src=\"https:\/\/player.vimeo.com\/video\/186367300?h=0cb7944ffa&#038;title=0&#038;byline=0&#038;portrait=0\" width=\"100%\" height=\"\u201c100%\u201d\" frameborder=\"0\" referrerpolicy=\"strict-origin-when-cross-origin\" allow=\"autoplay; fullscreen; picture-in-picture; clipboard-write; encrypted-media; web-share\"   allowfullscreen><\/iframe>\n<\/div>\n<\/div>\n<\/div>\n\n\n\n<div class=\"wp-block-group is-style-boxed is-layout-constrained wp-block-group-is-layout-constrained\">\n<div class=\"wp-block-columns is-layout-flex wp-container-core-columns-is-layout-9d6595d7 wp-block-columns-is-layout-flex\" id=\"history\">\n<div class=\"wp-block-column is-vertically-aligned-center is-layout-flow wp-block-column-is-layout-flow\">\n<figure class=\"wp-block-image size-full is-style-full\"><img loading=\"lazy\" decoding=\"async\" width=\"2204\" height=\"2372\" src=\"https:\/\/awtawooltesting.com.au\/app\/uploads\/2025\/08\/Current-Fees-Header-Image.png\" alt=\"\" class=\"wp-image-737\" srcset=\"https:\/\/awtawooltesting.com.au\/app\/uploads\/2025\/08\/Current-Fees-Header-Image.png 2204w, https:\/\/awtawooltesting.com.au\/app\/uploads\/2025\/08\/Current-Fees-Header-Image-279x300.png 279w, https:\/\/awtawooltesting.com.au\/app\/uploads\/2025\/08\/Current-Fees-Header-Image-951x1024.png 951w, https:\/\/awtawooltesting.com.au\/app\/uploads\/2025\/08\/Current-Fees-Header-Image-768x827.png 768w, https:\/\/awtawooltesting.com.au\/app\/uploads\/2025\/08\/Current-Fees-Header-Image-1427x1536.png 1427w, https:\/\/awtawooltesting.com.au\/app\/uploads\/2025\/08\/Current-Fees-Header-Image-1903x2048.png 1903w\" sizes=\"auto, (max-width: 2204px) 100vw, 2204px\" \/><\/figure>\n<\/div>\n\n\n\n<div class=\"wp-block-column is-vertically-aligned-center is-layout-flow wp-block-column-is-layout-flow\">\n<h2 class=\"wp-block-heading\">Notre histoire<\/h2>\n\n\n\n<p>L'histoire de l'AWTA est synonyme de la transformation de la production, de la commercialisation, de l'\u00e9valuation et de la transformation de la laine, qui est pass\u00e9e d'une appr\u00e9ciation subjective \u00e0 des syst\u00e8mes d'\u00e9valuation objectifs.<br><br>AWTA Ltd, et ses services objectifs de mesure de la laine brute, a jou\u00e9 un r\u00f4le de plus en plus important dans la commercialisation de la laine australienne depuis la cr\u00e9ation de l'Autorit\u00e9 en tant qu'organisme statutaire. L'Australian Wool Testing Authority (AWTA) a \u00e9t\u00e9 cr\u00e9\u00e9e en 1957 par le gouvernement du Commonwealth.<br><br>Apr\u00e8s la cr\u00e9ation de l'Australian Wool Board en 1962, l'AWTA a \u00e9t\u00e9 cr\u00e9\u00e9e en tant que division distincte au sein de cette organisation le 1er juillet 1963. L'AWTA a conserv\u00e9 le m\u00eame statut au sein de l'Australian Wool Corporation lorsque celle-ci a \u00e9t\u00e9 cr\u00e9\u00e9e par la fusion de l'Australian Wool Board et de l'Australian Wool Commission le 1er janvier 1973.<\/p>\n\n\n\n<p>Cr\u00e9\u00e9e en tant que soci\u00e9t\u00e9 \u00e0 responsabilit\u00e9 limit\u00e9e par garantie le 14 mai 1982 \u00e0 la suite d'une d\u00e9cision du gouvernement australien de transf\u00e9rer les fonctions de l'AWTA statutaire au secteur public. En avril 1982, les m\u00eames int\u00e9r\u00eats de l'industrie laini\u00e8re qui constituaient l'AWTA en tant qu'organisme statutaire ont form\u00e9 une soci\u00e9t\u00e9 publique \u00e0 responsabilit\u00e9 limit\u00e9e par garantie, afin d'acqu\u00e9rir tous les actifs et passifs de l'organisme statutaire. AWTA Ltd a commenc\u00e9 ses activit\u00e9s le 1er juillet 1982, date \u00e0 laquelle elle a repris toutes les fonctions ant\u00e9rieures de l'AWTA.<br><br>La structure de l'AWTA Ltd est unique au sein de l'industrie laini\u00e8re, \u00e9tant une soci\u00e9t\u00e9 \u00e0 responsabilit\u00e9 limit\u00e9e par garantie mais sans actionnariat. Un conseil d'administration, repr\u00e9sentant tous les secteurs de l'industrie laini\u00e8re, r\u00e9git les op\u00e9rations d'AWTA Ltd, garantissant l'impartialit\u00e9 de la soci\u00e9t\u00e9. En raison de l'absence d'actionnaires, AWTA Ltd vend tous ses b\u00e9n\u00e9fices au sein de la soci\u00e9t\u00e9. Cela permet \u00e0 AWTA Raw Wool de minimiser les augmentations de frais, d'investir dans de nouvelles technologies et de continuer \u00e0 mener des activit\u00e9s de recherche et de d\u00e9veloppement de grande valeur.<\/p>\n\n\n\n<p><strong><em>Cliquez ici pour en savoir plus sur l'histoire de l'AWTA (auteur : David J Ward OAM) :<\/em><\/strong><\/p>\n\n\n\n<p><strong><a href=\"https:\/\/heyzine.com\/flip-book\/ed7296cb19.html\">Historique de l'autorit\u00e9 statutaire charg\u00e9e du contr\u00f4le de la laine en Australie (1957 - 1982)<\/a><\/strong><\/p>\n<\/div>\n<\/div>\n<\/div>","protected":false},"excerpt":{"rendered":"<p>A propos de l'AWTA Raw Wool L'AWTA Raw Wool fournit des services ind\u00e9pendants et objectifs de certification de la laine. Les principaux services d'AWTA Raw Wool sont l'\u00e9chantillonnage, les tests et la certification...<\/p>","protected":false},"author":1,"featured_media":0,"parent":37,"menu_order":0,"comment_status":"closed","ping_status":"closed","template":"","meta":{"_acf_changed":false,"footnotes":""},"class_list":["post-629","page","type-page","status-publish","hentry"],"acf":[],"yoast_head":"<!-- This site is optimized with the Yoast SEO plugin v27.0 - https:\/\/yoast.com\/product\/yoast-seo-wordpress\/ -->\n<title>About AWTA Raw Wool - AWTA Wool Testing<\/title>\n<meta name=\"robots\" content=\"index, follow, max-snippet:-1, max-image-preview:large, max-video-preview:-1\" \/>\n<link rel=\"canonical\" href=\"https:\/\/awtawooltesting.com.au\/fr\/about\/about-awta-raw-wool\/\" \/>\n<meta property=\"og:locale\" content=\"fr_FR\" \/>\n<meta property=\"og:type\" content=\"article\" \/>\n<meta property=\"og:title\" content=\"About AWTA Raw Wool - AWTA Wool Testing\" \/>\n<meta property=\"og:description\" content=\"About AWTA Raw Wool AWTA Raw Wool provides independent and objective wool certification services. AWTA Raw Wool&#8217;s major services are sampling, testing and certif\u2026\" \/>\n<meta property=\"og:url\" content=\"https:\/\/awtawooltesting.com.au\/fr\/about\/about-awta-raw-wool\/\" \/>\n<meta property=\"og:site_name\" content=\"AWTA Wool Testing\" \/>\n<meta property=\"article:modified_time\" content=\"2025-12-23T03:33:00+00:00\" \/>\n<meta property=\"og:image\" content=\"https:\/\/awtawooltesting.com.au\/app\/uploads\/2025\/08\/Current-Fees-Header-Image-951x1024.png\" \/>\n\t<meta property=\"og:image:width\" content=\"951\" \/>\n\t<meta property=\"og:image:height\" content=\"1024\" \/>\n\t<meta property=\"og:image:type\" content=\"image\/png\" \/>\n<meta name=\"twitter:card\" content=\"summary_large_image\" \/>\n<meta name=\"twitter:label1\" content=\"Est. reading time\" \/>\n\t<meta name=\"twitter:data1\" content=\"2 minutes\" \/>\n<script type=\"application\/ld+json\" class=\"yoast-schema-graph\">{\"@context\":\"https:\/\/schema.org\",\"@graph\":[{\"@type\":\"WebPage\",\"@id\":\"https:\/\/awtawooltesting.com.au\/about\/about-awta-raw-wool\/\",\"url\":\"https:\/\/awtawooltesting.com.au\/about\/about-awta-raw-wool\/\",\"name\":\"About AWTA Raw Wool - AWTA Wool Testing\",\"isPartOf\":{\"@id\":\"https:\/\/awtawooltesting.com.au\/#website\"},\"primaryImageOfPage\":{\"@id\":\"https:\/\/awtawooltesting.com.au\/about\/about-awta-raw-wool\/#primaryimage\"},\"image\":{\"@id\":\"https:\/\/awtawooltesting.com.au\/about\/about-awta-raw-wool\/#primaryimage\"},\"thumbnailUrl\":\"https:\/\/awtawooltesting.com.au\/app\/uploads\/2025\/08\/Current-Fees-Header-Image.png\",\"datePublished\":\"2025-08-14T05:18:23+00:00\",\"dateModified\":\"2025-12-23T03:33:00+00:00\",\"breadcrumb\":{\"@id\":\"https:\/\/awtawooltesting.com.au\/about\/about-awta-raw-wool\/#breadcrumb\"},\"inLanguage\":\"fr-FR\",\"potentialAction\":[{\"@type\":\"ReadAction\",\"target\":[\"https:\/\/awtawooltesting.com.au\/about\/about-awta-raw-wool\/\"]}]},{\"@type\":\"ImageObject\",\"inLanguage\":\"fr-FR\",\"@id\":\"https:\/\/awtawooltesting.com.au\/about\/about-awta-raw-wool\/#primaryimage\",\"url\":\"https:\/\/awtawooltesting.com.au\/app\/uploads\/2025\/08\/Current-Fees-Header-Image.png\",\"contentUrl\":\"https:\/\/awtawooltesting.com.au\/app\/uploads\/2025\/08\/Current-Fees-Header-Image.png\"},{\"@type\":\"BreadcrumbList\",\"@id\":\"https:\/\/awtawooltesting.com.au\/about\/about-awta-raw-wool\/#breadcrumb\",\"itemListElement\":[{\"@type\":\"ListItem\",\"position\":1,\"name\":\"Home\",\"item\":\"https:\/\/awtawooltesting.com.au\/\"},{\"@type\":\"ListItem\",\"position\":2,\"name\":\"About\",\"item\":\"https:\/\/awtawooltesting.com.au\/about\/\"},{\"@type\":\"ListItem\",\"position\":3,\"name\":\"About AWTA Raw Wool\"}]},{\"@type\":\"WebSite\",\"@id\":\"https:\/\/awtawooltesting.com.au\/#website\",\"url\":\"https:\/\/awtawooltesting.com.au\/\",\"name\":\"AWTA Wool Testing\",\"description\":\"\",\"publisher\":{\"@id\":\"https:\/\/awtawooltesting.com.au\/#organization\"},\"potentialAction\":[{\"@type\":\"SearchAction\",\"target\":{\"@type\":\"EntryPoint\",\"urlTemplate\":\"https:\/\/awtawooltesting.com.au\/?s={search_term_string}\"},\"query-input\":{\"@type\":\"PropertyValueSpecification\",\"valueRequired\":true,\"valueName\":\"search_term_string\"}}],\"inLanguage\":\"fr-FR\"},{\"@type\":\"Organization\",\"@id\":\"https:\/\/awtawooltesting.com.au\/#organization\",\"name\":\"AWTA Wool Testing\",\"url\":\"https:\/\/awtawooltesting.com.au\/\",\"logo\":{\"@type\":\"ImageObject\",\"inLanguage\":\"fr-FR\",\"@id\":\"https:\/\/awtawooltesting.com.au\/#\/schema\/logo\/image\/\",\"url\":\"https:\/\/awtawooltesting.com.au\/app\/uploads\/2025\/12\/awtarw.png\",\"contentUrl\":\"https:\/\/awtawooltesting.com.au\/app\/uploads\/2025\/12\/awtarw.png\",\"width\":1184,\"height\":1773,\"caption\":\"AWTA Wool Testing\"},\"image\":{\"@id\":\"https:\/\/awtawooltesting.com.au\/#\/schema\/logo\/image\/\"}}]}<\/script>\n<!-- \/ Yoast SEO plugin. -->","yoast_head_json":{"title":"About AWTA Raw Wool - AWTA Wool Testing","robots":{"index":"index","follow":"follow","max-snippet":"max-snippet:-1","max-image-preview":"max-image-preview:large","max-video-preview":"max-video-preview:-1"},"canonical":"https:\/\/awtawooltesting.com.au\/fr\/about\/about-awta-raw-wool\/","og_locale":"fr_FR","og_type":"article","og_title":"About AWTA Raw Wool - AWTA Wool Testing","og_description":"About AWTA Raw Wool AWTA Raw Wool provides independent and objective wool certification services. AWTA Raw Wool&#8217;s major services are sampling, testing and certif\u2026","og_url":"https:\/\/awtawooltesting.com.au\/fr\/about\/about-awta-raw-wool\/","og_site_name":"AWTA Wool Testing","article_modified_time":"2025-12-23T03:33:00+00:00","og_image":[{"width":951,"height":1024,"url":"https:\/\/awtawooltesting.com.au\/app\/uploads\/2025\/08\/Current-Fees-Header-Image-951x1024.png","type":"image\/png"}],"twitter_card":"summary_large_image","twitter_misc":{"Est. reading time":"2 minutes"},"schema":{"@context":"https:\/\/schema.org","@graph":[{"@type":"WebPage","@id":"https:\/\/awtawooltesting.com.au\/about\/about-awta-raw-wool\/","url":"https:\/\/awtawooltesting.com.au\/about\/about-awta-raw-wool\/","name":"About AWTA Raw Wool - AWTA Wool Testing","isPartOf":{"@id":"https:\/\/awtawooltesting.com.au\/#website"},"primaryImageOfPage":{"@id":"https:\/\/awtawooltesting.com.au\/about\/about-awta-raw-wool\/#primaryimage"},"image":{"@id":"https:\/\/awtawooltesting.com.au\/about\/about-awta-raw-wool\/#primaryimage"},"thumbnailUrl":"https:\/\/awtawooltesting.com.au\/app\/uploads\/2025\/08\/Current-Fees-Header-Image.png","datePublished":"2025-08-14T05:18:23+00:00","dateModified":"2025-12-23T03:33:00+00:00","breadcrumb":{"@id":"https:\/\/awtawooltesting.com.au\/about\/about-awta-raw-wool\/#breadcrumb"},"inLanguage":"fr-FR","potentialAction":[{"@type":"ReadAction","target":["https:\/\/awtawooltesting.com.au\/about\/about-awta-raw-wool\/"]}]},{"@type":"ImageObject","inLanguage":"fr-FR","@id":"https:\/\/awtawooltesting.com.au\/about\/about-awta-raw-wool\/#primaryimage","url":"https:\/\/awtawooltesting.com.au\/app\/uploads\/2025\/08\/Current-Fees-Header-Image.png","contentUrl":"https:\/\/awtawooltesting.com.au\/app\/uploads\/2025\/08\/Current-Fees-Header-Image.png"},{"@type":"BreadcrumbList","@id":"https:\/\/awtawooltesting.com.au\/about\/about-awta-raw-wool\/#breadcrumb","itemListElement":[{"@type":"ListItem","position":1,"name":"Home","item":"https:\/\/awtawooltesting.com.au\/"},{"@type":"ListItem","position":2,"name":"About","item":"https:\/\/awtawooltesting.com.au\/about\/"},{"@type":"ListItem","position":3,"name":"About AWTA Raw Wool"}]},{"@type":"WebSite","@id":"https:\/\/awtawooltesting.com.au\/#website","url":"https:\/\/awtawooltesting.com.au\/","name":"Test de laine AWTA","description":"","publisher":{"@id":"https:\/\/awtawooltesting.com.au\/#organization"},"potentialAction":[{"@type":"SearchAction","target":{"@type":"EntryPoint","urlTemplate":"https:\/\/awtawooltesting.com.au\/?s={search_term_string}"},"query-input":{"@type":"PropertyValueSpecification","valueRequired":true,"valueName":"search_term_string"}}],"inLanguage":"fr-FR"},{"@type":"Organization","@id":"https:\/\/awtawooltesting.com.au\/#organization","name":"Test de laine AWTA","url":"https:\/\/awtawooltesting.com.au\/","logo":{"@type":"ImageObject","inLanguage":"fr-FR","@id":"https:\/\/awtawooltesting.com.au\/#\/schema\/logo\/image\/","url":"https:\/\/awtawooltesting.com.au\/app\/uploads\/2025\/12\/awtarw.png","contentUrl":"https:\/\/awtawooltesting.com.au\/app\/uploads\/2025\/12\/awtarw.png","width":1184,"height":1773,"caption":"AWTA Wool Testing"},"image":{"@id":"https:\/\/awtawooltesting.com.au\/#\/schema\/logo\/image\/"}}]}},"_links":{"self":[{"href":"https:\/\/awtawooltesting.com.au\/fr\/wp-json\/wp\/v2\/pages\/629","targetHints":{"allow":["GET"]}}],"collection":[{"href":"https:\/\/awtawooltesting.com.au\/fr\/wp-json\/wp\/v2\/pages"}],"about":[{"href":"https:\/\/awtawooltesting.com.au\/fr\/wp-json\/wp\/v2\/types\/page"}],"author":[{"embeddable":true,"href":"https:\/\/awtawooltesting.com.au\/fr\/wp-json\/wp\/v2\/users\/1"}],"replies":[{"embeddable":true,"href":"https:\/\/awtawooltesting.com.au\/fr\/wp-json\/wp\/v2\/comments?post=629"}],"version-history":[{"count":27,"href":"https:\/\/awtawooltesting.com.au\/fr\/wp-json\/wp\/v2\/pages\/629\/revisions"}],"predecessor-version":[{"id":3810,"href":"https:\/\/awtawooltesting.com.au\/fr\/wp-json\/wp\/v2\/pages\/629\/revisions\/3810"}],"up":[{"embeddable":true,"href":"https:\/\/awtawooltesting.com.au\/fr\/wp-json\/wp\/v2\/pages\/37"}],"wp:attachment":[{"href":"https:\/\/awtawooltesting.com.au\/fr\/wp-json\/wp\/v2\/media?parent=629"}],"curies":[{"name":"wp","href":"https:\/\/api.w.org\/{rel}","templated":true}]}}