{"id":554,"date":"2025-08-07T10:20:33","date_gmt":"2025-08-07T10:20:33","guid":{"rendered":"https:\/\/awtawooltesting.swim.net.au\/?page_id=554"},"modified":"2026-02-10T01:27:03","modified_gmt":"2026-02-10T01:27:03","slug":"specialised-wool-equipment","status":"publish","type":"page","link":"https:\/\/awtawooltesting.com.au\/fr\/services\/equipment-manufacturing\/specialised-wool-equipment\/","title":{"rendered":"\u00c9quipement sp\u00e9cialis\u00e9 pour la laine"},"content":{"rendered":"<div class=\"wp-block-group is-style-boxed is-layout-constrained wp-block-group-is-layout-constrained\">\n<h2 class=\"wp-block-heading\" id=\"Wool-Comfortmeter\">ComfortMeter laine<\/h2>\n\n\n\n<div class=\"wp-block-columns is-layout-flex wp-container-core-columns-is-layout-9d6595d7 wp-block-columns-is-layout-flex\">\n<div class=\"wp-block-column is-layout-flow wp-block-column-is-layout-flow\">\n<p>Les d\u00e9taillants et les fabricants disposent d\u00e9sormais d'un moyen fiable de sp\u00e9cifier et de promouvoir objectivement un v\u00eatement sur la base de son confort sup\u00e9rieur pour le porteur, gr\u00e2ce au Wool ComfortMeter, un instrument de bureau facile \u00e0 utiliser.<\/p>\n\n\n\n<p>Mesurez facilement et avec pr\u00e9cision les tissus pour obtenir des valeurs de confort au contact de la peau.<\/p>\n\n\n\n<p>Les d\u00e9taillants et les fabricants disposent d\u00e9sormais d'un moyen fiable de sp\u00e9cifier objectivement et de promouvoir un v\u00eatement sur la base d'un confort sup\u00e9rieur pour le porteur.<\/p>\n\n\n\n<p>Le Wool ComfortMeter est un instrument de bureau facile \u00e0 utiliser, qui fournit des mesures objectives pr\u00e9cises des extr\u00e9mit\u00e9s des fibres dans les tissus, qui pourraient irriter les terminaisons nerveuses de la peau, entra\u00eenant une g\u00eane pour le porteur.<\/p>\n<\/div>\n\n\n\n<div class=\"wp-block-column is-layout-flow wp-block-column-is-layout-flow\">\n<figure class=\"wp-block-image size-large\"><img loading=\"lazy\" decoding=\"async\" width=\"1024\" height=\"1024\" src=\"https:\/\/awtawooltesting.com.au\/app\/uploads\/2025\/09\/Dancing_Lady-1024x1024.jpg\" alt=\"\" class=\"wp-image-2008\" srcset=\"https:\/\/awtawooltesting.com.au\/app\/uploads\/2025\/09\/Dancing_Lady-1024x1024.jpg 1024w, https:\/\/awtawooltesting.com.au\/app\/uploads\/2025\/09\/Dancing_Lady-300x300.jpg 300w, https:\/\/awtawooltesting.com.au\/app\/uploads\/2025\/09\/Dancing_Lady-150x150.jpg 150w, https:\/\/awtawooltesting.com.au\/app\/uploads\/2025\/09\/Dancing_Lady-768x767.jpg 768w, https:\/\/awtawooltesting.com.au\/app\/uploads\/2025\/09\/Dancing_Lady.jpg 1500w\" sizes=\"auto, (max-width: 1024px) 100vw, 1024px\" \/><\/figure>\n<\/div>\n<\/div>\n\n\n\n<div class=\"wp-block-columns is-layout-flex wp-container-core-columns-is-layout-9d6595d7 wp-block-columns-is-layout-flex\">\n<div class=\"wp-block-column is-layout-flow wp-block-column-is-layout-flow\">\n<figure class=\"wp-block-image size-large\"><img loading=\"lazy\" decoding=\"async\" width=\"1024\" height=\"528\" src=\"https:\/\/awtawooltesting.com.au\/app\/uploads\/2025\/09\/WCM_image_1-1-1024x528.jpg\" alt=\"\" class=\"wp-image-2011\" srcset=\"https:\/\/awtawooltesting.com.au\/app\/uploads\/2025\/09\/WCM_image_1-1-1024x528.jpg 1024w, https:\/\/awtawooltesting.com.au\/app\/uploads\/2025\/09\/WCM_image_1-1-300x155.jpg 300w, https:\/\/awtawooltesting.com.au\/app\/uploads\/2025\/09\/WCM_image_1-1-768x396.jpg 768w, https:\/\/awtawooltesting.com.au\/app\/uploads\/2025\/09\/WCM_image_1-1-1536x793.jpg 1536w, https:\/\/awtawooltesting.com.au\/app\/uploads\/2025\/09\/WCM_image_1-1-2048x1057.jpg 2048w, https:\/\/awtawooltesting.com.au\/app\/uploads\/2025\/09\/WCM_image_1-1-scaled.jpg 2560w\" sizes=\"auto, (max-width: 1024px) 100vw, 1024px\" \/><\/figure>\n\n\n\n<p class=\"has-text-align-center\"><strong>&nbsp;Un score plus \u00e9lev\u00e9 signifie que le tissu risque d'irriter la peau.&nbsp;<\/strong><\/p>\n<\/div>\n\n\n\n<div class=\"wp-block-column is-layout-flow wp-block-column-is-layout-flow\">\n<h3 class=\"wp-block-heading\">Qu'est-ce que le confort textile ?<\/h3>\n\n\n\n<p>Les extr\u00e9mit\u00e9s des fibres textiles sont suffisamment fines pour ne pas appuyer sur la peau de l'utilisateur, ce qui donne une sensation de douceur et de confort. Toutefois, si des fibres plus grossi\u00e8res sont pr\u00e9sentes, les extr\u00e9mit\u00e9s peuvent irriter les terminaisons nerveuses de la peau, ce qui provoque une sensation de grattage ou de d\u00e9mangeaison.<\/p>\n\n\n\n<p>La bonne nouvelle, c'est qu'il existe d\u00e9sormais un moyen fiable et objectif d'\u00e9valuer les tissus afin de d\u00e9tecter les extr\u00e9mit\u00e9s des fibres susceptibles de provoquer une g\u00eane.<\/p>\n\n\n\n<h3 class=\"wp-block-heading\">Wool ComfortMeter - Comment fonctionne-t-il ?<\/h3>\n\n\n\n<p>Le Wool ComfortMeter analyse la surface d'un tissu pour d\u00e9tecter la pr\u00e9sence de fibres connues pour provoquer des picotements. L'instrument calibr\u00e9 a \u00e9t\u00e9 mis au point \u00e0 l'aide d'essais approfondis aupr\u00e8s de consommateurs, au cours desquels les \u00e9chantillons se voient attribuer une note num\u00e9rique unique ; plus la note est basse, plus le consommateur se sent \u00e0 l'aise. Une note plus \u00e9lev\u00e9e signifie que le tissu risque d'irriter la peau.<\/p>\n<\/div>\n<\/div>\n<\/div>\n\n\n\n<div class=\"wp-block-group is-style-boxed-narrow is-layout-constrained wp-block-group-is-layout-constrained\">\n<p>Si le tissu test\u00e9 est destin\u00e9 \u00e0 la mode dans des conditions quotidiennes, une note l\u00e9g\u00e8rement plus \u00e9lev\u00e9e est acceptable (colonne 1). Si l'utilisation finale pr\u00e9vue est un v\u00eatement actif, ou si la performance est requise dans des conditions plus extr\u00eames, une note plus basse sera requise (colonne 2). En effet, lorsque la peau est mouill\u00e9e et que la temp\u00e9rature augmente, elle devient plus sensible.<\/p>\n\n\n\n<figure class=\"wp-block-table\"><table class=\"has-fixed-layout\"><tbody><tr><td>&nbsp;<\/td><td><strong>1 - TOUS LES JOURS<br>MODE<\/strong><\/td><td><strong>2 - V\u00caTEMENTS ACTIFS<\/strong><\/td><\/tr><tr><td>% de l'acceptation par les consommateurs<br>pour le niveau de confort<\/td><td>Niveau de confort<br>ComfortMeter laine<\/td><td>Niveau de confort<br>ComfortMeter laine<\/td><\/tr><tr><td>90<\/td><td>&lt; 450<\/td><td>&lt; 250<\/td><\/tr><tr><td>80<\/td><td>450 - 510<\/td><td>250 - 320<\/td><\/tr><tr><td>70<\/td><td>510 - 600<\/td><td>320 - 400<\/td><\/tr><tr><td>60<\/td><td>600 - 660<\/td><td>400 - 480<\/td><\/tr><tr><td>50<\/td><td>660 - 730<\/td><td>480 - 550<\/td><\/tr><tr><td>40<\/td><td>730 - 810<\/td><td>550 - 620<\/td><\/tr><\/tbody><\/table><\/figure>\n\n\n\n<p><\/p>\n\n\n\n<h3 class=\"wp-block-heading\">La recherche du confort<\/h3>\n\n\n\n<p>Le Wool ComfortMeter peut \u00eatre utilis\u00e9 par un d\u00e9taillant pour tester des produits existants ou dans le cadre de son processus d'innovation et de d\u00e9veloppement.<\/p>\n\n\n\n<p>Il suffit au d\u00e9taillant d'indiquer \u00e0 ses partenaires de la cha\u00eene d'approvisionnement le score Wool ComfortMeter qu'il pr\u00e9f\u00e8re. La cha\u00eene d'approvisionnement est en mesure de fabriquer les produits selon la sp\u00e9cification Wool ComfortMeter gr\u00e2ce \u00e0 l'approvisionnement en laine, au traitement et aux techniques de finition du tissu.<\/p>\n\n\n\n<p>Les d\u00e9taillants peuvent contr\u00f4ler la constance de la qualit\u00e9 du confort du v\u00eatement en testant des \u00e9chantillons de lots et en les comparant \u00e0 la note acceptable du Wool ComfortMeter, garantissant ainsi une qualit\u00e9 constante entre les exp\u00e9ditions et m\u00eame d'une saison \u00e0 l'autre.<\/p>\n\n\n\n<p><\/p>\n\n\n\n<h3 class=\"wp-block-heading\">Derni\u00e8re vid\u00e9o<\/h3>\n\n\n\n<figure class=\"wp-block-embed is-type-video is-provider-vimeo wp-block-embed-vimeo\"><div class=\"wp-block-embed__wrapper\">\n<iframe loading=\"lazy\" title=\"AWTA Wool Comfortmeter\u2122\" src=\"https:\/\/player.vimeo.com\/video\/847502466?dnt=1&amp;app_id=122963\" width=\"500\" height=\"281\" frameborder=\"0\" allow=\"autoplay; fullscreen; picture-in-picture; clipboard-write; encrypted-media; web-share\" referrerpolicy=\"strict-origin-when-cross-origin\"><\/iframe>\n<\/div><\/figure>\n\n\n\n<h3 class=\"wp-block-heading\">T\u00e9l\u00e9charger le contenu<\/h3>\n\n\n\n<div class=\"wp-block-columns is-layout-flex wp-container-core-columns-is-layout-9d6595d7 wp-block-columns-is-layout-flex\">\n<div class=\"wp-block-column is-layout-flow wp-block-column-is-layout-flow\">\n<h4 class=\"wp-block-heading\"><strong>LIEN VERS TECHNIQUE<br>MAT\u00c9RIAU<\/strong><\/h4>\n\n\n\n<div class=\"wp-block-buttons is-layout-flex wp-block-buttons-is-layout-flex\">\n<div class=\"wp-block-button\"><a class=\"wp-block-button__link wp-element-button\" href=\"\/fr\/app\/uploads\/2025\/09\/WCM-V2-B-EN-A-Feb-2024-1.pdf\/\" target=\"_blank\" rel=\"noreferrer noopener\">ComfortMeter laine<\/a><\/div>\n<\/div>\n<\/div>\n\n\n\n<div class=\"wp-block-column is-layout-flow wp-block-column-is-layout-flow\">\n<figure class=\"wp-block-image size-full is-resized\"><img loading=\"lazy\" decoding=\"async\" width=\"325\" height=\"413\" src=\"https:\/\/awtawooltesting.com.au\/app\/uploads\/2025\/09\/Wool_CM_QR_Code_Web.png\" alt=\"\" class=\"wp-image-2018\" style=\"width:226px;height:auto\" srcset=\"https:\/\/awtawooltesting.com.au\/app\/uploads\/2025\/09\/Wool_CM_QR_Code_Web.png 325w, https:\/\/awtawooltesting.com.au\/app\/uploads\/2025\/09\/Wool_CM_QR_Code_Web-236x300.png 236w\" sizes=\"auto, (max-width: 325px) 100vw, 325px\" \/><\/figure>\n<\/div>\n<\/div>\n\n\n\n<h2 class=\"wp-block-heading\" id=\"FM-Scour\">Mesure de l'usure de la polaire<\/h2>\n\n\n\n<div class=\"wp-block-columns is-layout-flex wp-container-core-columns-is-layout-9d6595d7 wp-block-columns-is-layout-flex\">\n<div class=\"wp-block-column is-layout-flow wp-block-column-is-layout-flow\">\n<h3 class=\"wp-block-heading\">Comment cela fonctionne-t-il ?<\/h3>\n\n\n\n<p>L'appareil de mesure de la toison SAFS1820 est sp\u00e9cialement con\u00e7u pour le lavage d'\u00e9chantillons de laine polaire pr\u00e9lev\u00e9s sur la partie m\u00e9diane des moutons, d'un poids compris entre 18 et 22 grammes. Capable de traiter jusqu'\u00e0 18 \u00e9chantillons par lavage, le processus de r\u00e9curage \u00e9limine efficacement les impuret\u00e9s telles que la salet\u00e9, le suint (sels de sueur) et la graisse. Il est \u00e0 noter que le processus de d\u00e9creusage n'\u00e9limine pas enti\u00e8rement la plupart des mati\u00e8res v\u00e9g\u00e9tales, ce qui permet de d\u00e9terminer \u00e0 la fois la base de laine et la base de mati\u00e8res v\u00e9g\u00e9tales de l'\u00e9chantillon.&nbsp;<\/p>\n\n\n\n<p>Cette machine efficace g\u00e8re \u00e0 la fois le lavage et le rin\u00e7age des \u00e9chantillons de laine, et ne n\u00e9cessite qu'un seul op\u00e9rateur pour le chargement et le d\u00e9chargement. Elle comporte dix-huit bols d'\u00e9chantillonnage perfor\u00e9s, chacun \u00e9quip\u00e9 d'un agitateur sp\u00e9cialement con\u00e7u et d'un tamis d'\u00e9chantillonnage. En outre, un pistolet de pulv\u00e9risation unique avec un raccord flexible est inclus pour le rin\u00e7age des bols apr\u00e8s un cycle. Le syst\u00e8me int\u00e8gre un syst\u00e8me d'agitation et d'injection de d\u00e9tergent et d'antimousse, qui ajoute de mani\u00e8re transparente du d\u00e9tergent au cycle d'eau chaude.<\/p>\n\n\n\n<p>Une fois le processus termin\u00e9, l'\u00e9chantillon de laine est retir\u00e9 de l'appareil de mesure de la toison SAFS1820, empil\u00e9 avec l'adaptateur pour centrifugeuse, puis centrifug\u00e9 dans la centrifugeuse 1500C ou une machine \u00e9quivalente afin d'\u00e9liminer l'exc\u00e8s d'eau.<\/p>\n<\/div>\n\n\n\n<div class=\"wp-block-column is-layout-flow wp-block-column-is-layout-flow\">\n<figure class=\"wp-block-image size-large\"><img loading=\"lazy\" decoding=\"async\" width=\"1024\" height=\"1018\" src=\"https:\/\/awtawooltesting.com.au\/app\/uploads\/2025\/09\/FMS-1024x1018.jpg\" alt=\"\" class=\"wp-image-1944\" srcset=\"https:\/\/awtawooltesting.com.au\/app\/uploads\/2025\/09\/FMS-1024x1018.jpg 1024w, https:\/\/awtawooltesting.com.au\/app\/uploads\/2025\/09\/FMS-300x298.jpg 300w, https:\/\/awtawooltesting.com.au\/app\/uploads\/2025\/09\/FMS-150x150.jpg 150w, https:\/\/awtawooltesting.com.au\/app\/uploads\/2025\/09\/FMS-768x763.jpg 768w, https:\/\/awtawooltesting.com.au\/app\/uploads\/2025\/09\/FMS.jpg 1159w\" sizes=\"auto, (max-width: 1024px) 100vw, 1024px\" \/><\/figure>\n<\/div>\n<\/div>\n\n\n\n<h3 class=\"wp-block-heading\">Adaptateur pour centrifugeuse<\/h3>\n\n\n\n<p>Un adaptateur sp\u00e9cialis\u00e9 a \u00e9t\u00e9 con\u00e7u et peut \u00eatre optionnellement int\u00e9gr\u00e9 aux tamis d'\u00e9chantillonnage Fleece Measurement Scour et \u00e0 la centrifugeuse AWTA 1500C. Cela garantit l'\u00e9limination efficace de tout exc\u00e8s d'eau avant le processus de s\u00e9chage, \u00e9liminant ainsi la n\u00e9cessit\u00e9 de modifier la centrifugeuse.<\/p>\n\n\n\n<h3 class=\"wp-block-heading\">Interface utilisateur<\/h3>\n\n\n\n<p>L'\u00e9cran tactile compl\u00e9mentaire de l'interface homme-machine (IHM) permet aux utilisateurs d'interagir avec le Fleece Measurement Scour, en leur permettant d'ex\u00e9cuter diverses m\u00e9thodes et proc\u00e9dures d'essai selon les besoins. L'IHM peut \u00e9galement \u00eatre configur\u00e9e pour prendre en charge plusieurs langues en option.<\/p>\n\n\n\n<h3 class=\"wp-block-heading\">Derni\u00e8re vid\u00e9o<\/h3>\n\n\n\n<figure class=\"wp-block-embed is-type-video is-provider-vimeo wp-block-embed-vimeo\"><div class=\"wp-block-embed__wrapper\">\n<iframe loading=\"lazy\" title=\"Mesure de l&#039;usure de la polaire\" src=\"https:\/\/player.vimeo.com\/video\/910258955?dnt=1&amp;app_id=122963\" width=\"500\" height=\"281\" frameborder=\"0\" allow=\"autoplay; fullscreen; picture-in-picture; clipboard-write; encrypted-media; web-share\" referrerpolicy=\"strict-origin-when-cross-origin\"><\/iframe>\n<\/div><\/figure>\n\n\n\n<h3 class=\"wp-block-heading\">T\u00e9l\u00e9charger le contenu<\/h3>\n\n\n\n<div class=\"wp-block-columns is-layout-flex wp-container-core-columns-is-layout-9d6595d7 wp-block-columns-is-layout-flex\">\n<div class=\"wp-block-column is-layout-flow wp-block-column-is-layout-flow\">\n<h4 class=\"wp-block-heading\"><strong>LIEN VERS TECHNIQUE<br>MAT\u00c9RIAU<\/strong><\/h4>\n\n\n\n<div class=\"wp-block-buttons is-layout-flex wp-block-buttons-is-layout-flex\">\n<div class=\"wp-block-button\"><a class=\"wp-block-button__link wp-element-button\" href=\"\/fr\/app\/uploads\/2025\/09\/FMS-SAFS1820-B-EN-C-Feb-2024.pdf\/\" target=\"_blank\" rel=\"noreferrer noopener\">Mesure de l'usure de la polaire<\/a><\/div>\n<\/div>\n<\/div>\n\n\n\n<div class=\"wp-block-column is-layout-flow wp-block-column-is-layout-flow\">\n<figure class=\"wp-block-image size-full\"><img loading=\"lazy\" decoding=\"async\" width=\"240\" height=\"299\" src=\"https:\/\/awtawooltesting.com.au\/app\/uploads\/2025\/09\/QR_code_-_Fleece_Scour.jpg\" alt=\"\" class=\"wp-image-2027\"\/><\/figure>\n<\/div>\n<\/div>\n\n\n\n<h3 class=\"wp-block-heading\">Nous contacter<\/h3>\n\n\n\n<div class=\"wp-block-buttons is-layout-flex wp-block-buttons-is-layout-flex\">\n<div class=\"wp-block-button\"><a class=\"wp-block-button__link wp-element-button\" href=\"https:\/\/awtawooltesting.com.au\/fr\/contact\/\">Formulaire de demande en ligne<\/a><\/div>\n<\/div>\n<\/div>\n\n\n\n<p><\/p>","protected":false},"excerpt":{"rendered":"<p>Wool ComfortMeter Les d\u00e9taillants et les fabricants disposent d\u00e9sormais d'un moyen fiable de sp\u00e9cifier et de promouvoir objectivement un v\u00eatement sur la base d'un confort sup\u00e9rieur...<\/p>","protected":false},"author":1,"featured_media":0,"parent":550,"menu_order":0,"comment_status":"closed","ping_status":"closed","template":"","meta":{"_acf_changed":false,"footnotes":""},"class_list":["post-554","page","type-page","status-publish","hentry"],"acf":[],"yoast_head":"<!-- This site is optimized with the Yoast SEO plugin v27.0 - https:\/\/yoast.com\/product\/yoast-seo-wordpress\/ -->\n<title>Specialised Wool Equipment - AWTA Wool Testing<\/title>\n<meta name=\"robots\" content=\"index, follow, max-snippet:-1, max-image-preview:large, max-video-preview:-1\" \/>\n<link rel=\"canonical\" href=\"https:\/\/awtawooltesting.com.au\/fr\/services\/equipment-manufacturing\/specialised-wool-equipment\/\" \/>\n<meta property=\"og:locale\" content=\"fr_FR\" \/>\n<meta property=\"og:type\" content=\"article\" \/>\n<meta property=\"og:title\" content=\"Specialised Wool Equipment - AWTA Wool Testing\" \/>\n<meta property=\"og:description\" content=\"Wool ComfortMeter Retailers and manufacturers now have a reliable means of objectively specifying and promoting a garment on the basis of superior comfort for the wear\u2026\" \/>\n<meta property=\"og:url\" content=\"https:\/\/awtawooltesting.com.au\/fr\/services\/equipment-manufacturing\/specialised-wool-equipment\/\" \/>\n<meta property=\"og:site_name\" content=\"AWTA Wool Testing\" \/>\n<meta property=\"article:modified_time\" content=\"2026-02-10T01:27:03+00:00\" \/>\n<meta property=\"og:image\" content=\"https:\/\/awtawooltesting.com.au\/app\/uploads\/2025\/09\/Dancing_Lady.jpg\" \/>\n\t<meta property=\"og:image:width\" content=\"1500\" \/>\n\t<meta property=\"og:image:height\" content=\"1499\" \/>\n\t<meta property=\"og:image:type\" content=\"image\/jpeg\" \/>\n<meta name=\"twitter:card\" content=\"summary_large_image\" \/>\n<meta name=\"twitter:label1\" content=\"Est. reading time\" \/>\n\t<meta name=\"twitter:data1\" content=\"5 minutes\" \/>\n<script type=\"application\/ld+json\" class=\"yoast-schema-graph\">{\"@context\":\"https:\/\/schema.org\",\"@graph\":[{\"@type\":\"WebPage\",\"@id\":\"https:\/\/awtawooltesting.com.au\/services\/equipment-manufacturing\/specialised-wool-equipment\/\",\"url\":\"https:\/\/awtawooltesting.com.au\/services\/equipment-manufacturing\/specialised-wool-equipment\/\",\"name\":\"Specialised Wool Equipment - AWTA Wool Testing\",\"isPartOf\":{\"@id\":\"https:\/\/awtawooltesting.com.au\/#website\"},\"primaryImageOfPage\":{\"@id\":\"https:\/\/awtawooltesting.com.au\/services\/equipment-manufacturing\/specialised-wool-equipment\/#primaryimage\"},\"image\":{\"@id\":\"https:\/\/awtawooltesting.com.au\/services\/equipment-manufacturing\/specialised-wool-equipment\/#primaryimage\"},\"thumbnailUrl\":\"https:\/\/awtawooltesting.com.au\/app\/uploads\/2025\/09\/Dancing_Lady-1024x1024.jpg\",\"datePublished\":\"2025-08-07T10:20:33+00:00\",\"dateModified\":\"2026-02-10T01:27:03+00:00\",\"breadcrumb\":{\"@id\":\"https:\/\/awtawooltesting.com.au\/services\/equipment-manufacturing\/specialised-wool-equipment\/#breadcrumb\"},\"inLanguage\":\"fr-FR\",\"potentialAction\":[{\"@type\":\"ReadAction\",\"target\":[\"https:\/\/awtawooltesting.com.au\/services\/equipment-manufacturing\/specialised-wool-equipment\/\"]}]},{\"@type\":\"ImageObject\",\"inLanguage\":\"fr-FR\",\"@id\":\"https:\/\/awtawooltesting.com.au\/services\/equipment-manufacturing\/specialised-wool-equipment\/#primaryimage\",\"url\":\"https:\/\/awtawooltesting.com.au\/app\/uploads\/2025\/09\/Dancing_Lady-1024x1024.jpg\",\"contentUrl\":\"https:\/\/awtawooltesting.com.au\/app\/uploads\/2025\/09\/Dancing_Lady-1024x1024.jpg\"},{\"@type\":\"BreadcrumbList\",\"@id\":\"https:\/\/awtawooltesting.com.au\/services\/equipment-manufacturing\/specialised-wool-equipment\/#breadcrumb\",\"itemListElement\":[{\"@type\":\"ListItem\",\"position\":1,\"name\":\"Home\",\"item\":\"https:\/\/awtawooltesting.com.au\/\"},{\"@type\":\"ListItem\",\"position\":2,\"name\":\"Services\",\"item\":\"https:\/\/awtawooltesting.com.au\/it\/services\/\"},{\"@type\":\"ListItem\",\"position\":3,\"name\":\"Equipment Manufacturing\",\"item\":\"https:\/\/awtawooltesting.com.au\/services\/equipment-manufacturing\/\"},{\"@type\":\"ListItem\",\"position\":4,\"name\":\"Specialised Wool Equipment\"}]},{\"@type\":\"WebSite\",\"@id\":\"https:\/\/awtawooltesting.com.au\/#website\",\"url\":\"https:\/\/awtawooltesting.com.au\/\",\"name\":\"AWTA Wool Testing\",\"description\":\"\",\"publisher\":{\"@id\":\"https:\/\/awtawooltesting.com.au\/#organization\"},\"potentialAction\":[{\"@type\":\"SearchAction\",\"target\":{\"@type\":\"EntryPoint\",\"urlTemplate\":\"https:\/\/awtawooltesting.com.au\/?s={search_term_string}\"},\"query-input\":{\"@type\":\"PropertyValueSpecification\",\"valueRequired\":true,\"valueName\":\"search_term_string\"}}],\"inLanguage\":\"fr-FR\"},{\"@type\":\"Organization\",\"@id\":\"https:\/\/awtawooltesting.com.au\/#organization\",\"name\":\"AWTA Wool Testing\",\"url\":\"https:\/\/awtawooltesting.com.au\/\",\"logo\":{\"@type\":\"ImageObject\",\"inLanguage\":\"fr-FR\",\"@id\":\"https:\/\/awtawooltesting.com.au\/#\/schema\/logo\/image\/\",\"url\":\"https:\/\/awtawooltesting.com.au\/app\/uploads\/2025\/12\/awtarw.png\",\"contentUrl\":\"https:\/\/awtawooltesting.com.au\/app\/uploads\/2025\/12\/awtarw.png\",\"width\":1184,\"height\":1773,\"caption\":\"AWTA Wool Testing\"},\"image\":{\"@id\":\"https:\/\/awtawooltesting.com.au\/#\/schema\/logo\/image\/\"}}]}<\/script>\n<!-- \/ Yoast SEO plugin. -->","yoast_head_json":{"title":"Specialised Wool Equipment - AWTA Wool Testing","robots":{"index":"index","follow":"follow","max-snippet":"max-snippet:-1","max-image-preview":"max-image-preview:large","max-video-preview":"max-video-preview:-1"},"canonical":"https:\/\/awtawooltesting.com.au\/fr\/services\/equipment-manufacturing\/specialised-wool-equipment\/","og_locale":"fr_FR","og_type":"article","og_title":"Specialised Wool Equipment - AWTA Wool Testing","og_description":"Wool ComfortMeter Retailers and manufacturers now have a reliable means of objectively specifying and promoting a garment on the basis of superior comfort for the wear\u2026","og_url":"https:\/\/awtawooltesting.com.au\/fr\/services\/equipment-manufacturing\/specialised-wool-equipment\/","og_site_name":"AWTA Wool Testing","article_modified_time":"2026-02-10T01:27:03+00:00","og_image":[{"width":1500,"height":1499,"url":"https:\/\/awtawooltesting.com.au\/app\/uploads\/2025\/09\/Dancing_Lady.jpg","type":"image\/jpeg"}],"twitter_card":"summary_large_image","twitter_misc":{"Est. reading time":"5 minutes"},"schema":{"@context":"https:\/\/schema.org","@graph":[{"@type":"WebPage","@id":"https:\/\/awtawooltesting.com.au\/services\/equipment-manufacturing\/specialised-wool-equipment\/","url":"https:\/\/awtawooltesting.com.au\/services\/equipment-manufacturing\/specialised-wool-equipment\/","name":"Specialised Wool Equipment - AWTA Wool Testing","isPartOf":{"@id":"https:\/\/awtawooltesting.com.au\/#website"},"primaryImageOfPage":{"@id":"https:\/\/awtawooltesting.com.au\/services\/equipment-manufacturing\/specialised-wool-equipment\/#primaryimage"},"image":{"@id":"https:\/\/awtawooltesting.com.au\/services\/equipment-manufacturing\/specialised-wool-equipment\/#primaryimage"},"thumbnailUrl":"https:\/\/awtawooltesting.com.au\/app\/uploads\/2025\/09\/Dancing_Lady-1024x1024.jpg","datePublished":"2025-08-07T10:20:33+00:00","dateModified":"2026-02-10T01:27:03+00:00","breadcrumb":{"@id":"https:\/\/awtawooltesting.com.au\/services\/equipment-manufacturing\/specialised-wool-equipment\/#breadcrumb"},"inLanguage":"fr-FR","potentialAction":[{"@type":"ReadAction","target":["https:\/\/awtawooltesting.com.au\/services\/equipment-manufacturing\/specialised-wool-equipment\/"]}]},{"@type":"ImageObject","inLanguage":"fr-FR","@id":"https:\/\/awtawooltesting.com.au\/services\/equipment-manufacturing\/specialised-wool-equipment\/#primaryimage","url":"https:\/\/awtawooltesting.com.au\/app\/uploads\/2025\/09\/Dancing_Lady-1024x1024.jpg","contentUrl":"https:\/\/awtawooltesting.com.au\/app\/uploads\/2025\/09\/Dancing_Lady-1024x1024.jpg"},{"@type":"BreadcrumbList","@id":"https:\/\/awtawooltesting.com.au\/services\/equipment-manufacturing\/specialised-wool-equipment\/#breadcrumb","itemListElement":[{"@type":"ListItem","position":1,"name":"Home","item":"https:\/\/awtawooltesting.com.au\/"},{"@type":"ListItem","position":2,"name":"Services","item":"https:\/\/awtawooltesting.com.au\/it\/services\/"},{"@type":"ListItem","position":3,"name":"Equipment Manufacturing","item":"https:\/\/awtawooltesting.com.au\/services\/equipment-manufacturing\/"},{"@type":"ListItem","position":4,"name":"Specialised Wool Equipment"}]},{"@type":"WebSite","@id":"https:\/\/awtawooltesting.com.au\/#website","url":"https:\/\/awtawooltesting.com.au\/","name":"Test de laine AWTA","description":"","publisher":{"@id":"https:\/\/awtawooltesting.com.au\/#organization"},"potentialAction":[{"@type":"SearchAction","target":{"@type":"EntryPoint","urlTemplate":"https:\/\/awtawooltesting.com.au\/?s={search_term_string}"},"query-input":{"@type":"PropertyValueSpecification","valueRequired":true,"valueName":"search_term_string"}}],"inLanguage":"fr-FR"},{"@type":"Organization","@id":"https:\/\/awtawooltesting.com.au\/#organization","name":"Test de laine AWTA","url":"https:\/\/awtawooltesting.com.au\/","logo":{"@type":"ImageObject","inLanguage":"fr-FR","@id":"https:\/\/awtawooltesting.com.au\/#\/schema\/logo\/image\/","url":"https:\/\/awtawooltesting.com.au\/app\/uploads\/2025\/12\/awtarw.png","contentUrl":"https:\/\/awtawooltesting.com.au\/app\/uploads\/2025\/12\/awtarw.png","width":1184,"height":1773,"caption":"AWTA Wool Testing"},"image":{"@id":"https:\/\/awtawooltesting.com.au\/#\/schema\/logo\/image\/"}}]}},"_links":{"self":[{"href":"https:\/\/awtawooltesting.com.au\/fr\/wp-json\/wp\/v2\/pages\/554","targetHints":{"allow":["GET"]}}],"collection":[{"href":"https:\/\/awtawooltesting.com.au\/fr\/wp-json\/wp\/v2\/pages"}],"about":[{"href":"https:\/\/awtawooltesting.com.au\/fr\/wp-json\/wp\/v2\/types\/page"}],"author":[{"embeddable":true,"href":"https:\/\/awtawooltesting.com.au\/fr\/wp-json\/wp\/v2\/users\/1"}],"replies":[{"embeddable":true,"href":"https:\/\/awtawooltesting.com.au\/fr\/wp-json\/wp\/v2\/comments?post=554"}],"version-history":[{"count":22,"href":"https:\/\/awtawooltesting.com.au\/fr\/wp-json\/wp\/v2\/pages\/554\/revisions"}],"predecessor-version":[{"id":3974,"href":"https:\/\/awtawooltesting.com.au\/fr\/wp-json\/wp\/v2\/pages\/554\/revisions\/3974"}],"up":[{"embeddable":true,"href":"https:\/\/awtawooltesting.com.au\/fr\/wp-json\/wp\/v2\/pages\/550"}],"wp:attachment":[{"href":"https:\/\/awtawooltesting.com.au\/fr\/wp-json\/wp\/v2\/media?parent=554"}],"curies":[{"name":"wp","href":"https:\/\/api.w.org\/{rel}","templated":true}]}}