{"id":550,"date":"2025-08-07T10:20:19","date_gmt":"2025-08-07T10:20:19","guid":{"rendered":"https:\/\/awtawooltesting.swim.net.au\/?page_id=550"},"modified":"2026-02-17T00:00:16","modified_gmt":"2026-02-17T00:00:16","slug":"equipment-manufacturing","status":"publish","type":"page","link":"https:\/\/awtawooltesting.com.au\/fr\/services\/equipment-manufacturing\/","title":{"rendered":"Fabrication d'\u00e9quipements"},"content":{"rendered":"<div class=\"wp-block-group is-style-boxed is-layout-constrained wp-block-group-is-layout-constrained\">\n<div class=\"wp-block-columns is-layout-flex wp-container-core-columns-is-layout-9d6595d7 wp-block-columns-is-layout-flex\">\n<div class=\"wp-block-column is-layout-flow wp-block-column-is-layout-flow\">\n<p>AWTA Raw Wool fabrique ou sous-traite la fabrication de la plupart des \u00e9quipements utilis\u00e9s dans ses laboratoires. Il s'agit en grande partie d'\u00e9quipements sp\u00e9cialis\u00e9s qui ne peuvent \u00eatre obtenus aupr\u00e8s d'autres sources.<\/p>\n<\/div>\n\n\n\n<div class=\"wp-block-column is-layout-flow wp-block-column-is-layout-flow\">\n<figure class=\"wp-block-image size-large\"><img loading=\"lazy\" decoding=\"async\" width=\"1024\" height=\"528\" src=\"https:\/\/awtawooltesting.com.au\/app\/uploads\/2025\/09\/WCM_image_1-1024x528.jpg\" alt=\"\" class=\"wp-image-1936\" srcset=\"https:\/\/awtawooltesting.com.au\/app\/uploads\/2025\/09\/WCM_image_1-1024x528.jpg 1024w, https:\/\/awtawooltesting.com.au\/app\/uploads\/2025\/09\/WCM_image_1-300x155.jpg 300w, https:\/\/awtawooltesting.com.au\/app\/uploads\/2025\/09\/WCM_image_1-768x396.jpg 768w, https:\/\/awtawooltesting.com.au\/app\/uploads\/2025\/09\/WCM_image_1-1536x793.jpg 1536w, https:\/\/awtawooltesting.com.au\/app\/uploads\/2025\/09\/WCM_image_1-2048x1057.jpg 2048w, https:\/\/awtawooltesting.com.au\/app\/uploads\/2025\/09\/WCM_image_1-scaled.jpg 2560w\" sizes=\"auto, (max-width: 1024px) 100vw, 1024px\" \/><\/figure>\n<\/div>\n<\/div>\n\n\n\n<div class=\"wp-block-columns is-layout-flex wp-container-core-columns-is-layout-9d6595d7 wp-block-columns-is-layout-flex\">\n<div class=\"wp-block-column is-layout-flow wp-block-column-is-layout-flow\">\n<figure class=\"wp-block-image size-large\"><img loading=\"lazy\" decoding=\"async\" width=\"792\" height=\"1024\" src=\"https:\/\/awtawooltesting.com.au\/app\/uploads\/2025\/09\/Laser-Scan-Eq-Man-792x1024.jpg\" alt=\"\" class=\"wp-image-3233\" style=\"aspect-ratio:3\/4;object-fit:contain\" srcset=\"https:\/\/awtawooltesting.com.au\/app\/uploads\/2025\/09\/Laser-Scan-Eq-Man-792x1024.jpg 792w, https:\/\/awtawooltesting.com.au\/app\/uploads\/2025\/09\/Laser-Scan-Eq-Man-232x300.jpg 232w, https:\/\/awtawooltesting.com.au\/app\/uploads\/2025\/09\/Laser-Scan-Eq-Man-768x993.jpg 768w, https:\/\/awtawooltesting.com.au\/app\/uploads\/2025\/09\/Laser-Scan-Eq-Man-1188x1536.jpg 1188w, https:\/\/awtawooltesting.com.au\/app\/uploads\/2025\/09\/Laser-Scan-Eq-Man-9x12.jpg 9w, https:\/\/awtawooltesting.com.au\/app\/uploads\/2025\/09\/Laser-Scan-Eq-Man.jpg 1345w\" sizes=\"auto, (max-width: 792px) 100vw, 792px\" \/><figcaption class=\"wp-element-caption\">AWTA Raw Wool fabrique ou sous-traite la fabrication de la plupart des \u00e9quipements utilis\u00e9s dans ses laboratoires. AWTA Raw Wool est le plus grand fournisseur d'\u00e9quipements d'essai de la laine au monde.<\/figcaption><\/figure>\n<\/div>\n\n\n\n<div class=\"wp-block-column is-layout-flow wp-block-column-is-layout-flow\">\n<p>L'AWTA est le plus grand fournisseur d'\u00e9quipements d'essai de la laine au monde et a livr\u00e9 des \u00e9quipements en Europe, en Asie, en Nouvelle-Z\u00e9lande, en Afrique du Sud et en Am\u00e9rique du Sud.<\/p>\n\n\n\n<p>AWTA est notamment titulaire d'une licence pour la fabrication du NextGen Laserscan, utilis\u00e9 pour d\u00e9terminer les caract\u00e9ristiques de finesse des fibres de la laine, et des instruments ATLAS, utilis\u00e9s pour d\u00e9terminer la longueur et la r\u00e9sistance des agrafes.<\/p>\n\n\n\n<p>Fabricant d'\u00e9quipements d'analyse de la laine brute :<\/p>\n\n\n\n<ul class=\"wp-block-list\">\n<li><strong><a href=\"https:\/\/awtawooltesting.com.au\/fr\/services\/equipment-manufacturing\/specialised-wool-equipment\/#Wool-Comfortmeter\">ComfortMeter laine<\/a><\/strong><\/li>\n\n\n\n<li><strong><a href=\"https:\/\/awtawooltesting.com.au\/fr\/services\/equipment-manufacturing\/raw-wool-laboratory-equipment\/#NextGen-Laserscan\">NextGen Laserscan<\/a><\/strong><\/li>\n\n\n\n<li><strong><a href=\"https:\/\/awtawooltesting.com.au\/fr\/services\/equipment-manufacturing\/raw-wool-laboratory-equipment\/#ATLAS\">ATLAS<\/a><\/strong><\/li>\n\n\n\n<li><strong><a href=\"https:\/\/awtawooltesting.com.au\/fr\/services\/equipment-manufacturing\/specialised-wool-equipment\/#FM-Scour\">Mesure de l'usure de la polaire<\/a><\/strong><\/li>\n<\/ul>\n<\/div>\n<\/div>\n\n\n\n<div class=\"wp-block-columns is-layout-flex wp-container-core-columns-is-layout-9d6595d7 wp-block-columns-is-layout-flex\">\n<div class=\"wp-block-column is-layout-flow wp-block-column-is-layout-flow\">\n<figure class=\"wp-block-image size-full\"><img loading=\"lazy\" decoding=\"async\" width=\"503\" height=\"346\" src=\"https:\/\/awtawooltesting.com.au\/app\/uploads\/2025\/09\/ATLAS_Break.jpg\" alt=\"\" class=\"wp-image-1941\" srcset=\"https:\/\/awtawooltesting.com.au\/app\/uploads\/2025\/09\/ATLAS_Break.jpg 503w, https:\/\/awtawooltesting.com.au\/app\/uploads\/2025\/09\/ATLAS_Break-300x206.jpg 300w\" sizes=\"auto, (max-width: 503px) 100vw, 503px\" \/><\/figure>\n<\/div>\n\n\n\n<div class=\"wp-block-column is-layout-flow wp-block-column-is-layout-flow\">\n<figure class=\"wp-block-image size-full\"><img loading=\"lazy\" decoding=\"async\" width=\"440\" height=\"324\" src=\"https:\/\/awtawooltesting.com.au\/app\/uploads\/2025\/09\/ATLAS_close_up.jpg\" alt=\"\" class=\"wp-image-1942\" srcset=\"https:\/\/awtawooltesting.com.au\/app\/uploads\/2025\/09\/ATLAS_close_up.jpg 440w, https:\/\/awtawooltesting.com.au\/app\/uploads\/2025\/09\/ATLAS_close_up-300x221.jpg 300w\" sizes=\"auto, (max-width: 440px) 100vw, 440px\" \/><\/figure>\n<\/div>\n<\/div>\n\n\n\n<div class=\"wp-block-columns is-layout-flex wp-container-core-columns-is-layout-9d6595d7 wp-block-columns-is-layout-flex\">\n<div class=\"wp-block-column is-layout-flow wp-block-column-is-layout-flow\">\n<p>AWTA dispose d'un certain nombre de machines disponibles \u00e0 la vente, construites sur commande. Occasionnellement, un nombre limit\u00e9 de machines d'occasion sont disponibles et peuvent \u00eatre vendues en tant que mod\u00e8les remis \u00e0 neuf ou \"en l'\u00e9tat\".<\/p>\n<\/div>\n\n\n\n<div class=\"wp-block-column is-layout-flow wp-block-column-is-layout-flow\">\n<figure class=\"wp-block-image size-full\"><img loading=\"lazy\" decoding=\"async\" width=\"1159\" height=\"1152\" src=\"https:\/\/awtawooltesting.com.au\/app\/uploads\/2025\/09\/FMS.jpg\" alt=\"\" class=\"wp-image-1944\" srcset=\"https:\/\/awtawooltesting.com.au\/app\/uploads\/2025\/09\/FMS.jpg 1159w, https:\/\/awtawooltesting.com.au\/app\/uploads\/2025\/09\/FMS-300x298.jpg 300w, https:\/\/awtawooltesting.com.au\/app\/uploads\/2025\/09\/FMS-1024x1018.jpg 1024w, https:\/\/awtawooltesting.com.au\/app\/uploads\/2025\/09\/FMS-150x150.jpg 150w, https:\/\/awtawooltesting.com.au\/app\/uploads\/2025\/09\/FMS-768x763.jpg 768w\" sizes=\"auto, (max-width: 1159px) 100vw, 1159px\" \/><\/figure>\n<\/div>\n<\/div>\n\n\n\n<h2 class=\"wp-block-heading\">T\u00e9l\u00e9charger le contenu et les brochures<\/h2>\n\n\n\n<div class=\"wp-block-buttons is-layout-flex wp-block-buttons-is-layout-flex\">\n<div class=\"wp-block-button is-style-gray-buttons\"><a class=\"wp-block-button__link wp-element-button\" href=\"\/fr\/app\/uploads\/2025\/09\/WCM-V2-B-EN-A-Feb-2024.pdf\/\" target=\"_blank\" rel=\"noreferrer noopener\">ComfortMeter laine - Brochure<\/a><\/div>\n\n\n\n<div class=\"wp-block-button is-style-gray-buttons\"><a class=\"wp-block-button__link wp-element-button\" href=\"https:\/\/awtawooltesting.com.au\/fr\/app\/uploads\/2025\/09\/Laserscan-Technology-Brochure-Raw-Wool.pdf\/\" target=\"_blank\" rel=\"noreferrer noopener\">Laserscan - Brochure<\/a><\/div>\n\n\n\n<div class=\"wp-block-button is-style-gray-buttons\"><a class=\"wp-block-button__link wp-element-button\" href=\"\/fr\/app\/uploads\/2025\/09\/FMS-SAFS1820-B-EN-C-Feb-2024.pdf\/\" target=\"_blank\" rel=\"noreferrer noopener\">Mesure de l'usure des polaires - Brochure<\/a><\/div>\n\n\n\n<div class=\"wp-block-button is-style-gray-buttons\"><a class=\"wp-block-button__link wp-element-button\" href=\"\/fr\/app\/uploads\/2025\/09\/Centrifuge-1500C-B-EN-B-Feb-2024.pdf\/\" target=\"_blank\" rel=\"noreferrer noopener\">Centrifugeuse - 1500C - Brochure<\/a><\/div>\n\n\n\n<div class=\"wp-block-button is-style-gray-buttons\"><a class=\"wp-block-button__link wp-element-button\" href=\"\/fr\/app\/uploads\/2025\/09\/Dryer-1250MHD-B-EN-C-Feb-2024.pdf\/\" target=\"_blank\" rel=\"noreferrer noopener\">S\u00e9cheur - 1250MHD - Brochure<\/a><\/div>\n\n\n\n<div class=\"wp-block-button is-style-gray-buttons\"><a class=\"wp-block-button__link wp-element-button\" href=\"\/fr\/app\/uploads\/2025\/09\/Dryer-1250VMD-B-EN-C-Feb-2024.pdf\/\" target=\"_blank\" rel=\"noreferrer noopener\">S\u00e9cheur - 1250VMD - Brochure<\/a><\/div>\n\n\n\n<div class=\"wp-block-button is-style-gray-buttons\"><a class=\"wp-block-button__link wp-element-button\" href=\"\/fr\/app\/uploads\/2025\/09\/Scour-AWS3-B-EN-B-Feb-2024.pdf\/\" target=\"_blank\" rel=\"noreferrer noopener\">Affouillement - AWS3 - Brochure<\/a><\/div>\n<\/div>\n\n\n\n<h2 class=\"wp-block-heading\">Nous contacter<\/h2>\n\n\n\n<div class=\"wp-block-buttons is-layout-flex wp-block-buttons-is-layout-flex\">\n<div class=\"wp-block-button\"><a class=\"wp-block-button__link wp-element-button\" href=\"https:\/\/awtawooltesting.com.au\/fr\/contact\/\">Formulaire de demande en ligne<\/a><\/div>\n<\/div>\n<\/div>\n\n\n\n<p><\/p>\n\n\n\n<p><\/p>","protected":false},"excerpt":{"rendered":"<p>AWTA Raw Wool fabrique ou sous-traite la fabrication de la plupart des \u00e9quipements utilis\u00e9s dans ses laboratoires. Il s'agit en grande partie d'\u00e9quipements sp\u00e9cialis\u00e9s que cann...<\/p>","protected":false},"author":1,"featured_media":0,"parent":39,"menu_order":0,"comment_status":"closed","ping_status":"closed","template":"","meta":{"_acf_changed":false,"footnotes":""},"class_list":["post-550","page","type-page","status-publish","hentry"],"acf":[],"yoast_head":"<!-- This site is optimized with the Yoast SEO plugin v27.0 - https:\/\/yoast.com\/product\/yoast-seo-wordpress\/ -->\n<title>Equipment Manufacturing - AWTA Wool Testing<\/title>\n<meta name=\"robots\" content=\"index, follow, max-snippet:-1, max-image-preview:large, max-video-preview:-1\" \/>\n<link rel=\"canonical\" href=\"https:\/\/awtawooltesting.com.au\/fr\/services\/equipment-manufacturing\/\" \/>\n<meta property=\"og:locale\" content=\"fr_FR\" \/>\n<meta property=\"og:type\" content=\"article\" \/>\n<meta property=\"og:title\" content=\"Equipment Manufacturing - AWTA Wool Testing\" \/>\n<meta property=\"og:description\" content=\"AWTA Raw Wool manufactures or subcontracts the manufacturing of most of the equipment that is used in its laboratories. Much of this is specialised equipment that cann\u2026\" \/>\n<meta property=\"og:url\" content=\"https:\/\/awtawooltesting.com.au\/fr\/services\/equipment-manufacturing\/\" \/>\n<meta property=\"og:site_name\" content=\"AWTA Wool Testing\" \/>\n<meta property=\"article:modified_time\" content=\"2026-02-17T00:00:16+00:00\" \/>\n<meta property=\"og:image\" content=\"https:\/\/awtawooltesting.com.au\/app\/uploads\/2025\/09\/WCM_image_1-scaled.jpg\" \/>\n\t<meta property=\"og:image:width\" content=\"2560\" \/>\n\t<meta property=\"og:image:height\" content=\"1321\" \/>\n\t<meta property=\"og:image:type\" content=\"image\/jpeg\" \/>\n<meta name=\"twitter:card\" content=\"summary_large_image\" \/>\n<meta name=\"twitter:label1\" content=\"Est. reading time\" \/>\n\t<meta name=\"twitter:data1\" content=\"2 minutes\" \/>\n<script type=\"application\/ld+json\" class=\"yoast-schema-graph\">{\"@context\":\"https:\/\/schema.org\",\"@graph\":[{\"@type\":\"WebPage\",\"@id\":\"https:\/\/awtawooltesting.com.au\/services\/equipment-manufacturing\/\",\"url\":\"https:\/\/awtawooltesting.com.au\/services\/equipment-manufacturing\/\",\"name\":\"Equipment Manufacturing - AWTA Wool Testing\",\"isPartOf\":{\"@id\":\"https:\/\/awtawooltesting.com.au\/#website\"},\"primaryImageOfPage\":{\"@id\":\"https:\/\/awtawooltesting.com.au\/services\/equipment-manufacturing\/#primaryimage\"},\"image\":{\"@id\":\"https:\/\/awtawooltesting.com.au\/services\/equipment-manufacturing\/#primaryimage\"},\"thumbnailUrl\":\"https:\/\/awtawooltesting.com.au\/app\/uploads\/2025\/09\/WCM_image_1-1024x528.jpg\",\"datePublished\":\"2025-08-07T10:20:19+00:00\",\"dateModified\":\"2026-02-17T00:00:16+00:00\",\"breadcrumb\":{\"@id\":\"https:\/\/awtawooltesting.com.au\/services\/equipment-manufacturing\/#breadcrumb\"},\"inLanguage\":\"fr-FR\",\"potentialAction\":[{\"@type\":\"ReadAction\",\"target\":[\"https:\/\/awtawooltesting.com.au\/services\/equipment-manufacturing\/\"]}]},{\"@type\":\"ImageObject\",\"inLanguage\":\"fr-FR\",\"@id\":\"https:\/\/awtawooltesting.com.au\/services\/equipment-manufacturing\/#primaryimage\",\"url\":\"https:\/\/awtawooltesting.com.au\/app\/uploads\/2025\/09\/WCM_image_1-1024x528.jpg\",\"contentUrl\":\"https:\/\/awtawooltesting.com.au\/app\/uploads\/2025\/09\/WCM_image_1-1024x528.jpg\"},{\"@type\":\"BreadcrumbList\",\"@id\":\"https:\/\/awtawooltesting.com.au\/services\/equipment-manufacturing\/#breadcrumb\",\"itemListElement\":[{\"@type\":\"ListItem\",\"position\":1,\"name\":\"Home\",\"item\":\"https:\/\/awtawooltesting.com.au\/\"},{\"@type\":\"ListItem\",\"position\":2,\"name\":\"Services\",\"item\":\"https:\/\/awtawooltesting.com.au\/it\/services\/\"},{\"@type\":\"ListItem\",\"position\":3,\"name\":\"Equipment Manufacturing\"}]},{\"@type\":\"WebSite\",\"@id\":\"https:\/\/awtawooltesting.com.au\/#website\",\"url\":\"https:\/\/awtawooltesting.com.au\/\",\"name\":\"AWTA Wool Testing\",\"description\":\"\",\"publisher\":{\"@id\":\"https:\/\/awtawooltesting.com.au\/#organization\"},\"potentialAction\":[{\"@type\":\"SearchAction\",\"target\":{\"@type\":\"EntryPoint\",\"urlTemplate\":\"https:\/\/awtawooltesting.com.au\/?s={search_term_string}\"},\"query-input\":{\"@type\":\"PropertyValueSpecification\",\"valueRequired\":true,\"valueName\":\"search_term_string\"}}],\"inLanguage\":\"fr-FR\"},{\"@type\":\"Organization\",\"@id\":\"https:\/\/awtawooltesting.com.au\/#organization\",\"name\":\"AWTA Wool Testing\",\"url\":\"https:\/\/awtawooltesting.com.au\/\",\"logo\":{\"@type\":\"ImageObject\",\"inLanguage\":\"fr-FR\",\"@id\":\"https:\/\/awtawooltesting.com.au\/#\/schema\/logo\/image\/\",\"url\":\"https:\/\/awtawooltesting.com.au\/app\/uploads\/2025\/12\/awtarw.png\",\"contentUrl\":\"https:\/\/awtawooltesting.com.au\/app\/uploads\/2025\/12\/awtarw.png\",\"width\":1184,\"height\":1773,\"caption\":\"AWTA Wool Testing\"},\"image\":{\"@id\":\"https:\/\/awtawooltesting.com.au\/#\/schema\/logo\/image\/\"}}]}<\/script>\n<!-- \/ Yoast SEO plugin. -->","yoast_head_json":{"title":"Equipment Manufacturing - AWTA Wool Testing","robots":{"index":"index","follow":"follow","max-snippet":"max-snippet:-1","max-image-preview":"max-image-preview:large","max-video-preview":"max-video-preview:-1"},"canonical":"https:\/\/awtawooltesting.com.au\/fr\/services\/equipment-manufacturing\/","og_locale":"fr_FR","og_type":"article","og_title":"Equipment Manufacturing - AWTA Wool Testing","og_description":"AWTA Raw Wool manufactures or subcontracts the manufacturing of most of the equipment that is used in its laboratories. Much of this is specialised equipment that cann\u2026","og_url":"https:\/\/awtawooltesting.com.au\/fr\/services\/equipment-manufacturing\/","og_site_name":"AWTA Wool Testing","article_modified_time":"2026-02-17T00:00:16+00:00","og_image":[{"width":2560,"height":1321,"url":"https:\/\/awtawooltesting.com.au\/app\/uploads\/2025\/09\/WCM_image_1-scaled.jpg","type":"image\/jpeg"}],"twitter_card":"summary_large_image","twitter_misc":{"Est. reading time":"2 minutes"},"schema":{"@context":"https:\/\/schema.org","@graph":[{"@type":"WebPage","@id":"https:\/\/awtawooltesting.com.au\/services\/equipment-manufacturing\/","url":"https:\/\/awtawooltesting.com.au\/services\/equipment-manufacturing\/","name":"Equipment Manufacturing - AWTA Wool Testing","isPartOf":{"@id":"https:\/\/awtawooltesting.com.au\/#website"},"primaryImageOfPage":{"@id":"https:\/\/awtawooltesting.com.au\/services\/equipment-manufacturing\/#primaryimage"},"image":{"@id":"https:\/\/awtawooltesting.com.au\/services\/equipment-manufacturing\/#primaryimage"},"thumbnailUrl":"https:\/\/awtawooltesting.com.au\/app\/uploads\/2025\/09\/WCM_image_1-1024x528.jpg","datePublished":"2025-08-07T10:20:19+00:00","dateModified":"2026-02-17T00:00:16+00:00","breadcrumb":{"@id":"https:\/\/awtawooltesting.com.au\/services\/equipment-manufacturing\/#breadcrumb"},"inLanguage":"fr-FR","potentialAction":[{"@type":"ReadAction","target":["https:\/\/awtawooltesting.com.au\/services\/equipment-manufacturing\/"]}]},{"@type":"ImageObject","inLanguage":"fr-FR","@id":"https:\/\/awtawooltesting.com.au\/services\/equipment-manufacturing\/#primaryimage","url":"https:\/\/awtawooltesting.com.au\/app\/uploads\/2025\/09\/WCM_image_1-1024x528.jpg","contentUrl":"https:\/\/awtawooltesting.com.au\/app\/uploads\/2025\/09\/WCM_image_1-1024x528.jpg"},{"@type":"BreadcrumbList","@id":"https:\/\/awtawooltesting.com.au\/services\/equipment-manufacturing\/#breadcrumb","itemListElement":[{"@type":"ListItem","position":1,"name":"Home","item":"https:\/\/awtawooltesting.com.au\/"},{"@type":"ListItem","position":2,"name":"Services","item":"https:\/\/awtawooltesting.com.au\/it\/services\/"},{"@type":"ListItem","position":3,"name":"Equipment Manufacturing"}]},{"@type":"WebSite","@id":"https:\/\/awtawooltesting.com.au\/#website","url":"https:\/\/awtawooltesting.com.au\/","name":"Test de laine AWTA","description":"","publisher":{"@id":"https:\/\/awtawooltesting.com.au\/#organization"},"potentialAction":[{"@type":"SearchAction","target":{"@type":"EntryPoint","urlTemplate":"https:\/\/awtawooltesting.com.au\/?s={search_term_string}"},"query-input":{"@type":"PropertyValueSpecification","valueRequired":true,"valueName":"search_term_string"}}],"inLanguage":"fr-FR"},{"@type":"Organization","@id":"https:\/\/awtawooltesting.com.au\/#organization","name":"Test de laine AWTA","url":"https:\/\/awtawooltesting.com.au\/","logo":{"@type":"ImageObject","inLanguage":"fr-FR","@id":"https:\/\/awtawooltesting.com.au\/#\/schema\/logo\/image\/","url":"https:\/\/awtawooltesting.com.au\/app\/uploads\/2025\/12\/awtarw.png","contentUrl":"https:\/\/awtawooltesting.com.au\/app\/uploads\/2025\/12\/awtarw.png","width":1184,"height":1773,"caption":"AWTA Wool Testing"},"image":{"@id":"https:\/\/awtawooltesting.com.au\/#\/schema\/logo\/image\/"}}]}},"_links":{"self":[{"href":"https:\/\/awtawooltesting.com.au\/fr\/wp-json\/wp\/v2\/pages\/550","targetHints":{"allow":["GET"]}}],"collection":[{"href":"https:\/\/awtawooltesting.com.au\/fr\/wp-json\/wp\/v2\/pages"}],"about":[{"href":"https:\/\/awtawooltesting.com.au\/fr\/wp-json\/wp\/v2\/types\/page"}],"author":[{"embeddable":true,"href":"https:\/\/awtawooltesting.com.au\/fr\/wp-json\/wp\/v2\/users\/1"}],"replies":[{"embeddable":true,"href":"https:\/\/awtawooltesting.com.au\/fr\/wp-json\/wp\/v2\/comments?post=550"}],"version-history":[{"count":44,"href":"https:\/\/awtawooltesting.com.au\/fr\/wp-json\/wp\/v2\/pages\/550\/revisions"}],"predecessor-version":[{"id":3988,"href":"https:\/\/awtawooltesting.com.au\/fr\/wp-json\/wp\/v2\/pages\/550\/revisions\/3988"}],"up":[{"embeddable":true,"href":"https:\/\/awtawooltesting.com.au\/fr\/wp-json\/wp\/v2\/pages\/39"}],"wp:attachment":[{"href":"https:\/\/awtawooltesting.com.au\/fr\/wp-json\/wp\/v2\/media?parent=550"}],"curies":[{"name":"wp","href":"https:\/\/api.w.org\/{rel}","templated":true}]}}