{"id":548,"date":"2025-08-07T10:20:09","date_gmt":"2025-08-07T10:20:09","guid":{"rendered":"https:\/\/awtawooltesting.swim.net.au\/?page_id=548"},"modified":"2025-11-27T03:42:58","modified_gmt":"2025-11-27T03:42:58","slug":"electronic-certificates-ecerts","status":"publish","type":"page","link":"https:\/\/awtawooltesting.com.au\/fr\/services\/electronic-services\/electronic-certificates-ecerts\/","title":{"rendered":"Certificats \u00e9lectroniques (eCerts)"},"content":{"rendered":"<div class=\"wp-block-group is-style-boxed-narrow is-layout-constrained wp-block-group-is-layout-constrained\">\n<p>L'AWTA produit des certificats d'essai et des rapports d'orientation \u00e9lectroniques dans le cadre de ses services standard. Ces certificats \u00e9lectroniques peuvent \u00eatre envoy\u00e9s par courrier \u00e9lectronique au format PDF directement au demandeur d\u00e8s que les essais sont termin\u00e9s. Le format est identique \u00e0 celui des documents imprim\u00e9s et comprend des copies multiples. Les certificats sur papier sont toujours disponibles sur demande, mais leur impression entra\u00eene des frais suppl\u00e9mentaires. Les certificats combin\u00e9s de l'IWTO sont \u00e9galement disponibles traduits en chinois.<\/p>\n\n\n\n<p>L'AWTA a introduit un certain nombre de mesures de s\u00e9curit\u00e9 qui prot\u00e8gent l'int\u00e9grit\u00e9 de ses certificats \u00e9lectroniques. L'une de ces mesures est l'utilisation de signatures num\u00e9riques pour s\u00e9curiser les fichiers PDF avant qu'ils ne soient distribu\u00e9s par notre serveur. Si le document est modifi\u00e9 de quelque mani\u00e8re que ce soit, la signature devient invalide. Lors de la consultation d'un de nos certificats \u00e9lectroniques, un document valide affichera la signature ci-dessous :<\/p>\n\n\n\n<figure class=\"wp-block-image size-large\"><img loading=\"lazy\" decoding=\"async\" width=\"1024\" height=\"48\" src=\"https:\/\/awtawooltesting.com.au\/app\/uploads\/2025\/09\/Digital_Signature-1024x48.jpg\" alt=\"\" class=\"wp-image-1899\" srcset=\"https:\/\/awtawooltesting.com.au\/app\/uploads\/2025\/09\/Digital_Signature-1024x48.jpg 1024w, https:\/\/awtawooltesting.com.au\/app\/uploads\/2025\/09\/Digital_Signature-300x14.jpg 300w, https:\/\/awtawooltesting.com.au\/app\/uploads\/2025\/09\/Digital_Signature-768x36.jpg 768w, https:\/\/awtawooltesting.com.au\/app\/uploads\/2025\/09\/Digital_Signature.jpg 1491w\" sizes=\"auto, (max-width: 1024px) 100vw, 1024px\" \/><\/figure>\n\n\n\n<p><\/p>\n\n\n\n<p>Si vous ne voyez pas ce texte, veuillez v\u00e9rifier la configuration de la signature num\u00e9rique en suivant les \u00e9tapes de la fiche d'information disponible.&nbsp;<a href=\"\/fr\/app\/uploads\/2025\/09\/Fact-Sheet-Digital-Security-of-Electronic-Certificates.pdf\/\" target=\"_blank\" rel=\"noreferrer noopener\">ici :<\/a><\/p>\n\n\n\n<p>Si la signature n'est pas valable, une autre copie du document peut \u00eatre obtenue par l'interm\u00e9diaire de notre site web. <a href=\"\/fr\/services\/electronic-services\/certificate-verification\/\">V\u00e9rification du certificat<\/a>&nbsp;service, ou&nbsp;<a href=\"\/fr\/contact\/\">nous contacter<\/a>&nbsp;et nous demander de v\u00e9rifier son authenticit\u00e9.<\/p>\n\n\n\n<p><\/p>\n\n\n\n<h2 class=\"wp-block-heading\">Pour en savoir plus :<\/h2>\n\n\n\n<div class=\"wp-block-buttons is-layout-flex wp-block-buttons-is-layout-flex\">\n<div class=\"wp-block-button is-style-gray-buttons\"><a class=\"wp-block-button__link wp-element-button\" href=\"\/fr\/app\/uploads\/2025\/09\/Fact-Sheet-33-Electronic-Certificates.pdf\/\" target=\"_blank\" rel=\"noreferrer noopener\">Certificats \u00e9lectroniques<\/a><\/div>\n\n\n\n<div class=\"wp-block-button is-style-gray-buttons\"><a class=\"wp-block-button__link wp-element-button\" href=\"\/fr\/app\/uploads\/2025\/09\/Electronic-Certificates-Chinese.pdf\/\" target=\"_blank\" rel=\"noreferrer noopener\">Certificats \u00e9lectroniques - chinois<\/a><\/div>\n<\/div>\n\n\n\n<p><\/p>\n\n\n\n<figure class=\"wp-block-image size-large\"><img loading=\"lazy\" decoding=\"async\" width=\"1024\" height=\"48\" src=\"https:\/\/awtawooltesting.com.au\/app\/uploads\/2025\/09\/download-1024x48.jpg\" alt=\"\" class=\"wp-image-1911\" srcset=\"https:\/\/awtawooltesting.com.au\/app\/uploads\/2025\/09\/download-1024x48.jpg 1024w, https:\/\/awtawooltesting.com.au\/app\/uploads\/2025\/09\/download-300x14.jpg 300w, https:\/\/awtawooltesting.com.au\/app\/uploads\/2025\/09\/download-768x36.jpg 768w, https:\/\/awtawooltesting.com.au\/app\/uploads\/2025\/09\/download.jpg 1491w\" sizes=\"auto, (max-width: 1024px) 100vw, 1024px\" \/><\/figure>\n<\/div>\n\n\n\n<p><\/p>\n\n\n\n<p><\/p>","protected":false},"excerpt":{"rendered":"<p>L'AWTA produit des certificats d'essai et des rapports d'orientation \u00e9lectroniques dans le cadre de ses services standard. Ces certificats \u00e9lectroniques peuvent \u00eatre envoy\u00e9s par courriel au format PDF directement au...<\/p>","protected":false},"author":1,"featured_media":0,"parent":671,"menu_order":0,"comment_status":"closed","ping_status":"closed","template":"","meta":{"_acf_changed":false,"footnotes":""},"class_list":["post-548","page","type-page","status-publish","hentry"],"acf":[],"yoast_head":"<!-- This site is optimized with the Yoast SEO plugin v27.0 - https:\/\/yoast.com\/product\/yoast-seo-wordpress\/ -->\n<title>Electronic Certificates (eCerts) - AWTA Wool Testing<\/title>\n<meta name=\"robots\" content=\"index, follow, max-snippet:-1, max-image-preview:large, max-video-preview:-1\" \/>\n<link rel=\"canonical\" href=\"https:\/\/awtawooltesting.com.au\/fr\/services\/electronic-services\/electronic-certificates-ecerts\/\" \/>\n<meta property=\"og:locale\" content=\"fr_FR\" \/>\n<meta property=\"og:type\" content=\"article\" \/>\n<meta property=\"og:title\" content=\"Electronic Certificates (eCerts) - AWTA Wool Testing\" \/>\n<meta property=\"og:description\" content=\"AWTA produces electronic Test Certificates and Guidance Reports as part of our standard services. These eCerts can be emailed in PDF format direct to the requestor as\u2026\" \/>\n<meta property=\"og:url\" content=\"https:\/\/awtawooltesting.com.au\/fr\/services\/electronic-services\/electronic-certificates-ecerts\/\" \/>\n<meta property=\"og:site_name\" content=\"AWTA Wool Testing\" \/>\n<meta property=\"article:modified_time\" content=\"2025-11-27T03:42:58+00:00\" \/>\n<meta property=\"og:image\" content=\"https:\/\/awtawooltesting.com.au\/app\/uploads\/2025\/09\/Digital_Signature.jpg\" \/>\n\t<meta property=\"og:image:width\" content=\"1491\" \/>\n\t<meta property=\"og:image:height\" content=\"70\" \/>\n\t<meta property=\"og:image:type\" content=\"image\/jpeg\" \/>\n<meta name=\"twitter:card\" content=\"summary_large_image\" \/>\n<meta name=\"twitter:label1\" content=\"Est. reading time\" \/>\n\t<meta name=\"twitter:data1\" content=\"1 minute\" \/>\n<script type=\"application\/ld+json\" class=\"yoast-schema-graph\">{\"@context\":\"https:\/\/schema.org\",\"@graph\":[{\"@type\":\"WebPage\",\"@id\":\"https:\/\/awtawooltesting.com.au\/services\/electronic-services\/electronic-certificates-ecerts\/\",\"url\":\"https:\/\/awtawooltesting.com.au\/services\/electronic-services\/electronic-certificates-ecerts\/\",\"name\":\"Electronic Certificates (eCerts) - AWTA Wool Testing\",\"isPartOf\":{\"@id\":\"https:\/\/awtawooltesting.com.au\/#website\"},\"primaryImageOfPage\":{\"@id\":\"https:\/\/awtawooltesting.com.au\/services\/electronic-services\/electronic-certificates-ecerts\/#primaryimage\"},\"image\":{\"@id\":\"https:\/\/awtawooltesting.com.au\/services\/electronic-services\/electronic-certificates-ecerts\/#primaryimage\"},\"thumbnailUrl\":\"https:\/\/awtawooltesting.com.au\/app\/uploads\/2025\/09\/Digital_Signature-1024x48.jpg\",\"datePublished\":\"2025-08-07T10:20:09+00:00\",\"dateModified\":\"2025-11-27T03:42:58+00:00\",\"breadcrumb\":{\"@id\":\"https:\/\/awtawooltesting.com.au\/services\/electronic-services\/electronic-certificates-ecerts\/#breadcrumb\"},\"inLanguage\":\"fr-FR\",\"potentialAction\":[{\"@type\":\"ReadAction\",\"target\":[\"https:\/\/awtawooltesting.com.au\/services\/electronic-services\/electronic-certificates-ecerts\/\"]}]},{\"@type\":\"ImageObject\",\"inLanguage\":\"fr-FR\",\"@id\":\"https:\/\/awtawooltesting.com.au\/services\/electronic-services\/electronic-certificates-ecerts\/#primaryimage\",\"url\":\"https:\/\/awtawooltesting.com.au\/app\/uploads\/2025\/09\/Digital_Signature-1024x48.jpg\",\"contentUrl\":\"https:\/\/awtawooltesting.com.au\/app\/uploads\/2025\/09\/Digital_Signature-1024x48.jpg\"},{\"@type\":\"BreadcrumbList\",\"@id\":\"https:\/\/awtawooltesting.com.au\/services\/electronic-services\/electronic-certificates-ecerts\/#breadcrumb\",\"itemListElement\":[{\"@type\":\"ListItem\",\"position\":1,\"name\":\"Home\",\"item\":\"https:\/\/awtawooltesting.com.au\/\"},{\"@type\":\"ListItem\",\"position\":2,\"name\":\"Services\",\"item\":\"https:\/\/awtawooltesting.com.au\/it\/services\/\"},{\"@type\":\"ListItem\",\"position\":3,\"name\":\"Electronic Services\",\"item\":\"https:\/\/awtawooltesting.com.au\/services\/electronic-services\/\"},{\"@type\":\"ListItem\",\"position\":4,\"name\":\"Electronic Certificates (eCerts)\"}]},{\"@type\":\"WebSite\",\"@id\":\"https:\/\/awtawooltesting.com.au\/#website\",\"url\":\"https:\/\/awtawooltesting.com.au\/\",\"name\":\"AWTA Wool Testing\",\"description\":\"\",\"publisher\":{\"@id\":\"https:\/\/awtawooltesting.com.au\/#organization\"},\"potentialAction\":[{\"@type\":\"SearchAction\",\"target\":{\"@type\":\"EntryPoint\",\"urlTemplate\":\"https:\/\/awtawooltesting.com.au\/?s={search_term_string}\"},\"query-input\":{\"@type\":\"PropertyValueSpecification\",\"valueRequired\":true,\"valueName\":\"search_term_string\"}}],\"inLanguage\":\"fr-FR\"},{\"@type\":\"Organization\",\"@id\":\"https:\/\/awtawooltesting.com.au\/#organization\",\"name\":\"AWTA Wool Testing\",\"url\":\"https:\/\/awtawooltesting.com.au\/\",\"logo\":{\"@type\":\"ImageObject\",\"inLanguage\":\"fr-FR\",\"@id\":\"https:\/\/awtawooltesting.com.au\/#\/schema\/logo\/image\/\",\"url\":\"https:\/\/awtawooltesting.com.au\/app\/uploads\/2025\/12\/awtarw.png\",\"contentUrl\":\"https:\/\/awtawooltesting.com.au\/app\/uploads\/2025\/12\/awtarw.png\",\"width\":1184,\"height\":1773,\"caption\":\"AWTA Wool Testing\"},\"image\":{\"@id\":\"https:\/\/awtawooltesting.com.au\/#\/schema\/logo\/image\/\"}}]}<\/script>\n<!-- \/ Yoast SEO plugin. -->","yoast_head_json":{"title":"Electronic Certificates (eCerts) - AWTA Wool Testing","robots":{"index":"index","follow":"follow","max-snippet":"max-snippet:-1","max-image-preview":"max-image-preview:large","max-video-preview":"max-video-preview:-1"},"canonical":"https:\/\/awtawooltesting.com.au\/fr\/services\/electronic-services\/electronic-certificates-ecerts\/","og_locale":"fr_FR","og_type":"article","og_title":"Electronic Certificates (eCerts) - AWTA Wool Testing","og_description":"AWTA produces electronic Test Certificates and Guidance Reports as part of our standard services. These eCerts can be emailed in PDF format direct to the requestor as\u2026","og_url":"https:\/\/awtawooltesting.com.au\/fr\/services\/electronic-services\/electronic-certificates-ecerts\/","og_site_name":"AWTA Wool Testing","article_modified_time":"2025-11-27T03:42:58+00:00","og_image":[{"width":1491,"height":70,"url":"https:\/\/awtawooltesting.com.au\/app\/uploads\/2025\/09\/Digital_Signature.jpg","type":"image\/jpeg"}],"twitter_card":"summary_large_image","twitter_misc":{"Est. reading time":"1 minute"},"schema":{"@context":"https:\/\/schema.org","@graph":[{"@type":"WebPage","@id":"https:\/\/awtawooltesting.com.au\/services\/electronic-services\/electronic-certificates-ecerts\/","url":"https:\/\/awtawooltesting.com.au\/services\/electronic-services\/electronic-certificates-ecerts\/","name":"Electronic Certificates (eCerts) - AWTA Wool Testing","isPartOf":{"@id":"https:\/\/awtawooltesting.com.au\/#website"},"primaryImageOfPage":{"@id":"https:\/\/awtawooltesting.com.au\/services\/electronic-services\/electronic-certificates-ecerts\/#primaryimage"},"image":{"@id":"https:\/\/awtawooltesting.com.au\/services\/electronic-services\/electronic-certificates-ecerts\/#primaryimage"},"thumbnailUrl":"https:\/\/awtawooltesting.com.au\/app\/uploads\/2025\/09\/Digital_Signature-1024x48.jpg","datePublished":"2025-08-07T10:20:09+00:00","dateModified":"2025-11-27T03:42:58+00:00","breadcrumb":{"@id":"https:\/\/awtawooltesting.com.au\/services\/electronic-services\/electronic-certificates-ecerts\/#breadcrumb"},"inLanguage":"fr-FR","potentialAction":[{"@type":"ReadAction","target":["https:\/\/awtawooltesting.com.au\/services\/electronic-services\/electronic-certificates-ecerts\/"]}]},{"@type":"ImageObject","inLanguage":"fr-FR","@id":"https:\/\/awtawooltesting.com.au\/services\/electronic-services\/electronic-certificates-ecerts\/#primaryimage","url":"https:\/\/awtawooltesting.com.au\/app\/uploads\/2025\/09\/Digital_Signature-1024x48.jpg","contentUrl":"https:\/\/awtawooltesting.com.au\/app\/uploads\/2025\/09\/Digital_Signature-1024x48.jpg"},{"@type":"BreadcrumbList","@id":"https:\/\/awtawooltesting.com.au\/services\/electronic-services\/electronic-certificates-ecerts\/#breadcrumb","itemListElement":[{"@type":"ListItem","position":1,"name":"Home","item":"https:\/\/awtawooltesting.com.au\/"},{"@type":"ListItem","position":2,"name":"Services","item":"https:\/\/awtawooltesting.com.au\/it\/services\/"},{"@type":"ListItem","position":3,"name":"Electronic Services","item":"https:\/\/awtawooltesting.com.au\/services\/electronic-services\/"},{"@type":"ListItem","position":4,"name":"Electronic Certificates (eCerts)"}]},{"@type":"WebSite","@id":"https:\/\/awtawooltesting.com.au\/#website","url":"https:\/\/awtawooltesting.com.au\/","name":"Test de laine AWTA","description":"","publisher":{"@id":"https:\/\/awtawooltesting.com.au\/#organization"},"potentialAction":[{"@type":"SearchAction","target":{"@type":"EntryPoint","urlTemplate":"https:\/\/awtawooltesting.com.au\/?s={search_term_string}"},"query-input":{"@type":"PropertyValueSpecification","valueRequired":true,"valueName":"search_term_string"}}],"inLanguage":"fr-FR"},{"@type":"Organization","@id":"https:\/\/awtawooltesting.com.au\/#organization","name":"Test de laine AWTA","url":"https:\/\/awtawooltesting.com.au\/","logo":{"@type":"ImageObject","inLanguage":"fr-FR","@id":"https:\/\/awtawooltesting.com.au\/#\/schema\/logo\/image\/","url":"https:\/\/awtawooltesting.com.au\/app\/uploads\/2025\/12\/awtarw.png","contentUrl":"https:\/\/awtawooltesting.com.au\/app\/uploads\/2025\/12\/awtarw.png","width":1184,"height":1773,"caption":"AWTA Wool Testing"},"image":{"@id":"https:\/\/awtawooltesting.com.au\/#\/schema\/logo\/image\/"}}]}},"_links":{"self":[{"href":"https:\/\/awtawooltesting.com.au\/fr\/wp-json\/wp\/v2\/pages\/548","targetHints":{"allow":["GET"]}}],"collection":[{"href":"https:\/\/awtawooltesting.com.au\/fr\/wp-json\/wp\/v2\/pages"}],"about":[{"href":"https:\/\/awtawooltesting.com.au\/fr\/wp-json\/wp\/v2\/types\/page"}],"author":[{"embeddable":true,"href":"https:\/\/awtawooltesting.com.au\/fr\/wp-json\/wp\/v2\/users\/1"}],"replies":[{"embeddable":true,"href":"https:\/\/awtawooltesting.com.au\/fr\/wp-json\/wp\/v2\/comments?post=548"}],"version-history":[{"count":11,"href":"https:\/\/awtawooltesting.com.au\/fr\/wp-json\/wp\/v2\/pages\/548\/revisions"}],"predecessor-version":[{"id":3422,"href":"https:\/\/awtawooltesting.com.au\/fr\/wp-json\/wp\/v2\/pages\/548\/revisions\/3422"}],"up":[{"embeddable":true,"href":"https:\/\/awtawooltesting.com.au\/fr\/wp-json\/wp\/v2\/pages\/671"}],"wp:attachment":[{"href":"https:\/\/awtawooltesting.com.au\/fr\/wp-json\/wp\/v2\/media?parent=548"}],"curies":[{"name":"wp","href":"https:\/\/api.w.org\/{rel}","templated":true}]}}