{"id":546,"date":"2025-08-07T10:19:59","date_gmt":"2025-08-07T10:19:59","guid":{"rendered":"https:\/\/awtawooltesting.swim.net.au\/?page_id=546"},"modified":"2025-09-19T05:16:15","modified_gmt":"2025-09-19T05:16:15","slug":"awth","status":"publish","type":"page","link":"https:\/\/awtawooltesting.com.au\/fr\/services\/awth\/","title":{"rendered":"AWTH"},"content":{"rendered":"<div class=\"wp-block-group is-style-boxed is-layout-constrained wp-block-group-is-layout-constrained\">\n<div class=\"wp-block-columns is-layout-flex wp-container-core-columns-is-layout-9d6595d7 wp-block-columns-is-layout-flex\">\n<div class=\"wp-block-column is-vertically-aligned-center is-layout-flow wp-block-column-is-layout-flow\">\n<p>L'Australian Wool Traceability Hub (AWTH) est une plateforme num\u00e9rique nationale con\u00e7ue pour renforcer la capacit\u00e9 de r\u00e9action de l'industrie laini\u00e8re en mati\u00e8re de bios\u00e9curit\u00e9, am\u00e9liorer l'acc\u00e8s au march\u00e9 pour les cha\u00eenes d'approvisionnement commerciales et fournir des programmes de certification plus efficaces dans le cadre du syst\u00e8me d'int\u00e9grit\u00e9 (Integrity Scheme). D\u00e9tenue et g\u00e9r\u00e9e par l'AWTA, \"la plate-forme\" assure la tra\u00e7abilit\u00e9 num\u00e9rique de bout en bout des balles de laine, de la ferme au transformateur, gr\u00e2ce aux codes d'identification de propri\u00e9t\u00e9 (PIC) et aux eBaleID. Il s'int\u00e8gre parfaitement \u00e0 WoolClip et s'aligne sur le plan AUSVETPLAN pour permettre une r\u00e9ponse rapide et efficace aux maladies animales d'urgence (EAD) afin d'annuler l'impact d'une incursion sur notre commerce national et international. Certifi\u00e9 par le NFF Farm Data Code, AWTH s'appuie sur des contr\u00f4les de s\u00e9curit\u00e9 des donn\u00e9es fiables et des outils d'int\u00e9grit\u00e9 des donn\u00e9es performants. Les d\u00e9veloppements en cours permettront d'automatiser les flux de certification et d'approfondir l'int\u00e9gration avec les programmes de durabilit\u00e9, afin de soutenir la r\u00e9silience de l'industrie, la transparence et la confiance dans le commerce international.<\/p>\n\n\n\n<div class=\"wp-block-buttons is-layout-flex wp-block-buttons-is-layout-flex\">\n<div class=\"wp-block-button learn-more\"><a class=\"wp-block-button__link wp-element-button\" href=\"https:\/\/awth.com.au\/login?flow=signup\" target=\"_blank\" rel=\"noreferrer noopener\">Les \u00e9leveurs, courtiers ou exportateurs de laine peuvent s'inscrire ici<\/a><\/div>\n<\/div>\n<\/div>\n\n\n\n<div class=\"wp-block-column is-layout-flow wp-block-column-is-layout-flow\">\n<figure class=\"wp-block-image size-large\"><img loading=\"lazy\" decoding=\"async\" width=\"1024\" height=\"1024\" src=\"https:\/\/awtawooltesting.com.au\/app\/uploads\/2025\/09\/PINo7bzXVDzfbfrruCXQN-1024x1024.jpg\" alt=\"\" class=\"wp-image-2699\" srcset=\"https:\/\/awtawooltesting.com.au\/app\/uploads\/2025\/09\/PINo7bzXVDzfbfrruCXQN-1024x1024.jpg 1024w, https:\/\/awtawooltesting.com.au\/app\/uploads\/2025\/09\/PINo7bzXVDzfbfrruCXQN-300x300.jpg 300w, https:\/\/awtawooltesting.com.au\/app\/uploads\/2025\/09\/PINo7bzXVDzfbfrruCXQN-150x150.jpg 150w, https:\/\/awtawooltesting.com.au\/app\/uploads\/2025\/09\/PINo7bzXVDzfbfrruCXQN-768x768.jpg 768w, https:\/\/awtawooltesting.com.au\/app\/uploads\/2025\/09\/PINo7bzXVDzfbfrruCXQN.jpg 1536w\" sizes=\"auto, (max-width: 1024px) 100vw, 1024px\" \/><\/figure>\n<\/div>\n<\/div>\n<\/div>\n\n\n\n<div class=\"wp-block-group is-style-boxed is-layout-constrained wp-block-group-is-layout-constrained\">\n<div class=\"wp-block-columns is-layout-flex wp-container-core-columns-is-layout-9d6595d7 wp-block-columns-is-layout-flex\">\n<div class=\"wp-block-column is-vertically-aligned-center is-layout-flow wp-block-column-is-layout-flow\">\n<figure class=\"wp-block-image size-large\"><img loading=\"lazy\" decoding=\"async\" width=\"1024\" height=\"682\" src=\"https:\/\/awtawooltesting.com.au\/app\/uploads\/2025\/09\/background.2f1f6e935cbb9fdaa6fa-1024x682.jpg\" alt=\"\" class=\"wp-image-2684\" srcset=\"https:\/\/awtawooltesting.com.au\/app\/uploads\/2025\/09\/background.2f1f6e935cbb9fdaa6fa-1024x682.jpg 1024w, https:\/\/awtawooltesting.com.au\/app\/uploads\/2025\/09\/background.2f1f6e935cbb9fdaa6fa-300x200.jpg 300w, https:\/\/awtawooltesting.com.au\/app\/uploads\/2025\/09\/background.2f1f6e935cbb9fdaa6fa-768x512.jpg 768w, https:\/\/awtawooltesting.com.au\/app\/uploads\/2025\/09\/background.2f1f6e935cbb9fdaa6fa-1536x1024.jpg 1536w, https:\/\/awtawooltesting.com.au\/app\/uploads\/2025\/09\/background.2f1f6e935cbb9fdaa6fa.jpg 2000w\" sizes=\"auto, (max-width: 1024px) 100vw, 1024px\" \/><\/figure>\n<\/div>\n\n\n\n<div class=\"wp-block-column is-layout-flow wp-block-column-is-layout-flow\">\n<h2 class=\"wp-block-heading\" id=\"biosecurity\"><strong>Installations de bios\u00e9curit\u00e9<\/strong><\/h2>\n\n\n\n<p>L'AWTH renforce consid\u00e9rablement la position de l'industrie de la laine dans le monde. <strong>capacit\u00e9 de r\u00e9action en mati\u00e8re de bios\u00e9curit\u00e9<\/strong> par :<\/p>\n\n\n\n<ul class=\"wp-block-list\">\n<li><strong>Soutenir une r\u00e9ponse rapide aux maladies animales d'urgence (MAE)<\/strong>: L'AWTH permet d'identifier et de contenir rapidement les balles de laine \u00e0 risque en les reliant \u00e0 des codes d'identification de propri\u00e9t\u00e9 (PIC) et en suivant leurs mouvements tout au long de la cha\u00eene d'approvisionnement nationale.<\/li>\n\n\n\n<li><strong>Assurer la tra\u00e7abilit\u00e9 de bout en bout<\/strong>: De la ferme au transformateur, chaque balle de laine fait l'objet d'un suivi num\u00e9rique \u00e0 l'aide d'identifiants uniques (eBaleID), ce qui garantit la visibilit\u00e9 de son parcours et de sa manipulation.<\/li>\n\n\n\n<li><strong>S'aligner sur AUSVETPLAN<\/strong>: L'AWTH compl\u00e8te les plans nationaux de pr\u00e9paration aux maladies du b\u00e9tail, permettant au gouvernement et \u00e0 l'industrie d'agir rapidement et de mani\u00e8re coordonn\u00e9e en cas d'\u00e9pid\u00e9mie.<\/li>\n\n\n\n<li><strong>Centralisation des donn\u00e9es de tra\u00e7abilit\u00e9<\/strong>: Une plateforme unique et s\u00e9curis\u00e9e permet aux chefs des services v\u00e9t\u00e9rinaires de demander l'acc\u00e8s \u00e0 des informations pr\u00e9cises et actualis\u00e9es au moment o\u00f9 ils en ont le plus besoin, ce qui am\u00e9liore la rapidit\u00e9 de r\u00e9action et la prise de d\u00e9cision.<\/li>\n<\/ul>\n\n\n\n<div class=\"wp-block-buttons is-layout-flex wp-block-buttons-is-layout-flex\">\n<div class=\"wp-block-button\"><a class=\"wp-block-button__link wp-element-button\" href=\"https:\/\/awth.com.au\">En savoir plus : Centre de tra\u00e7abilit\u00e9 de la laine australienne<\/a><\/div>\n<\/div>\n<\/div>\n<\/div>\n\n\n\n<div class=\"wp-block-columns is-layout-flex wp-container-core-columns-is-layout-9d6595d7 wp-block-columns-is-layout-flex\">\n<div class=\"wp-block-column is-layout-flow wp-block-column-is-layout-flow\">\n<h2 class=\"wp-block-heading\" id=\"commercial\"><strong>Tra\u00e7abilit\u00e9 commerciale<\/strong><\/h2>\n\n\n\n<p>L'AWTH fournit des <strong>capacit\u00e9s de tra\u00e7abilit\u00e9 commerciale<\/strong> par :<\/p>\n\n\n\n<ul class=\"wp-block-list\">\n<li><strong>Suivi des balles de laine de bout en bout<\/strong>: Chaque balle se voit attribuer un eBaleID et est li\u00e9e \u00e0 un code d'identification de propri\u00e9t\u00e9 (PIC), ce qui permet un suivi num\u00e9rique de la ferme au courtier, au d\u00e9potoir, au navire et enfin \u00e0 l'usine.<\/li>\n\n\n\n<li><strong>Int\u00e9gration des sources de donn\u00e9es industrielles<\/strong>: L'AWTH tire des informations de WoolClip, de l'AWTA, du r\u00e9seau de communication de donn\u00e9es et des ordres de livraison \u00e0 l'exportation pour cr\u00e9er un profil de tra\u00e7abilit\u00e9 unifi\u00e9 pour chaque balle.<\/li>\n\n\n\n<li><strong>Renforcer la transparence<\/strong>: Les acteurs de la cha\u00eene d'approvisionnement (producteurs, courtiers, exportateurs et transformateurs) peuvent v\u00e9rifier l'origine, la manipulation et la qualit\u00e9 des balles dans un environnement s\u00e9curis\u00e9.<\/li>\n\n\n\n<li><strong>Faciliter le respect des r\u00e8gles<\/strong>: En soutenant les exigences de certification et d'audit, l'AWTH aide les parties prenantes \u00e0 r\u00e9pondre aux normes nationales et internationales du march\u00e9 en mati\u00e8re de provenance, de qualit\u00e9 et d'int\u00e9grit\u00e9.<\/li>\n\n\n\n<li><strong>Donner aux utilisateurs les moyens de contr\u00f4ler le partage des donn\u00e9es<\/strong>Ils peuvent ainsi g\u00e9rer l'acc\u00e8s \u00e0 leurs donn\u00e9es, choisir de participer ou non \u00e0 des fonctions sp\u00e9cifiques et demander la purge de leurs donn\u00e9es si n\u00e9cessaire.<\/li>\n<\/ul>\n\n\n\n<div class=\"wp-block-buttons is-layout-flex wp-block-buttons-is-layout-flex\">\n<div class=\"wp-block-button\"><a class=\"wp-block-button__link wp-element-button\" href=\"https:\/\/awth.com.au\">En savoir plus : Centre de tra\u00e7abilit\u00e9 de la laine australienne<\/a><\/div>\n<\/div>\n\n\n\n<p><\/p>\n<\/div>\n\n\n\n<div class=\"wp-block-column is-vertically-aligned-center is-layout-flow wp-block-column-is-layout-flow\">\n<figure class=\"wp-block-image size-large\"><img loading=\"lazy\" decoding=\"async\" width=\"1024\" height=\"768\" src=\"https:\/\/awtawooltesting.com.au\/app\/uploads\/2025\/09\/home-feature-img.16bc805aa552fe384de7-1024x768.png\" alt=\"\" class=\"wp-image-2685\" srcset=\"https:\/\/awtawooltesting.com.au\/app\/uploads\/2025\/09\/home-feature-img.16bc805aa552fe384de7-1024x768.png 1024w, https:\/\/awtawooltesting.com.au\/app\/uploads\/2025\/09\/home-feature-img.16bc805aa552fe384de7-300x225.png 300w, https:\/\/awtawooltesting.com.au\/app\/uploads\/2025\/09\/home-feature-img.16bc805aa552fe384de7-768x576.png 768w, https:\/\/awtawooltesting.com.au\/app\/uploads\/2025\/09\/home-feature-img.16bc805aa552fe384de7.png 1180w\" sizes=\"auto, (max-width: 1024px) 100vw, 1024px\" \/><\/figure>\n<\/div>\n<\/div>\n\n\n\n<div class=\"wp-block-columns is-layout-flex wp-container-core-columns-is-layout-9d6595d7 wp-block-columns-is-layout-flex\">\n<div class=\"wp-block-column is-vertically-aligned-center is-layout-flow wp-block-column-is-layout-flow\">\n<figure class=\"wp-block-image size-full\"><img loading=\"lazy\" decoding=\"async\" width=\"424\" height=\"595\" src=\"https:\/\/awtawooltesting.com.au\/app\/uploads\/2025\/09\/AWTH-Ad-reduced.jpg\" alt=\"\" class=\"wp-image-2704\" style=\"aspect-ratio:1;object-fit:contain\" srcset=\"https:\/\/awtawooltesting.com.au\/app\/uploads\/2025\/09\/AWTH-Ad-reduced.jpg 424w, https:\/\/awtawooltesting.com.au\/app\/uploads\/2025\/09\/AWTH-Ad-reduced-214x300.jpg 214w\" sizes=\"auto, (max-width: 424px) 100vw, 424px\" \/><\/figure>\n<\/div>\n\n\n\n<div class=\"wp-block-column is-layout-flow wp-block-column-is-layout-flow\">\n<h2 class=\"wp-block-heading\" id=\"scheme\"><strong>Certification du syst\u00e8me d'int\u00e9grit\u00e9<\/strong><\/h2>\n\n\n\n<p>L'AWTH soutient <strong>Certification du syst\u00e8me d'int\u00e9grit\u00e9<\/strong> gr\u00e2ce \u00e0 des outils qui rationalisent et automatisent les principaux flux de travail li\u00e9s \u00e0 la conformit\u00e9 :<\/p>\n\n\n\n<ul class=\"wp-block-list\">\n<li><strong>Int\u00e9gration de la certification AWSS<\/strong>: Le Hub se connecte \u00e0 l'Australian Wool Sustainability Scheme (AWSS), ce qui permet aux utilisateurs de demander des certificats de conformit\u00e9 pour les lots de producteurs \u00e9ligibles directement sur la plateforme AWTH.<\/li>\n\n\n\n<li><strong>Int\u00e9gration avec les organismes de certification<\/strong>: AWTH d\u00e9veloppe une connectivit\u00e9 API avec Control Union, IDFL et Textile Exchange. <em>e-Trackit<\/em> pour automatiser les demandes de certificats de transaction directement \u00e0 partir de la plateforme.<\/li>\n\n\n\n<li><strong>Validation de l'adh\u00e9sion des producteurs :<\/strong> L'AWTH v\u00e9rifie la participation des producteurs \u00e0 des programmes tels que AWSS, Authentico et Responsible Wool Standard (RWS), en veillant \u00e0 ce que les demandes de certification soient \u00e9tay\u00e9es par des donn\u00e9es.<\/li>\n\n\n\n<li><strong>Liaison de donn\u00e9es de bout en bout<\/strong>: Les donn\u00e9es relatives aux balles, les PIC, les r\u00e9sultats des tests et les registres de livraison sont consolid\u00e9s pour soutenir les processus d'audit et de conformit\u00e9.<\/li>\n\n\n\n<li><strong>R\u00e9duction de la manutention manuelle<\/strong>: L'automatisation des flux de travail permet de r\u00e9duire les co\u00fbts administratifs et d'am\u00e9liorer la rapidit\u00e9 et la pr\u00e9cision de la gestion des certifications.<\/li>\n<\/ul>\n\n\n\n<div class=\"wp-block-buttons is-layout-flex wp-block-buttons-is-layout-flex\">\n<div class=\"wp-block-button\"><a class=\"wp-block-button__link wp-element-button\" href=\"https:\/\/awth.com.au\/\">En savoir plus : Centre de tra\u00e7abilit\u00e9 de la laine australienne<\/a><\/div>\n<\/div>\n<\/div>\n<\/div>\n<\/div>\n\n\n\n<div class=\"wp-block-group is-style-carousel is-layout-constrained wp-block-group-is-layout-constrained\">\n<h3 class=\"wp-block-heading\">PLUS D'INFORMATIONS :<\/h3>\n\n\n\n<p>Les liens ci-dessous pr\u00e9sentent d'autres informations sp\u00e9cifiques \u00e0 l'industrie li\u00e9es \u00e0 l'AWTH.<\/p>\n\n\n\n<div class=\"carousel-slider-outer carousel-slider-outer-image-carousel carousel-slider-outer-2715\" style=\"--carousel-slider-nav-color:rgb(221,51,51);--carousel-slider-active-nav-color:rgb(221,122,122);--carousel-slider-arrow-size:48px;--carousel-slider-bullet-size:10px\">\n<div id=\"&#039;id-2715\" class=\"carousel-slider carousel-slider-2715 arrows-visibility-always dots-visibility-never arrows-outside dots-center dots-circle owl-carousel\" data-slide-type=\"image-carousel\" data-owl-settings='{\"nav\":true,\"dots\":false,\"slideBy\":1,\"stagePadding\":30,\"margin\":10,\"loop\":false,\"lazyLoad\":false,\"autoplay\":false,\"autoplayTimeout\":5000,\"autoplaySpeed\":500,\"autoplayHoverPause\":false,\"autoWidth\":true,\"responsive\":{\"300\":{\"items\":1},\"576\":{\"items\":2},\"768\":{\"items\":2},\"1024\":{\"items\":3},\"1280\":{\"items\":4},\"1536\":{\"items\":5}}}'>\n<div class=\"carousel-slider__item\">\n\t<a href=\"https:\/\/www.youtube.com\/watch?v=0d_yYA6f_DI\" target=\"_blank\"><img loading=\"lazy\" decoding=\"async\" width=\"300\" height=\"168\" src=\"https:\/\/awtawooltesting.com.au\/app\/uploads\/2025\/09\/hqdefault-300x168.avif\" class=\"attachment-medium size-medium\" alt=\"\" srcset=\"https:\/\/awtawooltesting.com.au\/app\/uploads\/2025\/09\/hqdefault-300x168.avif 300w, https:\/\/awtawooltesting.com.au\/app\/uploads\/2025\/09\/hqdefault.avif 336w\" sizes=\"auto, (max-width: 300px) 100vw, 300px\" \/><div class=\"carousel-slider__caption\"><h4 class=\"title\">Changements \u00e0 venir dans la d\u00e9claration du code d'identification des biens<\/h4><p class=\"caption\"><\/p><\/div><\/a><\/div>\n\n<div class=\"carousel-slider__item\">\n\t<a href=\"https:\/\/www.youtube.com\/watch?v=-bDX6ImL-sE&#038;t=3s\" target=\"_blank\"><img loading=\"lazy\" decoding=\"async\" width=\"300\" height=\"168\" src=\"https:\/\/awtawooltesting.com.au\/app\/uploads\/2025\/09\/hqdefault-1-300x168.avif\" class=\"attachment-medium size-medium\" alt=\"\" srcset=\"https:\/\/awtawooltesting.com.au\/app\/uploads\/2025\/09\/hqdefault-1-300x168.avif 300w, https:\/\/awtawooltesting.com.au\/app\/uploads\/2025\/09\/hqdefault-1.avif 336w\" sizes=\"auto, (max-width: 300px) 100vw, 300px\" \/><div class=\"carousel-slider__caption\"><h4 class=\"title\">Mandat du PIC de l'industrie pour renforcer notre plan de r\u00e9ponse \u00e0 l'EAD<\/h4><p class=\"caption\"><\/p><\/div><\/a><\/div>\n\n<div class=\"carousel-slider__item\">\n\t<a href=\"https:\/\/www.youtube.com\/watch?v=J_Upmx4hXFs\" target=\"_blank\"><img loading=\"lazy\" decoding=\"async\" width=\"300\" height=\"168\" src=\"https:\/\/awtawooltesting.com.au\/app\/uploads\/2025\/09\/hqdefault-2-300x168.avif\" class=\"attachment-medium size-medium\" alt=\"\" srcset=\"https:\/\/awtawooltesting.com.au\/app\/uploads\/2025\/09\/hqdefault-2-300x168.avif 300w, https:\/\/awtawooltesting.com.au\/app\/uploads\/2025\/09\/hqdefault-2.avif 336w\" sizes=\"auto, (max-width: 300px) 100vw, 300px\" \/><div class=\"carousel-slider__caption\"><h4 class=\"title\">Planification de la lutte contre les maladies gr\u00e2ce \u00e0 la tra\u00e7abilit\u00e9<\/h4><p class=\"caption\"><\/p><\/div><\/a><\/div>\n\n<div class=\"carousel-slider__item\">\n\t<a href=\"https:\/\/www.youtube.com\/watch?v=2ILSAohk4Z0\" target=\"_blank\"><img loading=\"lazy\" decoding=\"async\" width=\"300\" height=\"168\" src=\"https:\/\/awtawooltesting.com.au\/app\/uploads\/2025\/09\/hqdefault-3-1-300x168.avif\" class=\"attachment-medium size-medium\" alt=\"\" srcset=\"https:\/\/awtawooltesting.com.au\/app\/uploads\/2025\/09\/hqdefault-3-1-300x168.avif 300w, https:\/\/awtawooltesting.com.au\/app\/uploads\/2025\/09\/hqdefault-3-1.avif 336w\" sizes=\"auto, (max-width: 300px) 100vw, 300px\" \/><div class=\"carousel-slider__caption\"><h4 class=\"title\">Webinaire de l'AWTH pour les producteurs de laine - 31 juillet 2024<\/h4><p class=\"caption\"><\/p><\/div><\/a><\/div>\n\n<\/div><!-- .carousel-slider-2715 -->\n<\/div><!-- .carousel-slider-outer-2715 -->\n\n<\/div>","protected":false},"excerpt":{"rendered":"<p>The Australian Wool Traceability Hub (AWTH) is a national digital platform designed to enhance the wool industry\u2019s biosecurity response capability, improve market ac\u2026<\/p>","protected":false},"author":1,"featured_media":0,"parent":39,"menu_order":0,"comment_status":"closed","ping_status":"closed","template":"","meta":{"_acf_changed":false,"footnotes":""},"class_list":["post-546","page","type-page","status-publish","hentry"],"acf":[],"yoast_head":"<!-- This site is optimized with the Yoast SEO plugin v27.0 - https:\/\/yoast.com\/product\/yoast-seo-wordpress\/ -->\n<title>AWTH - AWTA Wool Testing<\/title>\n<meta name=\"robots\" content=\"index, follow, max-snippet:-1, max-image-preview:large, max-video-preview:-1\" \/>\n<link rel=\"canonical\" href=\"https:\/\/awtawooltesting.com.au\/fr\/services\/awth\/\" \/>\n<meta property=\"og:locale\" content=\"fr_FR\" \/>\n<meta property=\"og:type\" content=\"article\" \/>\n<meta property=\"og:title\" content=\"AWTH - AWTA Wool Testing\" \/>\n<meta property=\"og:description\" content=\"The Australian Wool Traceability Hub (AWTH) is a national digital platform designed to enhance the wool industry\u2019s biosecurity response capability, improve market ac\u2026\" \/>\n<meta property=\"og:url\" content=\"https:\/\/awtawooltesting.com.au\/fr\/services\/awth\/\" \/>\n<meta property=\"og:site_name\" content=\"AWTA Wool Testing\" \/>\n<meta property=\"article:modified_time\" content=\"2025-09-19T05:16:15+00:00\" \/>\n<meta property=\"og:image\" content=\"https:\/\/awtawooltesting.com.au\/app\/uploads\/2025\/09\/PINo7bzXVDzfbfrruCXQN.jpg\" \/>\n\t<meta property=\"og:image:width\" content=\"1536\" \/>\n\t<meta property=\"og:image:height\" content=\"1536\" \/>\n\t<meta property=\"og:image:type\" content=\"image\/jpeg\" \/>\n<meta name=\"twitter:card\" content=\"summary_large_image\" \/>\n<meta name=\"twitter:label1\" content=\"Est. reading time\" \/>\n\t<meta name=\"twitter:data1\" content=\"3 minutes\" \/>\n<script type=\"application\/ld+json\" class=\"yoast-schema-graph\">{\"@context\":\"https:\/\/schema.org\",\"@graph\":[{\"@type\":\"WebPage\",\"@id\":\"https:\/\/awtawooltesting.com.au\/services\/awth\/\",\"url\":\"https:\/\/awtawooltesting.com.au\/services\/awth\/\",\"name\":\"AWTH - AWTA Wool Testing\",\"isPartOf\":{\"@id\":\"https:\/\/awtawooltesting.com.au\/#website\"},\"primaryImageOfPage\":{\"@id\":\"https:\/\/awtawooltesting.com.au\/services\/awth\/#primaryimage\"},\"image\":{\"@id\":\"https:\/\/awtawooltesting.com.au\/services\/awth\/#primaryimage\"},\"thumbnailUrl\":\"https:\/\/awtawooltesting.com.au\/app\/uploads\/2025\/09\/PINo7bzXVDzfbfrruCXQN-1024x1024.jpg\",\"datePublished\":\"2025-08-07T10:19:59+00:00\",\"dateModified\":\"2025-09-19T05:16:15+00:00\",\"breadcrumb\":{\"@id\":\"https:\/\/awtawooltesting.com.au\/services\/awth\/#breadcrumb\"},\"inLanguage\":\"fr-FR\",\"potentialAction\":[{\"@type\":\"ReadAction\",\"target\":[\"https:\/\/awtawooltesting.com.au\/services\/awth\/\"]}]},{\"@type\":\"ImageObject\",\"inLanguage\":\"fr-FR\",\"@id\":\"https:\/\/awtawooltesting.com.au\/services\/awth\/#primaryimage\",\"url\":\"https:\/\/awtawooltesting.com.au\/app\/uploads\/2025\/09\/PINo7bzXVDzfbfrruCXQN-1024x1024.jpg\",\"contentUrl\":\"https:\/\/awtawooltesting.com.au\/app\/uploads\/2025\/09\/PINo7bzXVDzfbfrruCXQN-1024x1024.jpg\"},{\"@type\":\"BreadcrumbList\",\"@id\":\"https:\/\/awtawooltesting.com.au\/services\/awth\/#breadcrumb\",\"itemListElement\":[{\"@type\":\"ListItem\",\"position\":1,\"name\":\"Home\",\"item\":\"https:\/\/awtawooltesting.com.au\/\"},{\"@type\":\"ListItem\",\"position\":2,\"name\":\"Services\",\"item\":\"https:\/\/awtawooltesting.com.au\/it\/services\/\"},{\"@type\":\"ListItem\",\"position\":3,\"name\":\"AWTH\"}]},{\"@type\":\"WebSite\",\"@id\":\"https:\/\/awtawooltesting.com.au\/#website\",\"url\":\"https:\/\/awtawooltesting.com.au\/\",\"name\":\"AWTA Wool Testing\",\"description\":\"\",\"publisher\":{\"@id\":\"https:\/\/awtawooltesting.com.au\/#organization\"},\"potentialAction\":[{\"@type\":\"SearchAction\",\"target\":{\"@type\":\"EntryPoint\",\"urlTemplate\":\"https:\/\/awtawooltesting.com.au\/?s={search_term_string}\"},\"query-input\":{\"@type\":\"PropertyValueSpecification\",\"valueRequired\":true,\"valueName\":\"search_term_string\"}}],\"inLanguage\":\"fr-FR\"},{\"@type\":\"Organization\",\"@id\":\"https:\/\/awtawooltesting.com.au\/#organization\",\"name\":\"AWTA Wool Testing\",\"url\":\"https:\/\/awtawooltesting.com.au\/\",\"logo\":{\"@type\":\"ImageObject\",\"inLanguage\":\"fr-FR\",\"@id\":\"https:\/\/awtawooltesting.com.au\/#\/schema\/logo\/image\/\",\"url\":\"https:\/\/awtawooltesting.com.au\/app\/uploads\/2025\/12\/awtarw.png\",\"contentUrl\":\"https:\/\/awtawooltesting.com.au\/app\/uploads\/2025\/12\/awtarw.png\",\"width\":1184,\"height\":1773,\"caption\":\"AWTA Wool Testing\"},\"image\":{\"@id\":\"https:\/\/awtawooltesting.com.au\/#\/schema\/logo\/image\/\"}}]}<\/script>\n<!-- \/ Yoast SEO plugin. -->","yoast_head_json":{"title":"AWTH - AWTA Wool Testing","robots":{"index":"index","follow":"follow","max-snippet":"max-snippet:-1","max-image-preview":"max-image-preview:large","max-video-preview":"max-video-preview:-1"},"canonical":"https:\/\/awtawooltesting.com.au\/fr\/services\/awth\/","og_locale":"fr_FR","og_type":"article","og_title":"AWTH - AWTA Wool Testing","og_description":"The Australian Wool Traceability Hub (AWTH) is a national digital platform designed to enhance the wool industry\u2019s biosecurity response capability, improve market ac\u2026","og_url":"https:\/\/awtawooltesting.com.au\/fr\/services\/awth\/","og_site_name":"AWTA Wool Testing","article_modified_time":"2025-09-19T05:16:15+00:00","og_image":[{"width":1536,"height":1536,"url":"https:\/\/awtawooltesting.com.au\/app\/uploads\/2025\/09\/PINo7bzXVDzfbfrruCXQN.jpg","type":"image\/jpeg"}],"twitter_card":"summary_large_image","twitter_misc":{"Est. reading time":"3 minutes"},"schema":{"@context":"https:\/\/schema.org","@graph":[{"@type":"WebPage","@id":"https:\/\/awtawooltesting.com.au\/services\/awth\/","url":"https:\/\/awtawooltesting.com.au\/services\/awth\/","name":"AWTH - AWTA Wool Testing","isPartOf":{"@id":"https:\/\/awtawooltesting.com.au\/#website"},"primaryImageOfPage":{"@id":"https:\/\/awtawooltesting.com.au\/services\/awth\/#primaryimage"},"image":{"@id":"https:\/\/awtawooltesting.com.au\/services\/awth\/#primaryimage"},"thumbnailUrl":"https:\/\/awtawooltesting.com.au\/app\/uploads\/2025\/09\/PINo7bzXVDzfbfrruCXQN-1024x1024.jpg","datePublished":"2025-08-07T10:19:59+00:00","dateModified":"2025-09-19T05:16:15+00:00","breadcrumb":{"@id":"https:\/\/awtawooltesting.com.au\/services\/awth\/#breadcrumb"},"inLanguage":"fr-FR","potentialAction":[{"@type":"ReadAction","target":["https:\/\/awtawooltesting.com.au\/services\/awth\/"]}]},{"@type":"ImageObject","inLanguage":"fr-FR","@id":"https:\/\/awtawooltesting.com.au\/services\/awth\/#primaryimage","url":"https:\/\/awtawooltesting.com.au\/app\/uploads\/2025\/09\/PINo7bzXVDzfbfrruCXQN-1024x1024.jpg","contentUrl":"https:\/\/awtawooltesting.com.au\/app\/uploads\/2025\/09\/PINo7bzXVDzfbfrruCXQN-1024x1024.jpg"},{"@type":"BreadcrumbList","@id":"https:\/\/awtawooltesting.com.au\/services\/awth\/#breadcrumb","itemListElement":[{"@type":"ListItem","position":1,"name":"Home","item":"https:\/\/awtawooltesting.com.au\/"},{"@type":"ListItem","position":2,"name":"Services","item":"https:\/\/awtawooltesting.com.au\/it\/services\/"},{"@type":"ListItem","position":3,"name":"AWTH"}]},{"@type":"WebSite","@id":"https:\/\/awtawooltesting.com.au\/#website","url":"https:\/\/awtawooltesting.com.au\/","name":"Test de laine AWTA","description":"","publisher":{"@id":"https:\/\/awtawooltesting.com.au\/#organization"},"potentialAction":[{"@type":"SearchAction","target":{"@type":"EntryPoint","urlTemplate":"https:\/\/awtawooltesting.com.au\/?s={search_term_string}"},"query-input":{"@type":"PropertyValueSpecification","valueRequired":true,"valueName":"search_term_string"}}],"inLanguage":"fr-FR"},{"@type":"Organization","@id":"https:\/\/awtawooltesting.com.au\/#organization","name":"Test de laine AWTA","url":"https:\/\/awtawooltesting.com.au\/","logo":{"@type":"ImageObject","inLanguage":"fr-FR","@id":"https:\/\/awtawooltesting.com.au\/#\/schema\/logo\/image\/","url":"https:\/\/awtawooltesting.com.au\/app\/uploads\/2025\/12\/awtarw.png","contentUrl":"https:\/\/awtawooltesting.com.au\/app\/uploads\/2025\/12\/awtarw.png","width":1184,"height":1773,"caption":"AWTA Wool Testing"},"image":{"@id":"https:\/\/awtawooltesting.com.au\/#\/schema\/logo\/image\/"}}]}},"_links":{"self":[{"href":"https:\/\/awtawooltesting.com.au\/fr\/wp-json\/wp\/v2\/pages\/546","targetHints":{"allow":["GET"]}}],"collection":[{"href":"https:\/\/awtawooltesting.com.au\/fr\/wp-json\/wp\/v2\/pages"}],"about":[{"href":"https:\/\/awtawooltesting.com.au\/fr\/wp-json\/wp\/v2\/types\/page"}],"author":[{"embeddable":true,"href":"https:\/\/awtawooltesting.com.au\/fr\/wp-json\/wp\/v2\/users\/1"}],"replies":[{"embeddable":true,"href":"https:\/\/awtawooltesting.com.au\/fr\/wp-json\/wp\/v2\/comments?post=546"}],"version-history":[{"count":32,"href":"https:\/\/awtawooltesting.com.au\/fr\/wp-json\/wp\/v2\/pages\/546\/revisions"}],"predecessor-version":[{"id":3099,"href":"https:\/\/awtawooltesting.com.au\/fr\/wp-json\/wp\/v2\/pages\/546\/revisions\/3099"}],"up":[{"embeddable":true,"href":"https:\/\/awtawooltesting.com.au\/fr\/wp-json\/wp\/v2\/pages\/39"}],"wp:attachment":[{"href":"https:\/\/awtawooltesting.com.au\/fr\/wp-json\/wp\/v2\/media?parent=546"}],"curies":[{"name":"wp","href":"https:\/\/api.w.org\/{rel}","templated":true}]}}