{"id":540,"date":"2025-08-07T10:19:36","date_gmt":"2025-08-07T10:19:36","guid":{"rendered":"https:\/\/awtawooltesting.swim.net.au\/?page_id=540"},"modified":"2025-11-13T05:55:20","modified_gmt":"2025-11-13T05:55:20","slug":"electronic-data-exchange","status":"publish","type":"page","link":"https:\/\/awtawooltesting.com.au\/fr\/services\/electronic-services\/electronic-data-exchange\/","title":{"rendered":"\u00c9change \u00e9lectronique de donn\u00e9es"},"content":{"rendered":"<div class=\"wp-block-group is-style-boxed-narrow is-layout-constrained wp-block-group-is-layout-constrained\">\n<p>La distribution \u00e9lectronique des donn\u00e9es fait partie int\u00e9grante des services de l'AWTA. Gr\u00e2ce \u00e0 son syst\u00e8me d'\u00e9change de donn\u00e9es informatis\u00e9es (EDI), l'AWTA fournit des donn\u00e9es \u00e9lectroniques pour pratiquement tous les essais qu'elle entreprend. Les clients peuvent am\u00e9liorer les d\u00e9lais d'ex\u00e9cution des services et r\u00e9duire les co\u00fbts des essais en transmettant \u00e0 l'AWTA les donn\u00e9es relatives aux lots de vente et au poids des balles dans le cadre de notre service d'essais de base standard.<\/p>\n\n\n\n<p>L'AWTA a \u00e9t\u00e9 \u00e0 l'avant-garde du d\u00e9veloppement et de l'adoption des syst\u00e8mes EDI dans l'industrie laini\u00e8re en \u00e9tant membre du Wool Industry Electronic Data Processing Users Group (WIEDPUG).<\/p>\n\n\n\n<p>Cet organisme industriel est responsable de la mise en \u0153uvre des normes de communication de donn\u00e9es au sein de l'industrie laini\u00e8re, auxquelles tous les services EDI de l'AWTA sont conformes. Cela couvre \u00e0 la fois l'envoi et la r\u00e9ception de donn\u00e9es d'essai, d'informations sur les lots de vente et notre service de bo\u00eete aux lettres EDI, ainsi que de nombreuses autres transactions effectu\u00e9es dans le cadre du commerce de la laine.<\/p>\n\n\n\n<div style=\"height:3rem\" aria-hidden=\"true\" class=\"wp-block-spacer\"><\/div>\n<\/div>","protected":false},"excerpt":{"rendered":"<p>The electronic distribution of data is an integral part of AWTA\u2019s services. Through our&nbsp;Electronic Data Interchange&nbsp;(EDI) facilities, AWTA provide electron\u2026<\/p>","protected":false},"author":1,"featured_media":0,"parent":671,"menu_order":0,"comment_status":"closed","ping_status":"closed","template":"","meta":{"_acf_changed":false,"footnotes":""},"class_list":["post-540","page","type-page","status-publish","hentry"],"acf":[],"yoast_head":"<!-- This site is optimized with the Yoast SEO plugin v27.0 - https:\/\/yoast.com\/product\/yoast-seo-wordpress\/ -->\n<title>Electronic Data Exchange - AWTA Wool Testing<\/title>\n<meta name=\"robots\" content=\"index, follow, max-snippet:-1, max-image-preview:large, max-video-preview:-1\" \/>\n<link rel=\"canonical\" href=\"https:\/\/awtawooltesting.com.au\/fr\/services\/electronic-services\/electronic-data-exchange\/\" \/>\n<meta property=\"og:locale\" content=\"fr_FR\" \/>\n<meta property=\"og:type\" content=\"article\" \/>\n<meta property=\"og:title\" content=\"Electronic Data Exchange - AWTA Wool Testing\" \/>\n<meta property=\"og:description\" content=\"The electronic distribution of data is an integral part of AWTA\u2019s services. Through our&nbsp;Electronic Data Interchange&nbsp;(EDI) facilities, AWTA provide electron\u2026\" \/>\n<meta property=\"og:url\" content=\"https:\/\/awtawooltesting.com.au\/fr\/services\/electronic-services\/electronic-data-exchange\/\" \/>\n<meta property=\"og:site_name\" content=\"AWTA Wool Testing\" \/>\n<meta property=\"article:modified_time\" content=\"2025-11-13T05:55:20+00:00\" \/>\n<meta name=\"twitter:card\" content=\"summary_large_image\" \/>\n<meta name=\"twitter:label1\" content=\"Est. reading time\" \/>\n\t<meta name=\"twitter:data1\" content=\"1 minute\" \/>\n<script type=\"application\/ld+json\" class=\"yoast-schema-graph\">{\"@context\":\"https:\/\/schema.org\",\"@graph\":[{\"@type\":\"WebPage\",\"@id\":\"https:\/\/awtawooltesting.com.au\/services\/electronic-services\/electronic-data-exchange\/\",\"url\":\"https:\/\/awtawooltesting.com.au\/services\/electronic-services\/electronic-data-exchange\/\",\"name\":\"Electronic Data Exchange - AWTA Wool Testing\",\"isPartOf\":{\"@id\":\"https:\/\/awtawooltesting.com.au\/#website\"},\"datePublished\":\"2025-08-07T10:19:36+00:00\",\"dateModified\":\"2025-11-13T05:55:20+00:00\",\"breadcrumb\":{\"@id\":\"https:\/\/awtawooltesting.com.au\/services\/electronic-services\/electronic-data-exchange\/#breadcrumb\"},\"inLanguage\":\"fr-FR\",\"potentialAction\":[{\"@type\":\"ReadAction\",\"target\":[\"https:\/\/awtawooltesting.com.au\/services\/electronic-services\/electronic-data-exchange\/\"]}]},{\"@type\":\"BreadcrumbList\",\"@id\":\"https:\/\/awtawooltesting.com.au\/services\/electronic-services\/electronic-data-exchange\/#breadcrumb\",\"itemListElement\":[{\"@type\":\"ListItem\",\"position\":1,\"name\":\"Home\",\"item\":\"https:\/\/awtawooltesting.com.au\/\"},{\"@type\":\"ListItem\",\"position\":2,\"name\":\"Services\",\"item\":\"https:\/\/awtawooltesting.com.au\/it\/services\/\"},{\"@type\":\"ListItem\",\"position\":3,\"name\":\"Electronic Services\",\"item\":\"https:\/\/awtawooltesting.com.au\/services\/electronic-services\/\"},{\"@type\":\"ListItem\",\"position\":4,\"name\":\"Electronic Data Exchange\"}]},{\"@type\":\"WebSite\",\"@id\":\"https:\/\/awtawooltesting.com.au\/#website\",\"url\":\"https:\/\/awtawooltesting.com.au\/\",\"name\":\"AWTA Wool Testing\",\"description\":\"\",\"publisher\":{\"@id\":\"https:\/\/awtawooltesting.com.au\/#organization\"},\"potentialAction\":[{\"@type\":\"SearchAction\",\"target\":{\"@type\":\"EntryPoint\",\"urlTemplate\":\"https:\/\/awtawooltesting.com.au\/?s={search_term_string}\"},\"query-input\":{\"@type\":\"PropertyValueSpecification\",\"valueRequired\":true,\"valueName\":\"search_term_string\"}}],\"inLanguage\":\"fr-FR\"},{\"@type\":\"Organization\",\"@id\":\"https:\/\/awtawooltesting.com.au\/#organization\",\"name\":\"AWTA Wool Testing\",\"url\":\"https:\/\/awtawooltesting.com.au\/\",\"logo\":{\"@type\":\"ImageObject\",\"inLanguage\":\"fr-FR\",\"@id\":\"https:\/\/awtawooltesting.com.au\/#\/schema\/logo\/image\/\",\"url\":\"https:\/\/awtawooltesting.com.au\/app\/uploads\/2025\/12\/awtarw.png\",\"contentUrl\":\"https:\/\/awtawooltesting.com.au\/app\/uploads\/2025\/12\/awtarw.png\",\"width\":1184,\"height\":1773,\"caption\":\"AWTA Wool Testing\"},\"image\":{\"@id\":\"https:\/\/awtawooltesting.com.au\/#\/schema\/logo\/image\/\"}}]}<\/script>\n<!-- \/ Yoast SEO plugin. -->","yoast_head_json":{"title":"Electronic Data Exchange - AWTA Wool Testing","robots":{"index":"index","follow":"follow","max-snippet":"max-snippet:-1","max-image-preview":"max-image-preview:large","max-video-preview":"max-video-preview:-1"},"canonical":"https:\/\/awtawooltesting.com.au\/fr\/services\/electronic-services\/electronic-data-exchange\/","og_locale":"fr_FR","og_type":"article","og_title":"Electronic Data Exchange - AWTA Wool Testing","og_description":"The electronic distribution of data is an integral part of AWTA\u2019s services. Through our&nbsp;Electronic Data Interchange&nbsp;(EDI) facilities, AWTA provide electron\u2026","og_url":"https:\/\/awtawooltesting.com.au\/fr\/services\/electronic-services\/electronic-data-exchange\/","og_site_name":"AWTA Wool Testing","article_modified_time":"2025-11-13T05:55:20+00:00","twitter_card":"summary_large_image","twitter_misc":{"Est. reading time":"1 minute"},"schema":{"@context":"https:\/\/schema.org","@graph":[{"@type":"WebPage","@id":"https:\/\/awtawooltesting.com.au\/services\/electronic-services\/electronic-data-exchange\/","url":"https:\/\/awtawooltesting.com.au\/services\/electronic-services\/electronic-data-exchange\/","name":"Electronic Data Exchange - AWTA Wool Testing","isPartOf":{"@id":"https:\/\/awtawooltesting.com.au\/#website"},"datePublished":"2025-08-07T10:19:36+00:00","dateModified":"2025-11-13T05:55:20+00:00","breadcrumb":{"@id":"https:\/\/awtawooltesting.com.au\/services\/electronic-services\/electronic-data-exchange\/#breadcrumb"},"inLanguage":"fr-FR","potentialAction":[{"@type":"ReadAction","target":["https:\/\/awtawooltesting.com.au\/services\/electronic-services\/electronic-data-exchange\/"]}]},{"@type":"BreadcrumbList","@id":"https:\/\/awtawooltesting.com.au\/services\/electronic-services\/electronic-data-exchange\/#breadcrumb","itemListElement":[{"@type":"ListItem","position":1,"name":"Home","item":"https:\/\/awtawooltesting.com.au\/"},{"@type":"ListItem","position":2,"name":"Services","item":"https:\/\/awtawooltesting.com.au\/it\/services\/"},{"@type":"ListItem","position":3,"name":"Electronic Services","item":"https:\/\/awtawooltesting.com.au\/services\/electronic-services\/"},{"@type":"ListItem","position":4,"name":"Electronic Data Exchange"}]},{"@type":"WebSite","@id":"https:\/\/awtawooltesting.com.au\/#website","url":"https:\/\/awtawooltesting.com.au\/","name":"Test de laine AWTA","description":"","publisher":{"@id":"https:\/\/awtawooltesting.com.au\/#organization"},"potentialAction":[{"@type":"SearchAction","target":{"@type":"EntryPoint","urlTemplate":"https:\/\/awtawooltesting.com.au\/?s={search_term_string}"},"query-input":{"@type":"PropertyValueSpecification","valueRequired":true,"valueName":"search_term_string"}}],"inLanguage":"fr-FR"},{"@type":"Organization","@id":"https:\/\/awtawooltesting.com.au\/#organization","name":"Test de laine AWTA","url":"https:\/\/awtawooltesting.com.au\/","logo":{"@type":"ImageObject","inLanguage":"fr-FR","@id":"https:\/\/awtawooltesting.com.au\/#\/schema\/logo\/image\/","url":"https:\/\/awtawooltesting.com.au\/app\/uploads\/2025\/12\/awtarw.png","contentUrl":"https:\/\/awtawooltesting.com.au\/app\/uploads\/2025\/12\/awtarw.png","width":1184,"height":1773,"caption":"AWTA Wool Testing"},"image":{"@id":"https:\/\/awtawooltesting.com.au\/#\/schema\/logo\/image\/"}}]}},"_links":{"self":[{"href":"https:\/\/awtawooltesting.com.au\/fr\/wp-json\/wp\/v2\/pages\/540","targetHints":{"allow":["GET"]}}],"collection":[{"href":"https:\/\/awtawooltesting.com.au\/fr\/wp-json\/wp\/v2\/pages"}],"about":[{"href":"https:\/\/awtawooltesting.com.au\/fr\/wp-json\/wp\/v2\/types\/page"}],"author":[{"embeddable":true,"href":"https:\/\/awtawooltesting.com.au\/fr\/wp-json\/wp\/v2\/users\/1"}],"replies":[{"embeddable":true,"href":"https:\/\/awtawooltesting.com.au\/fr\/wp-json\/wp\/v2\/comments?post=540"}],"version-history":[{"count":4,"href":"https:\/\/awtawooltesting.com.au\/fr\/wp-json\/wp\/v2\/pages\/540\/revisions"}],"predecessor-version":[{"id":3248,"href":"https:\/\/awtawooltesting.com.au\/fr\/wp-json\/wp\/v2\/pages\/540\/revisions\/3248"}],"up":[{"embeddable":true,"href":"https:\/\/awtawooltesting.com.au\/fr\/wp-json\/wp\/v2\/pages\/671"}],"wp:attachment":[{"href":"https:\/\/awtawooltesting.com.au\/fr\/wp-json\/wp\/v2\/media?parent=540"}],"curies":[{"name":"wp","href":"https:\/\/api.w.org\/{rel}","templated":true}]}}