{"id":536,"date":"2025-08-07T10:19:21","date_gmt":"2025-08-07T10:19:21","guid":{"rendered":"https:\/\/awtawooltesting.swim.net.au\/?page_id=536"},"modified":"2025-11-27T03:40:47","modified_gmt":"2025-11-27T03:40:47","slug":"topmark-benchmarking","status":"publish","type":"page","link":"https:\/\/awtawooltesting.com.au\/fr\/services\/topmark-benchmarking\/","title":{"rendered":"TOPMARK Benchmarking"},"content":{"rendered":"<div class=\"wp-block-group is-style-boxed-narrow is-layout-constrained wp-block-group-is-layout-constrained\">\n<div class=\"wp-block-columns is-layout-flex wp-container-core-columns-is-layout-9d6595d7 wp-block-columns-is-layout-flex\">\n<div class=\"wp-block-column is-layout-flow wp-block-column-is-layout-flow\" style=\"flex-basis:100%\">\n<p>TOPMARK est un service gratuit d'analyse comparative destin\u00e9 aux filatures de laine et aux tanneurs du monde entier. Des essais ind\u00e9pendants ont \u00e9tabli une forte corr\u00e9lation entre les formules pr\u00e9dictives utilis\u00e9es dans ce service et les performances de traitement des filatures de laine. Cette relation est utilis\u00e9e pour comparer les lots individuels des filatures \u00e0 l'ensemble des donn\u00e9es et identifier les domaines dans lesquels des am\u00e9liorations peuvent \u00eatre apport\u00e9es.<\/p>\n\n\n\n<p>La participation est tr\u00e8s simple : les filatures fournissent \u00e0 l'AWTA des informations sur les tests de laine grasse effectu\u00e9s sur leurs lots, ainsi que leurs propres donn\u00e9es sur les tests de transformation. Nous rassemblons les donn\u00e9es de toutes les filatures participantes et d\u00e9terminons des \"points de r\u00e9f\u00e9rence\" pour tous les principaux r\u00e9sultats de traitement. Ces points de r\u00e9f\u00e9rence permettent \u00e0 une usine de comparer confidentiellement ses performances \u00e0 la moyenne de toutes les autres usines participant \u00e0 ce programme. Des rapports confidentiels sont r\u00e9guli\u00e8rement fournis aux usines, d\u00e9taillant leurs performances par rapport \u00e0 des caract\u00e9ristiques cl\u00e9s telles que la hauteur, la romaine, le rendement en top et en noil, et le diam\u00e8tre des fibres de c\u0153ur et de peigne.<\/p>\n<\/div>\n\n\n\n<div class=\"wp-block-column is-layout-flow wp-block-column-is-layout-flow\" style=\"flex-basis:20%\">\n<figure class=\"wp-block-image size-large\"><img loading=\"lazy\" decoding=\"async\" width=\"1024\" height=\"990\" src=\"https:\/\/awtawooltesting.com.au\/app\/uploads\/2025\/09\/TopMark-1024x990.jpg\" alt=\"\" class=\"wp-image-3212\" srcset=\"https:\/\/awtawooltesting.com.au\/app\/uploads\/2025\/09\/TopMark-1024x990.jpg 1024w, https:\/\/awtawooltesting.com.au\/app\/uploads\/2025\/09\/TopMark-300x290.jpg 300w, https:\/\/awtawooltesting.com.au\/app\/uploads\/2025\/09\/TopMark-768x742.jpg 768w, https:\/\/awtawooltesting.com.au\/app\/uploads\/2025\/09\/TopMark-12x12.jpg 12w, https:\/\/awtawooltesting.com.au\/app\/uploads\/2025\/09\/TopMark.jpg 1339w\" sizes=\"auto, (max-width: 1024px) 100vw, 1024px\" \/><\/figure>\n<\/div>\n<\/div>\n\n\n\n<p>La participation \u00e0 TOPMARK est gratuite. Il suffit de nous contacter et d'accepter de fournir les r\u00e9sultats des tests sur la laine grasse et la couche sup\u00e9rieure des lots de traitement. Ces r\u00e9sultats seront enregistr\u00e9s dans une base de donn\u00e9es confidentielle \u00e0 partir de laquelle les performances de traitement de chaque usine pourront \u00eatre compar\u00e9es. Un formulaire standard a \u00e9t\u00e9 cr\u00e9\u00e9 pour aider les usines \u00e0 soumettre les donn\u00e9es requises.<\/p>\n\n\n\n<h3 class=\"wp-block-heading\"><strong><em>Quels sont les avantages de l'analyse comparative ?<\/em><\/strong><\/h3>\n\n\n\n<p>L'\u00e9talonnage est la collecte d'informations sur les performances qui permettent d'\u00e9tablir des comparaisons entre les organisations. Il est g\u00e9n\u00e9ralement con\u00e7u pour r\u00e9pondre \u00e0 la question suivante \"Quels sont les crit\u00e8res de performance les plus importants et o\u00f9 nous situons-nous par rapport aux autres acteurs de notre secteur ?\" Il est g\u00e9n\u00e9ralement reconnu que, lorsqu'il est utilis\u00e9 de mani\u00e8re appropri\u00e9e, le benchmarking est l'un des outils les plus efficaces pour am\u00e9liorer les performances.<\/p>\n\n\n\n<p>Voici quelques-uns des avantages habituels :<\/p>\n\n\n\n<ul class=\"wp-block-list\">\n<li>Permet d'\u00e9tudier un large \u00e9ventail d'indicateurs de performance<\/li>\n\n\n\n<li>Prot\u00e8ge la confidentialit\u00e9 de tous les partenaires<\/li>\n\n\n\n<li>Permet de faire des comparaisons avec les concurrents et d'identifier les meilleures pratiques.<\/li>\n\n\n\n<li>Permet de voir clairement les lacunes en mati\u00e8re de performance et aide \u00e0 identifier les priorit\u00e9s en mati\u00e8re d'am\u00e9lioration.<\/li>\n\n\n\n<li>Encourage les participants \u00e0 rechercher de nouvelles approches pour am\u00e9liorer les performances.<\/li>\n<\/ul>\n\n\n\n<p><strong>TOPMARK\u2122 est une marque d\u00e9pos\u00e9e de l'Australian Wool Testing Authority.&nbsp;<\/strong><\/p>\n\n\n\n<p><\/p>\n\n\n\n<h2 class=\"wp-block-heading\">Pour en savoir plus :<\/h2>\n\n\n\n<div class=\"wp-block-buttons is-layout-flex wp-block-buttons-is-layout-flex\">\n<div class=\"wp-block-button is-style-gray-buttons\"><a class=\"wp-block-button__link wp-element-button\" href=\"\/fr\/app\/uploads\/2025\/09\/TOPMARK-Information_Form.pdf\/\" target=\"_blank\" rel=\"noreferrer noopener\">Formulaire d'information - TOPMARK<\/a><\/div>\n\n\n\n<div class=\"wp-block-button is-style-gray-buttons\"><a class=\"wp-block-button__link wp-element-button\" href=\"\/fr\/app\/uploads\/2025\/09\/TOPMARK-Consignment-Nomination-Form.pdf\/\" target=\"_blank\" rel=\"noreferrer noopener\">Formulaire de nomination pour la consignation TOPMARK<\/a><\/div>\n<\/div>\n<\/div>\n\n\n\n<div style=\"height:3rem\" aria-hidden=\"true\" class=\"wp-block-spacer\"><\/div>","protected":false},"excerpt":{"rendered":"<p>TOPMARK est un service gratuit d'analyse comparative destin\u00e9 aux usines de transformation et aux fabricants de toits dans le monde entier. Des essais ind\u00e9pendants ont \u00e9tabli qu'il existe une forte corr\u00e9lation entre le t...<\/p>","protected":false},"author":1,"featured_media":0,"parent":39,"menu_order":0,"comment_status":"closed","ping_status":"closed","template":"","meta":{"_acf_changed":false,"footnotes":""},"class_list":["post-536","page","type-page","status-publish","hentry"],"acf":[],"yoast_head":"<!-- This site is optimized with the Yoast SEO plugin v27.0 - https:\/\/yoast.com\/product\/yoast-seo-wordpress\/ -->\n<title>TOPMARK Benchmarking - AWTA Wool Testing<\/title>\n<meta name=\"robots\" content=\"index, follow, max-snippet:-1, max-image-preview:large, max-video-preview:-1\" \/>\n<link rel=\"canonical\" href=\"https:\/\/awtawooltesting.com.au\/fr\/services\/topmark-benchmarking\/\" \/>\n<meta property=\"og:locale\" content=\"fr_FR\" \/>\n<meta property=\"og:type\" content=\"article\" \/>\n<meta property=\"og:title\" content=\"TOPMARK Benchmarking - AWTA Wool Testing\" \/>\n<meta property=\"og:description\" content=\"TOPMARK is a free benchmarking service for processing mills and topmakers around the world. Independent trials have established there is a strong correlation between t\u2026\" \/>\n<meta property=\"og:url\" content=\"https:\/\/awtawooltesting.com.au\/fr\/services\/topmark-benchmarking\/\" \/>\n<meta property=\"og:site_name\" content=\"AWTA Wool Testing\" \/>\n<meta property=\"article:modified_time\" content=\"2025-11-27T03:40:47+00:00\" \/>\n<meta property=\"og:image\" content=\"https:\/\/awtawooltesting.com.au\/app\/uploads\/2025\/09\/TopMark.jpg\" \/>\n\t<meta property=\"og:image:width\" content=\"1339\" \/>\n\t<meta property=\"og:image:height\" content=\"1294\" \/>\n\t<meta property=\"og:image:type\" content=\"image\/jpeg\" \/>\n<meta name=\"twitter:card\" content=\"summary_large_image\" \/>\n<meta name=\"twitter:label1\" content=\"Est. reading time\" \/>\n\t<meta name=\"twitter:data1\" content=\"2 minutes\" \/>\n<script type=\"application\/ld+json\" class=\"yoast-schema-graph\">{\"@context\":\"https:\/\/schema.org\",\"@graph\":[{\"@type\":\"WebPage\",\"@id\":\"https:\/\/awtawooltesting.com.au\/services\/topmark-benchmarking\/\",\"url\":\"https:\/\/awtawooltesting.com.au\/services\/topmark-benchmarking\/\",\"name\":\"TOPMARK Benchmarking - AWTA Wool Testing\",\"isPartOf\":{\"@id\":\"https:\/\/awtawooltesting.com.au\/#website\"},\"primaryImageOfPage\":{\"@id\":\"https:\/\/awtawooltesting.com.au\/services\/topmark-benchmarking\/#primaryimage\"},\"image\":{\"@id\":\"https:\/\/awtawooltesting.com.au\/services\/topmark-benchmarking\/#primaryimage\"},\"thumbnailUrl\":\"https:\/\/awtawooltesting.com.au\/app\/uploads\/2025\/09\/TopMark-1024x990.jpg\",\"datePublished\":\"2025-08-07T10:19:21+00:00\",\"dateModified\":\"2025-11-27T03:40:47+00:00\",\"breadcrumb\":{\"@id\":\"https:\/\/awtawooltesting.com.au\/services\/topmark-benchmarking\/#breadcrumb\"},\"inLanguage\":\"fr-FR\",\"potentialAction\":[{\"@type\":\"ReadAction\",\"target\":[\"https:\/\/awtawooltesting.com.au\/services\/topmark-benchmarking\/\"]}]},{\"@type\":\"ImageObject\",\"inLanguage\":\"fr-FR\",\"@id\":\"https:\/\/awtawooltesting.com.au\/services\/topmark-benchmarking\/#primaryimage\",\"url\":\"https:\/\/awtawooltesting.com.au\/app\/uploads\/2025\/09\/TopMark-1024x990.jpg\",\"contentUrl\":\"https:\/\/awtawooltesting.com.au\/app\/uploads\/2025\/09\/TopMark-1024x990.jpg\"},{\"@type\":\"BreadcrumbList\",\"@id\":\"https:\/\/awtawooltesting.com.au\/services\/topmark-benchmarking\/#breadcrumb\",\"itemListElement\":[{\"@type\":\"ListItem\",\"position\":1,\"name\":\"Home\",\"item\":\"https:\/\/awtawooltesting.com.au\/\"},{\"@type\":\"ListItem\",\"position\":2,\"name\":\"Services\",\"item\":\"https:\/\/awtawooltesting.com.au\/it\/services\/\"},{\"@type\":\"ListItem\",\"position\":3,\"name\":\"TOPMARK Benchmarking\"}]},{\"@type\":\"WebSite\",\"@id\":\"https:\/\/awtawooltesting.com.au\/#website\",\"url\":\"https:\/\/awtawooltesting.com.au\/\",\"name\":\"AWTA Wool Testing\",\"description\":\"\",\"publisher\":{\"@id\":\"https:\/\/awtawooltesting.com.au\/#organization\"},\"potentialAction\":[{\"@type\":\"SearchAction\",\"target\":{\"@type\":\"EntryPoint\",\"urlTemplate\":\"https:\/\/awtawooltesting.com.au\/?s={search_term_string}\"},\"query-input\":{\"@type\":\"PropertyValueSpecification\",\"valueRequired\":true,\"valueName\":\"search_term_string\"}}],\"inLanguage\":\"fr-FR\"},{\"@type\":\"Organization\",\"@id\":\"https:\/\/awtawooltesting.com.au\/#organization\",\"name\":\"AWTA Wool Testing\",\"url\":\"https:\/\/awtawooltesting.com.au\/\",\"logo\":{\"@type\":\"ImageObject\",\"inLanguage\":\"fr-FR\",\"@id\":\"https:\/\/awtawooltesting.com.au\/#\/schema\/logo\/image\/\",\"url\":\"https:\/\/awtawooltesting.com.au\/app\/uploads\/2025\/12\/awtarw.png\",\"contentUrl\":\"https:\/\/awtawooltesting.com.au\/app\/uploads\/2025\/12\/awtarw.png\",\"width\":1184,\"height\":1773,\"caption\":\"AWTA Wool Testing\"},\"image\":{\"@id\":\"https:\/\/awtawooltesting.com.au\/#\/schema\/logo\/image\/\"}}]}<\/script>\n<!-- \/ Yoast SEO plugin. -->","yoast_head_json":{"title":"TOPMARK Benchmarking - AWTA Wool Testing","robots":{"index":"index","follow":"follow","max-snippet":"max-snippet:-1","max-image-preview":"max-image-preview:large","max-video-preview":"max-video-preview:-1"},"canonical":"https:\/\/awtawooltesting.com.au\/fr\/services\/topmark-benchmarking\/","og_locale":"fr_FR","og_type":"article","og_title":"TOPMARK Benchmarking - AWTA Wool Testing","og_description":"TOPMARK is a free benchmarking service for processing mills and topmakers around the world. Independent trials have established there is a strong correlation between t\u2026","og_url":"https:\/\/awtawooltesting.com.au\/fr\/services\/topmark-benchmarking\/","og_site_name":"AWTA Wool Testing","article_modified_time":"2025-11-27T03:40:47+00:00","og_image":[{"width":1339,"height":1294,"url":"https:\/\/awtawooltesting.com.au\/app\/uploads\/2025\/09\/TopMark.jpg","type":"image\/jpeg"}],"twitter_card":"summary_large_image","twitter_misc":{"Est. reading time":"2 minutes"},"schema":{"@context":"https:\/\/schema.org","@graph":[{"@type":"WebPage","@id":"https:\/\/awtawooltesting.com.au\/services\/topmark-benchmarking\/","url":"https:\/\/awtawooltesting.com.au\/services\/topmark-benchmarking\/","name":"TOPMARK Benchmarking - AWTA Wool Testing","isPartOf":{"@id":"https:\/\/awtawooltesting.com.au\/#website"},"primaryImageOfPage":{"@id":"https:\/\/awtawooltesting.com.au\/services\/topmark-benchmarking\/#primaryimage"},"image":{"@id":"https:\/\/awtawooltesting.com.au\/services\/topmark-benchmarking\/#primaryimage"},"thumbnailUrl":"https:\/\/awtawooltesting.com.au\/app\/uploads\/2025\/09\/TopMark-1024x990.jpg","datePublished":"2025-08-07T10:19:21+00:00","dateModified":"2025-11-27T03:40:47+00:00","breadcrumb":{"@id":"https:\/\/awtawooltesting.com.au\/services\/topmark-benchmarking\/#breadcrumb"},"inLanguage":"fr-FR","potentialAction":[{"@type":"ReadAction","target":["https:\/\/awtawooltesting.com.au\/services\/topmark-benchmarking\/"]}]},{"@type":"ImageObject","inLanguage":"fr-FR","@id":"https:\/\/awtawooltesting.com.au\/services\/topmark-benchmarking\/#primaryimage","url":"https:\/\/awtawooltesting.com.au\/app\/uploads\/2025\/09\/TopMark-1024x990.jpg","contentUrl":"https:\/\/awtawooltesting.com.au\/app\/uploads\/2025\/09\/TopMark-1024x990.jpg"},{"@type":"BreadcrumbList","@id":"https:\/\/awtawooltesting.com.au\/services\/topmark-benchmarking\/#breadcrumb","itemListElement":[{"@type":"ListItem","position":1,"name":"Home","item":"https:\/\/awtawooltesting.com.au\/"},{"@type":"ListItem","position":2,"name":"Services","item":"https:\/\/awtawooltesting.com.au\/it\/services\/"},{"@type":"ListItem","position":3,"name":"TOPMARK Benchmarking"}]},{"@type":"WebSite","@id":"https:\/\/awtawooltesting.com.au\/#website","url":"https:\/\/awtawooltesting.com.au\/","name":"Test de laine AWTA","description":"","publisher":{"@id":"https:\/\/awtawooltesting.com.au\/#organization"},"potentialAction":[{"@type":"SearchAction","target":{"@type":"EntryPoint","urlTemplate":"https:\/\/awtawooltesting.com.au\/?s={search_term_string}"},"query-input":{"@type":"PropertyValueSpecification","valueRequired":true,"valueName":"search_term_string"}}],"inLanguage":"fr-FR"},{"@type":"Organization","@id":"https:\/\/awtawooltesting.com.au\/#organization","name":"Test de laine AWTA","url":"https:\/\/awtawooltesting.com.au\/","logo":{"@type":"ImageObject","inLanguage":"fr-FR","@id":"https:\/\/awtawooltesting.com.au\/#\/schema\/logo\/image\/","url":"https:\/\/awtawooltesting.com.au\/app\/uploads\/2025\/12\/awtarw.png","contentUrl":"https:\/\/awtawooltesting.com.au\/app\/uploads\/2025\/12\/awtarw.png","width":1184,"height":1773,"caption":"AWTA Wool Testing"},"image":{"@id":"https:\/\/awtawooltesting.com.au\/#\/schema\/logo\/image\/"}}]}},"_links":{"self":[{"href":"https:\/\/awtawooltesting.com.au\/fr\/wp-json\/wp\/v2\/pages\/536","targetHints":{"allow":["GET"]}}],"collection":[{"href":"https:\/\/awtawooltesting.com.au\/fr\/wp-json\/wp\/v2\/pages"}],"about":[{"href":"https:\/\/awtawooltesting.com.au\/fr\/wp-json\/wp\/v2\/types\/page"}],"author":[{"embeddable":true,"href":"https:\/\/awtawooltesting.com.au\/fr\/wp-json\/wp\/v2\/users\/1"}],"replies":[{"embeddable":true,"href":"https:\/\/awtawooltesting.com.au\/fr\/wp-json\/wp\/v2\/comments?post=536"}],"version-history":[{"count":18,"href":"https:\/\/awtawooltesting.com.au\/fr\/wp-json\/wp\/v2\/pages\/536\/revisions"}],"predecessor-version":[{"id":3418,"href":"https:\/\/awtawooltesting.com.au\/fr\/wp-json\/wp\/v2\/pages\/536\/revisions\/3418"}],"up":[{"embeddable":true,"href":"https:\/\/awtawooltesting.com.au\/fr\/wp-json\/wp\/v2\/pages\/39"}],"wp:attachment":[{"href":"https:\/\/awtawooltesting.com.au\/fr\/wp-json\/wp\/v2\/media?parent=536"}],"curies":[{"name":"wp","href":"https:\/\/api.w.org\/{rel}","templated":true}]}}