{"id":534,"date":"2025-08-07T10:19:13","date_gmt":"2025-08-07T10:19:13","guid":{"rendered":"https:\/\/awtawooltesting.swim.net.au\/?page_id=534"},"modified":"2025-11-27T03:40:21","modified_gmt":"2025-11-27T03:40:21","slug":"research-development","status":"publish","type":"page","link":"https:\/\/awtawooltesting.com.au\/fr\/services\/research-development\/","title":{"rendered":"Recherche et d\u00e9veloppement"},"content":{"rendered":"<div class=\"wp-block-group is-style-boxed-narrow is-layout-constrained wp-block-group-is-layout-constrained\">\n<p>La recherche et le d\u00e9veloppement jouent un r\u00f4le majeur dans le d\u00e9veloppement de la laine brute AWTA. Bas\u00e9 \u00e0 Melbourne, le groupe de recherche et d'ing\u00e9nierie constitue le plus grand groupe de mesure de la laine et de recherche en ing\u00e9nierie de l'industrie laini\u00e8re.<\/p>\n\n\n\n<p>Les travaux men\u00e9s par le groupe s'inscrivent dans les domaines suivants :<\/p>\n\n\n\n<ul class=\"wp-block-list\">\n<li>Recherche fondamentale visant \u00e0 d\u00e9velopper une compr\u00e9hension de la physique sous-jacente de syst\u00e8mes de mesure sp\u00e9cifiques<\/li>\n\n\n\n<li>D\u00e9veloppement de m\u00e9thodes d'essai, de normes et de r\u00e9glementations<\/li>\n\n\n\n<li>D\u00e9veloppement, conception et fabrication d'\u00e9quipements d'essai \u00e0 usage interne et pour la vente<\/li>\n\n\n\n<li>Projets et collaborations avec l'industrie<\/li>\n\n\n\n<li>M\u00e9trologie et analyse de la laine en g\u00e9n\u00e9ral<\/li>\n\n\n\n<li>TopMark - Analyse comparative des usines<\/li>\n<\/ul>\n\n\n\n<p>Les chercheurs de l'AWTA sont disponibles pour mener et g\u00e9rer des projets de recherche sous contrat ou en partenariat avec d'autres. L'expertise des \u00e9quipes de recherche est vaste et couvre les domaines suivants :<\/p>\n\n\n\n<ul class=\"wp-block-list\">\n<li>Science de la mesure de la laine<\/li>\n\n\n\n<li>Physique et ing\u00e9nierie textiles<\/li>\n\n\n\n<li>Conception exp\u00e9rimentale et analyse statistique<\/li>\n\n\n\n<li>Spectroscopie proche infrarouge<\/li>\n\n\n\n<li>Gestion de projets de recherche<\/li>\n<\/ul>\n\n\n\n<h2 class=\"wp-block-heading\">Pour en savoir plus :<\/h2>\n\n\n\n<div class=\"wp-block-buttons is-layout-flex wp-block-buttons-is-layout-flex\">\n<div class=\"wp-block-button is-style-gray-buttons\"><a class=\"wp-block-button__link wp-element-button\" href=\"\/fr\/app\/uploads\/2025\/09\/Fact-Sheet-Research-Metrology.pdf\/\" target=\"_blank\" rel=\"noreferrer noopener\">Fiche d'information - M\u00e9trologie de recherche<\/a><\/div>\n<\/div>\n<\/div>\n\n\n\n<div style=\"height:3rem\" aria-hidden=\"true\" class=\"wp-block-spacer\"><\/div>","protected":false},"excerpt":{"rendered":"<p>La recherche et le d\u00e9veloppement jouent un r\u00f4le majeur dans le d\u00e9veloppement de la laine brute AWTA. Bas\u00e9 \u00e0 Melbourne, le groupe de recherche et d'ing\u00e9nierie constitue le plus grand...<\/p>","protected":false},"author":1,"featured_media":0,"parent":39,"menu_order":0,"comment_status":"closed","ping_status":"closed","template":"","meta":{"_acf_changed":false,"footnotes":""},"class_list":["post-534","page","type-page","status-publish","hentry"],"acf":[],"yoast_head":"<!-- This site is optimized with the Yoast SEO plugin v27.0 - https:\/\/yoast.com\/product\/yoast-seo-wordpress\/ -->\n<title>Research &amp; Development - AWTA Wool Testing<\/title>\n<meta name=\"robots\" content=\"index, follow, max-snippet:-1, max-image-preview:large, max-video-preview:-1\" \/>\n<link rel=\"canonical\" href=\"https:\/\/awtawooltesting.com.au\/fr\/services\/research-development\/\" \/>\n<meta property=\"og:locale\" content=\"fr_FR\" \/>\n<meta property=\"og:type\" content=\"article\" \/>\n<meta property=\"og:title\" content=\"Research &amp; Development - AWTA Wool Testing\" \/>\n<meta property=\"og:description\" content=\"Research &amp;&nbsp;Development plays a major part in the development of AWTA Raw Wool. Based in Melbourne, the Research &amp; Engineering group forms the largest wool\u2026\" \/>\n<meta property=\"og:url\" content=\"https:\/\/awtawooltesting.com.au\/fr\/services\/research-development\/\" \/>\n<meta property=\"og:site_name\" content=\"AWTA Wool Testing\" \/>\n<meta property=\"article:modified_time\" content=\"2025-11-27T03:40:21+00:00\" \/>\n<meta name=\"twitter:card\" content=\"summary_large_image\" \/>\n<meta name=\"twitter:label1\" content=\"Est. reading time\" \/>\n\t<meta name=\"twitter:data1\" content=\"1 minute\" \/>\n<script type=\"application\/ld+json\" class=\"yoast-schema-graph\">{\"@context\":\"https:\/\/schema.org\",\"@graph\":[{\"@type\":\"WebPage\",\"@id\":\"https:\/\/awtawooltesting.com.au\/services\/research-development\/\",\"url\":\"https:\/\/awtawooltesting.com.au\/services\/research-development\/\",\"name\":\"Research &amp; Development - AWTA Wool Testing\",\"isPartOf\":{\"@id\":\"https:\/\/awtawooltesting.com.au\/#website\"},\"datePublished\":\"2025-08-07T10:19:13+00:00\",\"dateModified\":\"2025-11-27T03:40:21+00:00\",\"breadcrumb\":{\"@id\":\"https:\/\/awtawooltesting.com.au\/services\/research-development\/#breadcrumb\"},\"inLanguage\":\"fr-FR\",\"potentialAction\":[{\"@type\":\"ReadAction\",\"target\":[\"https:\/\/awtawooltesting.com.au\/services\/research-development\/\"]}]},{\"@type\":\"BreadcrumbList\",\"@id\":\"https:\/\/awtawooltesting.com.au\/services\/research-development\/#breadcrumb\",\"itemListElement\":[{\"@type\":\"ListItem\",\"position\":1,\"name\":\"Home\",\"item\":\"https:\/\/awtawooltesting.com.au\/\"},{\"@type\":\"ListItem\",\"position\":2,\"name\":\"Services\",\"item\":\"https:\/\/awtawooltesting.com.au\/it\/services\/\"},{\"@type\":\"ListItem\",\"position\":3,\"name\":\"Research &amp; Development\"}]},{\"@type\":\"WebSite\",\"@id\":\"https:\/\/awtawooltesting.com.au\/#website\",\"url\":\"https:\/\/awtawooltesting.com.au\/\",\"name\":\"AWTA Wool Testing\",\"description\":\"\",\"publisher\":{\"@id\":\"https:\/\/awtawooltesting.com.au\/#organization\"},\"potentialAction\":[{\"@type\":\"SearchAction\",\"target\":{\"@type\":\"EntryPoint\",\"urlTemplate\":\"https:\/\/awtawooltesting.com.au\/?s={search_term_string}\"},\"query-input\":{\"@type\":\"PropertyValueSpecification\",\"valueRequired\":true,\"valueName\":\"search_term_string\"}}],\"inLanguage\":\"fr-FR\"},{\"@type\":\"Organization\",\"@id\":\"https:\/\/awtawooltesting.com.au\/#organization\",\"name\":\"AWTA Wool Testing\",\"url\":\"https:\/\/awtawooltesting.com.au\/\",\"logo\":{\"@type\":\"ImageObject\",\"inLanguage\":\"fr-FR\",\"@id\":\"https:\/\/awtawooltesting.com.au\/#\/schema\/logo\/image\/\",\"url\":\"https:\/\/awtawooltesting.com.au\/app\/uploads\/2025\/12\/awtarw.png\",\"contentUrl\":\"https:\/\/awtawooltesting.com.au\/app\/uploads\/2025\/12\/awtarw.png\",\"width\":1184,\"height\":1773,\"caption\":\"AWTA Wool Testing\"},\"image\":{\"@id\":\"https:\/\/awtawooltesting.com.au\/#\/schema\/logo\/image\/\"}}]}<\/script>\n<!-- \/ Yoast SEO plugin. -->","yoast_head_json":{"title":"Research &amp; Development - AWTA Wool Testing","robots":{"index":"index","follow":"follow","max-snippet":"max-snippet:-1","max-image-preview":"max-image-preview:large","max-video-preview":"max-video-preview:-1"},"canonical":"https:\/\/awtawooltesting.com.au\/fr\/services\/research-development\/","og_locale":"fr_FR","og_type":"article","og_title":"Research &amp; Development - AWTA Wool Testing","og_description":"Research &amp;&nbsp;Development plays a major part in the development of AWTA Raw Wool. Based in Melbourne, the Research &amp; Engineering group forms the largest wool\u2026","og_url":"https:\/\/awtawooltesting.com.au\/fr\/services\/research-development\/","og_site_name":"AWTA Wool Testing","article_modified_time":"2025-11-27T03:40:21+00:00","twitter_card":"summary_large_image","twitter_misc":{"Est. reading time":"1 minute"},"schema":{"@context":"https:\/\/schema.org","@graph":[{"@type":"WebPage","@id":"https:\/\/awtawooltesting.com.au\/services\/research-development\/","url":"https:\/\/awtawooltesting.com.au\/services\/research-development\/","name":"Research &amp; Development - AWTA Wool Testing","isPartOf":{"@id":"https:\/\/awtawooltesting.com.au\/#website"},"datePublished":"2025-08-07T10:19:13+00:00","dateModified":"2025-11-27T03:40:21+00:00","breadcrumb":{"@id":"https:\/\/awtawooltesting.com.au\/services\/research-development\/#breadcrumb"},"inLanguage":"fr-FR","potentialAction":[{"@type":"ReadAction","target":["https:\/\/awtawooltesting.com.au\/services\/research-development\/"]}]},{"@type":"BreadcrumbList","@id":"https:\/\/awtawooltesting.com.au\/services\/research-development\/#breadcrumb","itemListElement":[{"@type":"ListItem","position":1,"name":"Home","item":"https:\/\/awtawooltesting.com.au\/"},{"@type":"ListItem","position":2,"name":"Services","item":"https:\/\/awtawooltesting.com.au\/it\/services\/"},{"@type":"ListItem","position":3,"name":"Research &amp; Development"}]},{"@type":"WebSite","@id":"https:\/\/awtawooltesting.com.au\/#website","url":"https:\/\/awtawooltesting.com.au\/","name":"Test de laine AWTA","description":"","publisher":{"@id":"https:\/\/awtawooltesting.com.au\/#organization"},"potentialAction":[{"@type":"SearchAction","target":{"@type":"EntryPoint","urlTemplate":"https:\/\/awtawooltesting.com.au\/?s={search_term_string}"},"query-input":{"@type":"PropertyValueSpecification","valueRequired":true,"valueName":"search_term_string"}}],"inLanguage":"fr-FR"},{"@type":"Organization","@id":"https:\/\/awtawooltesting.com.au\/#organization","name":"Test de laine AWTA","url":"https:\/\/awtawooltesting.com.au\/","logo":{"@type":"ImageObject","inLanguage":"fr-FR","@id":"https:\/\/awtawooltesting.com.au\/#\/schema\/logo\/image\/","url":"https:\/\/awtawooltesting.com.au\/app\/uploads\/2025\/12\/awtarw.png","contentUrl":"https:\/\/awtawooltesting.com.au\/app\/uploads\/2025\/12\/awtarw.png","width":1184,"height":1773,"caption":"AWTA Wool Testing"},"image":{"@id":"https:\/\/awtawooltesting.com.au\/#\/schema\/logo\/image\/"}}]}},"_links":{"self":[{"href":"https:\/\/awtawooltesting.com.au\/fr\/wp-json\/wp\/v2\/pages\/534","targetHints":{"allow":["GET"]}}],"collection":[{"href":"https:\/\/awtawooltesting.com.au\/fr\/wp-json\/wp\/v2\/pages"}],"about":[{"href":"https:\/\/awtawooltesting.com.au\/fr\/wp-json\/wp\/v2\/types\/page"}],"author":[{"embeddable":true,"href":"https:\/\/awtawooltesting.com.au\/fr\/wp-json\/wp\/v2\/users\/1"}],"replies":[{"embeddable":true,"href":"https:\/\/awtawooltesting.com.au\/fr\/wp-json\/wp\/v2\/comments?post=534"}],"version-history":[{"count":8,"href":"https:\/\/awtawooltesting.com.au\/fr\/wp-json\/wp\/v2\/pages\/534\/revisions"}],"predecessor-version":[{"id":3417,"href":"https:\/\/awtawooltesting.com.au\/fr\/wp-json\/wp\/v2\/pages\/534\/revisions\/3417"}],"up":[{"embeddable":true,"href":"https:\/\/awtawooltesting.com.au\/fr\/wp-json\/wp\/v2\/pages\/39"}],"wp:attachment":[{"href":"https:\/\/awtawooltesting.com.au\/fr\/wp-json\/wp\/v2\/media?parent=534"}],"curies":[{"name":"wp","href":"https:\/\/api.w.org\/{rel}","templated":true}]}}