{"id":524,"date":"2025-08-07T10:18:31","date_gmt":"2025-08-07T10:18:31","guid":{"rendered":"https:\/\/awtawooltesting.swim.net.au\/?page_id=524"},"modified":"2025-11-27T03:34:36","modified_gmt":"2025-11-27T03:34:36","slug":"fleece-measurement","status":"publish","type":"page","link":"https:\/\/awtawooltesting.com.au\/fr\/services\/raw-wool-testing\/fleece-measurement\/","title":{"rendered":"Mesure du molleton"},"content":{"rendered":"<div class=\"wp-block-group is-style-boxed is-layout-constrained wp-block-group-is-layout-constrained\">\n<div class=\"wp-block-columns is-layout-flex wp-container-core-columns-is-layout-9d6595d7 wp-block-columns-is-layout-flex\">\n<div class=\"wp-block-column is-vertically-aligned-center is-layout-flow wp-block-column-is-layout-flow\">\n<p>Les \u00e9leveurs de moutons et les producteurs de laine soumettent des \u00e9chantillons de laine polaire pr\u00e9lev\u00e9s sur des moutons individuels pour la mesure de routine du diam\u00e8tre de la fibre (micron) \u00e0 l'aide d'un instrument Laserscan. Cet instrument fournit d'autres donn\u00e9es en conjonction avec le r\u00e9sultat du diam\u00e8tre de la fibre, y compris le coefficient de variation du diam\u00e8tre (CVD), le facteur de confort et un r\u00e9sultat de mesure de la courbure de la fibre.<\/p>\n<\/div>\n\n\n\n<div class=\"wp-block-column is-layout-flow wp-block-column-is-layout-flow\">\n<figure class=\"wp-block-image size-full\"><img loading=\"lazy\" decoding=\"async\" width=\"359\" height=\"637\" src=\"https:\/\/awtawooltesting.com.au\/app\/uploads\/2025\/11\/Image-8.jpg\" alt=\"\" class=\"wp-image-3203\" srcset=\"https:\/\/awtawooltesting.com.au\/app\/uploads\/2025\/11\/Image-8.jpg 359w, https:\/\/awtawooltesting.com.au\/app\/uploads\/2025\/11\/Image-8-169x300.jpg 169w, https:\/\/awtawooltesting.com.au\/app\/uploads\/2025\/11\/Image-8-7x12.jpg 7w\" sizes=\"auto, (max-width: 359px) 100vw, 359px\" \/><\/figure>\n<\/div>\n<\/div>\n\n\n\n<div class=\"wp-block-columns is-layout-flex wp-container-core-columns-is-layout-9d6595d7 wp-block-columns-is-layout-flex\">\n<div class=\"wp-block-column is-layout-flow wp-block-column-is-layout-flow\">\n<figure class=\"wp-block-image size-full\"><img loading=\"lazy\" decoding=\"async\" width=\"379\" height=\"674\" src=\"https:\/\/awtawooltesting.com.au\/app\/uploads\/2025\/11\/Image-9.jpg\" alt=\"\" class=\"wp-image-3204\" srcset=\"https:\/\/awtawooltesting.com.au\/app\/uploads\/2025\/11\/Image-9.jpg 379w, https:\/\/awtawooltesting.com.au\/app\/uploads\/2025\/11\/Image-9-169x300.jpg 169w, https:\/\/awtawooltesting.com.au\/app\/uploads\/2025\/11\/Image-9-7x12.jpg 7w\" sizes=\"auto, (max-width: 379px) 100vw, 379px\" \/><\/figure>\n<\/div>\n\n\n\n<div class=\"wp-block-column is-vertically-aligned-center is-layout-flow wp-block-column-is-layout-flow\">\n<p>Les r\u00e9sultats des tests individuels de mesure de la toison sont souvent utilis\u00e9s pour les raisons suivantes :<\/p>\n\n\n\n<ul class=\"wp-block-list\">\n<li>La s\u00e9lection par les \u00e9leveurs d'animaux individuels pr\u00e9sentant des caract\u00e9ristiques fibreuses sup\u00e9rieures<\/li>\n\n\n\n<li>La commercialisation des reproducteurs<\/li>\n\n\n\n<li>Recherche scientifique ou travaux d'essai<\/li>\n\n\n\n<li>Concours de toison lors d'expositions agricoles ou ovines<\/li>\n\n\n\n<li>Identification des moutons dont les toisons ont un diam\u00e8tre de fibre inf\u00e9rieur, afin que les toisons puissent \u00eatre s\u00e9par\u00e9es ou isol\u00e9es pour cr\u00e9er des balles de laine fine vendues \u00e0 un prix plus \u00e9lev\u00e9<\/li>\n<\/ul>\n<\/div>\n<\/div>\n\n\n\n<div class=\"wp-block-columns is-layout-flex wp-container-core-columns-is-layout-9d6595d7 wp-block-columns-is-layout-flex\">\n<div class=\"wp-block-column is-vertically-aligned-center is-layout-flow wp-block-column-is-layout-flow\">\n<p>La mesure de la toison est principalement effectu\u00e9e sur la laine de mouton, mais la plupart des attributs ci-dessus peuvent \u00e9galement \u00eatre mesur\u00e9s sur le mohair, l'alpaga, le cachemire ou d'autres fibres animales.<\/p>\n\n\n\n<p>La mesure de la toison est souvent appel\u00e9e test de la partie m\u00e9diane de l'animal, son nom commun provenant de l'endroit de l'animal o\u00f9 l'\u00e9chantillon est pr\u00e9lev\u00e9.<\/p>\n<\/div>\n\n\n\n<div class=\"wp-block-column is-layout-flow wp-block-column-is-layout-flow\">\n<figure class=\"wp-block-image size-large\"><img loading=\"lazy\" decoding=\"async\" width=\"1024\" height=\"533\" src=\"https:\/\/awtawooltesting.com.au\/app\/uploads\/2025\/11\/AR-Sheep-option-B-1-1024x533.jpg\" alt=\"\" class=\"wp-image-3188\" srcset=\"https:\/\/awtawooltesting.com.au\/app\/uploads\/2025\/11\/AR-Sheep-option-B-1-1024x533.jpg 1024w, https:\/\/awtawooltesting.com.au\/app\/uploads\/2025\/11\/AR-Sheep-option-B-1-300x156.jpg 300w, https:\/\/awtawooltesting.com.au\/app\/uploads\/2025\/11\/AR-Sheep-option-B-1-768x400.jpg 768w, https:\/\/awtawooltesting.com.au\/app\/uploads\/2025\/11\/AR-Sheep-option-B-1-1536x800.jpg 1536w, https:\/\/awtawooltesting.com.au\/app\/uploads\/2025\/11\/AR-Sheep-option-B-1-2048x1067.jpg 2048w, https:\/\/awtawooltesting.com.au\/app\/uploads\/2025\/11\/AR-Sheep-option-B-1-18x9.jpg 18w, https:\/\/awtawooltesting.com.au\/app\/uploads\/2025\/11\/AR-Sheep-option-B-1-scaled.jpg 2560w\" sizes=\"auto, (max-width: 1024px) 100vw, 1024px\" \/><\/figure>\n<\/div>\n<\/div>\n\n\n\n<h2 class=\"wp-block-heading\">Pour en savoir plus :<\/h2>\n\n\n\n<div class=\"wp-block-buttons is-layout-flex wp-block-buttons-is-layout-flex\">\n<div class=\"wp-block-button is-style-gray-buttons\"><a class=\"wp-block-button__link wp-element-button\" href=\"\/fr\/app\/uploads\/2025\/09\/Fact-Sheet-Fleece-Measurement.pdf\/\" target=\"_blank\" rel=\"noreferrer noopener\">Fiche d'information - Mesure de la laine polaire<\/a><\/div>\n\n\n\n<div class=\"wp-block-button is-style-gray-buttons\"><a class=\"wp-block-button__link wp-element-button\" href=\"\/fr\/app\/uploads\/2025\/09\/Fleece-Measurement-Request-2025-26.pdf\/\" target=\"_blank\" rel=\"noreferrer noopener\">Demande de test de mesure du molleton<\/a><\/div>\n\n\n\n<div class=\"wp-block-button is-style-gray-buttons\"><a class=\"wp-block-button__link wp-element-button\" href=\"\/fr\/app\/uploads\/2025\/09\/Specialty-Fibre-Request-2025-26.pdf\/\" target=\"_blank\" rel=\"noreferrer noopener\">Formulaire - Demande de test de fibres sp\u00e9ciales (Alpaga, Mohair, Angora et Cachemire)<\/a><\/div>\n<\/div>\n\n\n\n<h2 class=\"wp-block-heading\">Services d'essai de la laine brute<\/h2>\n\n\n\n<div class=\"wp-block-buttons is-horizontal is-layout-flex wp-block-buttons-is-layout-flex\">\n<div class=\"wp-block-button is-style-default\"><a class=\"wp-block-button__link wp-element-button\" href=\"https:\/\/awtawooltesting.com.au\/fr\/services\/raw-wool-testing\/yield-fibre-diameter\/\">Rendement et diam\u00e8tre des fibres<\/a><\/div>\n\n\n\n<div class=\"wp-block-button is-style-default\"><a class=\"wp-block-button__link wp-element-button\" href=\"\/fr\/services\/raw-wool-testing\/staple-length-strength\/\" target=\"_blank\" rel=\"noreferrer noopener\">Longueur et r\u00e9sistance des agrafes<\/a><\/div>\n\n\n\n<div class=\"wp-block-button is-style-default\"><a class=\"wp-block-button__link wp-element-button\" href=\"\/fr\/services\/raw-wool-testing\/clean-colour\/\" target=\"_blank\" rel=\"noreferrer noopener\">Couleur propre<\/a><\/div>\n\n\n\n<div class=\"wp-block-button is-style-default\"><a class=\"wp-block-button__link wp-element-button\" href=\"\/fr\/services\/raw-wool-testing\/pesticide-residues\/\" target=\"_blank\" rel=\"noreferrer noopener\">R\u00e9sidus de pesticides<\/a><\/div>\n\n\n\n<div class=\"wp-block-button is-style-default\"><a class=\"wp-block-button__link wp-element-button\" href=\"\/fr\/services\/raw-wool-testing\/dark-medullated-fibre\/\" target=\"_blank\" rel=\"noreferrer noopener\">Fibre sombre et m\u00e9dullaire<\/a><\/div>\n\n\n\n<div class=\"wp-block-button is-style-default\"><a class=\"wp-block-button__link wp-element-button\" href=\"\/fr\/services\/raw-wool-testing\/dark-medullated-fibre-risk-scheme\/\" target=\"_blank\" rel=\"noreferrer noopener\">Sch\u00e9ma de risque pour les fibres noires et m\u00e9dull\u00e9es<\/a><\/div>\n\n\n\n<div class=\"wp-block-button is-style-default\"><a class=\"wp-block-button__link wp-element-button\" href=\"\/fr\/services\/raw-wool-testing\/scoured-wool\/\" target=\"_blank\" rel=\"noreferrer noopener\">Laine \u00e9crue<\/a><\/div>\n<\/div>\n<\/div>\n\n\n\n<div style=\"background-image:url(&apos;https:\/\/awtawooltesting.com.au\/app\/uploads\/2025\/09\/249ce0f6360efa7ef030efe76d5252bb46ac76dc.png&apos;);background-size:cover;\" class=\"wp-block-group is-style-cta-banner is-layout-constrained wp-block-group-is-layout-constrained has-background\">\n<div class=\"wp-block-columns is-layout-flex wp-container-core-columns-is-layout-9d6595d7 wp-block-columns-is-layout-flex\">\n<div class=\"wp-block-column is-layout-flow wp-block-column-is-layout-flow\"><\/div>\n\n\n\n<div class=\"wp-block-column is-layout-flow wp-block-column-is-layout-flow\">\n<h2 class=\"wp-block-heading has-light-gray-color has-text-color has-link-color wp-elements-aff3682a8c10eaf82ef7520d957f2f3d\">Pr\u00eat \u00e0 obtenir les services de test sp\u00e9cialis\u00e9s dont vous avez besoin ?<\/h2>\n\n\n\n<p class=\"has-light-gray-color has-text-color has-link-color wp-elements-52ac2f1992c475913289be292e553398\">Contactez-nous d\u00e8s aujourd'hui pour commencer.<\/p>\n\n\n\n<div class=\"wp-block-buttons is-layout-flex wp-block-buttons-is-layout-flex\">\n<div class=\"wp-block-button\"><a class=\"wp-block-button__link wp-element-button\">CONTACTEZ-NOUS<\/a><\/div>\n\n\n\n<div class=\"wp-block-button\"><a class=\"wp-block-button__link wp-element-button\">V\u00c9RIFICATION DU CERTIFICAT<\/a><\/div>\n<\/div>\n<\/div>\n<\/div>\n<\/div>","protected":false},"excerpt":{"rendered":"<p>Les \u00e9leveurs de moutons et les producteurs de laine soumettent des \u00e9chantillons de laine de toison pr\u00e9lev\u00e9s sur des moutons individuels pour la mesure de routine du diam\u00e8tre de la fibre (micron) en utilisant...<\/p>","protected":false},"author":1,"featured_media":0,"parent":516,"menu_order":0,"comment_status":"closed","ping_status":"closed","template":"","meta":{"_acf_changed":false,"footnotes":""},"class_list":["post-524","page","type-page","status-publish","hentry"],"acf":[],"yoast_head":"<!-- This site is optimized with the Yoast SEO plugin v27.0 - https:\/\/yoast.com\/product\/yoast-seo-wordpress\/ -->\n<title>Fleece Measurement - AWTA Wool Testing<\/title>\n<meta name=\"robots\" content=\"index, follow, max-snippet:-1, max-image-preview:large, max-video-preview:-1\" \/>\n<link rel=\"canonical\" href=\"https:\/\/awtawooltesting.com.au\/fr\/services\/raw-wool-testing\/fleece-measurement\/\" \/>\n<meta property=\"og:locale\" content=\"fr_FR\" \/>\n<meta property=\"og:type\" content=\"article\" \/>\n<meta property=\"og:title\" content=\"Fleece Measurement - AWTA Wool Testing\" \/>\n<meta property=\"og:description\" content=\"Samples of fleece wool that are taken from individual sheep are submitted by sheep breeders and wool growers for the routine measurement of Fibre Diameter (micron) usi\u2026\" \/>\n<meta property=\"og:url\" content=\"https:\/\/awtawooltesting.com.au\/fr\/services\/raw-wool-testing\/fleece-measurement\/\" \/>\n<meta property=\"og:site_name\" content=\"AWTA Wool Testing\" \/>\n<meta property=\"article:modified_time\" content=\"2025-11-27T03:34:36+00:00\" \/>\n<meta property=\"og:image\" content=\"https:\/\/awtawooltesting.com.au\/app\/uploads\/2025\/11\/Image-8.jpg\" \/>\n\t<meta property=\"og:image:width\" content=\"359\" \/>\n\t<meta property=\"og:image:height\" content=\"637\" \/>\n\t<meta property=\"og:image:type\" content=\"image\/jpeg\" \/>\n<meta name=\"twitter:card\" content=\"summary_large_image\" \/>\n<meta name=\"twitter:label1\" content=\"Est. reading time\" \/>\n\t<meta name=\"twitter:data1\" content=\"1 minute\" \/>\n<script type=\"application\/ld+json\" class=\"yoast-schema-graph\">{\"@context\":\"https:\/\/schema.org\",\"@graph\":[{\"@type\":\"WebPage\",\"@id\":\"https:\/\/awtawooltesting.com.au\/services\/raw-wool-testing\/fleece-measurement\/\",\"url\":\"https:\/\/awtawooltesting.com.au\/services\/raw-wool-testing\/fleece-measurement\/\",\"name\":\"Fleece Measurement - AWTA Wool Testing\",\"isPartOf\":{\"@id\":\"https:\/\/awtawooltesting.com.au\/#website\"},\"primaryImageOfPage\":{\"@id\":\"https:\/\/awtawooltesting.com.au\/services\/raw-wool-testing\/fleece-measurement\/#primaryimage\"},\"image\":{\"@id\":\"https:\/\/awtawooltesting.com.au\/services\/raw-wool-testing\/fleece-measurement\/#primaryimage\"},\"thumbnailUrl\":\"https:\/\/awtawooltesting.com.au\/app\/uploads\/2025\/11\/Image-8.jpg\",\"datePublished\":\"2025-08-07T10:18:31+00:00\",\"dateModified\":\"2025-11-27T03:34:36+00:00\",\"breadcrumb\":{\"@id\":\"https:\/\/awtawooltesting.com.au\/services\/raw-wool-testing\/fleece-measurement\/#breadcrumb\"},\"inLanguage\":\"fr-FR\",\"potentialAction\":[{\"@type\":\"ReadAction\",\"target\":[\"https:\/\/awtawooltesting.com.au\/services\/raw-wool-testing\/fleece-measurement\/\"]}]},{\"@type\":\"ImageObject\",\"inLanguage\":\"fr-FR\",\"@id\":\"https:\/\/awtawooltesting.com.au\/services\/raw-wool-testing\/fleece-measurement\/#primaryimage\",\"url\":\"https:\/\/awtawooltesting.com.au\/app\/uploads\/2025\/11\/Image-8.jpg\",\"contentUrl\":\"https:\/\/awtawooltesting.com.au\/app\/uploads\/2025\/11\/Image-8.jpg\"},{\"@type\":\"BreadcrumbList\",\"@id\":\"https:\/\/awtawooltesting.com.au\/services\/raw-wool-testing\/fleece-measurement\/#breadcrumb\",\"itemListElement\":[{\"@type\":\"ListItem\",\"position\":1,\"name\":\"Home\",\"item\":\"https:\/\/awtawooltesting.com.au\/\"},{\"@type\":\"ListItem\",\"position\":2,\"name\":\"Services\",\"item\":\"https:\/\/awtawooltesting.com.au\/it\/services\/\"},{\"@type\":\"ListItem\",\"position\":3,\"name\":\"Raw Wool Testing\",\"item\":\"https:\/\/awtawooltesting.com.au\/it\/services\/raw-wool-testing\/\"},{\"@type\":\"ListItem\",\"position\":4,\"name\":\"Fleece Measurement\"}]},{\"@type\":\"WebSite\",\"@id\":\"https:\/\/awtawooltesting.com.au\/#website\",\"url\":\"https:\/\/awtawooltesting.com.au\/\",\"name\":\"AWTA Wool Testing\",\"description\":\"\",\"publisher\":{\"@id\":\"https:\/\/awtawooltesting.com.au\/#organization\"},\"potentialAction\":[{\"@type\":\"SearchAction\",\"target\":{\"@type\":\"EntryPoint\",\"urlTemplate\":\"https:\/\/awtawooltesting.com.au\/?s={search_term_string}\"},\"query-input\":{\"@type\":\"PropertyValueSpecification\",\"valueRequired\":true,\"valueName\":\"search_term_string\"}}],\"inLanguage\":\"fr-FR\"},{\"@type\":\"Organization\",\"@id\":\"https:\/\/awtawooltesting.com.au\/#organization\",\"name\":\"AWTA Wool Testing\",\"url\":\"https:\/\/awtawooltesting.com.au\/\",\"logo\":{\"@type\":\"ImageObject\",\"inLanguage\":\"fr-FR\",\"@id\":\"https:\/\/awtawooltesting.com.au\/#\/schema\/logo\/image\/\",\"url\":\"https:\/\/awtawooltesting.com.au\/app\/uploads\/2025\/12\/awtarw.png\",\"contentUrl\":\"https:\/\/awtawooltesting.com.au\/app\/uploads\/2025\/12\/awtarw.png\",\"width\":1184,\"height\":1773,\"caption\":\"AWTA Wool Testing\"},\"image\":{\"@id\":\"https:\/\/awtawooltesting.com.au\/#\/schema\/logo\/image\/\"}}]}<\/script>\n<!-- \/ Yoast SEO plugin. -->","yoast_head_json":{"title":"Fleece Measurement - AWTA Wool Testing","robots":{"index":"index","follow":"follow","max-snippet":"max-snippet:-1","max-image-preview":"max-image-preview:large","max-video-preview":"max-video-preview:-1"},"canonical":"https:\/\/awtawooltesting.com.au\/fr\/services\/raw-wool-testing\/fleece-measurement\/","og_locale":"fr_FR","og_type":"article","og_title":"Fleece Measurement - AWTA Wool Testing","og_description":"Samples of fleece wool that are taken from individual sheep are submitted by sheep breeders and wool growers for the routine measurement of Fibre Diameter (micron) usi\u2026","og_url":"https:\/\/awtawooltesting.com.au\/fr\/services\/raw-wool-testing\/fleece-measurement\/","og_site_name":"AWTA Wool Testing","article_modified_time":"2025-11-27T03:34:36+00:00","og_image":[{"width":359,"height":637,"url":"https:\/\/awtawooltesting.com.au\/app\/uploads\/2025\/11\/Image-8.jpg","type":"image\/jpeg"}],"twitter_card":"summary_large_image","twitter_misc":{"Est. reading time":"1 minute"},"schema":{"@context":"https:\/\/schema.org","@graph":[{"@type":"WebPage","@id":"https:\/\/awtawooltesting.com.au\/services\/raw-wool-testing\/fleece-measurement\/","url":"https:\/\/awtawooltesting.com.au\/services\/raw-wool-testing\/fleece-measurement\/","name":"Fleece Measurement - AWTA Wool Testing","isPartOf":{"@id":"https:\/\/awtawooltesting.com.au\/#website"},"primaryImageOfPage":{"@id":"https:\/\/awtawooltesting.com.au\/services\/raw-wool-testing\/fleece-measurement\/#primaryimage"},"image":{"@id":"https:\/\/awtawooltesting.com.au\/services\/raw-wool-testing\/fleece-measurement\/#primaryimage"},"thumbnailUrl":"https:\/\/awtawooltesting.com.au\/app\/uploads\/2025\/11\/Image-8.jpg","datePublished":"2025-08-07T10:18:31+00:00","dateModified":"2025-11-27T03:34:36+00:00","breadcrumb":{"@id":"https:\/\/awtawooltesting.com.au\/services\/raw-wool-testing\/fleece-measurement\/#breadcrumb"},"inLanguage":"fr-FR","potentialAction":[{"@type":"ReadAction","target":["https:\/\/awtawooltesting.com.au\/services\/raw-wool-testing\/fleece-measurement\/"]}]},{"@type":"ImageObject","inLanguage":"fr-FR","@id":"https:\/\/awtawooltesting.com.au\/services\/raw-wool-testing\/fleece-measurement\/#primaryimage","url":"https:\/\/awtawooltesting.com.au\/app\/uploads\/2025\/11\/Image-8.jpg","contentUrl":"https:\/\/awtawooltesting.com.au\/app\/uploads\/2025\/11\/Image-8.jpg"},{"@type":"BreadcrumbList","@id":"https:\/\/awtawooltesting.com.au\/services\/raw-wool-testing\/fleece-measurement\/#breadcrumb","itemListElement":[{"@type":"ListItem","position":1,"name":"Home","item":"https:\/\/awtawooltesting.com.au\/"},{"@type":"ListItem","position":2,"name":"Services","item":"https:\/\/awtawooltesting.com.au\/it\/services\/"},{"@type":"ListItem","position":3,"name":"Raw Wool Testing","item":"https:\/\/awtawooltesting.com.au\/it\/services\/raw-wool-testing\/"},{"@type":"ListItem","position":4,"name":"Fleece Measurement"}]},{"@type":"WebSite","@id":"https:\/\/awtawooltesting.com.au\/#website","url":"https:\/\/awtawooltesting.com.au\/","name":"Test de laine AWTA","description":"","publisher":{"@id":"https:\/\/awtawooltesting.com.au\/#organization"},"potentialAction":[{"@type":"SearchAction","target":{"@type":"EntryPoint","urlTemplate":"https:\/\/awtawooltesting.com.au\/?s={search_term_string}"},"query-input":{"@type":"PropertyValueSpecification","valueRequired":true,"valueName":"search_term_string"}}],"inLanguage":"fr-FR"},{"@type":"Organization","@id":"https:\/\/awtawooltesting.com.au\/#organization","name":"Test de laine AWTA","url":"https:\/\/awtawooltesting.com.au\/","logo":{"@type":"ImageObject","inLanguage":"fr-FR","@id":"https:\/\/awtawooltesting.com.au\/#\/schema\/logo\/image\/","url":"https:\/\/awtawooltesting.com.au\/app\/uploads\/2025\/12\/awtarw.png","contentUrl":"https:\/\/awtawooltesting.com.au\/app\/uploads\/2025\/12\/awtarw.png","width":1184,"height":1773,"caption":"AWTA Wool Testing"},"image":{"@id":"https:\/\/awtawooltesting.com.au\/#\/schema\/logo\/image\/"}}]}},"_links":{"self":[{"href":"https:\/\/awtawooltesting.com.au\/fr\/wp-json\/wp\/v2\/pages\/524","targetHints":{"allow":["GET"]}}],"collection":[{"href":"https:\/\/awtawooltesting.com.au\/fr\/wp-json\/wp\/v2\/pages"}],"about":[{"href":"https:\/\/awtawooltesting.com.au\/fr\/wp-json\/wp\/v2\/types\/page"}],"author":[{"embeddable":true,"href":"https:\/\/awtawooltesting.com.au\/fr\/wp-json\/wp\/v2\/users\/1"}],"replies":[{"embeddable":true,"href":"https:\/\/awtawooltesting.com.au\/fr\/wp-json\/wp\/v2\/comments?post=524"}],"version-history":[{"count":16,"href":"https:\/\/awtawooltesting.com.au\/fr\/wp-json\/wp\/v2\/pages\/524\/revisions"}],"predecessor-version":[{"id":3409,"href":"https:\/\/awtawooltesting.com.au\/fr\/wp-json\/wp\/v2\/pages\/524\/revisions\/3409"}],"up":[{"embeddable":true,"href":"https:\/\/awtawooltesting.com.au\/fr\/wp-json\/wp\/v2\/pages\/516"}],"wp:attachment":[{"href":"https:\/\/awtawooltesting.com.au\/fr\/wp-json\/wp\/v2\/media?parent=524"}],"curies":[{"name":"wp","href":"https:\/\/api.w.org\/{rel}","templated":true}]}}