{"id":45,"date":"2025-07-04T03:09:01","date_gmt":"2025-07-04T03:09:01","guid":{"rendered":"https:\/\/awtawooltesting.swim.net.au\/?page_id=45"},"modified":"2026-04-14T04:39:35","modified_gmt":"2026-04-14T04:39:35","slug":"contact","status":"publish","type":"page","link":"https:\/\/awtawooltesting.com.au\/fr\/contact\/","title":{"rendered":"Contact"},"content":{"rendered":"<div class=\"wp-block-group is-style-boxed is-layout-constrained wp-block-group-is-layout-constrained\">\n<h2 class=\"wp-block-heading\">Prendre contact<\/h2>\n\n\n\n<div class=\"wp-block-columns is-layout-flex wp-container-core-columns-is-layout-9d6595d7 wp-block-columns-is-layout-flex\">\n<div class=\"wp-block-column is-vertically-aligned-top is-layout-flow wp-block-column-is-layout-flow\">\n<p>Contactez notre \u00e9quipe de vente d\u00e8s aujourd'hui pour obtenir plus d'informations sur la mani\u00e8re dont nous pouvons vous aider dans votre prochain projet. En remplissant le formulaire, nous pouvons nous assurer que votre demande est rapidement dirig\u00e9e vers le repr\u00e9sentant appropri\u00e9.&nbsp;<br><br>Si vous pr\u00e9f\u00e9rez contacter directement une agence particuli\u00e8re, vous trouverez ses coordonn\u00e9es ci-dessous.<\/p>\n\n\n\n<h3 class=\"wp-block-heading\">Nos services d'analyse de la laine<\/h3>\n\n\n\n<p class=\"has-text-align-left phone\">Ad\u00e9la\u00efde : <a href=\"tel:0884474633\">(08) 8447 4633<\/a><br>Geelong : <a href=\"tel:0352779842\">(03) 5277 9842<\/a><br>Goulburn : <a href=\"tel:0248218139\">(02) 4821 8139<\/a><br>Launceston : <a href=\"tel:0363919124\">(03) 6391 9124<\/a><br>Sydney : <a href=\"tel:0296325463\">(02) 9632 5463<\/a><\/p>\n<\/div>\n\n\n\n<div class=\"wp-block-column is-vertically-aligned-center is-layout-flow wp-block-column-is-layout-flow\">\n<div class=\"wp-block-contact-form-7-contact-form-selector\">\n<div class=\"wpcf7 no-js\" id=\"wpcf7-f13-o1\" lang=\"en-US\" dir=\"ltr\" data-wpcf7-id=\"13\">\n<div class=\"screen-reader-response\"><p role=\"status\" aria-live=\"polite\" aria-atomic=\"true\"><\/p> <ul><\/ul><\/div>\n<form action=\"\/fr\/wp-json\/wp\/v2\/pages\/45#wpcf7-f13-o1\" method=\"post\" class=\"wpcf7-form init\" aria-label=\"Formulaire de contact\" novalidate=\"novalidate\" data-status=\"init\" data-trp-original-action=\"\/fr\/wp-json\/wp\/v2\/pages\/45#wpcf7-f13-o1\">\n<fieldset class=\"hidden-fields-container\"><input type=\"hidden\" name=\"_wpcf7\" value=\"13\" \/><input type=\"hidden\" name=\"_wpcf7_version\" value=\"6.1.5\" \/><input type=\"hidden\" name=\"_wpcf7_locale\" value=\"en_US\" \/><input type=\"hidden\" name=\"_wpcf7_unit_tag\" value=\"wpcf7-f13-o1\" \/><input type=\"hidden\" name=\"_wpcf7_container_post\" value=\"0\" \/><input type=\"hidden\" name=\"_wpcf7_posted_data_hash\" value=\"\" \/><input type=\"hidden\" name=\"_wpcf7_recaptcha_response\" value=\"\" \/>\n<\/fieldset>\n<div class=\"uacf7-form-wrapper-container uacf7-form-13\"><div class=\"form-group\">\n  <span class=\"wpcf7-form-control-wrap\" data-name=\"first-name\"><input size=\"40\" maxlength=\"400\" class=\"wpcf7-form-control wpcf7-text wpcf7-validates-as-required\" aria-required=\"true\" aria-invalid=\"false\" placeholder=\"Pr\u00e9nom\" value=\"\" type=\"text\" name=\"first-name\" \/><\/span>\n<\/div>\n\n<div class=\"form-group\">\n  <span class=\"wpcf7-form-control-wrap\" data-name=\"last-name\"><input size=\"40\" maxlength=\"400\" class=\"wpcf7-form-control wpcf7-text wpcf7-validates-as-required\" aria-required=\"true\" aria-invalid=\"false\" placeholder=\"Nom de famille\" value=\"\" type=\"text\" name=\"last-name\" \/><\/span>\n<\/div>\n\n<div class=\"form-group\">\n  <span class=\"wpcf7-form-control-wrap\" data-name=\"your-email\"><input size=\"40\" maxlength=\"400\" class=\"wpcf7-form-control wpcf7-email wpcf7-validates-as-required wpcf7-text wpcf7-validates-as-email\" autocomplete=\"email\" aria-required=\"true\" aria-invalid=\"false\" placeholder=\"Courriel\" value=\"\" type=\"email\" name=\"your-email\" \/><\/span>\n<\/div>\n\n<div class=\"form-group\">\n  <span class=\"wpcf7-form-control-wrap\" data-name=\"phone\"><input size=\"40\" maxlength=\"400\" class=\"wpcf7-form-control wpcf7-text wpcf7-validates-as-required\" aria-required=\"true\" aria-invalid=\"false\" placeholder=\"T\u00e9l\u00e9phone\" value=\"\" type=\"text\" name=\"phone\" \/><\/span>\n<\/div>\n\n<div class=\"form-group\">\n  <span class=\"wpcf7-form-control-wrap\" data-name=\"your-message\"><textarea cols=\"40\" rows=\"10\" maxlength=\"2000\" class=\"wpcf7-form-control wpcf7-textarea\" aria-invalid=\"false\" placeholder=\"Message\" name=\"your-message\"><\/textarea><\/span>\n<\/div>\n\n<div class=\"form-group acceptance-group\">\n  <span class=\"wpcf7-form-control-wrap\" data-name=\"consent\"><span class=\"wpcf7-form-control wpcf7-acceptance\"><span class=\"wpcf7-list-item\"><label><input type=\"checkbox\" name=\"consent\" value=\"1\" aria-invalid=\"false\" \/><span class=\"wpcf7-list-item-label\">En soumettant ce formulaire, vous acceptez de recevoir des informations\/emails de la part d'AWTA Ltd et vous pouvez vous d\u00e9sinscrire \u00e0 tout moment.\n  Voir notre <a href=\"https:\/\/awta.com.au\/privacy-policy\/\" target=\"_blank\">Politique de confidentialit\u00e9<\/a>.<\/span><\/label><\/span><\/span><\/span>\n<\/div>\n\n<div class=\"form-group submit-group\">\n  <input class=\"wpcf7-form-control wpcf7-submit has-spinner\" type=\"submit\" value=\"Nous contacter\" \/>\n<\/div><\/div><div class=\"wpcf7-response-output\" aria-hidden=\"true\"><\/div>\n<input type=\"hidden\" name=\"trp-form-language\" value=\"fr\"\/><\/form>\n<\/div>\n<\/div>\n<\/div>\n<\/div>\n\n\n\n<div class=\"wp-block-columns is-layout-flex wp-container-core-columns-is-layout-9d6595d7 wp-block-columns-is-layout-flex\">\n<div class=\"wp-block-column is-vertically-aligned-top is-layout-flow wp-block-column-is-layout-flow\">\n<h3 class=\"wp-block-heading\" id=\"equipment\">Laboratoire de Melbourne<\/h3>\n\n\n\n<div class=\"contact-section\"><div class=\"address\"><img decoding=\"async\" src=\"\/app\/uploads\/2025\/08\/map-pin-1.png\"\/><span>24 Robertson St, Kensington,\nVIC 3031, Australie<\/span><\/div>\n<div class=\"phone\"><img decoding=\"async\" src=\"\/app\/uploads\/2025\/08\/phone-1.png\"\/><span><a href=\"tel:+61393712100\">+61 (3) 9371 2100<\/a><\/span><\/div>\n<div class=\"email\"><img decoding=\"async\" src=\"\/app\/uploads\/2025\/08\/mail-2.png\"\/><span><a href=\"mailto:lab.mel@awta.com.au\">lab.mel@awta.com.au<\/a><\/span><\/div>\n<\/div>\n\n\n\n<h4 class=\"wp-block-heading\">Fabrication d'\u00e9quipements - Service d'ing\u00e9nierie<\/h4>\n\n\n\n<div class=\"contact-section\">\n<div class=\"email\"><img decoding=\"async\" src=\"\/app\/uploads\/2025\/08\/mail-2.png\"\/><span><a href=\"mailto:manufacturing@awta.com.au\">manufacturing@awta.com.au<\/a><\/span><\/div>\n<\/div>\n<\/div>\n\n\n\n<div class=\"wp-block-column is-vertically-aligned-top is-layout-flow wp-block-column-is-layout-flow\">\n<iframe loading=\"lazy\" src=\"https:\/\/snazzymaps.com\/embed\/726385\" width=\"590px\" height=\"352px\" style=\"border:none;\"><\/iframe>\n<\/div>\n<\/div>\n\n\n\n<div class=\"wp-block-columns is-layout-flex wp-container-core-columns-is-layout-9d6595d7 wp-block-columns-is-layout-flex\">\n<div class=\"wp-block-column is-vertically-aligned-top is-layout-flow wp-block-column-is-layout-flow\">\n<h3 class=\"wp-block-heading\">Laboratoire de Fremantle<\/h3>\n\n\n\n<div class=\"contact-section\"><div class=\"address\"><img decoding=\"async\" src=\"\/app\/uploads\/2025\/08\/map-pin-1.png\"\/><span>38 Clark Crt, Bibra Lake,\nWA 6163, Australie<\/span><\/div>\n<div class=\"phone\"><img decoding=\"async\" src=\"\/app\/uploads\/2025\/08\/phone-1.png\"\/><span><a href=\"tel:+61894185333\">+61 (8) 9418 5333<\/a><\/span><\/div>\n<div class=\"email\"><img decoding=\"async\" src=\"\/app\/uploads\/2025\/08\/mail-2.png\"\/><span><a href=\"mailto:lab.fre@awta.com.au\">lab.fre@awta.com.au<\/a><\/span><\/div>\n<div class=\"email\"><img decoding=\"async\" src=\"\/app\/uploads\/2025\/09\/Layer_1-2.png\"\/><span>PO Box 1546, Bibra Lake,\nWA 6965, Australie<\/span><\/div>\n<\/div>\n<\/div>\n\n\n\n<div class=\"wp-block-column is-vertically-aligned-top is-layout-flow wp-block-column-is-layout-flow\">\n<iframe loading=\"lazy\" src=\"https:\/\/snazzymaps.com\/embed\/726386\" width=\"590px\" height=\"352px\" style=\"border:none;\"><\/iframe>\n<\/div>\n<\/div>\n\n\n\n<h2 class=\"wp-block-heading\">Contacter AWTA Ltd<\/h2>\n\n\n\n<div class=\"wp-block-columns is-layout-flex wp-container-core-columns-is-layout-9d6595d7 wp-block-columns-is-layout-flex\">\n<div class=\"wp-block-column is-vertically-aligned-top is-layout-flow wp-block-column-is-layout-flow\">\n<div class=\"contact-section\">\n<div class=\"address\"><img decoding=\"async\" src=\"\/app\/uploads\/2025\/08\/map-pin-1.png\"\/><span>70 Robertson St, Kensington, VIC 3031, Australie<\/span><\/div>\n<div class=\"phone\"><img decoding=\"async\" src=\"\/app\/uploads\/2025\/08\/phone-1.png\"\/><span><a href=\"tel:+61393714100\">+61 (3) 9371 4100<\/a><\/span><\/div>\n<div class=\"email\"><img decoding=\"async\" src=\"\/app\/uploads\/2025\/08\/mail-2.png\"\/><span><a href=\"mailto:awtainfo@awta.com.au\">awtainfo@awta.com.au<\/a><\/span><\/div><\/div>\n<\/div>\n\n\n\n<div class=\"wp-block-column is-vertically-aligned-top is-layout-flow wp-block-column-is-layout-flow\">\n<iframe loading=\"lazy\" src=\"https:\/\/snazzymaps.com\/embed\/726385\" width=\"590px\" height=\"352px\" style=\"border:none;\"><\/iframe>\n<\/div>\n<\/div>\n<\/div>","protected":false},"excerpt":{"rendered":"<p>Get in Touch Get in touch with our sales team today for more information on how we can assist with your next project. By completing the form, we can ensure that your e\u2026<\/p>","protected":false},"author":1,"featured_media":0,"parent":0,"menu_order":0,"comment_status":"closed","ping_status":"closed","template":"","meta":{"_acf_changed":false,"footnotes":""},"class_list":["post-45","page","type-page","status-publish","hentry"],"acf":[],"yoast_head":"<!-- This site is optimized with the Yoast SEO plugin v27.0 - https:\/\/yoast.com\/product\/yoast-seo-wordpress\/ -->\n<title>Contact - AWTA Wool Testing<\/title>\n<meta name=\"robots\" content=\"index, follow, max-snippet:-1, max-image-preview:large, max-video-preview:-1\" \/>\n<link rel=\"canonical\" href=\"https:\/\/awtawooltesting.com.au\/fr\/contact\/\" \/>\n<meta property=\"og:locale\" content=\"fr_FR\" \/>\n<meta property=\"og:type\" content=\"article\" \/>\n<meta property=\"og:title\" content=\"Contact - AWTA Wool Testing\" \/>\n<meta property=\"og:description\" content=\"Get in Touch Get in touch with our sales team today for more information on how we can assist with your next project. By completing the form, we can ensure that your e\u2026\" \/>\n<meta property=\"og:url\" content=\"https:\/\/awtawooltesting.com.au\/fr\/contact\/\" \/>\n<meta property=\"og:site_name\" content=\"AWTA Wool Testing\" \/>\n<meta property=\"article:modified_time\" content=\"2026-04-14T04:39:35+00:00\" \/>\n<meta name=\"twitter:card\" content=\"summary_large_image\" \/>\n<meta name=\"twitter:label1\" content=\"Est. reading time\" \/>\n\t<meta name=\"twitter:data1\" content=\"3 minutes\" \/>\n<script type=\"application\/ld+json\" class=\"yoast-schema-graph\">{\"@context\":\"https:\/\/schema.org\",\"@graph\":[{\"@type\":\"WebPage\",\"@id\":\"https:\/\/awtawooltesting.com.au\/contact\/\",\"url\":\"https:\/\/awtawooltesting.com.au\/contact\/\",\"name\":\"Contact - AWTA Wool Testing\",\"isPartOf\":{\"@id\":\"https:\/\/awtawooltesting.com.au\/#website\"},\"datePublished\":\"2025-07-04T03:09:01+00:00\",\"dateModified\":\"2026-04-14T04:39:35+00:00\",\"breadcrumb\":{\"@id\":\"https:\/\/awtawooltesting.com.au\/contact\/#breadcrumb\"},\"inLanguage\":\"fr-FR\",\"potentialAction\":[{\"@type\":\"ReadAction\",\"target\":[\"https:\/\/awtawooltesting.com.au\/contact\/\"]}]},{\"@type\":\"BreadcrumbList\",\"@id\":\"https:\/\/awtawooltesting.com.au\/contact\/#breadcrumb\",\"itemListElement\":[{\"@type\":\"ListItem\",\"position\":1,\"name\":\"Home\",\"item\":\"https:\/\/awtawooltesting.com.au\/\"},{\"@type\":\"ListItem\",\"position\":2,\"name\":\"Contact\"}]},{\"@type\":\"WebSite\",\"@id\":\"https:\/\/awtawooltesting.com.au\/#website\",\"url\":\"https:\/\/awtawooltesting.com.au\/\",\"name\":\"AWTA Wool Testing\",\"description\":\"\",\"publisher\":{\"@id\":\"https:\/\/awtawooltesting.com.au\/#organization\"},\"potentialAction\":[{\"@type\":\"SearchAction\",\"target\":{\"@type\":\"EntryPoint\",\"urlTemplate\":\"https:\/\/awtawooltesting.com.au\/?s={search_term_string}\"},\"query-input\":{\"@type\":\"PropertyValueSpecification\",\"valueRequired\":true,\"valueName\":\"search_term_string\"}}],\"inLanguage\":\"fr-FR\"},{\"@type\":\"Organization\",\"@id\":\"https:\/\/awtawooltesting.com.au\/#organization\",\"name\":\"AWTA Wool Testing\",\"url\":\"https:\/\/awtawooltesting.com.au\/\",\"logo\":{\"@type\":\"ImageObject\",\"inLanguage\":\"fr-FR\",\"@id\":\"https:\/\/awtawooltesting.com.au\/#\/schema\/logo\/image\/\",\"url\":\"https:\/\/awtawooltesting.com.au\/app\/uploads\/2025\/12\/awtarw.png\",\"contentUrl\":\"https:\/\/awtawooltesting.com.au\/app\/uploads\/2025\/12\/awtarw.png\",\"width\":1184,\"height\":1773,\"caption\":\"AWTA Wool Testing\"},\"image\":{\"@id\":\"https:\/\/awtawooltesting.com.au\/#\/schema\/logo\/image\/\"}}]}<\/script>\n<!-- \/ Yoast SEO plugin. -->","yoast_head_json":{"title":"Contact - AWTA Wool Testing","robots":{"index":"index","follow":"follow","max-snippet":"max-snippet:-1","max-image-preview":"max-image-preview:large","max-video-preview":"max-video-preview:-1"},"canonical":"https:\/\/awtawooltesting.com.au\/fr\/contact\/","og_locale":"fr_FR","og_type":"article","og_title":"Contact - AWTA Wool Testing","og_description":"Get in Touch Get in touch with our sales team today for more information on how we can assist with your next project. By completing the form, we can ensure that your e\u2026","og_url":"https:\/\/awtawooltesting.com.au\/fr\/contact\/","og_site_name":"AWTA Wool Testing","article_modified_time":"2026-04-14T04:39:35+00:00","twitter_card":"summary_large_image","twitter_misc":{"Est. reading time":"3 minutes"},"schema":{"@context":"https:\/\/schema.org","@graph":[{"@type":"WebPage","@id":"https:\/\/awtawooltesting.com.au\/contact\/","url":"https:\/\/awtawooltesting.com.au\/contact\/","name":"Contact - AWTA Wool Testing","isPartOf":{"@id":"https:\/\/awtawooltesting.com.au\/#website"},"datePublished":"2025-07-04T03:09:01+00:00","dateModified":"2026-04-14T04:39:35+00:00","breadcrumb":{"@id":"https:\/\/awtawooltesting.com.au\/contact\/#breadcrumb"},"inLanguage":"fr-FR","potentialAction":[{"@type":"ReadAction","target":["https:\/\/awtawooltesting.com.au\/contact\/"]}]},{"@type":"BreadcrumbList","@id":"https:\/\/awtawooltesting.com.au\/contact\/#breadcrumb","itemListElement":[{"@type":"ListItem","position":1,"name":"Home","item":"https:\/\/awtawooltesting.com.au\/"},{"@type":"ListItem","position":2,"name":"Contact"}]},{"@type":"WebSite","@id":"https:\/\/awtawooltesting.com.au\/#website","url":"https:\/\/awtawooltesting.com.au\/","name":"Test de laine AWTA","description":"","publisher":{"@id":"https:\/\/awtawooltesting.com.au\/#organization"},"potentialAction":[{"@type":"SearchAction","target":{"@type":"EntryPoint","urlTemplate":"https:\/\/awtawooltesting.com.au\/?s={search_term_string}"},"query-input":{"@type":"PropertyValueSpecification","valueRequired":true,"valueName":"search_term_string"}}],"inLanguage":"fr-FR"},{"@type":"Organization","@id":"https:\/\/awtawooltesting.com.au\/#organization","name":"Test de laine AWTA","url":"https:\/\/awtawooltesting.com.au\/","logo":{"@type":"ImageObject","inLanguage":"fr-FR","@id":"https:\/\/awtawooltesting.com.au\/#\/schema\/logo\/image\/","url":"https:\/\/awtawooltesting.com.au\/app\/uploads\/2025\/12\/awtarw.png","contentUrl":"https:\/\/awtawooltesting.com.au\/app\/uploads\/2025\/12\/awtarw.png","width":1184,"height":1773,"caption":"AWTA Wool Testing"},"image":{"@id":"https:\/\/awtawooltesting.com.au\/#\/schema\/logo\/image\/"}}]}},"_links":{"self":[{"href":"https:\/\/awtawooltesting.com.au\/fr\/wp-json\/wp\/v2\/pages\/45","targetHints":{"allow":["GET"]}}],"collection":[{"href":"https:\/\/awtawooltesting.com.au\/fr\/wp-json\/wp\/v2\/pages"}],"about":[{"href":"https:\/\/awtawooltesting.com.au\/fr\/wp-json\/wp\/v2\/types\/page"}],"author":[{"embeddable":true,"href":"https:\/\/awtawooltesting.com.au\/fr\/wp-json\/wp\/v2\/users\/1"}],"replies":[{"embeddable":true,"href":"https:\/\/awtawooltesting.com.au\/fr\/wp-json\/wp\/v2\/comments?post=45"}],"version-history":[{"count":66,"href":"https:\/\/awtawooltesting.com.au\/fr\/wp-json\/wp\/v2\/pages\/45\/revisions"}],"predecessor-version":[{"id":4085,"href":"https:\/\/awtawooltesting.com.au\/fr\/wp-json\/wp\/v2\/pages\/45\/revisions\/4085"}],"wp:attachment":[{"href":"https:\/\/awtawooltesting.com.au\/fr\/wp-json\/wp\/v2\/media?parent=45"}],"curies":[{"name":"wp","href":"https:\/\/api.w.org\/{rel}","templated":true}]}}